{"id":1012,"date":"2018-12-28T12:36:00","date_gmt":"2018-12-28T12:36:00","guid":{"rendered":"http:\/\/icofom.icom.cust.oxymium.net\/publications\/nuestras-publicaciones\/"},"modified":"2025-04-14T10:39:11","modified_gmt":"2025-04-14T08:39:11","slug":"nuestras-publicaciones","status":"publish","type":"page","link":"https:\/\/icofom.mini.icom.museum\/es\/publicaciones-2\/nuestras-publicaciones\/","title":{"rendered":"Serie de estudios de ICOFOM"},"content":{"rendered":"<div id=\"RTE_CONTENT\">\n<p><!--TYPO3SEARCH_begin--> <!-- CONTENT ELEMENT, uid:14460\/text [begin] --><\/p>\n<div id=\"c14460\">\n<p><!-- Header: [begin] --><\/p>\n<p>La<strong> Serie de Estudios ICOFOM (ICOFOM Study Series)<\/strong> es una publicaci\u00f3n internacional bianual, revisada por pares, destinada a estudiosos, profesionales, estudiantes e investigadores de museos. Examina temas de actualidad en el campo de la museolog\u00eda (o teor\u00eda museol\u00f3gica), definida aqu\u00ed seg\u00fan el<em> Diccionario de Museolog\u00eda<\/em> como el conjunto de investigaciones y reflexiones cr\u00edticas que teorizan sobre el museo y sus pr\u00e1cticas. La<em> Serie de Estudios de ICOFOM<\/em> se basa principalmente en temas espec\u00edficos, con n\u00fameros abiertos ocasionales. Los temas para las ponencias y para simposios anuales son definidos por la junta directiva del ICOFOM y las convocatorias de ponencias se publican en el sitio web del ICOFOM seis meses antes del simposio de cada a\u00f1o. Estos simposios constituyen la base de al menos una de las publicaciones del a\u00f1o siguiente. La participaci\u00f3n y presentaci\u00f3n de textos en el simposio anual puede dar lugar a una invitaci\u00f3n a presentar un art\u00edculo acad\u00e9mico completo para su revisi\u00f3n, pero no garantiza su publicaci\u00f3n. No es necesario que los autores sean miembros de ICOFOM.<\/p>\n<p>La <em>Serie de Estudios ICOFOM<\/em> ha sido una plataforma para discusiones museol\u00f3gicas desde 1983, siguiendo una tradici\u00f3n establecida por su predecesor <em>Textos de trabajo museol\u00f3gico<\/em> (Museological Working Papers -MuWoP). En diferentes momentos de su historia, ha contenido actas de conferencias publicadas antes de los simposios de ICOFOM o art\u00edculos publicados posteriormente. Desde 2007, con el creciente n\u00famero de la membres\u00eda de ICOFOM en todo el mundo, la revista ha empleado un proceso de selecci\u00f3n a ciegas doble, revisado por pares, para su publicaci\u00f3n.<\/p>\n<p><strong>Objetivo\u2028<\/strong><\/p>\n<p>La <em>Serie de Estudios ICOFOM<\/em> permite al Comit\u00e9 Internacional de Museolog\u00eda servir de foro para investigaci\u00f3n y debates te\u00f3ricos que profundicen en la comprensi\u00f3n de la museolog\u00eda desde perspectivas internacionales e interdisciplinarias.<\/p>\n<p><strong>Publicaci\u00f3n<\/strong><\/p>\n<p>La <em>Serie de Estudios ICOFOM<\/em> es editada actualmente por Elizabeth Weiser, de la Universidad Estatal de Ohio (EE.UU.) <a href=\"https:\/\/english.osu.edu\/people\/weiser.23\">https:\/\/english.osu.edu\/people\/weiser.23<\/a> .<\/p>\n<p>La publicaci\u00f3n se realiza dos veces al a\u00f1o a trav\u00e9s de OpenEdition en formato html de libre acceso, pdf descargable y ePub. Los art\u00edculos se env\u00edan y publican en ingl\u00e9s, espa\u00f1ol o franc\u00e9s.<\/p>\n<p>Haga clic aqu\u00ed para consultar <a href=\"https:\/\/www.openedition.org\/16444?lang=en\">el \u00faltimo n\u00famero en OpenEdition.<\/a><\/p>\n<p><strong>Directrices generales<\/strong><\/p>\n<p>Los art\u00edculos seleccionados para su publicaci\u00f3n deben cumplir los siguientes criterios:<\/p>\n<ul>\n<li>Adherencia a los temas identificados en la convocatoria de ponencias que se publica en el sitio web de ICOFOM antes de un simposio.<\/li>\n<li>Originalidad. Los art\u00edculos deben ser in\u00e9ditos en cualquier forma y tratar de aportar un elemento nuevo a la conversaci\u00f3n internacional en curso sobre un tema determinado.<\/li>\n<li>Perspectiva te\u00f3rica y anal\u00edtica. No se aceptar\u00e1n art\u00edculos que se limiten a describir una situaci\u00f3n muse\u00edstica o a informar sobre alguna actividad muse\u00edstica o museol\u00f3gica. La perspectiva te\u00f3rica debe especificarse expl\u00edcitamente en el resumen, que debe dejar claro lo siguiente y ampliarse despu\u00e9s en el propio art\u00edculo:<br \/>\n&#8211; \u00bfPor qu\u00e9 es un tema importante para la museolog\u00eda?<br \/>\n&#8211; \u00bfCu\u00e1l es el argumento principal del art\u00edculo presentado?<br \/>\n&#8211; \u00bfQu\u00e9 m\u00e9todos de investigaci\u00f3n se aplicaron?<br \/>\n&#8211; \u00bfQu\u00e9 lente te\u00f3rica se eligi\u00f3 para el an\u00e1lisis?<br \/>\n&#8211; \u00bfC\u00f3mo contribuye esta investigaci\u00f3n al debate museol\u00f3gico?<\/li>\n<\/ul>\n<p><strong>\u00c9tica en la publicaci\u00f3n<\/strong><\/p>\n<p>El ISS est\u00e1 comprometido con las pr\u00e1cticas \u00e9ticas en todos los aspectos de su funcionamiento y con garantizar que todas las partes implicadas en el proceso de publicaci\u00f3n &#8211; autores, revisores y personal editorial &#8211; se adhieran a estos principios. Los manuscritos presentados deben ser obra original del autor o autores y no haber sido publicados previamente en ning\u00fan otro lugar. Los autores (aquellos que han contribuido significativamente a la investigaci\u00f3n y\/o han redactado y revisado el manuscrito) deben revelar cualquier conflicto de intereses y reconocer adecuadamente el trabajo intelectual de otros, citando la fuente de todos los conceptos externos, ya sean citados o parafraseados; el plagio en cualquiera de sus formas est\u00e1 estrictamente prohibido, y los trabajos que contengan plagio significativo ser\u00e1n rechazados. Los revisores desempe\u00f1an un papel fundamental en el mantenimiento de la integridad de la publicaci\u00f3n y est\u00e1n obligados a evaluar los manuscritos de forma objetiva, confidencial y oportuna. (En caso de que se consideren necesarias revisiones para la publicaci\u00f3n, los autores deben responder a los comentarios de los revisores de manera sistem\u00e1tica y oportuna, revisando y reenviando su manuscrito a la revista en el plazo establecido. Los editores y el personal editorial no revelar\u00e1n ninguna informaci\u00f3n sobre un manuscrito presentado a nadie m\u00e1s que al autor correspondiente, los revisores, los revisores potenciales y otros asesores editoriales, seg\u00fan proceda, antes de su publicaci\u00f3n.<\/p>\n<p><strong>Negligencias en la publicaci\u00f3n<\/strong><\/p>\n<p>Los editores tomar\u00e1n medidas razonables para identificar y evitar la publicaci\u00f3n de art\u00edculos en los que se hayan producido malas pr\u00e1cticas de investigaci\u00f3n. Todas las formas de mala conducta se toman en cuenta seriamente y dar\u00e1n lugar al rechazo o (si se publica) al retiro del art\u00edculo. Ejemplos de malas pr\u00e1cticas incluyen (pero no se limitan a) tergiversaci\u00f3n de la afiliaci\u00f3n, violaciones de los derechos de autor \/ uso de material de terceros sin los permisos apropiados, manipulaci\u00f3n de citas, duplicaci\u00f3n de presentaci\u00f3n \/ publicaci\u00f3n, evasi\u00f3n de las normas internacionales de \u00e9tica de la investigaci\u00f3n, manipulaci\u00f3n \/ fabricaci\u00f3n de im\u00e1genes o datos, manipulaci\u00f3n de la revisi\u00f3n por pares, plagio, reciclado de texto \/ auto-plagio, intereses competitivos no declarados y \/ o investigaci\u00f3n poco \u00e9tica.<\/p>\n<p><strong>Frecuencia de publicaci\u00f3n:<\/strong> semestral<br \/>\nISSN impreso: 2309-1290<br \/>\nISSN en l\u00ednea: 2306-4161<\/p>\n<p><strong>Estilo de citaci\u00f3n:<\/strong> APA. Visita el link para las gu\u00eda de citas: <a href=\"https:\/\/drive.google.com\/drive\/folders\/113_O4YwJ1K8VKcabiLiRQaNIKTxbzUR6\" target=\"_blank\" rel=\"noopener\">Gu\u00eda APA<\/a><\/p>\n<p>(para ejemplos de referencia, v\u00e9ase el n\u00famero m\u00e1s reciente de la revista)<\/p>\n<p>Las directrices para la publicaci\u00f3n de art\u00edculos est\u00e1n disponibles en <a href=\"https:\/\/docs.google.com\/document\/d\/13cVAgv_VdadxR-YkCe9W8LKOSwjz7_uL\/edit\">ingl\u00e9s<\/a>, <a href=\"https:\/\/docs.google.com\/document\/d\/1avodcgFLemQ1MIA8oF3dxoxkvpJxwRx7\/edit\">franc\u00e9s<\/a> y <a href=\"https:\/\/docs.google.com\/document\/d\/1T9-4tLAzhEJQSv-FzRwuUjn8nUNi6ErJ\/edit\">espa\u00f1ol.<\/a><\/p>\n<p><strong>Directrices para la revisi\u00f3n por pares de la Serie de Estudios de ICOFOM:<\/strong><\/p>\n<p><a href=\"https:\/\/icofom.mini.icom.museum\/wp-content\/uploads\/sites\/18\/2023\/07\/02-Gui\u0301a-de-Evaluacio\u0301n_ISS-ESP.pdf\">02 Gui\u0301a de Evaluacio\u0301n_ISS ESP<\/a><\/p>\n<p>Los art\u00edculos y la correspondencia deben enviarse a: <a href=\"mailto:icofomstudyseries@gmail.com\">icofomstudyseries@gmail.com<\/a><\/p>\n<p>\u2014\u2014\u2014\u2014\u2014-\u2014\u2014\u2014\u2014\u2014-\u2014\u2014\u2014\u2014\u2014-\u2014\u2014\u2014\u2014\u2014-\u2014\u2014\u2014\u2014\u2014-\u2014\u2014\u2014\u2014\u2014-<\/p>\n<p><strong>Equipo editorial de la Serie de Estudios ICOFOM<\/strong><br \/>\nEditora: Elizabeth Weiser, Universidad Estatal de Ohio, EE.UU.<br \/>\nCoordinadora editorial: Allison Daniel, Universidad de Clemson, EE.UU.<\/p>\n<p><strong>Consejo editorial<\/strong><br \/>\n&#8211; Melissa Aguilar, Museo de la Identidad y el Orgullo (MIO), Costa Rica<br \/>\n&#8211; Marion Bertin, Universidad de Avi\u00f1\u00f3n, Centro Norbert Elias, Francia<br \/>\n&#8211; Bruno Brulon Soares, Universidad de St. Andrews, Escocia<br \/>\n&#8211; Supreo Chanda, Universidad de Calcuta, India<br \/>\n&#8211; Scarlet Galindo, Museo Nacional de la Acuarela Alfredo Guati Rojo, M\u00e9xico<br \/>\n&#8211; Ernest Kpan, Instituto Nacional de Arte y Acci\u00f3n Cultural (INSAAC), Costa de Marfil<br \/>\n&#8211; Lynn Maranda, Conservadora Em\u00e9rita, Museo de Vancouver, Canad\u00e1<br \/>\n&#8211; Zheng Yi, \u590d\u65e6\u5927\u5b66 Universidad de Fudan, China<\/p>\n<p>======================================<\/p>\n<p><!-- Header: [end] --> <!-- Text: [begin] --><\/p>\n<p>&nbsp;<\/p>\n<\/div>\n<p><!-- CONTENT ELEMENT, uid:3694\/text [end] --> <!--TYPO3SEARCH_end--><\/p>\n<\/div>\n","protected":false},"excerpt":{"rendered":"<p>La Serie de Estudios ICOFOM (ICOFOM Study Series) es una publicaci\u00f3n internacional bianual, revisada por pares, destinada a estudiosos, profesionales, estudiantes e investigadores de museos. Examina temas de actualidad en el campo de la museolog\u00eda (o teor\u00eda museol\u00f3gica), definida aqu\u00ed seg\u00fan el Diccionario de Museolog\u00eda como el conjunto de investigaciones y reflexiones cr\u00edticas que teorizan [&hellip;]<\/p>\n","protected":false},"author":1,"featured_media":0,"parent":154,"menu_order":0,"comment_status":"closed","ping_status":"closed","template":"","meta":{"footnotes":""},"yst_prominent_words":[2075,644,78,194,718,636,416,2069,2073,635,627,2074,643,626],"acf":[],"_links":{"self":[{"href":"https:\/\/icofom.mini.icom.museum\/es\/wp-json\/wp\/v2\/pages\/1012"}],"collection":[{"href":"https:\/\/icofom.mini.icom.museum\/es\/wp-json\/wp\/v2\/pages"}],"about":[{"href":"https:\/\/icofom.mini.icom.museum\/es\/wp-json\/wp\/v2\/types\/page"}],"author":[{"embeddable":true,"href":"https:\/\/icofom.mini.icom.museum\/es\/wp-json\/wp\/v2\/users\/1"}],"replies":[{"embeddable":true,"href":"https:\/\/icofom.mini.icom.museum\/es\/wp-json\/wp\/v2\/comments?post=1012"}],"version-history":[{"count":31,"href":"https:\/\/icofom.mini.icom.museum\/es\/wp-json\/wp\/v2\/pages\/1012\/revisions"}],"predecessor-version":[{"id":7853,"href":"https:\/\/icofom.mini.icom.museum\/es\/wp-json\/wp\/v2\/pages\/1012\/revisions\/7853"}],"up":[{"embeddable":true,"href":"https:\/\/icofom.mini.icom.museum\/es\/wp-json\/wp\/v2\/pages\/154"}],"wp:attachment":[{"href":"https:\/\/icofom.mini.icom.museum\/es\/wp-json\/wp\/v2\/media?parent=1012"}],"wp:term":[{"taxonomy":"yst_prominent_words","embeddable":true,"href":"https:\/\/icofom.mini.icom.museum\/es\/wp-json\/wp\/v2\/yst_prominent_words?post=1012"}],"curies":[{"name":"wp","href":"https:\/\/api.w.org\/{rel}","templated":true}]}}