{"id":1177,"date":"2018-12-28T12:36:57","date_gmt":"2018-12-28T12:36:57","guid":{"rendered":"http:\/\/icofom.icom.cust.oxymium.net\/publications\/otras-publicaciones\/"},"modified":"2020-09-01T18:23:33","modified_gmt":"2020-09-01T18:23:33","slug":"otras-publicaciones","status":"publish","type":"page","link":"https:\/\/icofom.mini.icom.museum\/es\/publicaciones-2\/otras-publicaciones\/","title":{"rendered":"Otras publicaciones"},"content":{"rendered":"<div id=\"RTE_CONTENT\">\n<div class=\"post-header\">\n<div class=\"infos\">\n<div class=\"kvgmc6g5 cxmmr5t8 oygrvhab hcukyx3x c1et5uql ii04i59q\">\n<h2>Czasopismo internetowe ZWAM<\/h2>\n<p>&#8220;\u2013 Zbi\u00f3r Wiadomo\u015bci do Antropologii Muzealnej po\u015bwi\u0119cone zagadnieniom: muzeum, muzeologia, muzealnictwo, antropologia kulturowa, etnologia, etnografia, wydawane w ramach wydawnictw Polskiego Towarzystwa Ludoznawczego&#8221;<\/p>\n<p>[Revista en l\u00ednea ZWAM<\/p>\n<p>&#8220;- Revisi\u00f3n anual de antropolog\u00eda de museos dedicada a temas de: museo, museolog\u00eda, museolog\u00eda, antropolog\u00eda cultural, etnolog\u00eda, etnograf\u00eda, publicada por la Sociedad Polaca de Folklore.&#8221;]<\/p>\n<p>sitio web de la revista:\u00a0<a href=\"https:\/\/apcz.umk.pl\/czasopisma\/index.php\/ZWAM\/about\/index\" target=\"_blank\" rel=\"noopener\">https:\/\/apcz.umk.pl\/czasopisma\/index.php\/ZWAM\/about\/index<\/a><\/p>\n<hr \/>\n<h2><em>VERS UNE M\u00c9THODOLOGIE DE LA MUS\u00c9OLOGIE<\/em><\/h2>\n<p>Par Peter van Mensch, ancien pr\u00e9sident de l&#8217;ICOFOM (1989\u20131993)<\/p>\n<p>Traduit de l\u2019anglais par Chlo\u00e9 Kuhn<\/p>\n<p>Pr\u00e9face de Fran\u00e7ois Mairesse, ancien pr\u00e9sident de l&#8217;ICOFOM (2016\u20132019)<\/p>\n<p>Published by L&#8217;Harmattan<\/p>\n<p>Doctorat sur <em>Vers une m\u00e9thodologie de la mus\u00e9ologie<\/em>, Universit\u00e9 de Zagreb, 1992, traduit en fran\u00e7ais<\/p>\n<p>&nbsp;<\/p>\n<p>[Por Peter van Mensch, ex presidente de ICOFOM (1989\u20131993)<\/p>\n<p>Traducido del ingl\u00e9s por Chlo\u00e9 Kuhn<\/p>\n<p>Prefacio de Fran\u00e7ois Mairesse, ex presidente de ICOFOM (2016\u20132019)<\/p>\n<p>Publicado por L&#8217;Harmattan<\/p>\n<p>Doctorado sobre Hacia una metodolog\u00eda de museolog\u00eda, Universidad de Zagreb, 1992, traducido al franc\u00e9s.]<\/p>\n<p><img decoding=\"async\" loading=\"lazy\" class=\"alignnone wp-image-3787\" src=\"http:\/\/icofom.mini.icom.museum\/wp-content\/uploads\/sites\/18\/2020\/07\/Peter-van-Mensch-2020-209x300.jpg\" alt=\"\" width=\"258\" height=\"370\" srcset=\"https:\/\/icofom.mini.icom.museum\/wp-content\/uploads\/sites\/18\/2020\/07\/Peter-van-Mensch-2020-209x300.jpg 209w, https:\/\/icofom.mini.icom.museum\/wp-content\/uploads\/sites\/18\/2020\/07\/Peter-van-Mensch-2020.jpg 568w\" sizes=\"(max-width: 258px) 100vw, 258px\" \/><\/p>\n<hr \/>\n<h1 class=\"c-content-head__title c-content-head__title--italic\">Museus em tempos de Covid-19: o luto e a luta<\/h1>\n<h2 class=\"c-content-head__subtitle\">Institui\u00e7\u00f5es podem desempenhar papel regenerativo sobre a vida das pessoas<\/h2>\n<p>Por Bruno Brulon Soares, professor da UNIRIO e presidente da ICOFOM<\/p>\n<p>[Museos en Covid-19 veces: duelo y lucha<br \/>\nLas instituciones pueden utilizar el papel regenerativo en la vida de las personas.<br \/>\nPor Bruno Brulon Soares, profesor de UNIRIO y presidente de ICOFOM]<\/p>\n<p><span class=\"link_blue\"><a href=\"https:\/\/www1.folha.uol.com.br\/opiniao\/2020\/06\/museus-em-tempos-de-covid-19-o-luto-e-a-luta.shtml?utm_source=whatsapp&amp;utm_medium=social&amp;utm_campaign=compwa&amp;fbclid=IwAR3LAsPkVAzV-ZOt9i_LE8o4dgLmO8DH-WckGB6qLqgjpwEqw-Nr4rl72N0\" target=\"_blank\" rel=\"noopener\"><em>Folha de S.Paulo<\/em><\/a><\/span><\/p>\n<hr \/>\n<h2>Collectionneurs &amp; Psych\u00e9<\/h2>\n<h3>Ce que collectionner veut dire<\/h3>\n<p>Editeurs: G\u00e9raldine\u00a0David,\u00a0directrice et conservatrice de la Bibliotheca Wittockiana \u00e0 Bruxelles, et Fran\u00e7ois Mairesse,\u00a0professeur \u00e0 l\u2019Universit\u00e9 Sorbonne nouvelle &#8211; Paris 3 (CERLIS, CNRS, labex ICCA) et ancien pr\u00e9sident de l&#8217;ICOFOM (2013-2019)<\/p>\n<p>Publication de BibliothecaWittockiana<\/p>\n<p>[Coleccionistas y Psique<br \/>\nQu\u00e9 significa coleccionar<\/p>\n<p>Editores: G\u00e9raldine David, director y curador de la Bibliotheca Wittockiana en Bruselas, y Fran\u00e7ois Mairesse, profesor de la Universidad Sorbonne Nouvelle &#8211; Par\u00eds 3 (CERLIS, CNRS, ICCA labex)\u00a0y ex presidente de ICOFOM (2013-2019)<\/p>\n<p>Publicaci\u00f3n Bibliotheca Wittockiana]<\/p>\n<p>&nbsp;<\/p>\n<div dir=\"auto\"><span class=\"chapeau edito link_blue\"><a class=\"https:\/\/docs.wixstatic.com\/ugd\/01fd51_5d5ab27573b1402ea0921f50b9cdea44.pdf\" title=\"-\" href=\"https:\/\/drive.google.com\/file\/d\/1mSuZOIEVqLWQXQvUlxaFluQ-ObZ9TUng\/view?usp=sharing\" target=\"_blank\" rel=\"noopener\">Descargue haciendo clic aqu<span class=\"chapeau edito\">\u00ed<\/span><\/a><\/span><\/div>\n<p>&nbsp;<\/p>\n<p>&nbsp;<\/p>\n<p>&nbsp;<\/p>\n<p><img decoding=\"async\" loading=\"lazy\" class=\"alignnone wp-image-3708\" src=\"http:\/\/icofom.mini.icom.museum\/wp-content\/uploads\/sites\/18\/2020\/06\/COLLECTIONNEURS-PSYCHE-David-Mairesse-212x300.jpg\" alt=\"\" width=\"494\" height=\"699\" srcset=\"https:\/\/icofom.mini.icom.museum\/wp-content\/uploads\/sites\/18\/2020\/06\/COLLECTIONNEURS-PSYCHE-David-Mairesse-212x300.jpg 212w, https:\/\/icofom.mini.icom.museum\/wp-content\/uploads\/sites\/18\/2020\/06\/COLLECTIONNEURS-PSYCHE-David-Mairesse.jpg 576w\" sizes=\"(max-width: 494px) 100vw, 494px\" \/><\/p>\n<p>&nbsp;<\/p>\n<h2><\/h2>\n<hr \/>\n<h2><em>Museology and Theoretical Discourse<\/em><\/h2>\n<div dir=\"auto\">\n<p>[Museolog\u00eda y discurso te\u00f3rico]<\/p>\n<p>&nbsp;<\/p>\n<p>por Yun Shun Susie Chung, Facultad de la Universidad Southern New Hampshire y miembro de la Junta de ICOFOM<\/p>\n<p>&nbsp;<\/p>\n<p>Con un Pr\u00f3logo de Dol\u00e1k, Facultad de la Universidad Comenius y Miembro del Consejo de ICOFOM (2016-2019), un Pr\u00f3logo de Fran\u00e7ois Mairesse, Profesor de la Universidad Sorbonne Nouvelle (Par\u00eds 3) y Presidente de ICOFOM (2013-2019), y revisado por M\u00f3nica Risnicoff de Gorgas, profesor asistente de la Universidad Nacional de Tucum\u00e1n y miembro de la Junta de ICOFOM (2016-2019).<\/p>\n<p>&nbsp;<\/p>\n<p>Publicado por Muzeol\u00f3gia a kult\u00farne dedi\u010dstvo, o.z. Bratislava<\/p>\n<p>&nbsp;<\/p>\n<\/div>\n<\/div>\n<div dir=\"auto\"><span class=\"chapeau edito link_blue\"><a class=\"https:\/\/docs.wixstatic.com\/ugd\/01fd51_5d5ab27573b1402ea0921f50b9cdea44.pdf\" title=\"-\" href=\"http:\/\/muzeologia.sk\/index_htm_files\/CHUNG-Museology-Bratislava-PDF.pdf\" target=\"_blank\" rel=\"noopener\">Descargue haciendo clic aqu<span class=\"chapeau edito\">\u00ed<\/span><\/a><\/span><\/div>\n<\/div>\n<\/div>\n<\/div>\n<div dir=\"auto\"><\/div>\n<div id=\"RTE_CONTENT\">\n<div dir=\"auto\"><img decoding=\"async\" loading=\"lazy\" class=\"alignnone wp-image-3649\" src=\"http:\/\/icofom.mini.icom.museum\/wp-content\/uploads\/sites\/18\/2020\/05\/CHUNG-Museology-Bratislava-Jacket-Image-2-218x300.jpg\" alt=\"\" width=\"483\" height=\"665\" srcset=\"https:\/\/icofom.mini.icom.museum\/wp-content\/uploads\/sites\/18\/2020\/05\/CHUNG-Museology-Bratislava-Jacket-Image-2-218x300.jpg 218w, https:\/\/icofom.mini.icom.museum\/wp-content\/uploads\/sites\/18\/2020\/05\/CHUNG-Museology-Bratislava-Jacket-Image-2.jpg 598w\" sizes=\"(max-width: 483px) 100vw, 483px\" \/><\/div>\n<div dir=\"auto\"><\/div>\n<hr \/>\n<h2><em>Museologia &amp; Interdisciplinaridade<\/em><\/h2>\n<p>Vol. 9 No. 17 (2020): Museus e Museologia: aportes te\u00f3ricos na contemporaneidade<\/p>\n<p>Com as contribui\u00e7\u00f5es de nossos membros da ICOFOM<\/p>\n<p>[Museolog\u00eda e interdisciplinariedad<\/p>\n<p>Vol. 9 No. 17 (2020): Museos y museolog\u00eda: contribuciones te\u00f3ricas en tiempos contempor\u00e1neos<\/p>\n<p>Con las contribuciones de nuestros miembros de ICOFOM]<\/p>\n<p><span class=\"link_blue\"><a href=\"https:\/\/periodicos.unb.br\/index.php\/museologia\/issue\/view\/1994\" target=\"_blank\" rel=\"noopener\">Museologia &amp; Interdisciplinaridade<\/a><\/span><\/p>\n<hr \/>\n<div id=\"c18519\">\n<div id=\"c21782\" class=\"csc-default\">\n<h2><em>Revisita Museu<\/em> &#8211; 18 de maio de 2020<\/h2>\n<p>\u201cMuseus pand\u00eamicos: notas de uma museologia de luto\u201d [Museos pand\u00e9micos: notas de una museolog\u00eda de luto]<\/p>\n<p>por Bruno Brulon Soares, profesor de UNIRIO y presidente de ICOFOM<\/p>\n<p><span class=\"link_blue\"><a href=\"http:\/\/revistamuseu.com.br\/site\/br\/artigos\/18-de-maio\/18-maio-2020\/8487-museus-pandemicos-apontamentos-a-partir-de-uma-museologia-do-luto.html?fbclid=IwAR19K7s-N7wJhV_jiSoSLMGDwSARvYf9C2SQYtqQ1mA3k7Jt8NUpoK_mkiw\" target=\"_blank\" rel=\"noopener\">Revisita Museu<\/a><\/span><\/p>\n<hr \/>\n<h2><em>Museologia e Patrim\u00f4nio &#8211; <\/em>Vol. 1, 2019<\/h2>\n<p>\u201cNovo cap\u00edtulo sobre Museologia Experimental:<br \/>\nMuseus, Patrim\u00f4nios e Experi\u00eancia Criadora: ensaio sobre as bases da Museologia Experimental\u201d<\/p>\n<p>[New chapter on Experimental Museology: Museums, Heritage and Creative Experience: an essay on the basis of Experimental Museology]<\/p>\n<p>Por Bruno Brulon Soares, profesor de UNIRIO y presidente de ICOFOM<\/p>\n<p><span class=\"link_blue\"><a href=\"https:\/\/www.academia.edu\/41793336\/Museus_Patrim%C3%B4nios_e_Experi%C3%AAncia_Criadora_ensaio_sobre_as_bases_da_Museologia_Experimental?fbclid=IwAR3hdEQ9IiM6jgLVYhcdzouChQj-y8nYEbLz3GPV664_2p5oLADeVmn9Phs\" target=\"_blank\" rel=\"noopener\">PDF Link<\/a><\/span><\/p>\n<div id=\"RTE_CONTENT\">\n<div id=\"c19351\">\n<div id=\"c21782\" class=\"csc-default\">\n<hr \/>\n<h2><em>Museologica Brunensia \u2013\u00a0<\/em>2019 \/ RO\u010cN\u00cdK \/ VOLUME 08\u00a0 \u010c\u00cdSLO\/NUMBER 02, MASARYKOVA, UNIVERZITAFILOZOFICK\u00c1 FAKULTA<\/h2>\n<p>\u201c\u201cThe role of Z. Z. Str\u00e1nsk\u00fd in present-day museology\u201d [El papel de Z. Z. Str\u00e1nsk\u00fd en la museolog\u00eda actual]<\/p>\n<p>por Jan Dol\u00e1k, Facultad de la Universidad Comenius y miembro de la Junta de ICOFOM (2016-2019)<\/p>\n<p>Sitio web de la revista:\u00a0<a href=\"http:\/\/www.phil.muni.cz\/journals\/index.php\/museologica-brunensia\" target=\"_blank\" rel=\"noopener\">http:\/\/www.phil.muni.cz\/journals\/index.php\/museologica-brunensia<\/a><\/p>\n<p><span class=\"link_yellow\"><a href=\"https:\/\/drive.google.com\/open?id=1eB6dox4WsRtqw0sHEfT-kfX5RwQnM2Up\">Descargue haciendo clic aqu\u00ed.<\/a><\/span><\/p>\n<p><img decoding=\"async\" loading=\"lazy\" class=\"alignnone wp-image-2529\" src=\"http:\/\/icofom.mini.icom.museum\/wp-content\/uploads\/sites\/18\/2020\/01\/2019-Volume-8-Number-2-217x300.jpg\" alt=\"\" width=\"495\" height=\"684\" srcset=\"https:\/\/icofom.mini.icom.museum\/wp-content\/uploads\/sites\/18\/2020\/01\/2019-Volume-8-Number-2-217x300.jpg 217w, https:\/\/icofom.mini.icom.museum\/wp-content\/uploads\/sites\/18\/2020\/01\/2019-Volume-8-Number-2.jpg 586w\" sizes=\"(max-width: 495px) 100vw, 495px\" \/><\/p>\n<hr \/>\n<\/div>\n<\/div>\n<\/div>\n<h2 class=\"title\"><em>Museum Presentation<\/em><\/h2>\n<div class=\"csc-textpic-text\">\n<p>[Presentaci\u00f3n del museo]<\/p>\n<p class=\"chapeau\">Por Jan Dol\u00e1k, Facultad de la Universidad Comenius y miembro de la Junta de ICOFOM (2016-2019), y Petra \u0160ob\u00e1\u0148ov\u00e1, Facultad de Univerzita Palack\u00e9ho Olomouc<\/p>\n<p class=\"chapeau\"><span class=\"chapeau edito link_blue\"><br \/>\n<a class=\"https:\/\/docs.wixstatic.com\/ugd\/01fd51_5d5ab27573b1402ea0921f50b9cdea44.pdf\" title=\"-\" href=\"https:\/\/drive.google.com\/file\/d\/1TEjOQzMvrwNIlQ6vo8Dc3lTMQlBqiagS\/view?usp=sharing\">Descargue haciendo clic aqu\u00ed.<\/a><\/span><\/p>\n<p class=\"chapeau\"><img decoding=\"async\" loading=\"lazy\" src=\"http:\/\/network.icom.museum\/uploads\/RTEmagicC_Jan_Dolak_Book_2019_Image_2_02.jpg.jpg\" alt=\"\" width=\"500\" height=\"538\" \/><\/p>\n<\/div>\n<hr \/>\n<h2><em><strong>Muzeol\u00f3gia a kult\u00farne dedi\u010dstvo \/ Museology and Cultural Heritage \u2013\u00a0<\/strong><\/em>Bratislava<\/h2>\n<p>[Museolog\u00eda y Patrimonio Cultural<\/p>\n<p>]\u201cMuseum Communication, Exhibition Policy and Plan: The Field Museum as a Case Study\u201d<\/p>\n<p>[Comunicaci\u00f3n del museo, pol\u00edtica y plan de exhibici\u00f3n: el museo de campo como estudio de caso \u201d<\/p>\n<p>por Yun Shun Susie Chung, Facultad de la Universidad Southern New Hampshire y miembro de la Junta de ICOFOM<\/p>\n<p><span class=\"link_blue\"><a href=\"http:\/\/www.muzeologia.sk\/abstracts_mkd.htm\" target=\"_blank\" rel=\"noopener\">N\u00famero actual de revista y archivos<\/a><\/span><\/p>\n<p>Sitio web de publicaciones: <a href=\"http:\/\/www.muzeologia.sk\/casopis_mkd_en.htm\" target=\"_blank\" rel=\"noopener\">http:\/\/www.muzeologia.sk\/casopis_mkd_en.htm<\/a><\/p>\n<p><img decoding=\"async\" loading=\"lazy\" class=\"alignnone wp-image-3571\" src=\"http:\/\/icofom.mini.icom.museum\/wp-content\/uploads\/sites\/18\/2020\/05\/Museology-and-Cultural-Heritage-225x300.jpg\" alt=\"\" width=\"493\" height=\"658\" \/><\/p>\n<hr \/>\n<\/div>\n<div id=\"c21508\" class=\"csc-default\">\n<h2 class=\"title\"><em>Visitors to South Indian Museums<\/em><br \/>\n<em>Museology context and visitor study<\/em><\/h2>\n<div class=\"csc-textpic csc-textpic-intext-right\">\n<div class=\"csc-textpic-imagewrap csc-textpic-single-image\"><img decoding=\"async\" loading=\"lazy\" class=\"\" src=\"http:\/\/network.icom.museum\/uploads\/pics\/Anitta.jpg\" alt=\"\" width=\"495\" height=\"686\" border=\"0\" \/><\/div>\n<div class=\"csc-textpic-text\">\n<p class=\"bodytext\">Por Anita Bharat Shah, Ex miembro de la Junta de ICOFOM<br \/>\n<a title=\"TEXT, 1 4 AND SPINE90.pdf - Lumin PDF, 1_4_AND_SPINE90.pdf_-_Lumin_PDF.pdf, 4.8 MB\" href=\"https:\/\/drive.google.com\/file\/d\/1z_D6YxXRtMuUvUpGNByZwoRJXPnFsYTv\/view?usp=sharing\">Acceda aqu\u00ed a la tapa completa.<\/a><\/p>\n<\/div>\n<\/div>\n<\/div>\n<hr \/>\n<h2>El \u00faltimo n\u00famero de &#8220;Museologia Brunensia&#8221; dedicado al difunto Zbyn\u011bk Zbyslav Str\u00e1nsk\u00fd<\/h2>\n<p>&nbsp;<\/p>\n<div>\n<div><img decoding=\"async\" loading=\"lazy\" class=\"\" src=\"http:\/\/icofom.mini.icom.museum\/wp-content\/uploads\/sites\/18\/2018\/12\/image_MB.png\" alt=\"\" width=\"494\" height=\"694\" \/><\/div>\n<div>\n<p>El n\u00famero de oto\u00f1o de la revista Museologica Brunensia, 2016\/2, estar\u00e1 dedicado a Zbyn\u011bk Zbyslav Str\u00e1nsk\u00fd, figura clave de la museolog\u00eda checa y mundial y fundador del departamento museol\u00f3gico de la universidad de Brno, quien falleci\u00f3 a principios de este a\u00f1o. Ya se anunciaron documentos profesionales y conmemorativos por importantes personalidades de la museolog\u00eda.<\/p>\n<p>\u00a1Accede a la revista\u00a0<a title=\"TEXT, MB 2016 jaro digita lni redakce, MB_2016_jaro_digita__lni___redakce.pdf, 2.5 MB\" href=\"https:\/\/drive.google.com\/file\/d\/1E0ADI072V6mRjtM_GP6CE_3w-NWp4FLI\/view?usp=sharing\"><b>aqu<\/b><\/a>\u00ed!<\/p>\n<\/div>\n<\/div>\n<p>&nbsp;<\/p>\n<hr \/>\n<h2>Andr\u00e9 Desvall\u00e9es: entre museolog\u00edas<\/h2>\n<p>&nbsp;<\/p>\n<div>\n<div><img decoding=\"async\" loading=\"lazy\" class=\"\" src=\"http:\/\/icofom.mini.icom.museum\/wp-content\/uploads\/sites\/18\/2018\/12\/ANAIS_imagem_01.jpg\" alt=\"\" width=\"492\" height=\"675\" \/><\/div>\n<div>\n<p><a title=\"Opens external link in new window\" href=\"http:\/\/docvirt.com\/docreader.net\/docreader.aspx?bib=MHN&amp;pasta=Anais%20do%20Museu%20Historico%20Nacional%5CVolume%2047%20-%202015&amp;pesq=\" target=\"_blank\" rel=\"noopener\">N. 47, Anais do Museu Hist\u00f3rico Nacional<\/a><\/p>\n<p>La publicaci\u00f3n es resultante del proyecto del ICOFOM La Historia de la Museolog\u00eda, y consiste en un n\u00famero especial de la revista brasile\u00f1a <i>Anais do Museu Hist\u00f3rico Nacional<\/i>, sobre los trabajos escritos por el muse\u00f3logo franc\u00e9s Andr\u00e9 Desvall\u00e9es, con los trabajos te\u00f3ricos m\u00e1s relevantes del autor, incluyendo la Entrevista reciente por Bruno Brulon Soares, quien tambi\u00e9n ha organizado el n\u00famero.<\/p>\n<hr \/>\n<\/div>\n<\/div>\n<\/div>\n<\/div>\n<p><span class=\"link_red\"><strong>Visiting the visitor: an enquiry into the visitor business in museums&#8221;, livro editado por Ann Davis y Kerstin Smeds<\/strong><\/span><\/p>\n<div id=\"RTE_CONTENT\">\n<div id=\"c18151\">\n<p><a href=\"https:\/\/www.animationgermany.de\/\"><img decoding=\"async\" loading=\"lazy\" class=\"alignnone\" src=\"http:\/\/icofom.mini.icom.museum\/wp-content\/uploads\/sites\/18\/2018\/12\/Visitor_Release_2016_01.jpg\" alt=\"\" width=\"32\" height=\"49\" \/><\/a><\/p>\n<div>\n<div>\n<div class=\"tlid-input input\">\n<div class=\"source-wrap\">\n<div class=\"input-full-height-wrapper tlid-input-full-height-wrapper\">\n<div class=\"source-input\">\n<div class=\"source-footer-wrap source-or-target-footer\">\n<div class=\"character-count tlid-character-count\">\n<div class=\"cc-ctr normal\"><span class=\"link_red\">\u00a1Haga clic en la imagen para pedir su copia!<\/span><\/div>\n<\/div>\n<\/div>\n<\/div>\n<\/div>\n<\/div>\n<\/div>\n<\/div>\n<\/div>\n<p>&nbsp;<\/p>\n<div>\n<hr \/>\n<p><span style=\"color: #2b2b2b;font-family: Arial;font-size: 27.5px;font-weight: bold\">&#8220;Nouvelles tendances de la mus\u00e9ologie&#8221;, livro organizado por Fran\u00e7ois Mairesse<\/span><\/p>\n<\/div>\n<\/div>\n<div id=\"c18148\">\n<p>&nbsp;<\/p>\n<div>\n<div><img decoding=\"async\" loading=\"lazy\" class=\"\" src=\"http:\/\/icofom.mini.icom.museum\/wp-content\/uploads\/sites\/18\/2018\/12\/Nouvelles_Tendences_Release_02.jpg\" alt=\"\" width=\"485\" height=\"727\" \/><\/div>\n<div>\n<hr \/>\n<\/div>\n<\/div>\n<\/div>\n<p>&nbsp;<\/p>\n<div id=\"c3864\">\n<p><em>What is a Museum?<\/em><\/p>\n<\/div>\n<div>\n<div id=\"c3864\">\n<div><span class=\"link_red\"><img decoding=\"async\" loading=\"lazy\" class=\"\" src=\"http:\/\/icofom.mini.icom.museum\/wp-content\/uploads\/sites\/18\/2018\/12\/News4_reduz.jpg\" alt=\"\" width=\"39\" height=\"55\" \/><\/span><\/div>\n<div>\n<p><span class=\"link_red\">Despu\u00e9s de publicar libros museol\u00f3gicos de Str\u00e1nsk\u00fd, Sch\u00e4rer, Maroevic y otros, nos complace anunciar la versi\u00f3n en ingl\u00e9s de Andr\u00e9 Desvall\u00e9es y Fran\u00e7ois Mairesse (ed.): Vers une red\u00e9finition du mus\u00e9e? L\u2019Harmattan, Par\u00eds, 2007 (Mus\u00e9ologies, dirigida por Michel Van Pra\u00ebt) por<\/span><\/p>\n<p><span class=\"link_red\">Ann Davis, Andr\u00e9 Desvall\u00e9es y Fran\u00e7ois Mairesse (ed.): \u00bfQu\u00e9 es un museo? Edici\u00f3n revisada y ampliada con traducci\u00f3n al ingl\u00e9s por Ann Davis, Lynn Maranda y Suzanne Nash.<\/span><\/p>\n<p><span class=\"link_red\">Esta publicaci\u00f3n de 218 p\u00e1ginas y 59 ilustraciones aparece en dos versiones:1) la versi\u00f3n impresa (en blanco y negro, a finales de enero de 2011)2) la versi\u00f3n PDF (a todo color, ya publicada para descargar). Este libro est\u00e1 dirigido a administradores y pol\u00edticos, profesionales de museos y muse\u00f3logos. Considera la definici\u00f3n de museo del ICOM bajo una nueva luz y da una impresi\u00f3n de c\u00f3mo los visitantes interact\u00faan con los museos.<\/span><\/p>\n<p><span class=\"link_red\">Para obtener m\u00e1s informaci\u00f3n sobre autores, contribuciones y pedidos en l\u00ednea, visite www.museum-aktuell.de\/shop\/themes\/kategorie\/detail.php; El libro se puede pedir directamente en l\u00ednea desde nuestra tienda www.museum-aktuell.de\/shop\/themes\/kategorie\/detail.php o en cualquier librer\u00eda del mundo: ISBN 978-3-932704-81-9 El precio de la versi\u00f3n impresa es 32 \u20ac m\u00e1s PAP; El precio de la versi\u00f3n PDF (impresi\u00f3n posible) es de 28 \u20ac (a pagar con la mayor\u00eda de las tarjetas de cr\u00e9dito a trav\u00e9s de &#8220;Click &amp; Buy&#8221;, un sistema de pago seguro de Deutsche Telecom). Para obtener informaci\u00f3n general sobre Click &amp; Buy, consulte, en muchos idiomas (seleccione su pa\u00eds) www.clickandbuy.com\/WW_en\/payment\/index.html Para una descarga r\u00e1pida en tres pasos, use este enlace: www.museum-aktuell.de\/index .php;<\/span><\/p>\n<p><span class=\"link_red\">Sinceramente tuyo<\/span><\/p>\n<h5><span class=\"link_red\"><a href=\"https:\/\/www.animationgermany.de\/\" target=\"_blank\" rel=\"noopener\">Christian M\u00fcller-Straten<\/a><\/span><\/h5>\n<h5><span class=\"link_red\">Verlag Dr. Christian M\u00fcller-Straten<\/span><\/h5>\n<h5><span class=\"link_red\">Member ICOFOM Germany<\/span><\/h5>\n<\/div>\n<\/div>\n<\/div>\n<p>&nbsp;<\/p>\n<\/div>\n","protected":false},"excerpt":{"rendered":"<p>Czasopismo internetowe ZWAM &#8220;\u2013 Zbi\u00f3r Wiadomo\u015bci do Antropologii Muzealnej po\u015bwi\u0119cone zagadnieniom: muzeum, muzeologia, muzealnictwo, antropologia kulturowa, etnologia, etnografia, wydawane w ramach wydawnictw Polskiego Towarzystwa Ludoznawczego&#8221; [Revista en l\u00ednea ZWAM &#8220;- Revisi\u00f3n anual de antropolog\u00eda de museos dedicada a temas de: museo, museolog\u00eda, museolog\u00eda, antropolog\u00eda cultural, etnolog\u00eda, etnograf\u00eda, publicada por la Sociedad Polaca de Folklore.&#8221;] sitio [&hellip;]<\/p>\n","protected":false},"author":1,"featured_media":0,"parent":154,"menu_order":3,"comment_status":"closed","ping_status":"closed","template":"","meta":{"footnotes":""},"yst_prominent_words":[2095,1928,1861,1856,1407,1850,1848,1858,1849,1930,1929,1862,1857,1851,1927,1860,1855,1827,1859,1854],"acf":[],"_links":{"self":[{"href":"https:\/\/icofom.mini.icom.museum\/es\/wp-json\/wp\/v2\/pages\/1177"}],"collection":[{"href":"https:\/\/icofom.mini.icom.museum\/es\/wp-json\/wp\/v2\/pages"}],"about":[{"href":"https:\/\/icofom.mini.icom.museum\/es\/wp-json\/wp\/v2\/types\/page"}],"author":[{"embeddable":true,"href":"https:\/\/icofom.mini.icom.museum\/es\/wp-json\/wp\/v2\/users\/1"}],"replies":[{"embeddable":true,"href":"https:\/\/icofom.mini.icom.museum\/es\/wp-json\/wp\/v2\/comments?post=1177"}],"version-history":[{"count":34,"href":"https:\/\/icofom.mini.icom.museum\/es\/wp-json\/wp\/v2\/pages\/1177\/revisions"}],"predecessor-version":[{"id":3996,"href":"https:\/\/icofom.mini.icom.museum\/es\/wp-json\/wp\/v2\/pages\/1177\/revisions\/3996"}],"up":[{"embeddable":true,"href":"https:\/\/icofom.mini.icom.museum\/es\/wp-json\/wp\/v2\/pages\/154"}],"wp:attachment":[{"href":"https:\/\/icofom.mini.icom.museum\/es\/wp-json\/wp\/v2\/media?parent=1177"}],"wp:term":[{"taxonomy":"yst_prominent_words","embeddable":true,"href":"https:\/\/icofom.mini.icom.museum\/es\/wp-json\/wp\/v2\/yst_prominent_words?post=1177"}],"curies":[{"name":"wp","href":"https:\/\/api.w.org\/{rel}","templated":true}]}}