{"id":1198,"date":"2018-12-28T12:37:02","date_gmt":"2018-12-28T12:37:02","guid":{"rendered":"http:\/\/icofom.icom.cust.oxymium.net\/membership\/ser-miembro\/"},"modified":"2023-02-16T15:37:32","modified_gmt":"2023-02-16T14:37:32","slug":"ser-miembro","status":"publish","type":"page","link":"https:\/\/icofom.mini.icom.museum\/es\/membresia\/ser-miembro\/","title":{"rendered":"Ser miembro"},"content":{"rendered":"<div id=\"RTE_CONTENT\">\n<p>\u00a1ICOFOM siempre da la bienvenida a nuevos miembros!<\/p>\n<div id=\"c3759\">\n<div>\n<p>Para hacerse miembro de ICOFOM, primero tiene que hacerse miembro del ICOM a trav\u00e9s de uno de los Comit\u00e9s Nacionales.<\/p>\n<p>Busque su Comit\u00e9 Nacional (CN) <a href=\"https:\/\/icom.museum\/es\/red\/directorio-de-los-comites\/?type=221\">aqu\u00ed<\/a><\/p>\n<\/div>\n<\/div>\n<\/div>\n<p>Tras ponerse en contacto con el CN correspondiente, recibir\u00e1 un formulario que incluir\u00e1 una lista de los Comit\u00e9s Internacionales, donde deber\u00e1 seleccionar ICOFOM.<\/p>\n<p>M\u00e1s informaci\u00f3n sobre c\u00f3mo hacerse miembro <a href=\"https:\/\/icom.museum\/es\/involucrese\/conviertase-en-miembro-de-icom\/\">aqu\u00ed<\/a><\/p>\n<p>\u00a1Esperamos verle en ICOFOM!<\/p>\n<div id=\"RTE_CONTENT\">\n<div id=\"c3759\">\n<div><\/div>\n<\/div>\n<div id=\"c3765\">\n<div>\n<div>\n<ul>\n<li><img decoding=\"async\" src=\"https:\/\/icofom.mini.icom.museum\/wp-content\/uploads\/sites\/18\/2018\/12\/8f34aa59b2.jpg\" alt=\"\" \/><\/li>\n<li><img decoding=\"async\" src=\"https:\/\/icofom.mini.icom.museum\/wp-content\/uploads\/sites\/18\/2018\/12\/58bfff9344.jpg\" alt=\"\" \/><\/li>\n<\/ul>\n<\/div>\n<\/div>\n<p>&nbsp;<\/p>\n<div><\/div>\n<\/div>\n<p>&nbsp;<\/p>\n<\/div>\n","protected":false},"excerpt":{"rendered":"<p>\u00a1ICOFOM siempre da la bienvenida a nuevos miembros! Para hacerse miembro de ICOFOM, primero tiene que hacerse miembro del ICOM a trav\u00e9s de uno de los Comit\u00e9s Nacionales. Busque su Comit\u00e9 Nacional (CN) aqu\u00ed Tras ponerse en contacto con el CN correspondiente, recibir\u00e1 un formulario que incluir\u00e1 una lista de los Comit\u00e9s Internacionales, donde deber\u00e1 [&hellip;]<\/p>\n","protected":false},"author":1,"featured_media":0,"parent":157,"menu_order":0,"comment_status":"closed","ping_status":"closed","template":"","meta":{"footnotes":""},"yst_prominent_words":[480,107,385,93,118,86,1238,1237,1236,216,1239],"acf":[],"_links":{"self":[{"href":"https:\/\/icofom.mini.icom.museum\/es\/wp-json\/wp\/v2\/pages\/1198"}],"collection":[{"href":"https:\/\/icofom.mini.icom.museum\/es\/wp-json\/wp\/v2\/pages"}],"about":[{"href":"https:\/\/icofom.mini.icom.museum\/es\/wp-json\/wp\/v2\/types\/page"}],"author":[{"embeddable":true,"href":"https:\/\/icofom.mini.icom.museum\/es\/wp-json\/wp\/v2\/users\/1"}],"replies":[{"embeddable":true,"href":"https:\/\/icofom.mini.icom.museum\/es\/wp-json\/wp\/v2\/comments?post=1198"}],"version-history":[{"count":5,"href":"https:\/\/icofom.mini.icom.museum\/es\/wp-json\/wp\/v2\/pages\/1198\/revisions"}],"predecessor-version":[{"id":6116,"href":"https:\/\/icofom.mini.icom.museum\/es\/wp-json\/wp\/v2\/pages\/1198\/revisions\/6116"}],"up":[{"embeddable":true,"href":"https:\/\/icofom.mini.icom.museum\/es\/wp-json\/wp\/v2\/pages\/157"}],"wp:attachment":[{"href":"https:\/\/icofom.mini.icom.museum\/es\/wp-json\/wp\/v2\/media?parent=1198"}],"wp:term":[{"taxonomy":"yst_prominent_words","embeddable":true,"href":"https:\/\/icofom.mini.icom.museum\/es\/wp-json\/wp\/v2\/yst_prominent_words?post=1198"}],"curies":[{"name":"wp","href":"https:\/\/api.w.org\/{rel}","templated":true}]}}