{"id":1255,"date":"2018-12-28T12:37:18","date_gmt":"2018-12-28T12:37:18","guid":{"rendered":"http:\/\/icofom.icom.cust.oxymium.net\/who-we-are\/subcomisiones\/bienvenidos-a-icofom-lam\/"},"modified":"2020-12-03T20:45:38","modified_gmt":"2020-12-03T20:45:38","slug":"bienvenidos-a-icofom-lam","status":"publish","type":"page","link":"https:\/\/icofom.mini.icom.museum\/es\/subcomites\/bienvenidos-a-icofom-lam\/","title":{"rendered":"Bienvenidos a ICOFOM LAC"},"content":{"rendered":"<div id=\"RTE_CONTENT\">\n<p><!--TYPO3SEARCH_begin--> <!-- CONTENT ELEMENT, uid:16290\/textpic [begin] --><\/p>\n<div id=\"c16290\">\n<p><!-- Image block: [begin] --><\/p>\n<div>\n<div><img decoding=\"async\" loading=\"lazy\" class=\"alignnone size-medium wp-image-4357 aligncenter\" src=\"http:\/\/icofom.mini.icom.museum\/wp-content\/uploads\/sites\/18\/2020\/12\/logo_icofom-lac-300x75.jpg\" alt=\"\" width=\"300\" height=\"75\" srcset=\"https:\/\/icofom.mini.icom.museum\/wp-content\/uploads\/sites\/18\/2020\/12\/logo_icofom-lac-300x75.jpg 300w, https:\/\/icofom.mini.icom.museum\/wp-content\/uploads\/sites\/18\/2020\/12\/logo_icofom-lac-768x192.jpg 768w, https:\/\/icofom.mini.icom.museum\/wp-content\/uploads\/sites\/18\/2020\/12\/logo_icofom-lac-1024x256.jpg 1024w, https:\/\/icofom.mini.icom.museum\/wp-content\/uploads\/sites\/18\/2020\/12\/logo_icofom-lac.jpg 1200w\" sizes=\"(max-width: 300px) 100vw, 300px\" \/><\/div>\n<div>\n<p><!-- Text: [begin] --><\/p>\n<p>\u00a1Bienvenidos al sitio de ICOFOM LAC! Subcomit\u00e9 Regional de ICOFOM para el estudio, discusi\u00f3n y producci\u00f3n de teor\u00eda museol\u00f3gica en Am\u00e9rica Latina y el Caribe. Desde su inicio, los objetivos del ICOFOM LAC fueron promover y documentar el trabajo de investigaci\u00f3n de la teor\u00eda museol\u00f3gica latinoamericana, permitiendo as\u00ed una mayor participaci\u00f3n de sus miembros a trav\u00e9s de la organizaci\u00f3n de encuentros anuales en los pa\u00edses de la regi\u00f3n, la producci\u00f3n de documentos te\u00f3ricos, discusiones cient\u00edficas, intercambio profesional y edici\u00f3n de publicaciones en idioma espa\u00f1ol y portugu\u00e9s.Conscientes de que la producci\u00f3n acad\u00e9mica y el debate te\u00f3rico son los mejores alimentos de nuestra disciplina, lo invitamos visitar nuestros espacios de comunicaci\u00f3n para sumarse con su participaci\u00f3n y aporte.<\/p>\n<p>&#8230;&#8230;&#8230;&#8230;&#8230;&#8230;&#8230;&#8230;&#8230;&#8230;&#8230;&#8230;&#8230;&#8230;&#8230;&#8230;&#8230;&#8230;&#8230;&#8230;&#8230;&#8230;&#8230;&#8230;&#8230;&#8230;&#8230;&#8230;&#8230;&#8230;&#8230;&#8230;&#8230;&#8230;&#8230;&#8230;&#8230;&#8230;&#8230;.<\/p>\n<p>Sem-vindos(as) ao site do ICOFOM LAC! Trata-se do Subcomit\u00ea Regional do ICOFOM para o estudo, discuss\u00e3o e produ\u00e7\u00e3o de teoria museol\u00f3gica na Am\u00e9rica Latina e Caribe. Desde seu in\u00edcio, os objetivos do ICOFOM LAC foram promover e documentar o trabalho de investiga\u00e7\u00e3o da teoria museol\u00f3gica latino-americana, permitindo assim uma maior participa\u00e7\u00e3o de seus membros atrav\u00e9s da organiza\u00e7\u00e3o de encontros anuais nos pa\u00edses da regi\u00e3o; a produ\u00e7\u00e3o de documentos te\u00f3ricos; discuss\u00f5es cient\u00edficas; interc\u00e2mbio profissional; e edi\u00e7\u00e3o de publica\u00e7\u00f5es nos idiomas espanhol e portugu\u00eas. Conscientes de que a produ\u00e7\u00e3o acad\u00eamica e o debate te\u00f3rico s\u00e3o os melhores alimentos de nossa disciplina, lhes convidamos para visitar nossos espa\u00e7os de comunica\u00e7\u00e3o para somar &#8211; com sua participa\u00e7\u00e3o e contribui\u00e7\u00e3o.<\/p>\n<p>Bienvenidos a ICOFOM LAC<\/p>\n<p><!-- Text: [end] --><\/p>\n<\/div>\n<\/div>\n<div><!-- --><\/div>\n<div><\/div>\n<p><!-- END: Content of extension \"hpo_relatedlink\", plugin \"tx_hporelatedlink_pi1\" --><\/p>\n<\/div>\n<p><!-- CONTENT ELEMENT, uid:16290\/textpic [end] --> <!--TYPO3SEARCH_end--><\/p>\n<\/div>\n","protected":false},"excerpt":{"rendered":"<p>\u00a1Bienvenidos al sitio de ICOFOM LAC! Subcomit\u00e9 Regional de ICOFOM para el estudio, discusi\u00f3n y producci\u00f3n de teor\u00eda museol\u00f3gica en Am\u00e9rica Latina y el Caribe. Desde su inicio, los objetivos del ICOFOM LAC fueron promover y documentar el trabajo de investigaci\u00f3n de la teor\u00eda museol\u00f3gica latinoamericana, permitiendo as\u00ed una mayor participaci\u00f3n de sus miembros a [&hellip;]<\/p>\n","protected":false},"author":1,"featured_media":0,"parent":3249,"menu_order":0,"comment_status":"closed","ping_status":"closed","template":"","meta":{"footnotes":""},"yst_prominent_words":[1139,828,1135,1129,68,2095,1137,1138,1136,2081,2982,1130,1134,2994,395,1140,1131,1132,1133],"acf":[],"_links":{"self":[{"href":"https:\/\/icofom.mini.icom.museum\/es\/wp-json\/wp\/v2\/pages\/1255"}],"collection":[{"href":"https:\/\/icofom.mini.icom.museum\/es\/wp-json\/wp\/v2\/pages"}],"about":[{"href":"https:\/\/icofom.mini.icom.museum\/es\/wp-json\/wp\/v2\/types\/page"}],"author":[{"embeddable":true,"href":"https:\/\/icofom.mini.icom.museum\/es\/wp-json\/wp\/v2\/users\/1"}],"replies":[{"embeddable":true,"href":"https:\/\/icofom.mini.icom.museum\/es\/wp-json\/wp\/v2\/comments?post=1255"}],"version-history":[{"count":6,"href":"https:\/\/icofom.mini.icom.museum\/es\/wp-json\/wp\/v2\/pages\/1255\/revisions"}],"predecessor-version":[{"id":4386,"href":"https:\/\/icofom.mini.icom.museum\/es\/wp-json\/wp\/v2\/pages\/1255\/revisions\/4386"}],"up":[{"embeddable":true,"href":"https:\/\/icofom.mini.icom.museum\/es\/wp-json\/wp\/v2\/pages\/3249"}],"wp:attachment":[{"href":"https:\/\/icofom.mini.icom.museum\/es\/wp-json\/wp\/v2\/media?parent=1255"}],"wp:term":[{"taxonomy":"yst_prominent_words","embeddable":true,"href":"https:\/\/icofom.mini.icom.museum\/es\/wp-json\/wp\/v2\/yst_prominent_words?post=1255"}],"curies":[{"name":"wp","href":"https:\/\/api.w.org\/{rel}","templated":true}]}}