{"id":1258,"date":"2018-12-28T12:37:22","date_gmt":"2018-12-28T12:37:22","guid":{"rendered":"http:\/\/icofom.icom.cust.oxymium.net\/who-we-are\/subcomisiones\/quienes-somos\/"},"modified":"2020-12-03T20:48:27","modified_gmt":"2020-12-03T20:48:27","slug":"quienes-somos","status":"publish","type":"page","link":"https:\/\/icofom.mini.icom.museum\/es\/subcomites\/quienes-somos\/","title":{"rendered":"ICOFOM LAC \u00bfQUI\u00c9NES SOMOS?"},"content":{"rendered":"<div id=\"RTE_CONTENT\">\n<p><!--TYPO3SEARCH_begin--> <!-- CONTENT ELEMENT, uid:16418\/textpic [begin] --><\/p>\n<div id=\"c16418\">\n<p><!-- Image block: [begin] --><\/p>\n<div>\n<p><!-- Text: [begin] --><\/p>\n<p>ICOFOM LAC\u00a0 est\u00e1 conformado por acad\u00e9micos y profesionales de museos que residen y act\u00faan en Am\u00e9rica Latina y el Caribe, \u00a0y que centran sus actividades e intereses en la producci\u00f3n y desarrollo de la teor\u00eda museol\u00f3gica en la regi\u00f3n<\/p>\n<p>&#8230;&#8230;&#8230;&#8230;&#8230;&#8230;&#8230;&#8230;&#8230;&#8230;&#8230;&#8230;&#8230;&#8230;&#8230;&#8230;&#8230;&#8230;&#8230;&#8230;&#8230;&#8230;&#8230;&#8230;&#8230;&#8230;&#8230;&#8230;&#8230;&#8230;&#8230;&#8230;&#8230;&#8230;&#8230;&#8230;&#8230;&#8230;&#8230;&#8230;&#8230;&#8230;&#8230;&#8230;&#8230;&#8230;&#8230;&#8230;<\/p>\n<p>O ICOFOM LAC \u00e9 constitu\u00eddo por acad\u00eamicos e profissionais de museus que residem e atuam na Am\u00e9rica Latina e Caribe, e que focam suas atividades e interesses na produ\u00e7\u00e3o e desenvolvimento da teoria museol\u00f3gica na regi\u00e3o.<\/p>\n<\/div>\n<p><!-- END: Content of extension \"hpo_relatedlink\", plugin \"tx_hporelatedlink_pi1\" --><\/p>\n<\/div>\n<p><!-- CONTENT ELEMENT, uid:16418\/textpic [end] --> <!--TYPO3SEARCH_end--><\/p>\n<\/div>\n","protected":false},"excerpt":{"rendered":"<p>ICOFOM LAC\u00a0 est\u00e1 conformado por acad\u00e9micos y profesionales de museos que residen y act\u00faan en Am\u00e9rica Latina y el Caribe, \u00a0y que centran sus actividades e intereses en la producci\u00f3n y desarrollo de la teor\u00eda museol\u00f3gica en la regi\u00f3n &#8230;&#8230;&#8230;&#8230;&#8230;&#8230;&#8230;&#8230;&#8230;&#8230;&#8230;&#8230;&#8230;&#8230;&#8230;&#8230;&#8230;&#8230;&#8230;&#8230;&#8230;&#8230;&#8230;&#8230;&#8230;&#8230;&#8230;&#8230;&#8230;&#8230;&#8230;&#8230;&#8230;&#8230;&#8230;&#8230;&#8230;&#8230;&#8230;&#8230;&#8230;&#8230;&#8230;&#8230;&#8230;&#8230;&#8230;&#8230; O ICOFOM LAC \u00e9 constitu\u00eddo por acad\u00eamicos e profissionais de museus que residem e atuam [&hellip;]<\/p>\n","protected":false},"author":1,"featured_media":0,"parent":3249,"menu_order":1,"comment_status":"closed","ping_status":"closed","template":"","meta":{"footnotes":""},"yst_prominent_words":[1260,828,1262,387,194,104,2081,2152,86,2158,1261,1283,1282,479,216],"acf":[],"_links":{"self":[{"href":"https:\/\/icofom.mini.icom.museum\/es\/wp-json\/wp\/v2\/pages\/1258"}],"collection":[{"href":"https:\/\/icofom.mini.icom.museum\/es\/wp-json\/wp\/v2\/pages"}],"about":[{"href":"https:\/\/icofom.mini.icom.museum\/es\/wp-json\/wp\/v2\/types\/page"}],"author":[{"embeddable":true,"href":"https:\/\/icofom.mini.icom.museum\/es\/wp-json\/wp\/v2\/users\/1"}],"replies":[{"embeddable":true,"href":"https:\/\/icofom.mini.icom.museum\/es\/wp-json\/wp\/v2\/comments?post=1258"}],"version-history":[{"count":3,"href":"https:\/\/icofom.mini.icom.museum\/es\/wp-json\/wp\/v2\/pages\/1258\/revisions"}],"predecessor-version":[{"id":4391,"href":"https:\/\/icofom.mini.icom.museum\/es\/wp-json\/wp\/v2\/pages\/1258\/revisions\/4391"}],"up":[{"embeddable":true,"href":"https:\/\/icofom.mini.icom.museum\/es\/wp-json\/wp\/v2\/pages\/3249"}],"wp:attachment":[{"href":"https:\/\/icofom.mini.icom.museum\/es\/wp-json\/wp\/v2\/media?parent=1258"}],"wp:term":[{"taxonomy":"yst_prominent_words","embeddable":true,"href":"https:\/\/icofom.mini.icom.museum\/es\/wp-json\/wp\/v2\/yst_prominent_words?post=1258"}],"curies":[{"name":"wp","href":"https:\/\/api.w.org\/{rel}","templated":true}]}}