{"id":1261,"date":"2018-12-28T12:37:24","date_gmt":"2018-12-28T12:37:24","guid":{"rendered":"http:\/\/icofom.icom.cust.oxymium.net\/who-we-are\/subcomisiones\/noticias-del-icofom-lam\/"},"modified":"2020-12-03T20:44:05","modified_gmt":"2020-12-03T20:44:05","slug":"icofom-lam-news","status":"publish","type":"page","link":"https:\/\/icofom.mini.icom.museum\/es\/subcomites\/icofom-lam-news\/","title":{"rendered":"Noticias del ICOFOM LAC"},"content":{"rendered":"<div id=\"RTE_CONTENT\">\n<p><!--TYPO3SEARCH_begin--> <!-- CONTENT ELEMENT, uid:15254\/textpic [begin] --><\/p>\n<div id=\"c15254\">\n<p><!-- Image block: [begin] --><\/p>\n<div>\n<p><!-- Text: [begin] --><\/p>\n<div>\n<p>Aqu\u00ed podr\u00e1s encontrar noticias sobre\u00a0museolog\u00eda de\u00a0Am\u00e9rica Latina y el Caribe.<\/p>\n<p><a class=\"internal-link\" style=\"font-family: Georgia, 'Times New Roman', 'Bitstream Charter', Times, serif;font-size: 16px\" title=\"Opens internal link in current window\" href=\"\/?page_id=2399\">Noticias Museol\u00f3gicas<\/a><span style=\"color: #333333;font-family: Georgia, 'Times New Roman', 'Bitstream Charter', Times, serif;font-size: 16px\">\u00a0 \u00a0\u00a0<\/span><a class=\"internal-link\" style=\"font-family: Georgia, 'Times New Roman', 'Bitstream Charter', Times, serif;font-size: 16px\" title=\"Opens internal link in current window\" href=\"https:\/\/icofom.mini.icom.museum\/es\/subcomites\/icofom-lac-coming-events\/\">Pr\u00f3ximos Eventos<\/a><\/p>\n<p>&#8230;&#8230;&#8230;&#8230;&#8230;&#8230;&#8230;&#8230;&#8230;&#8230;&#8230;&#8230;&#8230;&#8230;&#8230;&#8230;&#8230;&#8230;&#8230;&#8230;&#8230;&#8230;&#8230;&#8230;&#8230;&#8230;&#8230;&#8230;&#8230;&#8230;&#8230;&#8230;&#8230;&#8230;&#8230;&#8230;&#8230;&#8230;&#8230;&#8230;&#8230;&#8230;&#8230;&#8230;&#8230;&#8230;&#8230;&#8230;&#8230;&#8230;&#8230;&#8230;&#8230;&#8230;&#8230;&#8230;&#8230;&#8230;&#8230;&#8230;&#8230;&#8230;&#8230;&#8230;&#8230;&#8230;&#8230;&#8230;&#8230;&#8230;<br \/>\nDe acuerdo con las normas establecidas para los comit\u00e9s internacionales de ICOM, la<strong> elecci\u00f3n de renovaci\u00f3n de miembros para el Board de ICOFOM LAM<\/strong> se realizar\u00e1 en la Asamblea General de ICOFOM LAM, el 06 de noviembre pr\u00f3ximo, de manera virtual, por las razones de p\u00fablico conocimiento.<br \/>\nTodos los miembros de ICOFOM pertenecientes a Am\u00e9rica Latina y el Caribe que deseen ser parte del Board de ICOFOM LAM para el pr\u00f3ximo per\u00edodo, est\u00e1n invitados a enviar su candidatura al comit\u00e9 electoral. Los requerimientos para los postulantes en el documento:<br \/>\n<a href=\"https:\/\/drive.google.com\/file\/d\/1hOHzdTIiRrZrkNBr677LTOlOgxrnz_mG\/view?usp=sharing\">Candidatura &#8211; Elecciones para el Board de ICOFOM LAM 2020-2023\u00a0<\/a><\/p>\n<p>De acordo com as normas para os comit\u00eas internacionais do ICOM, <strong>elei\u00e7\u00f5es de novos membros para o Board do ICOFOM LAM<\/strong> ocorrer\u00e3o na Assembleia Geral do ICOFOM LAM, no dia 06 de novembro do corrente ano, por meio eletr\u00f4nico, em virtude das raz\u00f5es de conhecimento p\u00fablico.<br \/>\nTodos os membros votantes do ICOFOM pertencentes \u00e0 Am\u00e9rica Latina e Caribe que intencionam fazer parte do Board do ICOFOM LAM para o pr\u00f3ximo per\u00edodo est\u00e3o convidados a enviar sua candidatura para o comit\u00ea eleitoral. Por favor, solicitamos que incluam as informa\u00e7\u00f5es no documento:<br \/>\n<a href=\"https:\/\/drive.google.com\/file\/d\/1kgPM5B8oy3CnbR9ipJ9WG2FdLt9dn_ta\/view?usp=sharing\">Candidatura- Elei\u00e7\u00f5es para o Board do ICOFOM LAM 2020-2023<\/a><\/p>\n<p>&#8230;&#8230;&#8230;&#8230;&#8230;&#8230;&#8230;&#8230;&#8230;&#8230;&#8230;&#8230;&#8230;&#8230;&#8230;&#8230;&#8230;&#8230;&#8230;&#8230;&#8230;&#8230;&#8230;&#8230;&#8230;&#8230;&#8230;&#8230;&#8230;&#8230;&#8230;&#8230;&#8230;&#8230;&#8230;&#8230;&#8230;&#8230;&#8230;&#8230;&#8230;&#8230;&#8230;&#8230;&#8230;&#8230;&#8230;&#8230;&#8230;&#8230;&#8230;&#8230;&#8230;&#8230;&#8230;&#8230;&#8230;&#8230;&#8230;&#8230;&#8230;&#8230;&#8230;&#8230;&#8230;&#8230;&#8230;&#8230;&#8230;&#8230;&#8230;<\/p>\n<p>NUEVAS PUBLICACIONES:<\/p>\n<p><a href=\"https:\/\/drive.google.com\/open?id=1vXf-EyGQiDYsBRi0TVu9rTvAieLcm42y\" target=\"_blank\" rel=\"noopener\">Teor\u00eda museol\u00f3gica\u00a0latinoamericana: Protohistoria\/\u00a0Teoria museol\u00f3gica\u00a0latino-americana: Proto-hist\u00f3ria\/Latin American Museological\u00a0Theory: Protohistory. Vol. 1 .\u00a0Teor\u00eda museol\u00f3gica latinoamericana. Textos fundamentales\/ Teor\u00eda Museol\u00f3gica latino-americana. Textos fundamentais\/Latin American Museological Theory. Fundamental Papers. ICOFOM, ICOFOM LAM, ICOM\/SAREC.<\/a><\/p>\n<\/div>\n<\/div>\n<p><!-- END: Content of extension \"hpo_relatedlink\", plugin \"tx_hporelatedlink_pi1\" --><\/p>\n<\/div>\n<p><!-- CONTENT ELEMENT, uid:15254\/textpic [end] --> <!--TYPO3SEARCH_end--><\/p>\n<\/div>\n","protected":false},"excerpt":{"rendered":"<p>Aqu\u00ed podr\u00e1s encontrar noticias sobre\u00a0museolog\u00eda de\u00a0Am\u00e9rica Latina y el Caribe. Noticias Museol\u00f3gicas\u00a0 \u00a0\u00a0Pr\u00f3ximos Eventos &#8230;&#8230;&#8230;&#8230;&#8230;&#8230;&#8230;&#8230;&#8230;&#8230;&#8230;&#8230;&#8230;&#8230;&#8230;&#8230;&#8230;&#8230;&#8230;&#8230;&#8230;&#8230;&#8230;&#8230;&#8230;&#8230;&#8230;&#8230;&#8230;&#8230;&#8230;&#8230;&#8230;&#8230;&#8230;&#8230;&#8230;&#8230;&#8230;&#8230;&#8230;&#8230;&#8230;&#8230;&#8230;&#8230;&#8230;&#8230;&#8230;&#8230;&#8230;&#8230;&#8230;&#8230;&#8230;&#8230;&#8230;&#8230;&#8230;&#8230;&#8230;&#8230;&#8230;&#8230;&#8230;&#8230;&#8230;&#8230;&#8230;&#8230; De acuerdo con las normas establecidas para los comit\u00e9s internacionales de ICOM, la elecci\u00f3n de renovaci\u00f3n de miembros para el Board de ICOFOM LAM se realizar\u00e1 en la Asamblea General de ICOFOM LAM, el 06 de noviembre pr\u00f3ximo, de manera [&hellip;]<\/p>\n","protected":false},"author":1,"featured_media":0,"parent":3249,"menu_order":2,"comment_status":"closed","ping_status":"closed","template":"","meta":{"footnotes":""},"yst_prominent_words":[2879,1272,1269,2868,2863,68,60,2870,2867,2865,2872,2871,1295,1273,1283,2869,2866,2864,2873,2292,1294],"acf":[],"_links":{"self":[{"href":"https:\/\/icofom.mini.icom.museum\/es\/wp-json\/wp\/v2\/pages\/1261"}],"collection":[{"href":"https:\/\/icofom.mini.icom.museum\/es\/wp-json\/wp\/v2\/pages"}],"about":[{"href":"https:\/\/icofom.mini.icom.museum\/es\/wp-json\/wp\/v2\/types\/page"}],"author":[{"embeddable":true,"href":"https:\/\/icofom.mini.icom.museum\/es\/wp-json\/wp\/v2\/users\/1"}],"replies":[{"embeddable":true,"href":"https:\/\/icofom.mini.icom.museum\/es\/wp-json\/wp\/v2\/comments?post=1261"}],"version-history":[{"count":8,"href":"https:\/\/icofom.mini.icom.museum\/es\/wp-json\/wp\/v2\/pages\/1261\/revisions"}],"predecessor-version":[{"id":4385,"href":"https:\/\/icofom.mini.icom.museum\/es\/wp-json\/wp\/v2\/pages\/1261\/revisions\/4385"}],"up":[{"embeddable":true,"href":"https:\/\/icofom.mini.icom.museum\/es\/wp-json\/wp\/v2\/pages\/3249"}],"wp:attachment":[{"href":"https:\/\/icofom.mini.icom.museum\/es\/wp-json\/wp\/v2\/media?parent=1261"}],"wp:term":[{"taxonomy":"yst_prominent_words","embeddable":true,"href":"https:\/\/icofom.mini.icom.museum\/es\/wp-json\/wp\/v2\/yst_prominent_words?post=1261"}],"curies":[{"name":"wp","href":"https:\/\/api.w.org\/{rel}","templated":true}]}}