{"id":1264,"date":"2018-12-28T12:37:28","date_gmt":"2018-12-28T12:37:28","guid":{"rendered":"http:\/\/icofom.icom.cust.oxymium.net\/who-we-are\/subcomisiones\/conferencias\/"},"modified":"2018-12-28T12:41:49","modified_gmt":"2018-12-28T12:41:49","slug":"conferencias","status":"publish","type":"page","link":"https:\/\/icofom.mini.icom.museum\/es\/subcomites\/subcomisiones\/conferencias\/","title":{"rendered":"CONFERENCIAS"},"content":{"rendered":"<div id=\"RTE_CONTENT\"> <!--TYPO3SEARCH_begin--> \t<!--  CONTENT ELEMENT, uid:15257\/textpic [begin] --> \t\t<\/p>\n<div id=\"c15257\"> \t\t<!--  Image block: [begin] --> \t\t\t<\/p>\n<div> \t\t<!--  Text: [begin] --> \t\t\t<\/p>\n<p>Entre 1992 y 2015 ICOFOM LAM llev\u00f3 a cabo Encuentros Anuales y un Taller de Trabajo Internacional en diferentes pa\u00edses de la regi\u00f3n, mostrando claramente el inter\u00e9s entre sus miembro.<\/p>\n<div>\n<p>&#8230;&#8230;&#8230;&#8230;&#8230;&#8230;&#8230;&#8230;&#8230;&#8230;&#8230;&#8230;&#8230;&#8230;&#8230;&#8230;&#8230;&#8230;&#8230;&#8230;&#8230;&#8230;&#8230;&#8230;&#8230;&#8230;&#8230;&#8230;&#8230;&#8230;&#8230;&#8230;&#8230;&#8230;&#8230;&#8230;&#8230;<\/p>\n<p>Entre 1992 e 2015 o ICOFOM LAM realizou Encontros Anuais e um Grupo de Trabalho Internacional em diferentes pa\u00edses da regi\u00e3o, mostrando claramente o interesse entre seus membros.<\/p>\n<p>\u00a0<\/p>\n<p><a href=\"http:\/\/icofom.icom.cust.oxymium.net\/es\/who-we-are\/subcomisiones\/bienvenidos-a-icofom-lam\/\" title=\"Opens internal link in current window\">Bienvenidos a ICOFOM LAM<\/a><br \/><a href=\"http:\/\/icofom.icom.cust.oxymium.net\/es\/who-we-are\/subcomisiones\/una-palabra-del-presidente\/\" title=\"Opens internal link in current window\">Palabras de la Presidenta<\/a><br \/><a href=\"http:\/\/icofom.icom.cust.oxymium.net\/es\/who-we-are\/subcomisiones\/quienes-somos\/\" title=\"Opens internal link in current window\">Qui\u00e9nes somos\u00a0<\/a><br \/><a href=\"http:\/\/icofom.icom.cust.oxymium.net\/es\/who-we-are\/subcomisiones\/noticias-del-icofom-lam\/\" title=\"Opens internal link in current window\">Noticias del ICOFOM LAM<\/a><br \/>Conferencias \/ <a href=\"\/icofom\/quienes-somos\/subcomisiones\/conferencias\/proxima-conferencia\/L\/1\/\" title=\"Opens internal link in current window\">Pr\u00f3ximas Conferencias<\/a> \/ <a href=\"\/icofom\/quienes-somos\/subcomisiones\/conferencias\/ediciones-anteriores\/L\/1\/\" title=\"Opens internal link in current window\">Conferencias Pasadas<\/a><br \/><a href=\"http:\/\/icofom.icom.cust.oxymium.net\/es\/who-we-are\/subcomisiones\/publicaciones\/\" title=\"Opens internal link in current window\">Publicaciones<\/a><br \/><a href=\"\/icofom\/quienes-somos\/subcomisiones\/quienes-somos\/miembros-de-la-junta\/L\/1\/\" title=\"Opens internal link in current window\">Membres\u00eda<\/a><br \/><a href=\"http:\/\/icofom.icom.cust.oxymium.net\/es\/who-we-are\/subcomisiones\/contactos\/\" title=\"Opens internal link in current window\">Contacto<\/a><\/p>\n<p>\u00a0<\/p>\n<p>\u00a0<\/p>\n<\/p><\/div>\n<div><\/div>\n<p> \t\t<!--  Text: [end] --> \t\t\t<\/div>\n<p> \t\t<!--  Image block: [end] --> \t\t\t   \t<!--  \t\tBEGIN: Content of extension \"hpo_relatedlink\", plugin \"tx_hporelatedlink_pi1\"  \t--> \t<\/p>\n<div> \t\t \t<\/div>\n<p> \t \t<!-- END: Content of extension \"hpo_relatedlink\", plugin \"tx_hporelatedlink_pi1\" -->  \t<\/div>\n<p> \t<!--  CONTENT ELEMENT, uid:15257\/textpic [end] --> \t\t<!--TYPO3SEARCH_end--> <\/div>\n","protected":false},"excerpt":{"rendered":"<p>Entre 1992 y 2015 ICOFOM LAM llev\u00f3 a cabo Encuentros Anuales y un Taller de Trabajo Internacional en diferentes pa\u00edses de la regi\u00f3n, mostrando claramente el inter\u00e9s entre sus miembro. &#8230;&#8230;&#8230;&#8230;&#8230;&#8230;&#8230;&#8230;&#8230;&#8230;&#8230;&#8230;&#8230;&#8230;&#8230;&#8230;&#8230;&#8230;&#8230;&#8230;&#8230;&#8230;&#8230;&#8230;&#8230;&#8230;&#8230;&#8230;&#8230;&#8230;&#8230;&#8230;&#8230;&#8230;&#8230;&#8230;&#8230; Entre 1992 e 2015 o ICOFOM LAM realizou Encontros Anuais e um Grupo de Trabalho Internacional em diferentes pa\u00edses da regi\u00e3o, mostrando claramente o [&hellip;]<\/p>\n","protected":false},"author":1,"featured_media":0,"parent":226,"menu_order":3,"comment_status":"closed","ping_status":"closed","template":"","meta":{"footnotes":""},"yst_prominent_words":[],"acf":[],"_links":{"self":[{"href":"https:\/\/icofom.mini.icom.museum\/es\/wp-json\/wp\/v2\/pages\/1264"}],"collection":[{"href":"https:\/\/icofom.mini.icom.museum\/es\/wp-json\/wp\/v2\/pages"}],"about":[{"href":"https:\/\/icofom.mini.icom.museum\/es\/wp-json\/wp\/v2\/types\/page"}],"author":[{"embeddable":true,"href":"https:\/\/icofom.mini.icom.museum\/es\/wp-json\/wp\/v2\/users\/1"}],"replies":[{"embeddable":true,"href":"https:\/\/icofom.mini.icom.museum\/es\/wp-json\/wp\/v2\/comments?post=1264"}],"version-history":[{"count":1,"href":"https:\/\/icofom.mini.icom.museum\/es\/wp-json\/wp\/v2\/pages\/1264\/revisions"}],"predecessor-version":[{"id":2168,"href":"https:\/\/icofom.mini.icom.museum\/es\/wp-json\/wp\/v2\/pages\/1264\/revisions\/2168"}],"up":[{"embeddable":true,"href":"https:\/\/icofom.mini.icom.museum\/es\/wp-json\/wp\/v2\/pages\/226"}],"wp:attachment":[{"href":"https:\/\/icofom.mini.icom.museum\/es\/wp-json\/wp\/v2\/media?parent=1264"}],"wp:term":[{"taxonomy":"yst_prominent_words","embeddable":true,"href":"https:\/\/icofom.mini.icom.museum\/es\/wp-json\/wp\/v2\/yst_prominent_words?post=1264"}],"curies":[{"name":"wp","href":"https:\/\/api.w.org\/{rel}","templated":true}]}}