{"id":1417,"date":"2018-12-28T12:38:46","date_gmt":"2018-12-28T12:38:46","guid":{"rendered":"http:\/\/icofom.icom.cust.oxymium.net\/who-we-are\/subcomisiones\/publicaciones\/"},"modified":"2024-11-01T13:47:51","modified_gmt":"2024-11-01T12:47:51","slug":"publicaciones","status":"publish","type":"page","link":"https:\/\/icofom.mini.icom.museum\/es\/subcomites\/publicaciones\/","title":{"rendered":"ICOFOM LAC PUBLICACIONES"},"content":{"rendered":"<div id=\"RTE_CONTENT\">\n<p><!--TYPO3SEARCH_begin--> <!-- CONTENT ELEMENT, uid:15261\/textpic [begin] --><\/p>\n<div id=\"c15261\">\n<p><!-- Image block: [begin] --><\/p>\n<div>\n<p><!-- Text: [begin] --><\/p>\n<h2>Libro correspondiente al XXX Encuentro ICOFOM LAC: Museolog\u00eda Multivocal en Am\u00e9rica Latina y el Caribe desde la Mesa Redonda de Santiago de 1972 (ESP, PORT &amp; ENG)<\/h2>\n<p><img decoding=\"async\" loading=\"lazy\" class=\"aligncenter wp-image-7606\" src=\"https:\/\/icofom.mini.icom.museum\/wp-content\/uploads\/sites\/18\/2024\/11\/IMG_8006-217x300.jpg\" alt=\"\" width=\"337\" height=\"465\" srcset=\"https:\/\/icofom.mini.icom.museum\/wp-content\/uploads\/sites\/18\/2024\/11\/IMG_8006-217x300.jpg 217w, https:\/\/icofom.mini.icom.museum\/wp-content\/uploads\/sites\/18\/2024\/11\/IMG_8006-742x1024.jpg 742w, https:\/\/icofom.mini.icom.museum\/wp-content\/uploads\/sites\/18\/2024\/11\/IMG_8006.jpg 750w\" sizes=\"(max-width: 337px) 100vw, 337px\" \/><\/p>\n<p style=\"text-align: center\"><a href=\"https:\/\/icofom.mini.icom.museum\/wp-content\/uploads\/sites\/18\/2024\/11\/Libro-ICOFOM-Barbados.pdf\">Libro ICOFOM Barbados<\/a><\/p>\n<h2>Hist\u00f3ria da Museologia na Am\u00e9rica Latina e Caribe: cole\u00e7\u00f5es fundamentais<br \/>\n(Historia de la Museolog\u00eda en Am\u00e9rica Latina y el Caribe: colecciones fundamentales)<\/h2>\n<p><img decoding=\"async\" loading=\"lazy\" class=\"aligncenter wp-image-7562\" src=\"https:\/\/icofom.mini.icom.museum\/wp-content\/uploads\/sites\/18\/2024\/09\/portadad-724x1024.jpg\" alt=\"\" width=\"370\" height=\"523\" srcset=\"https:\/\/icofom.mini.icom.museum\/wp-content\/uploads\/sites\/18\/2024\/09\/portadad-724x1024.jpg 724w, https:\/\/icofom.mini.icom.museum\/wp-content\/uploads\/sites\/18\/2024\/09\/portadad-212x300.jpg 212w, https:\/\/icofom.mini.icom.museum\/wp-content\/uploads\/sites\/18\/2024\/09\/portadad-768x1086.jpg 768w, https:\/\/icofom.mini.icom.museum\/wp-content\/uploads\/sites\/18\/2024\/09\/portadad.jpg 910w\" sizes=\"(max-width: 370px) 100vw, 370px\" \/><\/p>\n<p style=\"text-align: center\">Editado por Luciana Carvalho y Silvilene Morais<\/p>\n<p style=\"text-align: center\"><a href=\"https:\/\/icofom.mini.icom.museum\/wp-content\/uploads\/sites\/18\/2024\/09\/13-sept-LIVRO-SAREC-2023.pdf\" target=\"_blank\" rel=\"noopener\">Click aqu\u00ed para la publicaci\u00f3n completa<\/a><\/p>\n<p style=\"text-align: center\">_________________________________________________<\/p>\n<p>Libro correspondiente al XXIX Encuentro del ICOFOM LAC \u201cLa Decolonizaci\u00f3n de la museolog\u00eda desde Am\u00e9rica Latina y el Caribe: Museos, mestizajes y mitos de origen <a href=\"https:\/\/icofom.mini.icom.museum\/wp-content\/uploads\/sites\/18\/2022\/12\/Actas-Mexico-2021.pdf\">Actas M\u00e9xico 2021<\/a><\/p>\n<p><span style=\"background: white\">Perspectivas latinoamericanas y caribe\u00f1as para la discusi\u00f3n sobre la nueva definici\u00f3n de museo \/ <\/span><span style=\"background: white\">Perspectivas latino-americanas e caribenhas para a discuss\u00e3o sobre a nova defini\u00e7\u00e3o de museus \/ <\/span><span style=\"background: white\">Latin American and Caribbean Perspectives on the New Museum Definition, <\/span><span lang=\"PT-BR\">Vinicius Mon\u00e7\u00e3o &amp; <\/span><span lang=\"PT-BR\">Luciana Carvalho <\/span><span lang=\"PT-BR\">(eds.), 2022\u00a0<\/span><a href=\"https:\/\/icofom.mini.icom.museum\/wp-content\/uploads\/sites\/18\/2022\/11\/Livro-ICOFOM-LAC_ISBN.pdf\">Haga clic aqu\u00ed para el libro<\/a><\/p>\n<p>Libro correspondiente al XXVIII Encuentro de ICOFOM LAC \u201cHacia una definici\u00f3n de museo en perspectiva latinoamericana y caribe\u00f1a: Fundamentos epistemol\u00f3gicos\u201d, Argentina, 2020 <a href=\"https:\/\/icofom.mini.icom.museum\/wp-content\/uploads\/sites\/18\/2022\/04\/ICOFOM-LAC-LIBRO-Argentina-FINAL.pdf\">ICOFOM LAC LIBRO Argentina FINAL<\/a><\/p>\n<p>Libro correspondiente al XXVII Encuentro de ICOFOM LAC, \u201cMuseo, tradiciones y construcciones colectivas<br \/>\nen Am\u00e9rica Latina y El Caribe: enfoques te\u00f3ricos\u201d, Gautemala, 2019 <a href=\"https:\/\/icofom.mini.icom.museum\/wp-content\/uploads\/sites\/18\/2022\/11\/2022-Actas-Guatemala-2a-edicao_compressed.pdf\">2022 Actas Guatemala 2a edicao_compressed<\/a><\/p>\n<p>ANALES DEL XXVI ENCUENTRO DEL ICOFOM LAM \u201cOrganismos Museologicos Hiperconectados. Museologia, educaci\u00f3n y acci\u00f3n cultural\u201d Hernandarias . Asunci\u00f3n . 08 al 11 de noviembre de 2018 Paraguai, 2018 ANAIS DO XXVI ENCONTRO DO ICOFOM LAM \u201cOrganismos Museol\u00f3gicos Hiperconectados. Museologia, educa\u00e7\u00e3o e a\u00e7\u00e3o cultural\u201d Hernandarias . Asunci\u00f3n . 08 a 11 de novembro de 2018 Paraguai, 2018 <a href=\"https:\/\/icofom.mini.icom.museum\/wp-content\/uploads\/sites\/18\/2021\/12\/LIBRO-Paraguai-ISBN-29.12_compressed.pdf\">LIBRO Paraguai ISBN-29.12_compressed<\/a><\/p>\n<p>Teor\u00eda museol\u00f3gica latinoamericana: Protohistoria\/ Teoria museol\u00f3gica latino-americana: Proto-hist\u00f3ria\/Latin American Museological Theory: Protohistory. Vol. 1 . Teor\u00eda museol\u00f3gica latinoamericana. Textos fundamentales\/ Teor\u00eda Museol\u00f3gica latino-americana. Textos fundamentais\/Latin American Museological Theory. Fundamental Papers. ICOFOM, ICOFOM LAM, ICOM\/SAREC. <a href=\"https:\/\/icofom.mini.icom.museum\/wp-content\/uploads\/sites\/18\/2022\/04\/TML-01_Protohistoria.pdf\">TML 01_Protohistoria<\/a><\/p>\n<p><a title=\"MusealidadyPatrimonioenlaTeori__aMuseolo__gicaLatinoamericanaydelCaribe.pdf (7.4 MB)\" href=\"http:\/\/icofom.mini.icom.museum\/wp-content\/uploads\/sites\/18\/2018\/12\/MusealidadyPatrimonioenlaTeori__aMuseolo__gicaLatinoamericanaydelCaribe.pdf\">-Musealidad y Patrimonio en la Teor\u00eda Museol\u00f3gica Latinoamericana y del Caribe. Actas del XXIV Encuentro de ICOFOM LAM, Ouro Preto, Brasil, 2016.<\/a><\/p>\n<p><a title=\"TEXT, ACTAS ICOFOM LAM 2015 PANAMA, ACTAS_ICOFOM_LAM_2015_PANAMA.pdf, 2.8 MB\" href=\"http:\/\/icofom.mini.icom.museum\/wp-content\/uploads\/sites\/18\/2018\/12\/ACTAS_ICOFOM_LAM_2015_PANAMA.pdf\">&#8211;\u00a0Diversidades y confluencias en el pensamiento museol\u00f3gico latinoamericano. Actas del XXIII Encuentro de ICOFOM LAM. Panam\u00e1, 2015.<\/a><\/p>\n<p><i><a title=\"Opens internal link in current window\" href=\"http:\/\/icofom.mini.icom.museum\/wp-content\/uploads\/sites\/18\/2018\/12\/Actas_XXII_Encuentro_-_Buenos_Aires.pdf\">&#8211; Nuevas tendencias para la Museolog\u00eda en Latinoam\u00e9rica. Actas del XXII Encuentro de ICOFOM LAM. Buenos Aires, 2014<\/a><\/i><\/p>\n<p><a title=\"TEXT, lam 2002, lam_2002.pdf, 5.9 MB\" href=\"http:\/\/icofom.mini.icom.museum\/wp-content\/uploads\/sites\/18\/2018\/12\/lam_2002.pdf\"><i>&#8211; Museolog\u00eda y presentaci\u00f3n: original\/real o virtual<\/i>. XI Encuentro\u00a0ICOFOM LAM. Cuenca e Islas Gal\u00e1pagos, 2002.<\/a><\/p>\n<p><a title=\"TEXT, lam 2001, lam_2001.pdf, 12.7 MB\" href=\"http:\/\/icofom.mini.icom.museum\/wp-content\/uploads\/sites\/18\/2018\/12\/lam_2001.pdf\">&#8211;\u00a0<i>Museos, museolog\u00eda y patrimonio intangible<\/i>. X Encuentro ICOFOM LAM. Montevideo y Punta del Este, 2001.<\/a><\/p>\n<p><a title=\"TEXT, 00, 00.pdf, 28 MB\" href=\"http:\/\/icofom.mini.icom.museum\/wp-content\/uploads\/sites\/18\/2018\/12\/00.pdf\">\u00a0<i>&#8211; Museolog\u00eda y desarrollo sostenible<\/i>. IX Encuentro\u00a0ICOFOM LAM. Santa Cruz, R\u00edo de Janeiro, 2000.<\/a><\/p>\n<p><a title=\"TEXT, 99, 99.pdf, 1.5 MB\" href=\"http:\/\/icofom.mini.icom.museum\/wp-content\/uploads\/sites\/18\/2018\/12\/99.pdf\"><i>&#8211; Museolog\u00eda, filosof\u00eda e identidad en Am\u00e9rica Latina y el Caribe<\/i>. VIII\u00a0Encuentro\u00a0ICOFOM LAM.\u00a0Coro, 1999.<\/a><\/p>\n<p><i>&#8211;<a title=\"TEXT, VII ENCUENTRO - Xochimilco 1998, VII_ENCUENTRO_-_Xochimilco_1998.pdf, 103 KB\" href=\"http:\/\/icofom.mini.icom.museum\/wp-content\/uploads\/sites\/18\/2018\/12\/VII_ENCUENTRO_-_Xochimilco_1998.pdf\">Museos, museolog\u00eda y diversidad cultural. VII Encuentro\u00a0ICOFOM LAM y I Coloquio\u00a0Internacional de\u00a0Museolog\u00eda de M\u00e9xico. Xochimilco, 1998<\/a><\/i><\/p>\n<p>&#8212;<a title=\"TEXT, VII ENCUENTRO - Xochimilco 1998, VII_ENCUENTRO_-_Xochimilco_1998.pdf, 103 KB\" href=\"http:\/\/icofom.mini.icom.museum\/wp-content\/uploads\/sites\/18\/2018\/12\/VII_ENCUENTRO_-_Xochimilco_1998.pdf\">Museus, museologia e diversidade cultural. VII Encontro\u00a0ICOFOM LAM e I Col\u00f3quio\u00a0Internacional de\u00a0Museologia\u00a0Do M\u00e9xico. Xochimilco, 1998.<\/a><\/p>\n<p>&#8211;<a title=\"TEXT, VI ENCUENTRO - Cuenca 1997, VI_ENCUENTRO_-_Cuenca_1997.pdf, 128 KB\" href=\"http:\/\/icofom.mini.icom.museum\/wp-content\/uploads\/sites\/18\/2018\/12\/VI_ENCUENTRO_-_Cuenca_1997.pdf\"><i>Museolog\u00eda y memoria<\/i>. VI Encuentro ICOFOM LAM. Cuenca, 1997.<\/a><\/p>\n<p>&#8212;<a title=\"TEXT, VI ENCUENTRO - Cuenca 1997, VI_ENCUENTRO_-_Cuenca_1997.pdf, 128 KB\" href=\"http:\/\/icofom.mini.icom.museum\/wp-content\/uploads\/sites\/18\/2018\/12\/VI_ENCUENTRO_-_Cuenca_1997.pdf\">Museologia e mem\u00f3ria. VI Encontro\u00a0do ICOFOM LAM. Cuenca, 1997.\u00a0<\/a><\/p>\n<p>&#8211;<a title=\"TEXT, V ENCUENTRO - Rio de Janeiro 1996, V_ENCUENTRO_-_Rio_de_Janeiro_1996.pdf, 74 KB\" href=\"http:\/\/icofom.mini.icom.museum\/wp-content\/uploads\/sites\/18\/2018\/12\/V_ENCUENTRO_-_Rio_de_Janeiro_1996.pdf\"><i>Museolog\u00eda y Arte<\/i>. V Encuentro ICOFOM LAM y XVII Simposio\u00a0Anual\u00a0ICOFOM. R\u00edo de Janeiro, 1996.<\/a><\/p>\n<p>&#8212;<a title=\"TEXT, V ENCUENTRO - Rio de Janeiro 1996, V_ENCUENTRO_-_Rio_de_Janeiro_1996.pdf, 74 KB\" href=\"http:\/\/icofom.mini.icom.museum\/wp-content\/uploads\/sites\/18\/2018\/12\/V_ENCUENTRO_-_Rio_de_Janeiro_1996.pdf\">Museologia e Arte. V Encontro\u00a0ICOFOM LAM e XVII Simp\u00f3sio\u00a0Anual\u00a0ICOFOM. Rio de Janeiro, 1996.\u00a0<\/a><\/p>\n<p>&#8211;<a title=\"TEXT, IV ENCUENTRO - Barquisimeto 1995, IV_ENCUENTRO_-_Barquisimeto_1995.pdf, 126 KB\" href=\"http:\/\/icofom.mini.icom.museum\/wp-content\/uploads\/sites\/18\/2018\/12\/IV_ENCUENTRO_-_Barquisimeto_1995.pdf\"><i>Patrimonio, museos y turismo<\/i>. IV Encuentro\u00a0ICOFOM LAM. Barquisimeto, 23 al 26 de abril de 1995.<\/a><\/p>\n<p>&#8212;<a title=\"TEXT, IV ENCUENTRO - Barquisimeto 1995, IV_ENCUENTRO_-_Barquisimeto_1995.pdf, 126 KB\" href=\"http:\/\/icofom.mini.icom.museum\/wp-content\/uploads\/sites\/18\/2018\/12\/IV_ENCUENTRO_-_Barquisimeto_1995.pdf\">Patrim\u00f4nio, museus e turismo. IV Encontro\u00a0do ICOFOM LAM. Barquisimeto, 23 a 26 de abril de 1995.\u00a0<\/a><\/p>\n<p>&#8211;<a title=\"TEXT, III ENCUENTRO - Cuenca 1994, III_ENCUENTRO_-_Cuenca_1994.pdf, 79 KB\" href=\"http:\/\/icofom.mini.icom.museum\/wp-content\/uploads\/sites\/18\/2018\/12\/III_ENCUENTRO_-_Cuenca_1994.pdf\"><i>Museolog\u00eda, educaci\u00f3n y acci\u00f3n comunitaria<\/i>. III Encuentro\u00a0ICOFOM LAM y Encuentro Anual CECA Museos, Educaci\u00f3n y Patrimonios Natural, Social y Cultural: Sesi\u00f3n\u00a0Interdisciplinaria\u00a0CECA\/ICOFOM LAM. Cuenca, 1994.<\/a><\/p>\n<p>&#8212;<a title=\"TEXT, III ENCUENTRO - Cuenca 1994, III_ENCUENTRO_-_Cuenca_1994.pdf, 79 KB\" href=\"http:\/\/icofom.mini.icom.museum\/wp-content\/uploads\/sites\/18\/2018\/12\/III_ENCUENTRO_-_Cuenca_1994.pdf\">Museologia, educa\u00e7\u00e3o e a\u00e7\u00e3o comunit\u00e1ria. III ENCONTRO ICOFOM LAM E Encontro Anual CECA Museus, Educa\u00e7\u00e3o e Patrim\u00f4nios Natural, Social e Cultural: Sess<\/a><a title=\"TEXT, III ENCUENTRO - Cuenca 1994, III_ENCUENTRO_-_Cuenca_1994.pdf, 79 KB\" href=\"http:\/\/icofom.mini.icom.museum\/wp-content\/uploads\/sites\/18\/2018\/12\/III_ENCUENTRO_-_Cuenca_1994.pdf\">\u00e3o<\/a>\u00a0<a title=\"TEXT, III ENCUENTRO - Cuenca 1994, III_ENCUENTRO_-_Cuenca_1994.pdf, 79 KB\" href=\"http:\/\/icofom.mini.icom.museum\/wp-content\/uploads\/sites\/18\/2018\/12\/III_ENCUENTRO_-_Cuenca_1994.pdf\">Interdisciplinar\u00a0CECA\/ICOFOM LAM. Cuenca, 1994.\u00a0<\/a><\/p>\n<p>&#8211;<a title=\"TEXT, II ENCUENTRO - Quito 1993, II_ENCUENTRO_-_Quito_1993.pdf, 118 KB\" href=\"http:\/\/icofom.mini.icom.museum\/wp-content\/uploads\/sites\/18\/2018\/12\/II_ENCUENTRO_-_Quito_1993.pdf\"><i>Museos, espacio y poder en Am\u00e9rica Latina y el Caribe<\/i>. II Encuentro\u00a0ICOFOM LAM. Quito, del 18 al 23 de julio de 1993.<\/a><\/p>\n<p>&#8212;<a title=\"TEXT, II ENCUENTRO - Quito 1993, II_ENCUENTRO_-_Quito_1993.pdf, 118 KB\" href=\"http:\/\/icofom.mini.icom.museum\/wp-content\/uploads\/sites\/18\/2018\/12\/II_ENCUENTRO_-_Quito_1993.pdf\">Museus, espa\u00e7o e poder na Am\u00e9rica Latina e Caribe. II Encontro\u00a0ICOFOM LAM. Quito, de 18 a 23 de julho de 1993.<\/a><\/p>\n<p>&#8211;<a title=\"TEXT, I ENCUENTRO - Buenos Aires 1992, I_ENCUENTRO_-_Buenos_Aires_1992.pdf, 68 KB\" href=\"http:\/\/icofom.mini.icom.museum\/wp-content\/uploads\/sites\/18\/2018\/12\/I_ENCUENTRO_-_Buenos_Aires_1992.pdf\"><i>Museos, sociedad y medio ambiente: una trilog\u00eda integrada<\/i>. I Encuentro\u00a0ICOFOM LAM. Buenos Aires, 1992.\u00a0<\/a><\/p>\n<p>&#8212;<a title=\"TEXT, I ENCUENTRO - Buenos Aires 1992, I_ENCUENTRO_-_Buenos_Aires_1992.pdf, 68 KB\" href=\"http:\/\/icofom.mini.icom.museum\/wp-content\/uploads\/sites\/18\/2018\/12\/I_ENCUENTRO_-_Buenos_Aires_1992.pdf\">Museus, sociedade e meio ambiente: uma trilogia integrada. I Encontro\u00a0ICOFOM LAM. Buenos Aires, 1992.<\/a><a title=\"TEXT, I ENCUENTRO - Buenos Aires 1992, I_ENCUENTRO_-_Buenos_Aires_1992.pdf, 68 KB\" href=\"http:\/\/icofom.mini.icom.museum\/wp-content\/uploads\/sites\/18\/2018\/12\/I_ENCUENTRO_-_Buenos_Aires_1992.pdf\"><br \/>\n<\/a><\/p>\n<\/div>\n<p><!-- END: Content of extension \"hpo_relatedlink\", plugin \"tx_hporelatedlink_pi1\" --><\/p>\n<\/div>\n<p><!-- CONTENT ELEMENT, uid:15261\/textpic [end] --> <!--TYPO3SEARCH_end--><\/p>\n<\/div>\n","protected":false},"excerpt":{"rendered":"<p>Libro correspondiente al XXX Encuentro ICOFOM LAC: Museolog\u00eda Multivocal en Am\u00e9rica Latina y el Caribe desde la Mesa Redonda de Santiago de 1972 (ESP, PORT &amp; ENG) Libro ICOFOM Barbados Hist\u00f3ria da Museologia na Am\u00e9rica Latina e Caribe: cole\u00e7\u00f5es fundamentais (Historia de la Museolog\u00eda en Am\u00e9rica Latina y el Caribe: colecciones fundamentales) Editado por Luciana [&hellip;]<\/p>\n","protected":false},"author":1,"featured_media":0,"parent":3249,"menu_order":4,"comment_status":"closed","ping_status":"closed","template":"","meta":{"footnotes":""},"yst_prominent_words":[1270,828,2879,1272,1269,60,1271,1268,1265,1267,59,54,1264,1263,1266,1295,1273,1290,2292,1294],"acf":[],"_links":{"self":[{"href":"https:\/\/icofom.mini.icom.museum\/es\/wp-json\/wp\/v2\/pages\/1417"}],"collection":[{"href":"https:\/\/icofom.mini.icom.museum\/es\/wp-json\/wp\/v2\/pages"}],"about":[{"href":"https:\/\/icofom.mini.icom.museum\/es\/wp-json\/wp\/v2\/types\/page"}],"author":[{"embeddable":true,"href":"https:\/\/icofom.mini.icom.museum\/es\/wp-json\/wp\/v2\/users\/1"}],"replies":[{"embeddable":true,"href":"https:\/\/icofom.mini.icom.museum\/es\/wp-json\/wp\/v2\/comments?post=1417"}],"version-history":[{"count":20,"href":"https:\/\/icofom.mini.icom.museum\/es\/wp-json\/wp\/v2\/pages\/1417\/revisions"}],"predecessor-version":[{"id":7615,"href":"https:\/\/icofom.mini.icom.museum\/es\/wp-json\/wp\/v2\/pages\/1417\/revisions\/7615"}],"up":[{"embeddable":true,"href":"https:\/\/icofom.mini.icom.museum\/es\/wp-json\/wp\/v2\/pages\/3249"}],"wp:attachment":[{"href":"https:\/\/icofom.mini.icom.museum\/es\/wp-json\/wp\/v2\/media?parent=1417"}],"wp:term":[{"taxonomy":"yst_prominent_words","embeddable":true,"href":"https:\/\/icofom.mini.icom.museum\/es\/wp-json\/wp\/v2\/yst_prominent_words?post=1417"}],"curies":[{"name":"wp","href":"https:\/\/api.w.org\/{rel}","templated":true}]}}