{"id":1438,"date":"2018-12-28T12:38:52","date_gmt":"2018-12-28T12:38:52","guid":{"rendered":"http:\/\/icofom.icom.cust.oxymium.net\/who-we-are\/subcomisiones\/membresia\/"},"modified":"2020-12-03T20:51:10","modified_gmt":"2020-12-03T20:51:10","slug":"membresia","status":"publish","type":"page","link":"https:\/\/icofom.mini.icom.museum\/es\/subcomites\/membresia\/","title":{"rendered":"MEMBRES\u00cdA"},"content":{"rendered":"<div id=\"RTE_CONTENT\">\n<p><!--TYPO3SEARCH_begin--> <!-- CONTENT ELEMENT, uid:15263\/textpic [begin] --><\/p>\n<div id=\"c15263\">\n<p><!-- Image block: [begin] --><\/p>\n<div>\n<div>\n<p><!-- Text: [begin] --><\/p>\n<p>Para ser miembro del ICOFOM LAC, tienes que ser previamente miembro de ICOM. Luego, debes informar ICOM que te interesa ser miembro de ICOFOM, y si resides en la regi\u00f3n de Am\u00e9rica Latina y Caribe ya eres naturalmente parte de ICOFOM LAC. \u00danete a este \u00a0link para <a href=\"https:\/\/icom.museum\/es\/involucrese\/conviertase-en-miembro-de-icom\/\">sumarte\u00a0\u00a0https:\/\/icom.museum\/es\/involucrese\/conviertase-en-miembro-de-icom\/<\/a>.<br \/>\n&#8230;&#8230;&#8230;&#8230;&#8230;&#8230;&#8230;&#8230;&#8230;&#8230;&#8230;&#8230;&#8230;&#8230;&#8230;&#8230;&#8230;&#8230;&#8230;&#8230;&#8230;&#8230;&#8230;&#8230;&#8230;&#8230;&#8230;&#8230;&#8230;&#8230;&#8230;&#8230;&#8230;&#8230;&#8230;&#8230;&#8230;&#8230;.<br \/>\nPara se tornar member do ICOFOM LAC, \u00e9 necess\u00e1rio ser previamente member do ICOM. Logo, informe ao ICOM sobre o interesse em ser membro do ICOFOM. Se voc\u00ea \u00e9 residente da Am\u00e9rica Latina e Caribe, j\u00e1 ser\u00e1 naturalmente parte do ICOFOM LAC. Este \u00e9 o link para tornar-se membro:\u00a0<a href=\"https:\/\/icom.museum\/es\/involucrese\/conviertase-en-miembro-de-icom\/\">https:\/\/icom.museum\/es\/involucrese\/conviertase-en-miembro-de-icom\/<\/a><\/p>\n<div><\/div>\n<p><!-- Text: [end] --><\/p>\n<\/div>\n<div>\n<div>\n<ul>\n<li><img decoding=\"async\" src=\"http:\/\/icofom.mini.icom.museum\/wp-content\/uploads\/sites\/18\/2018\/12\/ad8e1c857b.jpg\" alt=\"\" \/><\/li>\n<\/ul>\n<\/div>\n<div>\n<ul>\n<li><img decoding=\"async\" src=\"http:\/\/icofom.mini.icom.museum\/wp-content\/uploads\/sites\/18\/2018\/12\/894f89253a.jpg\" alt=\"\" \/><\/li>\n<\/ul>\n<\/div>\n<\/div>\n<\/div>\n<div><!-- --><\/div>\n<p><!-- Image block: [end] --> <!-- BEGIN: Content of extension \"hpo_relatedlink\", plugin \"tx_hporelatedlink_pi1\" --><\/p>\n<div><\/div>\n<p><!-- END: Content of extension \"hpo_relatedlink\", plugin \"tx_hporelatedlink_pi1\" --><\/p>\n<\/div>\n<p><!-- CONTENT ELEMENT, uid:15263\/textpic [end] --> <!--TYPO3SEARCH_end--><\/p>\n<\/div>\n","protected":false},"excerpt":{"rendered":"<p>Para ser miembro del ICOFOM LAC, tienes que ser previamente miembro de ICOM. Luego, debes informar ICOM que te interesa ser miembro de ICOFOM, y si resides en la regi\u00f3n de Am\u00e9rica Latina y Caribe ya eres naturalmente parte de ICOFOM LAC. \u00danete a este \u00a0link para sumarte\u00a0\u00a0https:\/\/icom.museum\/es\/involucrese\/conviertase-en-miembro-de-icom\/. &#8230;&#8230;&#8230;&#8230;&#8230;&#8230;&#8230;&#8230;&#8230;&#8230;&#8230;&#8230;&#8230;&#8230;&#8230;&#8230;&#8230;&#8230;&#8230;&#8230;&#8230;&#8230;&#8230;&#8230;&#8230;&#8230;&#8230;&#8230;&#8230;&#8230;&#8230;&#8230;&#8230;&#8230;&#8230;&#8230;&#8230;&#8230;. Para se tornar member do ICOFOM [&hellip;]<\/p>\n","protected":false},"author":1,"featured_media":0,"parent":3249,"menu_order":5,"comment_status":"closed","ping_status":"closed","template":"","meta":{"footnotes":""},"yst_prominent_words":[1260,828,1262,387,68,2081,2982,2150,2994,1261,1258,1238,1256,1257,395,1259,216,1239,1254,1255],"acf":[],"_links":{"self":[{"href":"https:\/\/icofom.mini.icom.museum\/es\/wp-json\/wp\/v2\/pages\/1438"}],"collection":[{"href":"https:\/\/icofom.mini.icom.museum\/es\/wp-json\/wp\/v2\/pages"}],"about":[{"href":"https:\/\/icofom.mini.icom.museum\/es\/wp-json\/wp\/v2\/types\/page"}],"author":[{"embeddable":true,"href":"https:\/\/icofom.mini.icom.museum\/es\/wp-json\/wp\/v2\/users\/1"}],"replies":[{"embeddable":true,"href":"https:\/\/icofom.mini.icom.museum\/es\/wp-json\/wp\/v2\/comments?post=1438"}],"version-history":[{"count":4,"href":"https:\/\/icofom.mini.icom.museum\/es\/wp-json\/wp\/v2\/pages\/1438\/revisions"}],"predecessor-version":[{"id":4394,"href":"https:\/\/icofom.mini.icom.museum\/es\/wp-json\/wp\/v2\/pages\/1438\/revisions\/4394"}],"up":[{"embeddable":true,"href":"https:\/\/icofom.mini.icom.museum\/es\/wp-json\/wp\/v2\/pages\/3249"}],"wp:attachment":[{"href":"https:\/\/icofom.mini.icom.museum\/es\/wp-json\/wp\/v2\/media?parent=1438"}],"wp:term":[{"taxonomy":"yst_prominent_words","embeddable":true,"href":"https:\/\/icofom.mini.icom.museum\/es\/wp-json\/wp\/v2\/yst_prominent_words?post=1438"}],"curies":[{"name":"wp","href":"https:\/\/api.w.org\/{rel}","templated":true}]}}