{"id":1450,"date":"2018-12-28T12:38:55","date_gmt":"2018-12-28T12:38:55","guid":{"rendered":"http:\/\/icofom.icom.cust.oxymium.net\/who-we-are\/subcomisiones\/contactos\/"},"modified":"2020-12-03T20:52:18","modified_gmt":"2020-12-03T20:52:18","slug":"contactos","status":"publish","type":"page","link":"https:\/\/icofom.mini.icom.museum\/es\/subcomites\/contactos\/","title":{"rendered":"ICOFOM LAC Contactos"},"content":{"rendered":"<div id=\"RTE_CONTENT\">\n<p><!--TYPO3SEARCH_begin--> <!-- CONTENT ELEMENT, uid:15265\/textpic [begin] --><\/p>\n<div id=\"c15265\">\n<p><!-- Image block: [begin] --><\/p>\n<div>\n<div>\n<p><!-- Text: [begin] --><\/p>\n<div dir=\"auto\">Cont\u00e1ctenos en las siguientes direcciones:<\/div>\n<div dir=\"auto\">Presidencia y vicepresidencia: presidencia.icofomlac@gmail.com<\/div>\n<div dir=\"auto\">Secretar\u00eda ejecutiva: secretaria.icofomlac@gmail.com<\/div>\n<div dir=\"auto\">Sector acad\u00e9mico &#8211; Gesti\u00f3n \/ articulaci\u00f3n de los eventos: eventos.icofomlac@gmail.com<\/div>\n<div dir=\"auto\">Sector de publicaciones: publicaciones.icofomlac@gmail.com<\/div>\n<div dir=\"auto\">Sector de difusi\u00f3n: comunicaciones.icofomlac@gmail.com<\/div>\n<div>\n<p>-Facebook:\u00a0icofom.lam.oficial<\/p>\n<p>-Instagram: @icofomlacoficial<\/p>\n<\/div>\n<p><!-- Text: [end] --><\/p>\n<\/div>\n<div><img decoding=\"async\" src=\"http:\/\/icofom.mini.icom.museum\/wp-content\/uploads\/sites\/18\/2018\/12\/contact_01.jpg\" alt=\"\" \/><\/div>\n<\/div>\n<div><!-- --><\/div>\n<p><!-- Image block: [end] --> <!-- BEGIN: Content of extension \"hpo_relatedlink\", plugin \"tx_hporelatedlink_pi1\" --><\/p>\n<div><\/div>\n<p><!-- END: Content of extension \"hpo_relatedlink\", plugin \"tx_hporelatedlink_pi1\" --><\/p>\n<\/div>\n<p><!-- CONTENT ELEMENT, uid:15265\/textpic [end] --> <!--TYPO3SEARCH_end--><\/p>\n<\/div>\n","protected":false},"excerpt":{"rendered":"<p>Cont\u00e1ctenos en las siguientes direcciones: Presidencia y vicepresidencia: presidencia.icofomlac@gmail.com Secretar\u00eda ejecutiva: secretaria.icofomlac@gmail.com Sector acad\u00e9mico &#8211; Gesti\u00f3n \/ articulaci\u00f3n de los eventos: eventos.icofomlac@gmail.com Sector de publicaciones: publicaciones.icofomlac@gmail.com Sector de difusi\u00f3n: comunicaciones.icofomlac@gmail.com -Facebook:\u00a0icofom.lam.oficial -Instagram: @icofomlacoficial<\/p>\n","protected":false},"author":1,"featured_media":0,"parent":3249,"menu_order":6,"comment_status":"closed","ping_status":"closed","template":"","meta":{"footnotes":""},"yst_prominent_words":[387,3013,3012],"acf":[],"_links":{"self":[{"href":"https:\/\/icofom.mini.icom.museum\/es\/wp-json\/wp\/v2\/pages\/1450"}],"collection":[{"href":"https:\/\/icofom.mini.icom.museum\/es\/wp-json\/wp\/v2\/pages"}],"about":[{"href":"https:\/\/icofom.mini.icom.museum\/es\/wp-json\/wp\/v2\/types\/page"}],"author":[{"embeddable":true,"href":"https:\/\/icofom.mini.icom.museum\/es\/wp-json\/wp\/v2\/users\/1"}],"replies":[{"embeddable":true,"href":"https:\/\/icofom.mini.icom.museum\/es\/wp-json\/wp\/v2\/comments?post=1450"}],"version-history":[{"count":5,"href":"https:\/\/icofom.mini.icom.museum\/es\/wp-json\/wp\/v2\/pages\/1450\/revisions"}],"predecessor-version":[{"id":4395,"href":"https:\/\/icofom.mini.icom.museum\/es\/wp-json\/wp\/v2\/pages\/1450\/revisions\/4395"}],"up":[{"embeddable":true,"href":"https:\/\/icofom.mini.icom.museum\/es\/wp-json\/wp\/v2\/pages\/3249"}],"wp:attachment":[{"href":"https:\/\/icofom.mini.icom.museum\/es\/wp-json\/wp\/v2\/media?parent=1450"}],"wp:term":[{"taxonomy":"yst_prominent_words","embeddable":true,"href":"https:\/\/icofom.mini.icom.museum\/es\/wp-json\/wp\/v2\/yst_prominent_words?post=1450"}],"curies":[{"name":"wp","href":"https:\/\/api.w.org\/{rel}","templated":true}]}}