{"id":1591,"date":"2018-12-28T12:39:18","date_gmt":"2018-12-28T12:39:18","guid":{"rendered":"http:\/\/icofom.icom.cust.oxymium.net\/meetings\/ediciones-anteriores\/defining-the-museum\/"},"modified":"2020-06-02T21:12:05","modified_gmt":"2020-06-02T21:12:05","slug":"defining-the-museum","status":"publish","type":"page","link":"https:\/\/icofom.mini.icom.museum\/es\/conferencias\/defining-the-museum\/","title":{"rendered":"Definiendo el museo"},"content":{"rendered":"<div id=\"RTE_CONTENT\">\n<p><!--TYPO3SEARCH_begin--> <!-- CONTENT ELEMENT, uid:20392\/text [begin] --><\/p>\n<div id=\"c20392\">\n<p><!-- Header: [begin] --><\/p>\n<h2>Definiendo el museo en el siglo XXI: los simposios y las reuniones del ICOFOM<\/h2>\n<p>&#8220;Desde el 2017, despu\u00e9s de la decisi\u00f3n del ICOM de revisar la definici\u00f3n de museo, ICOFOM ha estado desarrollando y apoyando una serie de conferencias y publicaciones sobre el tema en varios pa\u00edses e idiomas. Abajo encontrar\u00e1n algunas de las s\u00edntesis m\u00e1s recientes de estas conferencias y las \u00faltimas noticias sobre el tema.&#8221;<\/p>\n<p>-Bruno Brulon Soares, Presidente del ICOFOM, 17 de marzo de 2020<\/p>\n<p><!-- Header: [end] --> <!-- Text: [begin] --><\/p>\n<h3><strong><a href=\"https:\/\/drive.google.com\/open?id=10XAnT6rWhtiADX7hD8G35-nDrIvCX_pY\">Archivado:<\/a><\/strong><\/h3>\n<p><!-- Header: [end] --> <!-- Text: [begin] --><\/p>\n<p><b>Definir le mus\u00e9e du\u00a0XXIe si\u00e8cle, Paris, June, 2017<\/b><\/p>\n<p>Synthesis in English<\/p>\n<p>Sinth\u00e8se en fran\u00e7ais<\/p>\n<p>Sintesis en espa\u00f1ol<\/p>\n<p><b>Defining the museum of the 21st century, Beijing, October 2017<\/b><\/p>\n<p>Conclusions from the Beijing symposium\u00a0in English<\/p>\n<p>Conclusiones del simposio de Beijing en Espagnol<\/p>\n<p><b>Defining the museum of the 21st century, Buenos Aires, November 2017<\/b><\/p>\n<p>Synthesis from the Symposium, in English<\/p>\n<p><b>Defining the museum of the 21st century, St. Andrews, November 2017<\/b><\/p>\n<p><b>Summary from the conference at the University of St Andrews, Scotland, in English<\/b><\/p>\n<p><b>Defining the museum of the 21st century, Rio de Janeiro, November 2017<\/b><\/p>\n<p>Synthesis in English<\/p>\n<p>Synthesis in Brazilian Portuguese<\/p>\n<p><b>Defining the museum of the 21st century, Moscow, May-June 2018<br \/>\n<\/b><\/p>\n<p>Summary from two roundtables held in Moscow, Russia, in English<\/p>\n<p><b>Defining the museum of the 21st century, Leuven, January 2018<br \/>\n<\/b><\/p>\n<p>Summary from the roundtables held in Leuven, Belgium, in English<\/p>\n<p><b>Defining the museum of the 21st century, Conference of the German Speaking National Committees of ICOM, 2018\u00a0<\/b><\/p>\n<p>Summary from the Conference, in English<\/p>\n<p><b>Defining the museum of the 21st century, debates of the Baltic Museology School, Kaunas, Lithuania, June 2018<\/b><\/p>\n<p>Summary from the debates, in English<\/p>\n<p><b>Defining the museum of the 21st century: Evolving multiculturalism in museums in the United States, September 2018<\/b><\/p>\n<p>Summary from the debates, in English<\/p>\n<p><a href=\"https:\/\/www.youtube.com\/playlist?list=PL2BOWpayQhZOCFvizIcrgzo81xnc5e-nr\" target=\"_blank\" rel=\"noopener\">Recording of the online symposium<\/a><\/p>\n<p><!-- END: Content of extension \"hpo_relatedlink\", plugin \"tx_hporelatedlink_pi1\" --><\/p>\n<\/div>\n<p><!-- CONTENT ELEMENT, uid:20392\/text [end] --> <!--TYPO3SEARCH_end--><\/p>\n<\/div>\n","protected":false},"excerpt":{"rendered":"<p>Definiendo el museo en el siglo XXI: los simposios y las reuniones del ICOFOM &#8220;Desde el 2017, despu\u00e9s de la decisi\u00f3n del ICOM de revisar la definici\u00f3n de museo, ICOFOM ha estado desarrollando y apoyando una serie de conferencias y publicaciones sobre el tema en varios pa\u00edses e idiomas. Abajo encontrar\u00e1n algunas de las s\u00edntesis [&hellip;]<\/p>\n","protected":false},"author":1,"featured_media":0,"parent":151,"menu_order":4,"comment_status":"closed","ping_status":"closed","template":"","meta":{"footnotes":""},"yst_prominent_words":[2364,2362,1496,2376,480,107,215,1497,194,2370,2378,1519,1518,2380,2366,2368,2374,2381,2372,1517],"acf":[],"_links":{"self":[{"href":"https:\/\/icofom.mini.icom.museum\/es\/wp-json\/wp\/v2\/pages\/1591"}],"collection":[{"href":"https:\/\/icofom.mini.icom.museum\/es\/wp-json\/wp\/v2\/pages"}],"about":[{"href":"https:\/\/icofom.mini.icom.museum\/es\/wp-json\/wp\/v2\/types\/page"}],"author":[{"embeddable":true,"href":"https:\/\/icofom.mini.icom.museum\/es\/wp-json\/wp\/v2\/users\/1"}],"replies":[{"embeddable":true,"href":"https:\/\/icofom.mini.icom.museum\/es\/wp-json\/wp\/v2\/comments?post=1591"}],"version-history":[{"count":9,"href":"https:\/\/icofom.mini.icom.museum\/es\/wp-json\/wp\/v2\/pages\/1591\/revisions"}],"predecessor-version":[{"id":3680,"href":"https:\/\/icofom.mini.icom.museum\/es\/wp-json\/wp\/v2\/pages\/1591\/revisions\/3680"}],"up":[{"embeddable":true,"href":"https:\/\/icofom.mini.icom.museum\/es\/wp-json\/wp\/v2\/pages\/151"}],"wp:attachment":[{"href":"https:\/\/icofom.mini.icom.museum\/es\/wp-json\/wp\/v2\/media?parent=1591"}],"wp:term":[{"taxonomy":"yst_prominent_words","embeddable":true,"href":"https:\/\/icofom.mini.icom.museum\/es\/wp-json\/wp\/v2\/yst_prominent_words?post=1591"}],"curies":[{"name":"wp","href":"https:\/\/api.w.org\/{rel}","templated":true}]}}