{"id":169,"date":"2018-12-28T12:33:05","date_gmt":"2018-12-28T12:33:05","guid":{"rendered":"http:\/\/icofom.icom.cust.oxymium.net\/welcome\/bienvenidos-a-icofom\/"},"modified":"2020-02-15T17:24:29","modified_gmt":"2020-02-15T17:24:29","slug":"bienvenidos-a-icofom","status":"publish","type":"page","link":"https:\/\/icofom.mini.icom.museum\/es\/bienvenidos\/bienvenidos-a-icofom\/","title":{"rendered":"Sobre ICOFOM"},"content":{"rendered":"<div id=\"RTE_CONTENT\">\n<p><!--TYPO3SEARCH_begin--> <!-- CONTENT ELEMENT, uid:3574\/text [begin] --><\/p>\n<div id=\"c3574\">\n<p><!-- Text: [begin] --><\/p>\n<p>El Comit\u00e9 Internacional para la Museolog\u00eda (ICOFOM) tiene a su cargo la investigaci\u00f3n, estudio y difusi\u00f3n de las bases te\u00f3ricas de la museolog\u00eda como disciplina cient\u00edfica independiente y analiza las principales tendencias de la museolog\u00eda contempor\u00e1nea.<\/p>\n<p>Desde su creaci\u00f3n, en 1977, est\u00e1 integrado por miembros de todos los continentes que se ocupan de las funciones espec\u00edficas de los museos y de su rol social. A\u00f1o tras a\u00f1o, el ICOFOM organiza encuentros cient\u00edficos y acad\u00e9micos en diferentes pa\u00edses del mundo para asegurar significativos intercambios entre sus profesionales.<\/p>\n<p>Asimismo, el ICOFOM ha reunido un amplio corpus te\u00f3rico documental a trav\u00e9s de una importante serie de publicaciones: el ICOFOM Study Series (ISS) el cual, a lo largo de m\u00e1s de treinta a\u00f1os de permanente producci\u00f3n, constituye la mayor colecci\u00f3n bibliogr\u00e1fica sobre museolog\u00eda existente hasta la actualidad.<\/p>\n<p>Declaraci\u00f3n de misi\u00f3n: El Comit\u00e9 Internacional de Museolog\u00eda del ICOM (ICOFOM) se encarga de investigar, estudiar y difundir las bases te\u00f3ricas de los museos y la museolog\u00eda con respecto a las diversas perspectivas representadas por una comunidad internacional de muse\u00f3logos y pensadores de museos.<\/p>\n<p>Entendemos la museolog\u00eda como el estudio, la teor\u00eda y la filosof\u00eda del campo del museo y la \u00e9tica de su pr\u00e1ctica y funciones. Abarca la teor\u00eda y la pr\u00e1ctica del museo, as\u00ed como la reflexi\u00f3n cr\u00edtica sobre el museo y el campo de conocimiento existente para esta reflexi\u00f3n.<\/p>\n<p>Declaraci\u00f3n de visi\u00f3n: La visi\u00f3n de ICOFOM es fomentar el desarrollo de conocimiento de calidad en el campo del museo y la inclusi\u00f3n a trav\u00e9s del aumento de una membres\u00eda diversa y participaci\u00f3n como el Centro Internacional de Museolog\u00eda, que refleja todas las corrientes regionales de museolog\u00eda a trav\u00e9s de una pol\u00edtica de acci\u00f3n afirmativa.<\/p>\n<p><!-- Text: [end] --> <!-- BEGIN: Content of extension \"hpo_relatedlink\", plugin \"tx_hporelatedlink_pi1\" --><\/p>\n<div><\/div>\n<p><!-- END: Content of extension \"hpo_relatedlink\", plugin \"tx_hporelatedlink_pi1\" --><\/p>\n<\/div>\n<p><!-- CONTENT ELEMENT, uid:3574\/text [end] --> <!--TYPO3SEARCH_end--><\/p>\n<\/div>\n","protected":false},"excerpt":{"rendered":"<p>El Comit\u00e9 Internacional para la Museolog\u00eda (ICOFOM) tiene a su cargo la investigaci\u00f3n, estudio y difusi\u00f3n de las bases te\u00f3ricas de la museolog\u00eda como disciplina cient\u00edfica independiente y analiza las principales tendencias de la museolog\u00eda contempor\u00e1nea. Desde su creaci\u00f3n, en 1977, est\u00e1 integrado por miembros de todos los continentes que se ocupan de las funciones [&hellip;]<\/p>\n","protected":false},"author":1,"featured_media":0,"parent":142,"menu_order":0,"comment_status":"closed","ping_status":"closed","template":"","meta":{"footnotes":""},"yst_prominent_words":[700,387,2095,486,115,215,116,194,2081,86,206,699,214,491,395,698],"acf":[],"_links":{"self":[{"href":"https:\/\/icofom.mini.icom.museum\/es\/wp-json\/wp\/v2\/pages\/169"}],"collection":[{"href":"https:\/\/icofom.mini.icom.museum\/es\/wp-json\/wp\/v2\/pages"}],"about":[{"href":"https:\/\/icofom.mini.icom.museum\/es\/wp-json\/wp\/v2\/types\/page"}],"author":[{"embeddable":true,"href":"https:\/\/icofom.mini.icom.museum\/es\/wp-json\/wp\/v2\/users\/1"}],"replies":[{"embeddable":true,"href":"https:\/\/icofom.mini.icom.museum\/es\/wp-json\/wp\/v2\/comments?post=169"}],"version-history":[{"count":3,"href":"https:\/\/icofom.mini.icom.museum\/es\/wp-json\/wp\/v2\/pages\/169\/revisions"}],"predecessor-version":[{"id":2889,"href":"https:\/\/icofom.mini.icom.museum\/es\/wp-json\/wp\/v2\/pages\/169\/revisions\/2889"}],"up":[{"embeddable":true,"href":"https:\/\/icofom.mini.icom.museum\/es\/wp-json\/wp\/v2\/pages\/142"}],"wp:attachment":[{"href":"https:\/\/icofom.mini.icom.museum\/es\/wp-json\/wp\/v2\/media?parent=169"}],"wp:term":[{"taxonomy":"yst_prominent_words","embeddable":true,"href":"https:\/\/icofom.mini.icom.museum\/es\/wp-json\/wp\/v2\/yst_prominent_words?post=169"}],"curies":[{"name":"wp","href":"https:\/\/api.w.org\/{rel}","templated":true}]}}