{"id":181,"date":"2018-12-28T12:33:09","date_gmt":"2018-12-28T12:33:09","guid":{"rendered":"http:\/\/icofom.icom.cust.oxymium.net\/welcome\/una-palabra-del-presidente\/"},"modified":"2026-03-31T18:10:01","modified_gmt":"2026-03-31T16:10:01","slug":"una-palabra-del-presidente-2022","status":"publish","type":"page","link":"https:\/\/icofom.mini.icom.museum\/es\/bienvenidos\/una-palabra-del-presidente-2022\/","title":{"rendered":"Palabras de bienvenida de la Presidenta de ICOFOM 2022"},"content":{"rendered":"<p class=\"bodytext\"><img decoding=\"async\" loading=\"lazy\" class=\" wp-image-5851 aligncenter\" style=\"color: #474747;font-family: Georgia;font-size: 15px\" src=\"https:\/\/icofom.mini.icom.museum\/wp-content\/uploads\/sites\/18\/2022\/11\/Karen-Brown-mug-shot-300x169.jpg\" alt=\"\" width=\"562\" height=\"317\" srcset=\"https:\/\/icofom.mini.icom.museum\/wp-content\/uploads\/sites\/18\/2022\/11\/Karen-Brown-mug-shot-300x169.jpg 300w, https:\/\/icofom.mini.icom.museum\/wp-content\/uploads\/sites\/18\/2022\/11\/Karen-Brown-mug-shot-1024x576.jpg 1024w, https:\/\/icofom.mini.icom.museum\/wp-content\/uploads\/sites\/18\/2022\/11\/Karen-Brown-mug-shot-768x432.jpg 768w, https:\/\/icofom.mini.icom.museum\/wp-content\/uploads\/sites\/18\/2022\/11\/Karen-Brown-mug-shot-1536x864.jpg 1536w, https:\/\/icofom.mini.icom.museum\/wp-content\/uploads\/sites\/18\/2022\/11\/Karen-Brown-mug-shot-2048x1152.jpg 2048w\" sizes=\"(max-width: 562px) 100vw, 562px\" \/><\/p>\n<p><span style=\"font-weight: 400\">La 26\u00aa Conferencia General del ICOM, celebrada en Praga en 2022, fue un momento decisivo para la ONG y nuestro grupo de museolog\u00eda ICOFOM. La nueva definici\u00f3n de museo del ICOM marca a la vez un compromiso de los profesionales de los museos de todo el mundo hacia la diversidad, la sostenibilidad y las comunidades, y una reuni\u00f3n de miles de corazones y mentes hacia la misi\u00f3n de la organizaci\u00f3n despu\u00e9s de la ruptura<\/span><span style=\"font-weight: 400\">. <\/span><span style=\"font-weight: 400\">Paralelamente, el Plan Estrat\u00e9gico del ICOM (2022-28) ha afirmado que &#8220;Para 2028, seremos una organizaci\u00f3n m\u00e1s transparente, \u00e1gil, colaborativa y democr\u00e1tica, que apoyar\u00e1 a nuestra red para satisfacer las demandas de un mundo que cambia r\u00e1pidamente&#8221;. Estas aspiraciones son ambiciosas y necesarias en los pr\u00f3ximos a\u00f1os, por lo que nos preguntamos: \u00bfcu\u00e1l puede ser el papel de la museolog\u00eda dentro de ella?\u00a0<\/span><\/p>\n<p><span style=\"font-weight: 400\">Durante los pr\u00f3ximos tres a\u00f1os, el Consejo de Administraci\u00f3n de ICOFOM tiene la intenci\u00f3n de dar prioridad al tratamiento de los temas clave de la definici\u00f3n y la estrategia a trav\u00e9s de la lente de la museolog\u00eda, en particular la diversidad, el cambio clim\u00e1tico, los futuros digitales y la descolonizaci\u00f3n. Adem\u00e1s, continuaremos con nuestro compromiso de inclusi\u00f3n en el debate acad\u00e9mico dando prioridad a la participaci\u00f3n de la comunidad y al papel de los j\u00f3venes en el futuro de los museos. Aprovechando nuestras poderosas afiliaciones acad\u00e9micas y profesionales en todo el mundo, estos temas se deliberar\u00e1n en varias regiones a trav\u00e9s de conferencias, reuniones y publicaciones. Aprendiendo de los recientes desarrollos tecnol\u00f3gicos, tambi\u00e9n intentaremos que nuestros foros acad\u00e9micos sean lo m\u00e1s h\u00edbridos y abiertos a la participaci\u00f3n posible.\u00a0<\/span><\/p>\n<p><span style=\"font-weight: 400\">Las bases te\u00f3ricas de la museolog\u00eda se han explorado a trav\u00e9s de las publicaciones del ICOFOM desde su creaci\u00f3n en 1977 y se han puesto a disposici\u00f3n en gran medida en este sitio web, especialmente la revista ICOFOM Study Series (ISS) y nuestra serie de monograf\u00edas.<\/span><\/p>\n<p>&nbsp;<\/p>\n","protected":false},"excerpt":{"rendered":"<p>La 26\u00aa Conferencia General del ICOM, celebrada en Praga en 2022, fue un momento decisivo para la ONG y nuestro grupo de museolog\u00eda ICOFOM. La nueva definici\u00f3n de museo del ICOM marca a la vez un compromiso de los profesionales de los museos de todo el mundo hacia la diversidad, la sostenibilidad y las comunidades, [&hellip;]<\/p>\n","protected":false},"author":1,"featured_media":0,"parent":142,"menu_order":1,"comment_status":"closed","ping_status":"closed","template":"","meta":{"footnotes":""},"yst_prominent_words":[2217,2223],"acf":[],"_links":{"self":[{"href":"https:\/\/icofom.mini.icom.museum\/es\/wp-json\/wp\/v2\/pages\/181"}],"collection":[{"href":"https:\/\/icofom.mini.icom.museum\/es\/wp-json\/wp\/v2\/pages"}],"about":[{"href":"https:\/\/icofom.mini.icom.museum\/es\/wp-json\/wp\/v2\/types\/page"}],"author":[{"embeddable":true,"href":"https:\/\/icofom.mini.icom.museum\/es\/wp-json\/wp\/v2\/users\/1"}],"replies":[{"embeddable":true,"href":"https:\/\/icofom.mini.icom.museum\/es\/wp-json\/wp\/v2\/comments?post=181"}],"version-history":[{"count":7,"href":"https:\/\/icofom.mini.icom.museum\/es\/wp-json\/wp\/v2\/pages\/181\/revisions"}],"predecessor-version":[{"id":8502,"href":"https:\/\/icofom.mini.icom.museum\/es\/wp-json\/wp\/v2\/pages\/181\/revisions\/8502"}],"up":[{"embeddable":true,"href":"https:\/\/icofom.mini.icom.museum\/es\/wp-json\/wp\/v2\/pages\/142"}],"wp:attachment":[{"href":"https:\/\/icofom.mini.icom.museum\/es\/wp-json\/wp\/v2\/media?parent=181"}],"wp:term":[{"taxonomy":"yst_prominent_words","embeddable":true,"href":"https:\/\/icofom.mini.icom.museum\/es\/wp-json\/wp\/v2\/yst_prominent_words?post=181"}],"curies":[{"name":"wp","href":"https:\/\/api.w.org\/{rel}","templated":true}]}}