{"id":2215,"date":"2019-01-02T17:27:37","date_gmt":"2019-01-02T17:27:37","guid":{"rendered":"http:\/\/icofom.mini.icom.museum\/?page_id=2215"},"modified":"2019-01-02T17:27:37","modified_gmt":"2019-01-02T17:27:37","slug":"politica-de-privacidad","status":"publish","type":"page","link":"https:\/\/icofom.mini.icom.museum\/es\/politica-de-privacidad\/","title":{"rendered":"Politica de Privacidad"},"content":{"rendered":"<p class=\"bodytext\"><span class=\"chapeau\">POLITICA DE PRIVACIDAD Y COOKIES<\/span><\/p>\n<p class=\"bodytext\">\u00daltima actualizaci\u00f3n: 10 de Octubre de 2015<\/p>\n<p>Esta pol\u00edtica precisa la manera en que ICOM, como responsable del tratamiento de datos, utiliza y protege los datos de car\u00e1cter personal que Usted comunica cuando visita la p\u00e1gina web, adhiere a la asociaci\u00f3n, deposita una candidatura, utiliza la plataforma \u00abICOMMUNITY\u00bb o participa a un evento o actividad organizado por ICOM.<\/p>\n<p>Esta pol\u00edtica aborda igualmente la utilizaci\u00f3n de cookies en nuestra p\u00e1gina web.<\/p>\n<p>ICOM se compromete a proteger los datos\u00a0 y a respetar la vida privada conforme a la ley N\u00b0 78-87 del 6 de Enero de 1978, la ley N\u00b0 2004-801 del 6 de Agosto de 2004 y a la reglamentaci\u00f3n europea de protecci\u00f3n de datos.<\/p>\n<p>ICOM a designado en la CNIL a un encargado de la protecci\u00f3n de datos (CIL por sus siglas en franc\u00e9s).<\/p>\n<p>ICOM le invita a verificar peri\u00f3dicamente en esta p\u00e1gina la actualizaci\u00f3n de la pol\u00edtica de privacidad.<\/p>\n<p><b>\u00bfQUI\u00c9N RECOPILA SUS DATOS DE CAR\u00c1CTER PERSONAL Y C\u00d3MO?\u00a0<\/b><\/p>\n<p>Los datos de car\u00e1cter personal pueden ser recopilados por ICOM, v\u00eda el formulario de adhesi\u00f3n cuando Usted consulta e interact\u00faa a trav\u00e9s de la p\u00e1gina web o ICOMMUNITY, v\u00eda los comit\u00e9s nacionales o internacionales donde Usted es miembro o cuando nos dirige una solicitud de adhesi\u00f3n o una candidatura.<\/p>\n<p>Los datos de car\u00e1cter personal se encuentran alojados a nivel de la Uni\u00f3n Europea.<\/p>\n<p>La p\u00e1gina web de ICOM puede incluir enlaces hacia p\u00e1ginas web de terceros. En ese caso, ICOM le invita a leer con atenci\u00f3n la pol\u00edtica de privacidad de dichas p\u00e1ginas web.<\/p>\n<p><b>\u00bfQU\u00c9 DATOS RECOPILAMOS?<\/b><\/p>\n<p>ICOM no recopila datos sin su conocimiento y solo recopila los datos de car\u00e1cter personal estrictamente necesarios para la realizaci\u00f3n de la finalidad de los tratamientos es decir, asegurar y mejorar el funcionamiento y la utilizaci\u00f3n de la p\u00e1gina web y permitir que la asociaci\u00f3n funcione conforme al objeto definido en sus estatutos.<\/p>\n<p>Con este fin, ICOM recopila los siguientes datos:<\/p>\n<p>&#8211;\u00a0\u00a0\u00a0 Cuando visita la p\u00e1gina web y cuando utiliza \u00abICOMMUNITY\u00bb: En general, el usuario puede navegar por la p\u00e1gina web del ICOM sin necesidad de revelar informaciones personales. Los \u00fanicos datos que ICOM recopila durante una visita general de la p\u00e1gina web son aquellos destinados al registro del servidor (direcci\u00f3n del protocolo internet, nombre del dominio, tipo de navegador, sistema de operaci\u00f3n, p\u00e1gina web que le remiti\u00f3 al ICOM, los ficheros que descarga, las p\u00e1ginas que visita, las fechas y horas de esas visitas \u2026) y los mensajes o comentarios que Usted publica en l\u00ednea.<\/p>\n<p>&#8211;\u00a0\u00a0\u00a0 Cuando solicita informaciones a trav\u00e9s de nuestro formulario de contacto en la p\u00e1gina web:<\/p>\n<ul>\n<li>\u00a0\u00a0\u00a0 Informaciones personales cuando completa el formulario.<\/li>\n<li>\u00a0\u00a0\u00a0 Su mensaje.<\/li>\n<\/ul>\n<p class=\"bodytext\">&#8211;\u00a0\u00a0\u00a0 Cuando solicita una adhesi\u00f3n.<\/p>\n<ul>\n<li>\u00a0\u00a0\u00a0 Nombre, apellido, estado civil, sexo, fecha de nacimiento<\/li>\n<li>\u00a0\u00a0\u00a0 Numero de miembro, si es el caso<\/li>\n<li>\u00a0\u00a0\u00a0 Ultima instituci\u00f3n donde trabaja\/trabaj\u00f3, profesi\u00f3n, direcci\u00f3n profesional, correo electr\u00f3nico, tel\u00e9fono, fax,<\/li>\n<li>\u00a0\u00a0\u00a0 Comit\u00e9 de pertenencia,<\/li>\n<li>\u00a0\u00a0\u00a0 Direcci\u00f3n postal personal, correo electr\u00f3nico, tel\u00e9fono, fax,<\/li>\n<li>\u00a0\u00a0\u00a0 Categor\u00eda de miembro: individual (votante), institucional (votante), estudiante (no votante), benefactor (no votante), de honor (no votante).<\/li>\n<\/ul>\n<p class=\"bodytext\">&#8211;\u00a0\u00a0\u00a0 Cuando aporta su contribuci\u00f3n en la p\u00e1gina web o a la actividad del ICOM (experto, redactores, colaboradores, grafistas, traductores) :<\/p>\n<ul>\n<li>\u00a0\u00a0\u00a0 Nombre y direcci\u00f3n profesionales,<\/li>\n<li>\u00a0\u00a0\u00a0 Funci\u00f3n\/profesi\u00f3n<\/li>\n<li>\u00a0\u00a0\u00a0 Tipo de contribuci\u00f3n.<\/li>\n<\/ul>\n<p class=\"bodytext\">&#8211;\u00a0\u00a0\u00a0 Cuando deposita una candidatura:<\/p>\n<ul>\n<li>\u00a0\u00a0\u00a0 CV<\/li>\n<li>\u00a0\u00a0\u00a0 Cartas de motivaci\u00f3n, entrevistas de evaluaci\u00f3n, copia del documento de identidad y si es el caso, del permiso de residencia.<\/li>\n<\/ul>\n<p class=\"bodytext\"><b>\u00bfPARA QU\u00c9 NOS SIRVEN LOS DATOS RECOPILADOS Y A QUI\u00c9NES SE LES DIVULGA ?<\/b><\/p>\n<p>ICOM puede comunicar los datos de car\u00e1cter personal a sus asociados con el fin de permitir la realizaci\u00f3n de las finalidades que se indican aqu\u00ed abajo.<br \/>\nICOM no transmite sus datos de car\u00e1cter personal a terceros sin su previa autorizaci\u00f3n, excepto si la comunicaci\u00f3n de esos datos es impuesta por una normativa en vigor, en particular a pedido de la autoridad judicial en el respeto de las disposiciones legislativas.<\/p>\n<p>Esas informaciones servir\u00e1n a ICOM o sus asociados para los fines siguientes :<\/p>\n<ul>\n<li>\u00a0\u00a0\u00a0 Responder a sus solicitudes de informaci\u00f3n. Ponerse en contacto con el usuario para responder en particular a una pregunta o sugerencia.<\/li>\n<li>\u00a0\u00a0\u00a0 Facilitar la navegaci\u00f3n en la p\u00e1gina web y\/o en ICOMMUNITY.<\/li>\n<li>\u00a0\u00a0\u00a0 Informarle sobre la existencia o evoluci\u00f3n de nuestras actividades.<\/li>\n<li>\u00a0\u00a0\u00a0 Tramitar una candidatura a un puesto de trabajo.<\/li>\n<li>\u00a0\u00a0\u00a0 Memorizar el perfil en l\u00ednea del usuario.<\/li>\n<li>\u00a0\u00a0\u00a0 Administrar sus contribuciones en el marco del ICOM.<\/li>\n<li>\u00a0\u00a0\u00a0 Administrar las adhesiones a la asociaci\u00f3n y las cuentas de los miembros.<\/li>\n<li>\u00a0\u00a0\u00a0 Asegurar el buen funcionamiento de la asociaci\u00f3n seg\u00fan los estatutos.<\/li>\n<\/ul>\n<p class=\"bodytext\"><b>\u00bfDURANTE CU\u00c1NTO TIEMPO CONSERVAMOS LOS DATOS DE CAR\u00c1CTER PERSONAL ?<\/b><\/p>\n<p>Las informaciones recopiladas en la p\u00e1gina web del ICOM son conservadas por una duraci\u00f3n limitada a la realizaci\u00f3n de las finalidades para las que fueron recopiladas y mientras Usted no ejerza sus derechos definidos aqu\u00ed abajo.<\/p>\n<p><b>SEGURIDAD Y PRIVACIDAD DE LOS DATOS DE CAR\u00c1CTER PERSONAL\u00a0<\/b><\/p>\n<p>ICOM vela por la seguridad de sus datos sobretodo con el fin de impedir que sean deformados, da\u00f1ados o que terceros no autorizados tengan acceso a ellos.<\/p>\n<p>Le corresponde a Usted, sin embargo, proteger la seguridad de su cuenta, de su nombre de usuario y contrase\u00f1a.<\/p>\n<p>Si piensa que un tercero conoce su contrase\u00f1a o la ha modificado o puede acceder al correo electr\u00f3nico asociado a su cuenta, se le pide informar inmediatamente al ICOM v\u00eda correo electr\u00f3nico a la atenci\u00f3n de la Se\u00f1ora Brigitte Coutant, en la siguiente direcci\u00f3n :\u00a0<a class=\"mail\" href=\"mailto:brigitte.coutant@icom.museum\">brigitte.coutant@icom.museum<\/a>.<br \/>\n<b><br \/>\n\u00bfCU\u00c1LES SON SUS DERECHOS?<\/b><\/p>\n<p>Con la condici\u00f3n de acreditar su identidad, Usted dispone de manera permanente de un derecho de acceso y de rectificaci\u00f3n de los datos de car\u00e1cter personal que le conciernen.<br \/>\nTambi\u00e9n dispone del derecho de oponerse por motivos leg\u00edtimos al tratamiento de esos datos y a su comunicaci\u00f3n a terceros.<\/p>\n<p>ICOM puede oponerse a los pedidos claramente abusivos, sobretodo pero no exclusivamente, por su n\u00famero, su car\u00e1cter repetitivo o sistem\u00e1tico.<br \/>\nPuede ejercer estos derechos escribiendo a la Se\u00f1ora Brigitte Coutant, al correo electr\u00f3nico siguiente:\u00a0<a class=\"mail\" href=\"mailto:brigitte.coutant@icom.museum\">brigitte.coutant@icom.museum<\/a><\/p>\n<p>Se le informa al usuario que ning\u00fan requerimiento por tel\u00e9fono ser\u00e1 tomado en cuenta.<\/p>\n<p><b>\u00bfCU\u00c1LES SON SUS OBLIGACIONES?<\/b><\/p>\n<p>Como usuario de la p\u00e1gina web\u00a0<a class=\"internal-link\" title=\"Opens internal link in current window\" href=\"http:\/\/icom.museum\/L\/1\/\">http:\/\/icom.museum<\/a>\u00a0Usted debe respetar las disposiciones de la ley sobre Inform\u00e1tica y Libertades del 6 de Enero de 1978 revisada, cuya violaci\u00f3n puede tener sanciones penales. Usted debe abstenerse, en cuanto a los datos nominativos a los que tiene acceso, de recopilarlos, de utilizarlos de manera fraudulenta y en general, de infringir de alguna forma la vida privada, los derechos y libertades fundamentales de la persona.<\/p>\n<p><b>USO DE LA INFORMACI\u00d3N DE CONEXI\u00d3N (\u00abCOOKIES\u00bb) Y ENLACES HACIA REDES SOCIALES<\/b><\/p>\n<p class=\"bodytext\">Se le informa que, cuando consulta la p\u00e1gina web, una informaci\u00f3n de conexi\u00f3n (\u00abcookie\u00bb) puede ser instalada autom\u00e1ticamente en su ordenador. El uso de cookies tiene como \u00fanico objetivo proveer a ICOM con informaciones an\u00f3nimas relativas a la navegaci\u00f3n del usuario en la p\u00e1gina web, y no pueden ser utilizados con fines de identificaci\u00f3n individual.<br \/>\nUsted tiene la posibilidad de modificar las preferencias de su navegador para ser informado de la presencia de cookies y eventualmente permitirle rechazarlos. Sin embargo, algunas funciones de la p\u00e1gina web del ICOM no podr\u00e1n funcionar correctamente sin la activaci\u00f3n de los cookies.<br \/>\nEn la p\u00e1gina web se encuentran de manera accesible enlaces hacia p\u00e1ginas web de redes sociales. Hacemos hincapi\u00e9 en que esos enlaces permiten recopilar sus datos. Con el fin de conocer las condiciones de utilizaci\u00f3n de esos datos, le invitamos a consultar la pol\u00edtica de privacidad de las redes sociales en cuesti\u00f3n y que son accesibles en sus p\u00e1ginas web.<\/p>\n","protected":false},"excerpt":{"rendered":"<p>POLITICA DE PRIVACIDAD Y COOKIES \u00daltima actualizaci\u00f3n: 10 de Octubre de 2015 Esta pol\u00edtica precisa la manera en que ICOM, como responsable del tratamiento de datos, utiliza y protege los datos de car\u00e1cter personal que Usted comunica cuando visita la p\u00e1gina web, adhiere a la asociaci\u00f3n, deposita una candidatura, utiliza la plataforma \u00abICOMMUNITY\u00bb o participa [&hellip;]<\/p>\n","protected":false},"author":1,"featured_media":0,"parent":0,"menu_order":0,"comment_status":"closed","ping_status":"closed","template":"","meta":{"footnotes":""},"yst_prominent_words":[],"acf":[],"_links":{"self":[{"href":"https:\/\/icofom.mini.icom.museum\/es\/wp-json\/wp\/v2\/pages\/2215"}],"collection":[{"href":"https:\/\/icofom.mini.icom.museum\/es\/wp-json\/wp\/v2\/pages"}],"about":[{"href":"https:\/\/icofom.mini.icom.museum\/es\/wp-json\/wp\/v2\/types\/page"}],"author":[{"embeddable":true,"href":"https:\/\/icofom.mini.icom.museum\/es\/wp-json\/wp\/v2\/users\/1"}],"replies":[{"embeddable":true,"href":"https:\/\/icofom.mini.icom.museum\/es\/wp-json\/wp\/v2\/comments?post=2215"}],"version-history":[{"count":1,"href":"https:\/\/icofom.mini.icom.museum\/es\/wp-json\/wp\/v2\/pages\/2215\/revisions"}],"predecessor-version":[{"id":2216,"href":"https:\/\/icofom.mini.icom.museum\/es\/wp-json\/wp\/v2\/pages\/2215\/revisions\/2216"}],"wp:attachment":[{"href":"https:\/\/icofom.mini.icom.museum\/es\/wp-json\/wp\/v2\/media?parent=2215"}],"wp:term":[{"taxonomy":"yst_prominent_words","embeddable":true,"href":"https:\/\/icofom.mini.icom.museum\/es\/wp-json\/wp\/v2\/yst_prominent_words?post=2215"}],"curies":[{"name":"wp","href":"https:\/\/api.w.org\/{rel}","templated":true}]}}