{"id":226,"date":"2018-12-28T12:33:25","date_gmt":"2018-12-28T12:33:25","guid":{"rendered":"http:\/\/icofom.icom.cust.oxymium.net\/who-we-are\/subcomisiones\/"},"modified":"2020-12-03T20:49:30","modified_gmt":"2020-12-03T20:49:30","slug":"subcomisiones","status":"publish","type":"page","link":"https:\/\/icofom.mini.icom.museum\/es\/subcomites\/subcomisiones\/","title":{"rendered":"ICOFOM LAC y ICOFOM ASPAC"},"content":{"rendered":"<div id=\"RTE_CONTENT\">\n<p><!--TYPO3SEARCH_begin--> <!-- CONTENT ELEMENT, uid:3812\/text [begin] --><\/p>\n<div id=\"c3812\">\n<p><!-- Header: [begin] --><\/p>\n<h2>SUBCOMIT\u00c9 REGIONAL DEL ICOFOM \/ ICOFOM LAC<\/h2>\n<p><!-- Header: [end] --> <!-- Text: [begin] --><\/p>\n<p><i>ACERCA DE ICOFOM LAC<\/i><\/p>\n<p><i>\u00a0<\/i><i>El Sub Comit\u00e9 Regional de Teor\u00eda Museol\u00f3gica para Am\u00e9rica Latina y Caribe del Internacional Council of Museums,\u00a0 fue creado en La Haya, Pa\u00edses Bajos, en\u00a0 1989\u00a0 durante la Conferencia General del ICOM \u201cMuseos, Generadores de Cultura\u201d con el prop\u00f3sito \u00a0de cumplir con los mismos objetivos generales del Comit\u00e9 Internacional y \u00a0a la vez consolidar un movimiento museol\u00f3gico latinoamericano de alto nivel acad\u00e9mico.<\/i><\/p>\n<p><i>Desde su inicio, los objetivos del ICOFOM LAC fueron promover y documentar el trabajo de investigaci\u00f3n de la teor\u00eda museol\u00f3gica latinoamericana, permitiendo as\u00ed una mayor participaci\u00f3n de sus miembros a trav\u00e9s de la organizaci\u00f3n de encuentros anuales en los pa\u00edses de la regi\u00f3n, la producci\u00f3n de documentos te\u00f3ricos, discusiones cient\u00edficas, intercambio profesional y edici\u00f3n de publicaciones en idioma espa\u00f1ol y portugu\u00e9s. <\/i><\/p>\n<p><i>El primer Encuentro de ICOFOM LAC, se realiz\u00f3 en Buenos Aires, Argentina en 1992, en el marco de la Asamblea General de ICOM, y ha sostenido\u00a0actividad ininterrumpida en la regi\u00f3n desde hace 25 A\u00f1os.<\/i><\/p>\n<p><!-- Text: [end] --> <!-- BEGIN: Content of extension \"hpo_relatedlink\", plugin \"tx_hporelatedlink_pi1\" --><\/p>\n<div><\/div>\n<p><!-- END: Content of extension \"hpo_relatedlink\", plugin \"tx_hporelatedlink_pi1\" --><\/p>\n<\/div>\n<p><!-- CONTENT ELEMENT, uid:3812\/text [end] --> <!-- CONTENT ELEMENT, uid:3821\/image [begin] --><\/p>\n<div id=\"c3821\">\n<p><!-- Image block: [begin] --><\/p>\n<div>\n<div>\n<ul>\n<li><img decoding=\"async\" src=\"https:\/\/icofom.mini.icom.museum\/wp-content\/uploads\/sites\/18\/2018\/12\/cd36fcf8bc.jpg\" alt=\"\" \/><\/li>\n<li><img decoding=\"async\" src=\"https:\/\/icofom.mini.icom.museum\/wp-content\/uploads\/sites\/18\/2018\/12\/Olga_Nazor_Presidenta_electa_01.jpg\" alt=\"\" \/><\/li>\n<\/ul>\n<\/div>\n<\/div>\n<div><!-- --><\/div>\n<p><!-- Image block: [end] --> <!-- BEGIN: Content of extension \"hpo_relatedlink\", plugin \"tx_hporelatedlink_pi1\" --><\/p>\n<div><\/div>\n<p><!-- END: Content of extension \"hpo_relatedlink\", plugin \"tx_hporelatedlink_pi1\" --><\/p>\n<\/div>\n<p><!-- CONTENT ELEMENT, uid:3821\/image [end] --> <!-- CONTENT ELEMENT, uid:3815\/text [begin] --><\/p>\n<div id=\"c3815\">\n<h2>SUBCOMIT\u00c9 ICOFOM SIBERIA \/ ICOFOM SIB<\/h2>\n<p>&nbsp;<\/p>\n<p>\u00bfQU\u00c9 ES ICOFOM ASPAC?<\/p>\n<p>ICOFOM ASPAC, previamente llamado ICOFOM SIBERIA,\u00a0es una Organizaci\u00f3n Regional que depende del Comit\u00e9 Internacional de Museolog\u00eda, creada y liderada por Olga Truevtseva (Departamento de Historia y Museolog\u00eda de la Universidad Pedag\u00f3gica del Estado de Barnaul) durante el Encuentro Anual del ICOFOM sobre Museolog\u00eda: instrumento para la unidad y la diversidad, realizado en las ciudades de Krasnoyarsk, Belokurikha y Barnaul, Siberia, en septiembre de 2003.<\/p>\n<p>Entre el 10 y 14 de septiembre de 2008 se llev\u00f3 a cabo en Novosibirsk, capital de Siberia, Federaci\u00f3n Rusa, el IV Encuentro Anual del ICOFOM SIBERIA sobre Museos en un mundo en cambio. La organizaci\u00f3n del evento estuvo a cargo de la Universidad de Barnaul, en colaboraci\u00f3n con el Consejo de Museos Cient\u00edficos de Siberia, el Comit\u00e9 Internacional para la Museolog\u00eda (ICOFOM) y el Departamento Aut\u00f3nomo de Cultura y Arte de Okrug, Khanty-Mansiisk.<\/p>\n<p>El programa incluy\u00f3 una conferencia internacional y la presentaci\u00f3n del Proyecto de Transici\u00f3n del Dr. Vinos Sofka.<\/p>\n<\/div>\n<p><a title=\"ICOFOMBarnaulApril2015_150503docx.docx (6.8 MB)\" href=\"http:\/\/icofom.mini.icom.museum\/wp-content\/uploads\/sites\/18\/2018\/12\/ICOFOMBarnaulApril2015_150503docx.docx\">ICOFOM ASPAC Barnaul and Zmeinogorsk, 2015 Report<\/a><\/p>\n<p><a title=\"TEXT, Report, Report.docx, 15.4 KB\" href=\"http:\/\/icofom.mini.icom.museum\/wp-content\/uploads\/sites\/18\/2018\/12\/Report.docx\">ICOFOM ASPAC, Taiwan, 2014 Report<\/a><\/p>\n<p><a title=\"TEXT, ICOFOM SIB &amp; SAP Report 2011, ICOFOM SIB &amp; SAP Report 2011.doc, 72 KB\" href=\"https:\/\/drive.google.com\/open?id=10LIj3SVrMw333Ztgeo7aqHWsFSPgdIbN\">ICOFOM SIB &amp; SAP Report 2011<\/a><\/p>\n<p>Publications:<\/p>\n<p><a title=\"TEXT, sbornik muzei A4 10, sbornik_muzei_A4_10.pdf, 1.6 MB\" href=\"http:\/\/icofom.mini.icom.museum\/wp-content\/uploads\/sites\/18\/2018\/12\/sbornik_muzei_A4_10.pdf\">Museums and ethnocultural tourism (2010)<\/a><\/p>\n<p><a title=\"heritage_asia.pdf (16.3 MB)\" href=\"http:\/\/icofom.mini.icom.museum\/wp-content\/uploads\/sites\/18\/2018\/12\/heritage_asia.pdf\">Cultural\u00a0Heritage in Asian Countries\u00a0(2015)<\/a><\/p>\n<p><!-- CONTENT ELEMENT, uid:3815\/text [end] --> <!--TYPO3SEARCH_end--><\/p>\n<\/div>\n","protected":false},"excerpt":{"rendered":"<p>SUBCOMIT\u00c9 REGIONAL DEL ICOFOM \/ ICOFOM LAC ACERCA DE ICOFOM LAC \u00a0El Sub Comit\u00e9 Regional de Teor\u00eda Museol\u00f3gica para Am\u00e9rica Latina y Caribe del Internacional Council of Museums,\u00a0 fue creado en La Haya, Pa\u00edses Bajos, en\u00a0 1989\u00a0 durante la Conferencia General del ICOM \u201cMuseos, Generadores de Cultura\u201d con el prop\u00f3sito \u00a0de cumplir con los mismos [&hellip;]<\/p>\n","protected":false},"author":1,"featured_media":0,"parent":3249,"menu_order":2,"comment_status":"closed","ping_status":"closed","template":"","meta":{"footnotes":""},"yst_prominent_words":[2160,1410,217,1413,1245,68,2983,2095,1407,1414,1406,107,104,1409,1405,2154,2982,1411,1415,1416,2108,2110,1132],"acf":[],"_links":{"self":[{"href":"https:\/\/icofom.mini.icom.museum\/es\/wp-json\/wp\/v2\/pages\/226"}],"collection":[{"href":"https:\/\/icofom.mini.icom.museum\/es\/wp-json\/wp\/v2\/pages"}],"about":[{"href":"https:\/\/icofom.mini.icom.museum\/es\/wp-json\/wp\/v2\/types\/page"}],"author":[{"embeddable":true,"href":"https:\/\/icofom.mini.icom.museum\/es\/wp-json\/wp\/v2\/users\/1"}],"replies":[{"embeddable":true,"href":"https:\/\/icofom.mini.icom.museum\/es\/wp-json\/wp\/v2\/comments?post=226"}],"version-history":[{"count":6,"href":"https:\/\/icofom.mini.icom.museum\/es\/wp-json\/wp\/v2\/pages\/226\/revisions"}],"predecessor-version":[{"id":4392,"href":"https:\/\/icofom.mini.icom.museum\/es\/wp-json\/wp\/v2\/pages\/226\/revisions\/4392"}],"up":[{"embeddable":true,"href":"https:\/\/icofom.mini.icom.museum\/es\/wp-json\/wp\/v2\/pages\/3249"}],"wp:attachment":[{"href":"https:\/\/icofom.mini.icom.museum\/es\/wp-json\/wp\/v2\/media?parent=226"}],"wp:term":[{"taxonomy":"yst_prominent_words","embeddable":true,"href":"https:\/\/icofom.mini.icom.museum\/es\/wp-json\/wp\/v2\/yst_prominent_words?post=226"}],"curies":[{"name":"wp","href":"https:\/\/api.w.org\/{rel}","templated":true}]}}