{"id":2324,"date":"2019-10-09T12:34:15","date_gmt":"2019-10-09T12:34:15","guid":{"rendered":"http:\/\/icofom.mini.icom.museum\/?page_id=2324"},"modified":"2025-10-11T22:05:58","modified_gmt":"2025-10-11T20:05:58","slug":"materiales-de-nuestros-simposios","status":"publish","type":"page","link":"https:\/\/icofom.mini.icom.museum\/es\/publicaciones\/materiales-de-nuestros-simposios\/","title":{"rendered":"Materiales de nuestros simposios"},"content":{"rendered":"<div id=\"c21702\" class=\"csc-default\">\n<div id=\"c21702\" class=\"csc-default\">En esta p\u00e1gina presentamos las publicaciones Materials for a Discussion (Materiales para un debate) con ponencias de comunicaciones de nuestros\u00a0 simposios editados por ICOFOM.<\/div>\n<\/div>\n<p>Puede descargar los archivos por separado haciendo clic bajo las portadas. Si desea descargar todas las monograf\u00edas desde google drive, <strong><a href=\"https:\/\/drive.google.com\/drive\/folders\/18eSSklHdUZMgHpBTI3oLB9mXeb1E4Lle?usp=sharing\">haga clic en este enlace<\/a>.<\/strong><\/p>\n<hr \/>\n<h1>2025<\/h1>\n<h2>Imagining the Next Generation of Museum Professionals:<br \/>\nBridging Gaps, Breaking Barriers<\/h2>\n<h2>Imaginer la prochaine g\u00e9n\u00e9ration de professionnels des mus\u00e9es : Combler les foss\u00e9s, briser les barri\u00e8res<\/h2>\n<h2>Imaginando la pr\u00f3xima generaci\u00f3n de profesionales de museos: Salvando distancias, rompiendo barreras<\/h2>\n<h3>Simposio conjunto de ICOFOM, ICTOP y COMCOL para la 27.\u00aa Conferencia General del ICOM, \u00abEl futuro de los museos en comunidades en r\u00e1pida transformaci\u00f3n\u00bb y la 48.\u00aa Asamblea Anual de ICOFOM Materiales para el debate<\/h3>\n<p>Durante d\u00e9cadas, los miembros del comit\u00e9 del ICOM han estado a la vanguardia tanto en el aspecto te\u00f3rico como en el pr\u00e1ctico de la formaci\u00f3n de los profesionales de los museos. Con m\u00e1s de 250 programas de m\u00e1ster y doctorado ofrecidos en todo el mundo, junto con v\u00edas alternativas como las pr\u00e1cticas y los aprendizajes, surge la pregunta: \u00bflos programas de estudios muse\u00edsticos actuales est\u00e1n realmente preparando a los profesionales para las necesidades en r\u00e1pida evoluci\u00f3n de los museos contempor\u00e1neos?<\/p>\n<p>Esta colecci\u00f3n de Materiales para el debate re\u00fane, con un esp\u00edritu inclusivo, todas las contribuciones enviadas para el simposio en forma de art\u00edculos breves para preparar el Simposio del ICOFOM.<\/p>\n<p><img decoding=\"async\" loading=\"lazy\" class=\"aligncenter  wp-image-8218\" src=\"https:\/\/icofom.mini.icom.museum\/wp-content\/uploads\/sites\/18\/2025\/10\/cover-materials-2025_Page_001-791x1024.jpg\" alt=\"\" width=\"383\" height=\"496\" srcset=\"https:\/\/icofom.mini.icom.museum\/wp-content\/uploads\/sites\/18\/2025\/10\/cover-materials-2025_Page_001-791x1024.jpg 791w, https:\/\/icofom.mini.icom.museum\/wp-content\/uploads\/sites\/18\/2025\/10\/cover-materials-2025_Page_001-232x300.jpg 232w, https:\/\/icofom.mini.icom.museum\/wp-content\/uploads\/sites\/18\/2025\/10\/cover-materials-2025_Page_001-768x994.jpg 768w, https:\/\/icofom.mini.icom.museum\/wp-content\/uploads\/sites\/18\/2025\/10\/cover-materials-2025_Page_001-1187x1536.jpg 1187w, https:\/\/icofom.mini.icom.museum\/wp-content\/uploads\/sites\/18\/2025\/10\/cover-materials-2025_Page_001-1583x2048.jpg 1583w, https:\/\/icofom.mini.icom.museum\/wp-content\/uploads\/sites\/18\/2025\/10\/cover-materials-2025_Page_001.jpg 1700w\" sizes=\"(max-width: 383px) 100vw, 383px\" \/><\/p>\n<h3 style=\"text-align: center\"><strong><a href=\"https:\/\/icofom.mini.icom.museum\/wp-content\/uploads\/sites\/18\/2025\/10\/2025-ICOFOM-Materials-for-Discussion_Final_3.pdf\" target=\"_blank\" rel=\"noopener\">Click aqu\u00ed para la publicaci\u00f3 completa<\/a><\/strong><\/h3>\n<p>&nbsp;<\/p>\n<p>&nbsp;<\/p>\n<hr \/>\n<h1><strong><em>2024<\/em><\/strong><\/h1>\n<h2>Transnational Island Museologies<\/h2>\n<h2>Mus\u00e9ologies Insulaires Transnationales<\/h2>\n<h2>Museolog\u00edas Insulares Transnacionales<\/h2>\n<p><img decoding=\"async\" loading=\"lazy\" class=\"aligncenter wp-image-7340\" src=\"https:\/\/icofom.mini.icom.museum\/wp-content\/uploads\/sites\/18\/2024\/04\/30-apr-cover-materials-2024-791x1024.jpg\" alt=\"\" width=\"386\" height=\"500\" srcset=\"https:\/\/icofom.mini.icom.museum\/wp-content\/uploads\/sites\/18\/2024\/04\/30-apr-cover-materials-2024-791x1024.jpg 791w, https:\/\/icofom.mini.icom.museum\/wp-content\/uploads\/sites\/18\/2024\/04\/30-apr-cover-materials-2024-232x300.jpg 232w, https:\/\/icofom.mini.icom.museum\/wp-content\/uploads\/sites\/18\/2024\/04\/30-apr-cover-materials-2024-768x994.jpg 768w, https:\/\/icofom.mini.icom.museum\/wp-content\/uploads\/sites\/18\/2024\/04\/30-apr-cover-materials-2024-1187x1536.jpg 1187w, https:\/\/icofom.mini.icom.museum\/wp-content\/uploads\/sites\/18\/2024\/04\/30-apr-cover-materials-2024-1583x2048.jpg 1583w, https:\/\/icofom.mini.icom.museum\/wp-content\/uploads\/sites\/18\/2024\/04\/30-apr-cover-materials-2024-scaled.jpg 1978w\" sizes=\"(max-width: 386px) 100vw, 386px\" \/><\/p>\n<h3 style=\"text-align: center\"><a href=\"https:\/\/icofom.mini.icom.museum\/wp-content\/uploads\/sites\/18\/2024\/04\/ICOFOM-Materials-Layout-Final-1.pdf\">Click aqu\u00ed para la publicaci\u00f3n completa<\/a><\/h3>\n<h3><\/h3>\n<hr \/>\n<p>&nbsp;<\/p>\n<h1><strong><em>2022<\/em><\/strong><\/h1>\n<h2>Taboos in Museology: Difficult issues for museum theory<\/h2>\n<h2>Remettre en question les silences : Confronter les tabous dans les mus\u00e9es et la museologie<\/h2>\n<h2>Desafiar los silencios: Enfrent\u00e1rse a los tab\u00faes en los museos y la museolog\u00eda<\/h2>\n<p><img decoding=\"async\" loading=\"lazy\" class=\"aligncenter wp-image-7253\" src=\"https:\/\/icofom.mini.icom.museum\/wp-content\/uploads\/sites\/18\/2024\/03\/portada-materials-taboos-712x1024.jpg\" alt=\"\" width=\"383\" height=\"550\" srcset=\"https:\/\/icofom.mini.icom.museum\/wp-content\/uploads\/sites\/18\/2024\/03\/portada-materials-taboos-712x1024.jpg 712w, https:\/\/icofom.mini.icom.museum\/wp-content\/uploads\/sites\/18\/2024\/03\/portada-materials-taboos-209x300.jpg 209w, https:\/\/icofom.mini.icom.museum\/wp-content\/uploads\/sites\/18\/2024\/03\/portada-materials-taboos-768x1104.jpg 768w, https:\/\/icofom.mini.icom.museum\/wp-content\/uploads\/sites\/18\/2024\/03\/portada-materials-taboos-1068x1536.jpg 1068w, https:\/\/icofom.mini.icom.museum\/wp-content\/uploads\/sites\/18\/2024\/03\/portada-materials-taboos-1425x2048.jpg 1425w, https:\/\/icofom.mini.icom.museum\/wp-content\/uploads\/sites\/18\/2024\/03\/portada-materials-taboos-scaled.jpg 1781w\" sizes=\"(max-width: 383px) 100vw, 383px\" \/><\/p>\n<p>&nbsp;<\/p>\n<p>&nbsp;<\/p>\n<p>&nbsp;<\/p>\n<h3><a href=\"https:\/\/icofom.mini.icom.museum\/wp-content\/uploads\/sites\/18\/2024\/03\/2022_taboos_in_museology.pdf\" target=\"_blank\" rel=\"noopener\">Click aqu\u00ed para la publicaci\u00f3n completa<\/a><\/h3>\n<hr \/>\n<h1><strong><em>2021<\/em><\/strong><\/h1>\n<h2>Decolonising Museology, Volume 2:\u00a0Museums, Mixing, and Myths\u00a0of Origin<\/h2>\n<h2>D\u00e9coloniser la Mus\u00e9ologie,Volume\u00a02:\u00a0Mus\u00e9es, M\u00e9tissages\u00a0et Mythes d\u2019Origine<\/h2>\n<h2>Descolonizando la Museolog\u00eda, Volumen 2: Museos, Mestizajes y\u00a0Mitos de Origen<\/h2>\n<p>&nbsp;<\/p>\n<p><a href=\"https:\/\/icofom.mini.icom.museum\/wp-content\/uploads\/sites\/18\/2022\/03\/2021_icofom_decoloniser_museologie.pdf\" target=\"_blank\" rel=\"noopener\"><img decoding=\"async\" class=\"alignnone wp-image-5033\" src=\"https:\/\/icofom.mini.icom.museum\/wp-content\/uploads\/sites\/18\/2022\/03\/cover_decol_2.png\" alt=\"\" width=\"440\" \/><\/a><\/p>\n<h3><a href=\"https:\/\/icofom.mini.icom.museum\/wp-content\/uploads\/sites\/18\/2022\/03\/2021_icofom_decoloniser_museologie.pdf\" target=\"_blank\" rel=\"noopener\">Haga clic aqu\u00ed para la publicaci\u00f3n completa<\/a><\/h3>\n<hr \/>\n<h1><strong><em>2019<\/em><\/strong><\/h1>\n<h2>What is the essence of Conservation?<\/h2>\n<p>&nbsp;<\/p>\n<p><a href=\"https:\/\/icofom.mini.icom.museum\/wp-content\/uploads\/sites\/18\/2022\/03\/2019_what_is_the_essence_of_conservation.pdf\" target=\"_blank\" rel=\"noopener\"><img decoding=\"async\" class=\"alignnone wp-image-5033\" src=\"https:\/\/icofom.mini.icom.museum\/wp-content\/uploads\/sites\/18\/2022\/03\/cover_conservation.png\" alt=\"\" width=\"440\" \/><\/a><\/p>\n<h3><a href=\"https:\/\/icofom.mini.icom.museum\/wp-content\/uploads\/sites\/18\/2022\/03\/2019_what_is_the_essence_of_conservation.pdf\" target=\"_blank\" rel=\"noopener\">Haga clic aqu\u00ed para la publicaci\u00f3n completa<\/a><\/h3>\n<p>&nbsp;<\/p>\n<h2>The Future of Tradition in Museology<\/h2>\n<p>&nbsp;<\/p>\n<p><a href=\"https:\/\/icofom.mini.icom.museum\/wp-content\/uploads\/sites\/18\/2022\/03\/2019_the_future_of_tradition_in_museology.pdf\" target=\"_blank\" rel=\"noopener\"><img decoding=\"async\" class=\"alignnone wp-image-5033\" src=\"https:\/\/icofom.mini.icom.museum\/wp-content\/uploads\/sites\/18\/2022\/03\/cover_future_of_tradition.png\" alt=\"\" width=\"440\" \/><\/a><\/p>\n<h3><a href=\"https:\/\/icofom.mini.icom.museum\/wp-content\/uploads\/sites\/18\/2022\/03\/2019_the_future_of_tradition_in_museology.pdf\" target=\"_blank\" rel=\"noopener\">Haga clic aqu\u00ed para la publicaci\u00f3n completa<\/a><\/h3>\n<div id=\"c21700\" class=\"csc-default\">\n<div class=\"csc-textpic csc-textpic-intext-right\">\n<div class=\"csc-textpic-text\">\n<h3 class=\"bodytext\"><\/h3>\n<\/div>\n<hr \/>\n<div>\n<h1><strong><em>2018<\/em><\/strong><\/h1>\n<\/div>\n<h2>Museology and the Sacred<\/h2>\n<p>&nbsp;<\/p>\n<p><a href=\"https:\/\/icofom.mini.icom.museum\/wp-content\/uploads\/sites\/18\/2022\/03\/2018_museology_and_the_sacred_discussion.pdf\" target=\"_blank\" rel=\"noopener\"><img decoding=\"async\" class=\"alignnone wp-image-5033\" src=\"https:\/\/icofom.mini.icom.museum\/wp-content\/uploads\/sites\/18\/2022\/03\/cover_sacred.png\" alt=\"\" width=\"440\" \/><\/a><\/p>\n<h3><a href=\"https:\/\/icofom.mini.icom.museum\/wp-content\/uploads\/sites\/18\/2022\/03\/2018_museology_and_the_sacred_discussion.pdf\" target=\"_blank\" rel=\"noopener\">Haga clic aqu\u00ed para la publicaci\u00f3n completa<\/a><\/h3>\n<div id=\"c21700\" class=\"csc-default\">\n<div class=\"csc-textpic csc-textpic-intext-right\">\n<div class=\"csc-textpic-text\">\n<h3 class=\"bodytext\"><\/h3>\n<\/div>\n<\/div>\n<div class=\"csc-textpic-clear\">\n<p>_____<\/p>\n<h2>Des lieux pour penser : mus\u00e9es, biblioth\u00e8ques, th\u00e9\u00e2tres<\/h2>\n<p>&nbsp;<\/p>\n<p><a href=\"https:\/\/icofom.mini.icom.museum\/wp-content\/uploads\/sites\/18\/2022\/03\/2018_des_lieux_pour_penser_musees_bibliotheques_theatres.pdf\" target=\"_blank\" rel=\"noopener\"><img decoding=\"async\" class=\"alignnone wp-image-5033\" src=\"https:\/\/icofom.mini.icom.museum\/wp-content\/uploads\/sites\/18\/2022\/03\/cover_lieux.png\" alt=\"\" width=\"440\" \/><\/a><\/p>\n<h3><a href=\"https:\/\/icofom.mini.icom.museum\/wp-content\/uploads\/sites\/18\/2022\/03\/2018_des_lieux_pour_penser_musees_bibliotheques_theatres.pdf\" target=\"_blank\" rel=\"noopener\">Haga clic aqu\u00ed para la publicaci\u00f3n completa<\/a><\/h3>\n<div id=\"c21700\" class=\"csc-default\">\n<div class=\"csc-textpic csc-textpic-intext-right\">\n<div class=\"csc-textpic-text\"><\/div>\n<\/div>\n<div class=\"csc-textpic-clear\">\n<h3 class=\"bodytext\"><\/h3>\n<hr \/>\n<h1><strong><em>2017<\/em><\/strong><\/h1>\n<h2>D\u00e9finir le mus\u00e9e du XXIe si\u00e8cle<\/h2>\n<p>&nbsp;<\/p>\n<p><a href=\"https:\/\/icofom.mini.icom.museum\/wp-content\/uploads\/sites\/18\/2022\/03\/2017_definir_le_musee_du_XXIe_siecle.pdf\" target=\"_blank\" rel=\"noopener\"><img decoding=\"async\" class=\"alignnone wp-image-5033\" src=\"https:\/\/icofom.mini.icom.museum\/wp-content\/uploads\/sites\/18\/2022\/03\/cover_definir.png\" alt=\"\" width=\"440\" \/><\/a><\/p>\n<h3><a href=\"https:\/\/icofom.mini.icom.museum\/wp-content\/uploads\/sites\/18\/2022\/03\/2017_definir_le_musee_du_XXIe_siecle.pdf\" target=\"_blank\" rel=\"noopener\">Haga clic aqu\u00ed para la publicaci\u00f3n completa<\/a><\/h3>\n<div id=\"c21700\" class=\"csc-default\">\n<div class=\"csc-textpic csc-textpic-intext-right\">\n<div class=\"csc-textpic-text\"><\/div>\n<\/div>\n<div class=\"csc-textpic-clear\">\n<h3 class=\"bodytext\"><\/h3>\n<\/div>\n<\/div>\n<\/div>\n<\/div>\n<\/div>\n<\/div>\n<\/div>\n<\/div>\n","protected":false},"excerpt":{"rendered":"<p>En esta p\u00e1gina presentamos las publicaciones Materials for a Discussion (Materiales para un debate) con ponencias de comunicaciones de nuestros\u00a0 simposios editados por ICOFOM. Puede descargar los archivos por separado haciendo clic bajo las portadas. Si desea descargar todas las monograf\u00edas desde google drive, haga clic en este enlace. 2025 Imagining the Next Generation of [&hellip;]<\/p>\n","protected":false},"author":1,"featured_media":0,"parent":110,"menu_order":0,"comment_status":"closed","ping_status":"closed","template":"","meta":{"footnotes":""},"yst_prominent_words":[413,407,402,398,387,194,406,401,397,206,699,510,214,1475,164,479],"acf":[],"_links":{"self":[{"href":"https:\/\/icofom.mini.icom.museum\/es\/wp-json\/wp\/v2\/pages\/2324"}],"collection":[{"href":"https:\/\/icofom.mini.icom.museum\/es\/wp-json\/wp\/v2\/pages"}],"about":[{"href":"https:\/\/icofom.mini.icom.museum\/es\/wp-json\/wp\/v2\/types\/page"}],"author":[{"embeddable":true,"href":"https:\/\/icofom.mini.icom.museum\/es\/wp-json\/wp\/v2\/users\/1"}],"replies":[{"embeddable":true,"href":"https:\/\/icofom.mini.icom.museum\/es\/wp-json\/wp\/v2\/comments?post=2324"}],"version-history":[{"count":22,"href":"https:\/\/icofom.mini.icom.museum\/es\/wp-json\/wp\/v2\/pages\/2324\/revisions"}],"predecessor-version":[{"id":8224,"href":"https:\/\/icofom.mini.icom.museum\/es\/wp-json\/wp\/v2\/pages\/2324\/revisions\/8224"}],"up":[{"embeddable":true,"href":"https:\/\/icofom.mini.icom.museum\/es\/wp-json\/wp\/v2\/pages\/110"}],"wp:attachment":[{"href":"https:\/\/icofom.mini.icom.museum\/es\/wp-json\/wp\/v2\/media?parent=2324"}],"wp:term":[{"taxonomy":"yst_prominent_words","embeddable":true,"href":"https:\/\/icofom.mini.icom.museum\/es\/wp-json\/wp\/v2\/yst_prominent_words?post=2324"}],"curies":[{"name":"wp","href":"https:\/\/api.w.org\/{rel}","templated":true}]}}