{"id":2509,"date":"2020-01-03T23:32:00","date_gmt":"2020-01-03T23:32:00","guid":{"rendered":"http:\/\/icofom.mini.icom.museum\/icofom-news-interviews\/"},"modified":"2020-06-02T21:06:37","modified_gmt":"2020-06-02T21:06:37","slug":"icofom-news-interviews","status":"publish","type":"page","link":"https:\/\/icofom.mini.icom.museum\/es\/noticias-del-icofom\/icofom-news-interviews\/","title":{"rendered":"ICOFOM Noticias Entrevistas"},"content":{"rendered":"<h3>Fran\u00e7ois Mairesse sobre museolog\u00eda y la definici\u00f3n de museo<\/h3>\n<p><iframe loading=\"lazy\" width=\"500\" height=\"281\" src=\"https:\/\/www.youtube.com\/embed\/1sZYxOe0yUA?feature=oembed\" frameborder=\"0\" allow=\"accelerometer; autoplay; encrypted-media; gyroscope; picture-in-picture\" allowfullscreen><\/iframe><\/p>\n<hr \/>\n<h3>El ex presidente y actual miembro de la Junta de ICOFOM, Fran\u00e7ois Mairesse, presenta la serie de estudios de ICOFOM en una entrevista con M\u00e9tis en Francia.<\/h3>\n<p><iframe loading=\"lazy\" width=\"500\" height=\"281\" src=\"https:\/\/www.youtube.com\/embed\/meQMKLS_3TQ?feature=oembed\" frameborder=\"0\" allow=\"accelerometer; autoplay; encrypted-media; gyroscope; picture-in-picture\" allowfullscreen><\/iframe><\/p>\n<hr \/>\n<h3>Entrevistas de podcast para el Simposio en l\u00ednea ICOFOM y SNHU 2018<\/h3>\n<h4>Definiendo el Museo del Siglo XXI: Multiculturalismo en evoluci\u00f3n en los museos de los Estados Unidos<\/h4>\n","protected":false},"excerpt":{"rendered":"<p>Fran\u00e7ois Mairesse sobre museolog\u00eda y la definici\u00f3n de museo El ex presidente y actual miembro de la Junta de ICOFOM, Fran\u00e7ois Mairesse, presenta la serie de estudios de ICOFOM en una entrevista con M\u00e9tis en Francia. Entrevistas de podcast para el Simposio en l\u00ednea ICOFOM y SNHU 2018 Definiendo el Museo del Siglo XXI: Multiculturalismo [&hellip;]<\/p>\n","protected":false},"author":35,"featured_media":0,"parent":148,"menu_order":0,"comment_status":"closed","ping_status":"closed","template":"","meta":{"footnotes":""},"yst_prominent_words":[387,68,215,194,2559,2282,2081,86,214,2561,1589],"acf":[],"_links":{"self":[{"href":"https:\/\/icofom.mini.icom.museum\/es\/wp-json\/wp\/v2\/pages\/2509"}],"collection":[{"href":"https:\/\/icofom.mini.icom.museum\/es\/wp-json\/wp\/v2\/pages"}],"about":[{"href":"https:\/\/icofom.mini.icom.museum\/es\/wp-json\/wp\/v2\/types\/page"}],"author":[{"embeddable":true,"href":"https:\/\/icofom.mini.icom.museum\/es\/wp-json\/wp\/v2\/users\/35"}],"replies":[{"embeddable":true,"href":"https:\/\/icofom.mini.icom.museum\/es\/wp-json\/wp\/v2\/comments?post=2509"}],"version-history":[{"count":4,"href":"https:\/\/icofom.mini.icom.museum\/es\/wp-json\/wp\/v2\/pages\/2509\/revisions"}],"predecessor-version":[{"id":3677,"href":"https:\/\/icofom.mini.icom.museum\/es\/wp-json\/wp\/v2\/pages\/2509\/revisions\/3677"}],"up":[{"embeddable":true,"href":"https:\/\/icofom.mini.icom.museum\/es\/wp-json\/wp\/v2\/pages\/148"}],"wp:attachment":[{"href":"https:\/\/icofom.mini.icom.museum\/es\/wp-json\/wp\/v2\/media?parent=2509"}],"wp:term":[{"taxonomy":"yst_prominent_words","embeddable":true,"href":"https:\/\/icofom.mini.icom.museum\/es\/wp-json\/wp\/v2\/yst_prominent_words?post=2509"}],"curies":[{"name":"wp","href":"https:\/\/api.w.org\/{rel}","templated":true}]}}