{"id":2583,"date":"2020-02-05T19:56:28","date_gmt":"2020-02-05T19:56:28","guid":{"rendered":"http:\/\/icofom.mini.icom.museum\/goals-and-objectives\/"},"modified":"2023-03-07T10:47:16","modified_gmt":"2023-03-07T09:47:16","slug":"goals-and-objectives","status":"publish","type":"page","link":"https:\/\/icofom.mini.icom.museum\/es\/quienes-somos\/goals-and-objectives\/","title":{"rendered":"Metas y objetivos"},"content":{"rendered":"<p>Metas y objetivos de ICOFOM 2023-2025<br \/>\nMetas<\/p>\n<p>\u00b7 Fortalecimiento del impacto global de ICOFOM<\/p>\n<p>\u00b7 Defender el valor del patrimonio.<\/p>\n<p>\u00b7 Defender los altos est\u00e1ndares en los museos.<\/p>\n<p>Objetivos<\/p>\n<p>&#8211; Ampliar la diversidad cultural y geogr\u00e1fica de los miembros de ICOFOM.<\/p>\n<p>&#8211; Explorar formas de fomentar la participaci\u00f3n activa de los j\u00f3venes y las naciones infrarrepresentadas.<\/p>\n<p>&#8211; Continuar nuestro programa de reuniones, publicaciones y comunicaci\u00f3n.<\/p>\n<p>&#8211; Aumentar el acceso a nuestras reuniones, publicaciones e informes a trav\u00e9s del sitio web del ICOFOM y por otros medios disponibles y pr\u00e1cticos.<\/p>\n<p>&#8211; Posicionar el sitio web de ICOFOM como centro de informaci\u00f3n sobre museolog\u00eda y actividades museol\u00f3gicas en todo el mundo.<\/p>\n<p>&#8211; Esforzarse por aumentar el acceso a una mayor parte de nuestra producci\u00f3n a trav\u00e9s de la traducci\u00f3n m\u00e1s all\u00e1 de los tres idiomas oficiales (ingl\u00e9s, franc\u00e9s y espa\u00f1ol).<\/p>\n<p>&#8211; Defender la inclusi\u00f3n ofreciendo m\u00e1s y variadas oportunidades a quienes no pueden asistir en persona a nuestras reuniones.<\/p>\n<p>&#8211; Involucrar a m\u00e1s muse\u00f3logos ampliando nuestros temas de investigaci\u00f3n y reuniones, as\u00ed como nuestras ubicaciones.<\/p>\n<p>&#8211; Fomentar la divulgaci\u00f3n de la museolog\u00eda y temas afines a trav\u00e9s de cursos e implicar a nuestros miembros en la tutor\u00eda de tales iniciativas cuando proceda.<\/p>\n<p>&#8211; Promover intercambios entre expertos de ICOFOM y sus dos principales Subcomit\u00e9s, ICOFOM LAC (Am\u00e9rica Latina y el Caribe) e ICOFOM ASPAC (Asia y el Pac\u00edfico).<\/p>\n<p>&#8211; Fomentar el trabajo conjunto con universidades y otras instituciones de ense\u00f1anza superior, as\u00ed como con centros de formaci\u00f3n.<\/p>\n<p>&#8211; Explorar iniciativas de colaboraci\u00f3n con otros comit\u00e9s internacionales y organizaciones afiliadas.<\/p>\n<p>&#8211; Apoyar el trabajo ampliado de ICOFOM LAC e ICOFOM ASPAC<\/p>\n<p>&#8211; Continuar apoyando y promoviendo los proyectos, comit\u00e9s y grupos de trabajo pasados y en curso<\/p>\n<p>&#8211; Promover todas nuestras publicaciones junto con las que han emanado de o a trav\u00e9s de ICOFOM<\/p>\n<p>&#8211; Enfatizar la promoci\u00f3n de nuestras \u00faltimas publicaciones<\/p>\n<p>&#8211; Funcionar de manera m\u00e1s eficaz mediante un sistema de comit\u00e9s.<\/p>\n<p>&#8211; Esforzarse por recaudar fondos de fuentes no tradicionales, trabajar con frugalidad y concentrarse, cuando sea necesario, en la obtenci\u00f3n de donaciones en especie, con el fin de llevar a cabo nuestros programas y alcanzar nuestros objetivos.<\/p>\n<p>&nbsp;<\/p>\n","protected":false},"excerpt":{"rendered":"<p>Metas y objetivos de ICOFOM 2023-2025 Metas \u00b7 Fortalecimiento del impacto global de ICOFOM \u00b7 Defender el valor del patrimonio. \u00b7 Defender los altos est\u00e1ndares en los museos. Objetivos &#8211; Ampliar la diversidad cultural y geogr\u00e1fica de los miembros de ICOFOM. &#8211; Explorar formas de fomentar la participaci\u00f3n activa de los j\u00f3venes y las naciones [&hellip;]<\/p>\n","protected":false},"author":35,"featured_media":0,"parent":145,"menu_order":0,"comment_status":"closed","ping_status":"closed","template":"","meta":{"footnotes":""},"yst_prominent_words":[964,967,961,68,552,979,977,968,976,972,86,969,966,978],"acf":[],"_links":{"self":[{"href":"https:\/\/icofom.mini.icom.museum\/es\/wp-json\/wp\/v2\/pages\/2583"}],"collection":[{"href":"https:\/\/icofom.mini.icom.museum\/es\/wp-json\/wp\/v2\/pages"}],"about":[{"href":"https:\/\/icofom.mini.icom.museum\/es\/wp-json\/wp\/v2\/types\/page"}],"author":[{"embeddable":true,"href":"https:\/\/icofom.mini.icom.museum\/es\/wp-json\/wp\/v2\/users\/35"}],"replies":[{"embeddable":true,"href":"https:\/\/icofom.mini.icom.museum\/es\/wp-json\/wp\/v2\/comments?post=2583"}],"version-history":[{"count":5,"href":"https:\/\/icofom.mini.icom.museum\/es\/wp-json\/wp\/v2\/pages\/2583\/revisions"}],"predecessor-version":[{"id":6193,"href":"https:\/\/icofom.mini.icom.museum\/es\/wp-json\/wp\/v2\/pages\/2583\/revisions\/6193"}],"up":[{"embeddable":true,"href":"https:\/\/icofom.mini.icom.museum\/es\/wp-json\/wp\/v2\/pages\/145"}],"wp:attachment":[{"href":"https:\/\/icofom.mini.icom.museum\/es\/wp-json\/wp\/v2\/media?parent=2583"}],"wp:term":[{"taxonomy":"yst_prominent_words","embeddable":true,"href":"https:\/\/icofom.mini.icom.museum\/es\/wp-json\/wp\/v2\/yst_prominent_words?post=2583"}],"curies":[{"name":"wp","href":"https:\/\/api.w.org\/{rel}","templated":true}]}}