{"id":2593,"date":"2020-02-05T19:59:04","date_gmt":"2020-02-05T19:59:04","guid":{"rendered":"http:\/\/icofom.mini.icom.museum\/last-reports\/"},"modified":"2025-08-12T09:54:07","modified_gmt":"2025-08-12T07:54:07","slug":"last-reports","status":"publish","type":"page","link":"https:\/\/icofom.mini.icom.museum\/es\/quienes-somos\/last-reports\/","title":{"rendered":"Actas e informes"},"content":{"rendered":"<div id=\"c15558\" class=\"csc-default\">\n<h2>Reuni\u00f3n general anual de ICOFOM, San Andrews, Escocia, 2024<\/h2>\n<p><a href=\"https:\/\/icofom.mini.icom.museum\/wp-content\/uploads\/sites\/18\/2025\/08\/2024-AGA-MINUTES.pdf\" target=\"_blank\" rel=\"noopener\">Minutes of the Board Meeting 2024<\/a><\/p>\n<p>&nbsp;<\/p>\n<h2>Reuni\u00f3n general anual de ICOFOM, en l\u00ednea, 2023<\/h2>\n<p><a href=\"https:\/\/icofom.mini.icom.museum\/wp-content\/uploads\/sites\/18\/2025\/08\/Minutes-AGA-2023.pdf\" target=\"_blank\" rel=\"noopener\">Minutes of the ICOFOM Board Meeting 2023<\/a><\/p>\n<p>&nbsp;<\/p>\n<h2 class=\"title\">Reuni\u00f3n general anual de ICOFOM, en l\u00ednea, 2022<\/h2>\n<p><a href=\"https:\/\/icofom.mini.icom.museum\/wp-content\/uploads\/sites\/18\/2023\/11\/For_approval_AGA_Minutes_28_Oct._2022.pdf\">Minutes of the ICOFOM Board Meeting, 28 October 2022<\/a><\/p>\n<h2><\/h2>\n<h2 class=\"title\">Reuni\u00f3n general anual de ICOFOM, en l\u00ednea, 2020<\/h2>\n<p><a href=\"https:\/\/drive.google.com\/file\/d\/1dqRCKRAKcDc5-phRIhhpesCUWGl8ATfQ\/view?usp=sharing\" target=\"_blank\" rel=\"noopener\">Minutes of the ICOFOM Board Meeting, August 28, 2020<\/a><\/p>\n<h2><\/h2>\n<h2>Informe del tesorero, 2020<\/h2>\n<\/div>\n<p><a href=\"https:\/\/icofom.mini.icom.museum\/wp-content\/uploads\/sites\/18\/2021\/03\/ICOFOM-Financial-report-2020.pdf\">\u201cPresentation of ICOFOM&#8217;s financial accounts for the year 2020\u201d<\/a><\/p>\n<p>&nbsp;<\/p>\n<div id=\"c15558\" class=\"csc-default\">\n<h2>Reuni\u00f3n de la Junta de ICOFOM, en l\u00ednea durante COVID-19, 2020<\/h2>\n<p><a href=\"https:\/\/drive.google.com\/file\/d\/1W7e430NMkHH1P21Z-ywtgJ6iors5GBkZ\/view?usp=sharing\" target=\"_blank\" rel=\"noopener\">Minutes of the ICOFOM Board Meeting, July 20, 2020<\/a><\/p>\n<h2><\/h2>\n<h2>Informe del tesorero, 2019<\/h2>\n<p><a href=\"https:\/\/drive.google.com\/file\/d\/19WVGO9pJsFfjnBhTW9vOlDm1W_tDfG2w\/view?usp=sharing\" target=\"_blank\" rel=\"noopener\">\u201cPresentaci\u00f3n de las cuentas financieras del ICOFOM para el a\u00f1o 2019 (informe financiero transmitido al ICOM en enero de 2020)\u201d<\/a><\/p>\n<h2><\/h2>\n<h2 class=\"title\">Reuni\u00f3n general anual de ICOFOM, Kyoto, Japan, 2019<\/h2>\n<p><a href=\"https:\/\/drive.google.com\/file\/d\/1I3uiIf4uiQQYK36suzWvNvpN_Z-IL36V\/view?usp=sharing\" target=\"_blank\" rel=\"noopener\">Minutes of the ICOFOM Annual General Meeting, September 5, 2019<\/a><\/p>\n<p><a href=\"https:\/\/drive.google.com\/file\/d\/19WVGO9pJsFfjnBhTW9vOlDm1W_tDfG2w\/view?usp=sharing\" target=\"_blank\" rel=\"noopener\">Financial Report 2019 PowerPoint Presentation<\/a><\/p>\n<h2><\/h2>\n<h2 class=\"title\">Reuni\u00f3n general anual de ICOFOM, La Habana, Cuba, 2017<\/h2>\n<div id=\"c15558\" class=\"csc-default\">\n<p class=\"bodytext\"><a title=\"TEXT, 180122 Minutes of ICOFOM AGM in Havana, 180122_Minutes_of_ICOFOM_AGM_in__Havana.docx, 20 KB\" href=\"https:\/\/drive.google.com\/open?id=16mCZIm2_gURp6KA4pDUI2RNS6-xAbkGw\">Minutes of the ICOFOM Annual General Meeting,\u00a028 September 2017.<\/a><\/p>\n<p class=\"bodytext\"><a title=\"TEXT, 171118 AGM ICOFOM Report for AGM, 171118_AGM_ICOFOM_Report_for_AGM.docx, 14.2 KB\" href=\"https:\/\/drive.google.com\/open?id=1t89rJkVLkrBqBhMdRbc0OYlLlvClwwQq\">ICOFOM 2016 Report<\/a><\/p>\n<p class=\"bodytext\"><a title=\"TEXT, 180120 AGM ICOFOM LAM report 2015-2017 spanish, 180120_AGM_ICOFOM_LAM_report_2015-2017__spanish.docx, 21 KB\" href=\"https:\/\/drive.google.com\/open?id=1k9hAo0TNdPprUy5ZoRCiwbOef03QR9xF\">ICOFOM LAM 2016 Report<\/a><\/p>\n<h2 class=\"tx-hporelatedlink-pi1\"><\/h2>\n<\/div>\n<div id=\"c20088\" class=\"csc-default\">\n<h2 class=\"title\">Asamblea General Anual de ICOFOM, Mil\u00e1n, Italia, 2016<\/h2>\n<p class=\"bodytext\"><a title=\"TEXT, ICOFOM Milan AGM Minutes, ICOFOM_Milan_AGM_Minutes.docx, 15.7 KB\" href=\"https:\/\/drive.google.com\/open?id=1bHhhpdMGxlNJVOjQC3ae7dAqxSjOqQUU\">Click here\u00a0<\/a>for the Minutes.<\/p>\n<\/div>\n<\/div>\n","protected":false},"excerpt":{"rendered":"<p>Reuni\u00f3n general anual de ICOFOM, San Andrews, Escocia, 2024 Minutes of the Board Meeting 2024 &nbsp; Reuni\u00f3n general anual de ICOFOM, en l\u00ednea, 2023 Minutes of the ICOFOM Board Meeting 2023 &nbsp; Reuni\u00f3n general anual de ICOFOM, en l\u00ednea, 2022 Minutes of the ICOFOM Board Meeting, 28 October 2022 Reuni\u00f3n general anual de ICOFOM, en [&hellip;]<\/p>\n","protected":false},"author":35,"featured_media":0,"parent":145,"menu_order":0,"comment_status":"closed","ping_status":"closed","template":"","meta":{"footnotes":""},"yst_prominent_words":[944,942,2063,68,3179,3186,943,941,940,93,2042,2061,3187,2059,2058,2057,2056],"acf":[],"_links":{"self":[{"href":"https:\/\/icofom.mini.icom.museum\/es\/wp-json\/wp\/v2\/pages\/2593"}],"collection":[{"href":"https:\/\/icofom.mini.icom.museum\/es\/wp-json\/wp\/v2\/pages"}],"about":[{"href":"https:\/\/icofom.mini.icom.museum\/es\/wp-json\/wp\/v2\/types\/page"}],"author":[{"embeddable":true,"href":"https:\/\/icofom.mini.icom.museum\/es\/wp-json\/wp\/v2\/users\/35"}],"replies":[{"embeddable":true,"href":"https:\/\/icofom.mini.icom.museum\/es\/wp-json\/wp\/v2\/comments?post=2593"}],"version-history":[{"count":18,"href":"https:\/\/icofom.mini.icom.museum\/es\/wp-json\/wp\/v2\/pages\/2593\/revisions"}],"predecessor-version":[{"id":8076,"href":"https:\/\/icofom.mini.icom.museum\/es\/wp-json\/wp\/v2\/pages\/2593\/revisions\/8076"}],"up":[{"embeddable":true,"href":"https:\/\/icofom.mini.icom.museum\/es\/wp-json\/wp\/v2\/pages\/145"}],"wp:attachment":[{"href":"https:\/\/icofom.mini.icom.museum\/es\/wp-json\/wp\/v2\/media?parent=2593"}],"wp:term":[{"taxonomy":"yst_prominent_words","embeddable":true,"href":"https:\/\/icofom.mini.icom.museum\/es\/wp-json\/wp\/v2\/yst_prominent_words?post=2593"}],"curies":[{"name":"wp","href":"https:\/\/api.w.org\/{rel}","templated":true}]}}