{"id":2609,"date":"2020-02-05T19:51:50","date_gmt":"2020-02-05T19:51:50","guid":{"rendered":"http:\/\/icofom.mini.icom.museum\/senior-advisors\/"},"modified":"2020-09-16T19:02:12","modified_gmt":"2020-09-16T19:02:12","slug":"senior-advisors","status":"publish","type":"page","link":"https:\/\/icofom.mini.icom.museum\/es\/senior-advisors\/","title":{"rendered":"Consejo Consultivo"},"content":{"rendered":"<p><strong>Senior Advisory Committee \/ Consejo Consultivo \/ Comit\u00e9 d\u2019avis d\u2019ICOFOM<\/strong><\/p>\n<p><strong>Maria Cristina Bruno<\/strong>, Universidade do Sao Paulo, Brazil<\/p>\n<p><strong>Bernard Deloche<\/strong>, Professor Emeritus, Universit\u00e9 de Lyon 3, France<\/p>\n<p><strong>Andr\u00e9 Desvall\u00e9es<\/strong>, Conservateur g\u00e9n\u00e9ral honoraire, France<\/p>\n<p><strong>Peter van Mensch<\/strong>, Ex presidente de ICOFOM, Professor Emeritus, Reinwardt Academie, Netherlands<\/p>\n<p><strong>Martin Schaerer<\/strong>,\u00a0Ex presidente de ICOFOM y de ICOM Ethics Committee, Switzerland<\/p>\n<p><strong>Tereza Scheiner<\/strong>, Ex presidenta de ICOFOM, Universidade Federal do Estado do Rio de Janeiro,\u00a0Brazil<\/p>\n<p><strong>Tomislav \u0160ola<\/strong>, Director, The Best in Heritage, Zagreb, Croatia<\/p>\n<p><a href=\"https:\/\/www.thebestinheritage.com\/\">https:\/\/www.thebestinheritage.com<\/a>\/<\/p>\n<p><a href=\"https:\/\/www.mnemosophy.com\/\">https:\/\/www.mnemosophy.com\/<\/a><\/p>\n","protected":false},"excerpt":{"rendered":"<p>Senior Advisory Committee \/ Consejo Consultivo \/ Comit\u00e9 d\u2019avis d\u2019ICOFOM Maria Cristina Bruno, Universidade do Sao Paulo, Brazil Bernard Deloche, Professor Emeritus, Universit\u00e9 de Lyon 3, France Andr\u00e9 Desvall\u00e9es, Conservateur g\u00e9n\u00e9ral honoraire, France Peter van Mensch, Ex presidente de ICOFOM, Professor Emeritus, Reinwardt Academie, Netherlands Martin Schaerer,\u00a0Ex presidente de ICOFOM y de ICOM Ethics Committee, [&hellip;]<\/p>\n","protected":false},"author":35,"featured_media":0,"parent":0,"menu_order":0,"comment_status":"closed","ping_status":"closed","template":"","meta":{"footnotes":""},"yst_prominent_words":[2642,2106,387,68,2638,1349,1347,1352,1351,2644,2081,2646,1350,1354,1353,2636,2634,2640],"acf":[],"_links":{"self":[{"href":"https:\/\/icofom.mini.icom.museum\/es\/wp-json\/wp\/v2\/pages\/2609"}],"collection":[{"href":"https:\/\/icofom.mini.icom.museum\/es\/wp-json\/wp\/v2\/pages"}],"about":[{"href":"https:\/\/icofom.mini.icom.museum\/es\/wp-json\/wp\/v2\/types\/page"}],"author":[{"embeddable":true,"href":"https:\/\/icofom.mini.icom.museum\/es\/wp-json\/wp\/v2\/users\/35"}],"replies":[{"embeddable":true,"href":"https:\/\/icofom.mini.icom.museum\/es\/wp-json\/wp\/v2\/comments?post=2609"}],"version-history":[{"count":9,"href":"https:\/\/icofom.mini.icom.museum\/es\/wp-json\/wp\/v2\/pages\/2609\/revisions"}],"predecessor-version":[{"id":4144,"href":"https:\/\/icofom.mini.icom.museum\/es\/wp-json\/wp\/v2\/pages\/2609\/revisions\/4144"}],"wp:attachment":[{"href":"https:\/\/icofom.mini.icom.museum\/es\/wp-json\/wp\/v2\/media?parent=2609"}],"wp:term":[{"taxonomy":"yst_prominent_words","embeddable":true,"href":"https:\/\/icofom.mini.icom.museum\/es\/wp-json\/wp\/v2\/yst_prominent_words?post=2609"}],"curies":[{"name":"wp","href":"https:\/\/api.w.org\/{rel}","templated":true}]}}