{"id":2919,"date":"2020-02-15T18:42:15","date_gmt":"2020-02-15T18:42:15","guid":{"rendered":"http:\/\/icofom.mini.icom.museum\/icofom-lam-goals-and-objectives\/"},"modified":"2024-03-22T23:46:49","modified_gmt":"2024-03-22T22:46:49","slug":"icofom-lam-goals-and-objectives","status":"publish","type":"page","link":"https:\/\/icofom.mini.icom.museum\/es\/subcomites\/icofom-lam-goals-and-objectives\/","title":{"rendered":"ICOFOM LAC Objetivos y metas"},"content":{"rendered":"<h1><span style=\"color: #2b2b2b;font-family: Arial;font-size: 27.5px\">Objetivos y metas<\/span><\/h1>\n<div id=\"RTE_CONTENT\">\n<div id=\"c15253\" class=\"csc-default\">\n<div class=\"csc-textpic-text\">\n<p>Nuestra gesti\u00f3n 2023- 2026 tiene como objetivos:<\/p>\n<ul>\n<li>Dar continuidad los Proyectos planteados por las administraciones anteriores, con el objetivo de conocer y difundir el desarrollo de la disciplina Museolog\u00eda en Am\u00e9rica Latina y el Caribe;<\/li>\n<li>Ser un espacio de debate sobre temas contempor\u00e1neos relacionados con la Museolog\u00eda, a trav\u00e9s de alianzas con universidades y grupos de estudiantes de Museolog\u00eda, pero siempre buscando el sesgo te\u00f3rico, fundamental para ICOFOM LAC;<\/li>\n<li>Atraer a j\u00f3venes profesionales de museos, investigadores y estudiantes de Museolog\u00eda para componer los miembros de ICOFOM LAC e ICOFOM;<\/li>\n<li>Recaudar fondos y buscar asociarnos con distintas entidades para el mantenimiento de las actividades editoriales;<\/li>\n<li>Consolidar el comit\u00e9 editorial;<\/li>\n<li>Ampliar la comunicaci\u00f3n de ICOFOM LAC en redes sociales.<\/li>\n<\/ul>\n<\/div>\n<\/div>\n<h2>Objetivos e metas<\/h2>\n<p>Nossos objetivos de gest\u00e3o para 2023-2026 s\u00e3o:<\/p>\n<ul>\n<li>Dar continuidade aos Projetos propostos pelas gest\u00f5es anteriores, com o objetivo de conhecer e divulgar o desenvolvimento da disciplina Museologia na Am\u00e9rica Latina e no Caribe;<\/li>\n<li>Ser um espa\u00e7o de debate sobre quest\u00f5es contempor\u00e2neas relacionadas \u00e0 Museologia, por meio de alian\u00e7as com universidades e grupos de estudantes de Museologia, mas sempre buscando o vi\u00e9s te\u00f3rico, fundamental para o ICOFOM LAC;<\/li>\n<li>Atrair jovens profissionais de museus, pesquisadores e estudantes de Museologia para comporem os membros do ICOFOM LAC e do ICOFOM;<\/li>\n<li>Captar recursos e buscar parcerias com diversas entidades para manuten\u00e7\u00e3o das atividades editoriais;<\/li>\n<li>Consolidar o corpo editorial;<\/li>\n<li>Expandir a comunica\u00e7\u00e3o do ICOFOM LAC nas redes sociais.<\/li>\n<\/ul>\n<\/div>\n","protected":false},"excerpt":{"rendered":"<p>Objetivos y metas Nuestra gesti\u00f3n 2023- 2026 tiene como objetivos: Dar continuidad los Proyectos planteados por las administraciones anteriores, con el objetivo de conocer y difundir el desarrollo de la disciplina Museolog\u00eda en Am\u00e9rica Latina y el Caribe; Ser un espacio de debate sobre temas contempor\u00e1neos relacionados con la Museolog\u00eda, a trav\u00e9s de alianzas con [&hellip;]<\/p>\n","protected":false},"author":35,"featured_media":0,"parent":3249,"menu_order":0,"comment_status":"closed","ping_status":"closed","template":"","meta":{"footnotes":""},"yst_prominent_words":[1500,387,68,2983,3034,215,194,3033,2986,93,2982,86,2994,699,214,491,3035,395],"acf":[],"_links":{"self":[{"href":"https:\/\/icofom.mini.icom.museum\/es\/wp-json\/wp\/v2\/pages\/2919"}],"collection":[{"href":"https:\/\/icofom.mini.icom.museum\/es\/wp-json\/wp\/v2\/pages"}],"about":[{"href":"https:\/\/icofom.mini.icom.museum\/es\/wp-json\/wp\/v2\/types\/page"}],"author":[{"embeddable":true,"href":"https:\/\/icofom.mini.icom.museum\/es\/wp-json\/wp\/v2\/users\/35"}],"replies":[{"embeddable":true,"href":"https:\/\/icofom.mini.icom.museum\/es\/wp-json\/wp\/v2\/comments?post=2919"}],"version-history":[{"count":8,"href":"https:\/\/icofom.mini.icom.museum\/es\/wp-json\/wp\/v2\/pages\/2919\/revisions"}],"predecessor-version":[{"id":7280,"href":"https:\/\/icofom.mini.icom.museum\/es\/wp-json\/wp\/v2\/pages\/2919\/revisions\/7280"}],"up":[{"embeddable":true,"href":"https:\/\/icofom.mini.icom.museum\/es\/wp-json\/wp\/v2\/pages\/3249"}],"wp:attachment":[{"href":"https:\/\/icofom.mini.icom.museum\/es\/wp-json\/wp\/v2\/media?parent=2919"}],"wp:term":[{"taxonomy":"yst_prominent_words","embeddable":true,"href":"https:\/\/icofom.mini.icom.museum\/es\/wp-json\/wp\/v2\/yst_prominent_words?post=2919"}],"curies":[{"name":"wp","href":"https:\/\/api.w.org\/{rel}","templated":true}]}}