{"id":3105,"date":"2020-02-29T17:33:42","date_gmt":"2020-02-29T17:33:42","guid":{"rendered":"http:\/\/icofom.mini.icom.museum\/bienvenidos\/welcome-to-the-international-committee-for-museology-icofom\/"},"modified":"2020-04-11T23:49:02","modified_gmt":"2020-04-11T23:49:02","slug":"welcome-to-the-international-committee-for-museology-icofom","status":"publish","type":"page","link":"https:\/\/icofom.mini.icom.museum\/es\/bienvenidos\/welcome-to-the-international-committee-for-museology-icofom\/","title":{"rendered":"\u00a1Bienvenido al Comit\u00e9 Internacional para la Museolog\u00eda (ICOFOM)!"},"content":{"rendered":"<p>ICOFOM participa activamente en la definici\u00f3n del proceso de \u201cmuseo\u201d por parte del ICOM, ya que tenemos una larga historia de reuniones y publicaciones sobre el tema, entre los m\u00e1s recientes se encuentran los simposios internacionales celebrados en 2017 y 2018. Durante el 42\u00ba Simposio anual de ICOFOM y el 25\u00ba ICOM Trienal en Kioto, Jap\u00f3n, el voto de ICOFOM para extender el proceso de definici\u00f3n del museo fue exitoso para que los comit\u00e9s internacionales y nacionales del ICOM contribuyan con igual representaci\u00f3n. Estamos lanzando una encuesta y publicaci\u00f3n para contribuir a\u00fan m\u00e1s a esta causa.<\/p>\n<p>Tres objetivos importantes de la nueva junta son: proporcionar una comunicaci\u00f3n efectiva y eficiente de nuestras actividades y membres\u00eda; elevar los est\u00e1ndares de la serie de estudios ICOFOM, talleres de simposios y otras publicaciones; e implementar y adherirse a las declaraciones de misi\u00f3n y visi\u00f3n mediante la adopci\u00f3n de una pol\u00edtica de acci\u00f3n afirmativa sobre inclusi\u00f3n y diversidad de participaci\u00f3n y perspectivas museol\u00f3gicas a nivel mundial.<\/p>\n<p>En el futuro cercano, ICOFOM, ICOFOM LAM e ICOFOM ASPAC planean celebrar reuniones en todos los continentes, as\u00ed que aseg\u00farese de mantenerse conectado con nosotros a trav\u00e9s de nuestros boletines de membres\u00eda, sitio web y redes sociales. En el pasado, ICOFOM ha abarcado desde actividades organizadas en Leiden, Zagreb, Buenos Aires, Hyderabad \/ Varanasi \/ Nueva Delhi, Livingstone-Mfuwe, Beijing, Coro, Cuenca \/ Islas Gal\u00e1pagos, Se\u00fal, T\u00fanez, R\u00edo de Janeiro, Mosc\u00fa, hasta muchas m\u00e1s ubicaciones geogr\u00e1ficas adem\u00e1s de en l\u00ednea.<\/p>\n","protected":false},"excerpt":{"rendered":"<p>ICOFOM participa activamente en la definici\u00f3n del proceso de \u201cmuseo\u201d por parte del ICOM, ya que tenemos una larga historia de reuniones y publicaciones sobre el tema, entre los m\u00e1s recientes se encuentran los simposios internacionales celebrados en 2017 y 2018. Durante el 42\u00ba Simposio anual de ICOFOM y el 25\u00ba ICOM Trienal en Kioto, [&hellip;]<\/p>\n","protected":false},"author":35,"featured_media":3388,"parent":142,"menu_order":0,"comment_status":"closed","ping_status":"closed","template":"","meta":{"footnotes":""},"yst_prominent_words":[68,2095,1587,716,480,385,215,718,2150,86,214,720,1589,395,1588,717,1590,216,1495,719],"acf":[],"_links":{"self":[{"href":"https:\/\/icofom.mini.icom.museum\/es\/wp-json\/wp\/v2\/pages\/3105"}],"collection":[{"href":"https:\/\/icofom.mini.icom.museum\/es\/wp-json\/wp\/v2\/pages"}],"about":[{"href":"https:\/\/icofom.mini.icom.museum\/es\/wp-json\/wp\/v2\/types\/page"}],"author":[{"embeddable":true,"href":"https:\/\/icofom.mini.icom.museum\/es\/wp-json\/wp\/v2\/users\/35"}],"replies":[{"embeddable":true,"href":"https:\/\/icofom.mini.icom.museum\/es\/wp-json\/wp\/v2\/comments?post=3105"}],"version-history":[{"count":4,"href":"https:\/\/icofom.mini.icom.museum\/es\/wp-json\/wp\/v2\/pages\/3105\/revisions"}],"predecessor-version":[{"id":3416,"href":"https:\/\/icofom.mini.icom.museum\/es\/wp-json\/wp\/v2\/pages\/3105\/revisions\/3416"}],"up":[{"embeddable":true,"href":"https:\/\/icofom.mini.icom.museum\/es\/wp-json\/wp\/v2\/pages\/142"}],"wp:featuredmedia":[{"embeddable":true,"href":"https:\/\/icofom.mini.icom.museum\/es\/wp-json\/wp\/v2\/media\/3388"}],"wp:attachment":[{"href":"https:\/\/icofom.mini.icom.museum\/es\/wp-json\/wp\/v2\/media?parent=3105"}],"wp:term":[{"taxonomy":"yst_prominent_words","embeddable":true,"href":"https:\/\/icofom.mini.icom.museum\/es\/wp-json\/wp\/v2\/yst_prominent_words?post=3105"}],"curies":[{"name":"wp","href":"https:\/\/api.w.org\/{rel}","templated":true}]}}