{"id":3438,"date":"2020-04-24T20:49:39","date_gmt":"2020-04-24T20:49:39","guid":{"rendered":"http:\/\/icofom.mini.icom.museum\/publicaciones\/icofom-call-for-papers\/"},"modified":"2024-01-13T07:00:33","modified_gmt":"2024-01-13T06:00:33","slug":"icofom-call-for-papers","status":"publish","type":"page","link":"https:\/\/icofom.mini.icom.museum\/es\/publicaciones\/icofom-call-for-papers\/","title":{"rendered":"ICOFOM Convocatorias de art\u00edculos para publicar"},"content":{"rendered":"<h2>Convocatorias en 2024:<\/h2>\n<p>M\u00e1s informaci\u00f3n pronto<\/p>\n<h2>_______<\/h2>\n<h4><em style=\"text-align: left\">Convocatorias actuales:<\/em><\/h4>\n<p>No tenemos convocatorias actuales por el momento<\/p>\n<h2>_______<\/h2>\n<h4><em>Convocatorias anteriores:<\/em><\/h4>\n<p style=\"text-align: left\" align=\"center\"><strong>Convocatorias en 2023: <\/strong>(leer abajo para informaci\u00f3n detallada)<strong><br \/>\n<\/strong><\/p>\n<ol>\n<li><a href=\"#manchester\">Simposio de estudiantes de posgrado sobre el estudio del libro y la literatura en exposiciones, M\u00e1nchester, hasta el 27 de febrero de 2023 (en ingl\u00e9s)<\/a><\/li>\n<li><a href=\"#new_caledonia\">Promover la visibilidad y el atractivo del patrimonio insular: un reto museol\u00f3gico del siglo XXI, Nueva Caledonia, hasta el 20 de mayo de 2023 (en ingl\u00e9s o franc\u00e9s)<\/a><\/li>\n<li>Simposio Anual ICOFOM LAC: &#8220;Historias de la museolog\u00eda latinoamericana y caribe\u00f1a: sujetos, diversidad y pluralidad de experiencias&#8221;. fecha l\u00edmite: 15 de julio de 2023<\/li>\n<li>46 Simposio Anual ICOFOM. &#8220;Legado e impacto de la museolog\u00eda latinoamericana y caribe\u00f1a&#8221; . Recife. Fecha l\u00edmite: 23 de Agosto de 2023.<\/li>\n<li>Simposio Anual ICOFOM ASPAC. &#8220;Museos hacia la recuperaci\u00f3n de la comunidad&#8221;. Kuala Lumpur. Fecha l\u00edmite: 12 de octubre de 2023.<\/li>\n<li><a href=\"https:\/\/icofom.mini.icom.museum\/wp-content\/uploads\/sites\/18\/2023\/10\/ENG_CFP_Transnational-Island-Museologies_June2024.pdf\">Museologias Insulares Transnacionales, St Andrews, Escocia, 5-7 de junio de 2024. Fecha limite: 11 Enero, 2024<\/a><\/li>\n<\/ol>\n<h2>_______<\/h2>\n<h3>Museologias Insulares Transnacionales<\/h3>\n<p>5-7 de junio de 2024 &#8211; St Andrews, Escocia<\/p>\n<p>Si desea presentar una ponencia, env\u00ede un breve resumen de 2000 caracteres para una presentaci\u00f3n de 15 minutos antes del 1 de enero de 2024 a trav\u00e9s del formulario en l\u00ednea https:\/\/bit.ly\/TransnationalIslandMuseologies &#8211; puede enviarla en uno de los tres idiomas del ICOM (ingl\u00e9s, franc\u00e9s y espa\u00f1ol).<\/p>\n<p><a href=\"https:\/\/icofom.mini.icom.museum\/wp-content\/uploads\/sites\/18\/2023\/10\/ENG_CFP_Transnational-Island-Museologies_June2024.pdf\">Lea el llamado a propuestas completo aqu\u00ed (en ingl\u00e9s)<\/a><\/p>\n<h4>______<\/h4>\n<h3 id=\"new_caledonia\">Coloquio internacional organizado conjuntamente por ICOFOM (Comit\u00e9 Internacional de Museolog\u00eda, del Consejo Internacional de Museos), AMEPNC (Asociaci\u00f3n de Museos e Instituciones del Patrimonio de Nueva Caledonia) y la Universidad de Nueva Caledonia<\/h3>\n<p>Nueva Caledonia, 16-21 de octubre de 2023<\/p>\n<p><strong>NUEVA FECHA para env\u00edo de propuestas: 20 Mayo 2023<\/strong><\/p>\n<p><strong>Promover la visibilidad y el atractivo del patrimonio insular: un reto museol\u00f3gico del siglo XXI<\/strong><\/p>\n<p>Convocatoria de ponencias<\/p>\n<p>Los patrimonios insulares son intr\u00ednsecamente m\u00e1s m\u00f3viles que los de los espacios continentales. Por supuesto, las islas pueden ser escalas desde las que se traen cosas de vuelta, pero, sobre todo, las sociedades insulares, debido a su relativo aislamiento y a la indisponibilidad de ciertos recursos, siempre han necesitado intercambiar bienes, alimentos, materiales y objetos fabricados con otras poblaciones situadas m\u00e1s all\u00e1 del mar. Desde la \u00e9poca del conjunto cultural lapita hasta las rutas comerciales del mar Egeo, pasando por las relaciones precolombinas entre las islas de las Antillas, la kula de los trobriandeses popularizada por Bronislaw Malinowski, o incluso el tr\u00e1fico mar\u00edtimo de la era contempor\u00e1nea, el espacio oce\u00e1nico ha sido una v\u00eda para el intercambio y la circulaci\u00f3n de elementos tanto materiales como inmateriales. As\u00ed, desde la antig\u00fcedad, los objetos y los conocimientos patrimoniales se han desplazado, dispersado y abandonado las islas, fen\u00f3meno que se ha acentuado desde la multiplicaci\u00f3n de los contactos, en particular con el mundo occidental.<\/p>\n<p>Lineamientos completos:<\/p>\n<p><a href=\"https:\/\/icofom.mini.icom.museum\/wp-content\/uploads\/sites\/18\/2023\/03\/AAC-AMEPNC-ICOFOM-UNC-Final-FR_compressed-1.pdf\">En Franc\u00e9s<\/a><\/p>\n<p><a href=\"https:\/\/icofom.mini.icom.museum\/wp-content\/uploads\/sites\/18\/2023\/03\/CFP-ICOFOM-AMEP-UNC-Final-EN_compressed-1.pdf\">En ingl\u00e9s<\/a><\/p>\n<p>&nbsp;<\/p>\n<p><span style=\"font-weight: 400\">\u00a0<\/span><\/p>\n<h3 id=\"manchester\"><strong>Simposio de estudiantes de posgrado sobre el estudio del libro y la literatura en exposiciones<\/strong><\/h3>\n<p>M\u00e1nchester, 17 y 18 de julio de 2023<\/p>\n<p>Las formas multimodales y polifac\u00e9ticas en que los libros y la literatura pueden explotarse en las exposiciones han captado la atenci\u00f3n de estudiosos de diversas disciplinas: desde los estudios muse\u00edsticos y curatoriales hasta la cr\u00edtica literaria, la historia del arte, los estudios sobre comunicaci\u00f3n y medios de comunicaci\u00f3n, la sociolog\u00eda, la historia y los estudios sobre recepci\u00f3n, as\u00ed como las ciencias de la educaci\u00f3n y los estudios sobre cultura material. Aunque este amplio enfoque interdisciplinar es testimonio de la riqueza y singularidad del libro y la literatura como material expositivo, tambi\u00e9n pone de manifiesto la dispersi\u00f3n con la que se ha llevado a cabo esta investigaci\u00f3n hasta la fecha. Como resultado, nos resulta dif\u00edcil encontrar una fuente \u00fanica de marcos te\u00f3ricos y metodol\u00f3gicos a partir de los cuales podamos construir una museolog\u00eda dedicada al libro. Esta museolog\u00eda tratar\u00eda de reunir reflexiones anal\u00edticas sobre el libro como objeto de exposici\u00f3n, pero tambi\u00e9n l\u00edneas de investigaci\u00f3n acad\u00e9mica relacionadas con el uso de la literatura como tema de exposici\u00f3n y con el espacio expositivo como medio para exploraciones literarias.<\/p>\n<p>Con este objetivo en mente, invitamos a presentar contribuciones para un simposio de estudiantes de posgrado durante dos d\u00edas sobre el estudio del libro y la literatura en exposiciones que se celebrar\u00e1 en formato h\u00edbrido en la Universidad de Manchester (Reino Unido) en julio de 2023. El simposio se ha organizado en colaboraci\u00f3n con doctorandos de la Universidad Libre de Bruselas, la Universidad de Helsinki y el Instituto de Pr\u00e1cticas Culturales de la Universidad de Manchester.<\/p>\n<p>La convocatoria de ponencias permanecer\u00e1 abierta hasta el 27 de febrero de 2023.<\/p>\n<p><span style=\"font-weight: 400\">Informaci\u00f3n completa: <a href=\"https:\/\/eblsymposium.wixsite.com\/exhibitingwords\/about-5\" target=\"_blank\" rel=\"noopener\">https:\/\/eblsymposium.wixsite.com\/exhibitingwords\/about-5\u00a0<\/a><\/span><\/p>\n<h2>_______<\/h2>\n<p><em>Convocatorias anteriores:<\/em><\/p>\n<h2><em>ICOFOM Study Series<\/em> Volume 50, Issue 2 (2022)<\/h2>\n<div class=\"page\" title=\"Page 1\">\n<div class=\"layoutArea\">\n<h2 class=\"column\">N\u00famero abierto (variados)<\/h2>\n<\/div>\n<\/div>\n<h3><a href=\"https:\/\/icofom.mini.icom.museum\/wp-content\/uploads\/sites\/18\/2022\/09\/CFP_EN_ISS_50_2.pdf\" target=\"_blank\" rel=\"noopener\">Call for Papers (in English)\u00a0<\/a><\/h3>\n<h3><a href=\"https:\/\/icofom.mini.icom.museum\/wp-content\/uploads\/sites\/18\/2022\/09\/CFP_FR_ISS_50_2.pdf\" target=\"_blank\" rel=\"noopener\">Appel \u00e0 communications (en fran\u00e7ais)\u00a0<\/a><\/h3>\n<h3><a href=\"https:\/\/icofom.mini.icom.museum\/wp-content\/uploads\/sites\/18\/2022\/09\/CFP_ESP_ISS_50_2-1.pdf\" target=\"_blank\" rel=\"noopener\">Convocatoria de ponencias (en espa\u00f1ol)<\/a><\/h3>\n<h3>Plazo ampliado del 11 de noviembre de 2022 al 30 de noviembre de 2022<\/h3>\n<p>&nbsp;<\/p>\n<h1 style=\"text-align: left\">Tab\u00faes en la museolog\u00eda: Cuestiones dif\u00edciles para la teor\u00eda de los museos<\/h1>\n<h3 style=\"text-align: left\"><a href=\"https:\/\/icofom.mini.icom.museum\/wp-content\/uploads\/sites\/18\/2022\/02\/ICOFOM_Call_Taboo_ENG-2.pdf\" target=\"_blank\" rel=\"noopener\"><em>Call for Papers (in English)<\/em><\/a><\/h3>\n<h3 style=\"text-align: left\"><a href=\"https:\/\/icofom.mini.icom.museum\/wp-content\/uploads\/sites\/18\/2022\/02\/CFP-ICOFOM-Tabous-FR-3.pdf\" target=\"_blank\" rel=\"noopener\"><em><strong>Appel \u00e0 communications (en \u00a0fran\u00e7ais)<\/strong><\/em><\/a><\/h3>\n<h3 style=\"text-align: left\"><a href=\"https:\/\/icofom.mini.icom.museum\/wp-content\/uploads\/sites\/18\/2022\/02\/ICOFOM_Call_Taboo_SP.pdf\" target=\"_blank\" rel=\"noopener\"><strong><em>Convocatoria de ponencias (en espa\u00f1ol)<\/em><\/strong><\/a><\/h3>\n<h2 style=\"text-align: left\"><\/h2>\n<h2><em>ICOFOM Study Series,<\/em> Volumen 50, N\u00famero 1 (2022)<\/h2>\n<h4><a href=\"https:\/\/icofom.mini.icom.museum\/wp-content\/uploads\/sites\/18\/2021\/07\/CFP_ESP_ISS_50_1.pdf\" target=\"_blank\" rel=\"noopener\">Descargar la Convocatoria de art\u00edculos para publicar en ICOFOM Study Series<\/a><\/h4>\n","protected":false},"excerpt":{"rendered":"<p>Convocatorias en 2024: M\u00e1s informaci\u00f3n pronto _______ Convocatorias actuales: No tenemos convocatorias actuales por el momento _______ Convocatorias anteriores: Convocatorias en 2023: (leer abajo para informaci\u00f3n detallada) Simposio de estudiantes de posgrado sobre el estudio del libro y la literatura en exposiciones, M\u00e1nchester, hasta el 27 de febrero de 2023 (en ingl\u00e9s) Promover la visibilidad [&hellip;]<\/p>\n","protected":false},"author":35,"featured_media":0,"parent":110,"menu_order":0,"comment_status":"closed","ping_status":"closed","template":"","meta":{"footnotes":""},"yst_prominent_words":[],"acf":[],"_links":{"self":[{"href":"https:\/\/icofom.mini.icom.museum\/es\/wp-json\/wp\/v2\/pages\/3438"}],"collection":[{"href":"https:\/\/icofom.mini.icom.museum\/es\/wp-json\/wp\/v2\/pages"}],"about":[{"href":"https:\/\/icofom.mini.icom.museum\/es\/wp-json\/wp\/v2\/types\/page"}],"author":[{"embeddable":true,"href":"https:\/\/icofom.mini.icom.museum\/es\/wp-json\/wp\/v2\/users\/35"}],"replies":[{"embeddable":true,"href":"https:\/\/icofom.mini.icom.museum\/es\/wp-json\/wp\/v2\/comments?post=3438"}],"version-history":[{"count":30,"href":"https:\/\/icofom.mini.icom.museum\/es\/wp-json\/wp\/v2\/pages\/3438\/revisions"}],"predecessor-version":[{"id":6256,"href":"https:\/\/icofom.mini.icom.museum\/es\/wp-json\/wp\/v2\/pages\/3438\/revisions\/6256"}],"up":[{"embeddable":true,"href":"https:\/\/icofom.mini.icom.museum\/es\/wp-json\/wp\/v2\/pages\/110"}],"wp:attachment":[{"href":"https:\/\/icofom.mini.icom.museum\/es\/wp-json\/wp\/v2\/media?parent=3438"}],"wp:term":[{"taxonomy":"yst_prominent_words","embeddable":true,"href":"https:\/\/icofom.mini.icom.museum\/es\/wp-json\/wp\/v2\/yst_prominent_words?post=3438"}],"curies":[{"name":"wp","href":"https:\/\/api.w.org\/{rel}","templated":true}]}}