{"id":3656,"date":"2020-05-27T14:03:59","date_gmt":"2020-05-27T14:03:59","guid":{"rendered":"http:\/\/icofom.mini.icom.museum\/bienvenidos\/message-from-the-icofom-board\/"},"modified":"2020-05-28T14:16:42","modified_gmt":"2020-05-28T14:16:42","slug":"message-from-the-icofom-board","status":"publish","type":"page","link":"https:\/\/icofom.mini.icom.museum\/es\/bienvenidos\/message-from-the-icofom-board\/","title":{"rendered":"Mensaje de la Junta Directiva de ICOFOM"},"content":{"rendered":"<p style=\"text-align: center\"><img decoding=\"async\" loading=\"lazy\" class=\"alignnone size-medium wp-image-3639\" src=\"http:\/\/icofom.mini.icom.museum\/wp-content\/uploads\/sites\/18\/2020\/05\/ICOFOM-Logo-2019-300x50.jpg\" alt=\"\" width=\"300\" height=\"50\" srcset=\"https:\/\/icofom.mini.icom.museum\/wp-content\/uploads\/sites\/18\/2020\/05\/ICOFOM-Logo-2019-300x50.jpg 300w, https:\/\/icofom.mini.icom.museum\/wp-content\/uploads\/sites\/18\/2020\/05\/ICOFOM-Logo-2019-768x128.jpg 768w, https:\/\/icofom.mini.icom.museum\/wp-content\/uploads\/sites\/18\/2020\/05\/ICOFOM-Logo-2019-1024x171.jpg 1024w\" sizes=\"(max-width: 300px) 100vw, 300px\" \/><\/p>\n<p>Queridos miembros del ICOFOM,<\/p>\n<p>En una \u00e9poca de grandes desaf\u00edos e incertidumbres para los museos de las diferentes partes del mundo afectadas por el brote de COVID-19, el Comit\u00e9 Internacional de Museolog\u00eda (ICOFOM) expresa su profunda preocupaci\u00f3n por el impacto que la actual pandemia est\u00e1 teniendo en el campo de los museos a nivel mundial. En los \u00faltimos meses hemos estado observando de cerca la situaci\u00f3n de los museos en los distintos pa\u00edses en que las instituciones p\u00fablicas y privadas, se han visto obligadas a cerrar sus puertas, a la vez que siguen tratando de mantener sus funciones b\u00e1sicas de preservaci\u00f3n, investigaci\u00f3n y comunicaci\u00f3n en el contexto de la pandemia.<\/p>\n<p>Ante una posible recesi\u00f3n econ\u00f3mica e inestabilidad pol\u00edtica, los museos se han enfrentado al reto de reinventarse en plataformas digitales y en los medios sociales. Mientras tanto, hemos sido testigos de despidos masivos, recortes inmediatos en los salarios y la interrupci\u00f3n de los proyectos en curso. Todo ello ha tenido repercusiones graves en el personal m\u00e1s vulnerable de los museos. En este escenario pand\u00e9mico, nosotros, los miembros de la Junta Directiva de\u00a0 ICOFOM, quisi\u00e9ramos expresar nuestra solidaridad con los trabajadores de los museos de todo el mundo y compartir nuestra esperanza de que las instituciones puedan encontrar formas de preservar las vidas de quienes participan en la salvaguardia de nuestro patrimonio cultural, demostrando as\u00ed su compromiso con el derecho humano b\u00e1sico a la igualdad y a la justicia social.<\/p>\n<p>Creemos que la museolog\u00eda es una disciplina que sirve a la sociedad para hacer frente a las p\u00e9rdidas, al permitirnos dar sentido al presente mientras reflexionamos sobre el pasado. Trabajando en pro del desarrollo de la museolog\u00eda como instrumento para que las diversas sociedades intercambien conocimientos sobre la experiencia muse\u00edstica, el ICOFOM se propone mantener sus principales actividades durante este per\u00edodo de contenci\u00f3n y recuperaci\u00f3n mediante la organizaci\u00f3n de seminarios en la web y publicaciones digitales de libre acceso sobre los temas m\u00e1s urgentes.<\/p>\n<p>Tambi\u00e9n estamos interesados en saber c\u00f3mo su museo, universidad o centro de investigaci\u00f3n, est\u00e1 haciendo frente a la pandemia en este momento y qu\u00e9 nuevos m\u00e9todos est\u00e1n considerando para el futuro. Si tiene alguna acci\u00f3n, experiencia o evento que refleje la pandemia actual y que le gustar\u00eda compartir con la comunidad museol\u00f3gica, por favor, tenga a bien enviarnos un correo electr\u00f3nico a icofomsymposium@gmail.com.<\/p>\n<p>\u00a1Gracias y mant\u00e9nganse a salvo!<\/p>\n<p>La Junta Directiva de ICOFOM (2019-2022)<\/p>\n","protected":false},"excerpt":{"rendered":"<p>Queridos miembros del ICOFOM, En una \u00e9poca de grandes desaf\u00edos e incertidumbres para los museos de las diferentes partes del mundo afectadas por el brote de COVID-19, el Comit\u00e9 Internacional de Museolog\u00eda (ICOFOM) expresa su profunda preocupaci\u00f3n por el impacto que la actual pandemia est\u00e1 teniendo en el campo de los museos a nivel mundial. [&hellip;]<\/p>\n","protected":false},"author":35,"featured_media":0,"parent":142,"menu_order":4,"comment_status":"closed","ping_status":"closed","template":"","meta":{"footnotes":""},"yst_prominent_words":[2095,552,1694,1911,215,718,1912,1910,1906,1909,1905,1904,1914,1695,1907,1915,1916,216,1913,1908],"acf":[],"_links":{"self":[{"href":"https:\/\/icofom.mini.icom.museum\/es\/wp-json\/wp\/v2\/pages\/3656"}],"collection":[{"href":"https:\/\/icofom.mini.icom.museum\/es\/wp-json\/wp\/v2\/pages"}],"about":[{"href":"https:\/\/icofom.mini.icom.museum\/es\/wp-json\/wp\/v2\/types\/page"}],"author":[{"embeddable":true,"href":"https:\/\/icofom.mini.icom.museum\/es\/wp-json\/wp\/v2\/users\/35"}],"replies":[{"embeddable":true,"href":"https:\/\/icofom.mini.icom.museum\/es\/wp-json\/wp\/v2\/comments?post=3656"}],"version-history":[{"count":2,"href":"https:\/\/icofom.mini.icom.museum\/es\/wp-json\/wp\/v2\/pages\/3656\/revisions"}],"predecessor-version":[{"id":3662,"href":"https:\/\/icofom.mini.icom.museum\/es\/wp-json\/wp\/v2\/pages\/3656\/revisions\/3662"}],"up":[{"embeddable":true,"href":"https:\/\/icofom.mini.icom.museum\/es\/wp-json\/wp\/v2\/pages\/142"}],"wp:attachment":[{"href":"https:\/\/icofom.mini.icom.museum\/es\/wp-json\/wp\/v2\/media?parent=3656"}],"wp:term":[{"taxonomy":"yst_prominent_words","embeddable":true,"href":"https:\/\/icofom.mini.icom.museum\/es\/wp-json\/wp\/v2\/yst_prominent_words?post=3656"}],"curies":[{"name":"wp","href":"https:\/\/api.w.org\/{rel}","templated":true}]}}