{"id":412,"date":"2018-12-28T12:33:50","date_gmt":"2018-12-28T12:33:50","guid":{"rendered":"http:\/\/icofom.icom.cust.oxymium.net\/icofom-news\/eventos-futuros\/"},"modified":"2021-02-18T21:07:19","modified_gmt":"2021-02-18T21:07:19","slug":"eventos-futuros","status":"publish","type":"page","link":"https:\/\/icofom.mini.icom.museum\/es\/noticias-del-icofom\/eventos-futuros\/","title":{"rendered":"Eventos futuros"},"content":{"rendered":"<div id=\"RTE_CONTENT\">\n<p><!--TYPO3SEARCH_begin--> <!-- CONTENT ELEMENT, uid:3968\/text [begin] --><\/p>\n<div id=\"c3968\">\n<h2>\u00a0&#8220;<strong>La decolonizaci\u00f3n de la museolog\u00eda: <\/strong><strong>museos, mestizajes y mitos de origen&#8221;<\/strong><\/h2>\n<p dir=\"ltr\">Estimados miembros de ICOFOM y dem\u00e1s colegas de la comunidad museal,<\/p>\n<p dir=\"ltr\">En virtud de la pandemia COVID-19, informamos por este medio la postergaci\u00f3n del Encuentro de ICOFOM, organizado en conjunto con Patrimonio Ind\u00edgena y Museos Canadienses, en las ciudades de Montreal, Quebec, y Gatineau-Ottawa.<\/p>\n<\/div>\n<p>&nbsp;<\/p>\n<div id=\"c3969\">\n<div><\/div>\n<p><!-- END: Content of extension \"hpo_relatedlink\", plugin \"tx_hporelatedlink_pi1\" --><\/p>\n<\/div>\n<p><!-- CONTENT ELEMENT, uid:3969\/textpic [end] --> <!--TYPO3SEARCH_end--><\/p>\n<\/div>\n","protected":false},"excerpt":{"rendered":"<p>\u00a0&#8220;La decolonizaci\u00f3n de la museolog\u00eda: museos, mestizajes y mitos de origen&#8221; Estimados miembros de ICOFOM y dem\u00e1s colegas de la comunidad museal, En virtud de la pandemia COVID-19, informamos por este medio la postergaci\u00f3n del Encuentro de ICOFOM, organizado en conjunto con Patrimonio Ind\u00edgena y Museos Canadienses, en las ciudades de Montreal, Quebec, y Gatineau-Ottawa. [&hellip;]<\/p>\n","protected":false},"author":1,"featured_media":0,"parent":148,"menu_order":1,"comment_status":"closed","ping_status":"closed","template":"","meta":{"footnotes":""},"yst_prominent_words":[387,68,2095,194,2081,86,1486,2110],"acf":[],"_links":{"self":[{"href":"https:\/\/icofom.mini.icom.museum\/es\/wp-json\/wp\/v2\/pages\/412"}],"collection":[{"href":"https:\/\/icofom.mini.icom.museum\/es\/wp-json\/wp\/v2\/pages"}],"about":[{"href":"https:\/\/icofom.mini.icom.museum\/es\/wp-json\/wp\/v2\/types\/page"}],"author":[{"embeddable":true,"href":"https:\/\/icofom.mini.icom.museum\/es\/wp-json\/wp\/v2\/users\/1"}],"replies":[{"embeddable":true,"href":"https:\/\/icofom.mini.icom.museum\/es\/wp-json\/wp\/v2\/comments?post=412"}],"version-history":[{"count":12,"href":"https:\/\/icofom.mini.icom.museum\/es\/wp-json\/wp\/v2\/pages\/412\/revisions"}],"predecessor-version":[{"id":4484,"href":"https:\/\/icofom.mini.icom.museum\/es\/wp-json\/wp\/v2\/pages\/412\/revisions\/4484"}],"up":[{"embeddable":true,"href":"https:\/\/icofom.mini.icom.museum\/es\/wp-json\/wp\/v2\/pages\/148"}],"wp:attachment":[{"href":"https:\/\/icofom.mini.icom.museum\/es\/wp-json\/wp\/v2\/media?parent=412"}],"wp:term":[{"taxonomy":"yst_prominent_words","embeddable":true,"href":"https:\/\/icofom.mini.icom.museum\/es\/wp-json\/wp\/v2\/yst_prominent_words?post=412"}],"curies":[{"name":"wp","href":"https:\/\/api.w.org\/{rel}","templated":true}]}}