{"id":415,"date":"2018-12-28T12:33:51","date_gmt":"2018-12-28T12:33:51","guid":{"rendered":"http:\/\/icofom.icom.cust.oxymium.net\/meetings\/icofom-annual-meeting\/"},"modified":"2025-08-18T15:12:33","modified_gmt":"2025-08-18T13:12:33","slug":"icofom-annual-meeting","status":"publish","type":"page","link":"https:\/\/icofom.mini.icom.museum\/es\/conferencias\/icofom-annual-meeting\/","title":{"rendered":"Reuni\u00f3n anual de ICOFOM"},"content":{"rendered":"<div id=\"RTE_CONTENT\">\n<p>&nbsp;<\/p>\n<div id=\"c4106\">\n<p>El prop\u00f3sito de la Reuni\u00f3n Anual de ICOFOM es crear un foro internacional para una discusi\u00f3n de alto nivel sobre un tema museol\u00f3gico. Por lo general, el tema es diferente cada a\u00f1o, pero a veces se analiza durante un per\u00edodo de tres a\u00f1os.<\/p>\n<p>Los enfoques de la museolog\u00eda var\u00edan ampliamente en todo el mundo, por ejemplo, el uso de museos para hacer declaraciones sobre el nacionalismo tiene prioridad en algunos pa\u00edses. En otros, la conservaci\u00f3n y la exhibici\u00f3n de artefactos altamente est\u00e9ticos y no controvertidos se consideran los papeles principales de los museos. Por el contrario, en otras naciones, el desarrollo de &#8220;historias desde abajo&#8221; o el rescate de las historias de las vidas de personas que se consideraban sin valor, ahora es un enfoque museol\u00f3gico primario. La gran variedad internacional de museolog\u00edas significa que la reuni\u00f3n anual tiene una importancia fundamental para la expresi\u00f3n y el registro de estas diferencias.<\/p>\n<p>Cuando se anuncia la fecha de la reuni\u00f3n, la convocatoria de ponencias de la conferencia va acompa\u00f1ada de un documento provocativo que se publica en el sitio web que establece algunas de las v\u00edas para explorar cualquier tema en particular. Un panel editorial internacional act\u00faa como un panel de \u00e1rbitros que realiza una selecci\u00f3n de art\u00edculos que se publican y est\u00e1n disponibles al comienzo de la conferencia. La reuni\u00f3n anual se desarrolla a trav\u00e9s de un animado debate informado mediante la lectura previa de los documentos, en lugar de hacerlo mediante la entrega unilateral de documentos individuales.<\/p>\n<p>Las reuniones tienen lugar en todo el mundo, lo que permite a los asistentes a la conferencia obtener informaci\u00f3n sobre una amplia gama de expresiones museol\u00f3gicas concretas. Cada tres a\u00f1os, la reuni\u00f3n del ICOFOM se lleva a cabo en el marco de la Trienal del ICOM y se acompa\u00f1a de elecciones que establecen el comit\u00e9 ejecutivo y los responsables de las oficinas para los pr\u00f3ximos tres a\u00f1os.<\/p>\n<\/div>\n<\/div>\n<h3>Simposio Anual de ICOFOM, 2025, Dubai<\/h3>\n<p><strong>Informaci\u00f3n sobre el pr\u00f3ximo simposio:<\/strong><\/p>\n<blockquote class=\"wp-embedded-content\" data-secret=\"mzKw8RBSXW\"><p><a href=\"https:\/\/icofom.mini.icom.museum\/es\/conferencias\/simposio-2025\/\">Simposio Anual de ICOFOM, 2025, Dubai<\/a><\/p><\/blockquote>\n<p><iframe class=\"wp-embedded-content\" sandbox=\"allow-scripts\" security=\"restricted\" style=\"position: absolute; clip: rect(1px, 1px, 1px, 1px);\" title=\"\u00abSimposio Anual de ICOFOM, 2025, Dubai\u00bb \u2014 ICOM ICOFOM\" src=\"https:\/\/icofom.mini.icom.museum\/es\/conferencias\/simposio-2025\/embed\/#?secret=SAzlNG8MqS#?secret=mzKw8RBSXW\" data-secret=\"mzKw8RBSXW\" width=\"500\" height=\"282\" frameborder=\"0\" marginwidth=\"0\" marginheight=\"0\" scrolling=\"no\"><\/iframe><\/p>\n<p>&nbsp;<\/p>\n<p>&nbsp;<\/p>\n<hr \/>\n<div id=\"RTE_CONTENT\">\n<h4>\u00a0\u201c<strong>La decolonizaci\u00f3n de la museolog\u00eda: <\/strong><strong>museos, mestizajes y mitos de origen\u201d<\/strong><\/h4>\n<p dir=\"ltr\">Estimados miembros de ICOFOM y dem\u00e1s colegas de la comunidad museal,<\/p>\n<p dir=\"ltr\">En virtud de la pandemia COVID-19, informamos por este medio la postergaci\u00f3n del 43\u00b0 Encuentro de ICOFOM, organizado en conjunto con Patrimonio Ind\u00edgena y Museos Canadienses, en las ciudades de Montreal, Quebec, y Gatineau-Ottawa. El evento, que estaba previsto realizarse entre los d\u00edas 28 de octubre al 02 de noviembre del corriente a\u00f1o.<\/p>\n<p>As\u00ed tambi\u00e9n,\u00a0<strong>extenderemos el plazo para la Recepci\u00f3n de Art\u00edculos hasta el d\u00eda 31 de mayo de 2020 indefectiblemente<\/strong>. Los art\u00edculos deber\u00e1n ser enviados a la misma direcci\u00f3n que consta en las comunicaciones anteriores:\u00a0<a href=\"mailto:icofomsymposium@gmail.com\" target=\"_blank\" rel=\"nofollow noopener\">icofomsymposium@gmail.com<\/a>. La\u00a0informaci\u00f3n de recepci\u00f3n\u00a0<span class=\"link_red\"><a href=\"https:\/\/drive.google.com\/open?id=1xI2xJfdNFuniJcttympZuVcwHnLxqphR\">CFP<\/a>\u00a0y\u00a0<\/span>de los art\u00edculos sigue siendo la misma (salvo el cambio de la fecha final de presentaci\u00f3n). \u00a0<strong><span class=\"link_red\"><a href=\"https:\/\/drive.google.com\/drive\/folders\/1M0lhWHc13A2L0ll16TQrc7MnaRoBM6Bd\" target=\"_blank\" rel=\"noopener\">Las\u00a0reglas de formato<\/a><\/span><\/strong>est\u00e1n disponibles en ingl\u00e9s, franc\u00e9s y espa\u00f1ol.<\/p>\n<p>Cuidase,<\/p>\n<p>La junta del ICOFOM<\/p>\n<p>&nbsp;<\/p>\n<\/div>\n","protected":false},"excerpt":{"rendered":"<p>&nbsp; El prop\u00f3sito de la Reuni\u00f3n Anual de ICOFOM es crear un foro internacional para una discusi\u00f3n de alto nivel sobre un tema museol\u00f3gico. Por lo general, el tema es diferente cada a\u00f1o, pero a veces se analiza durante un per\u00edodo de tres a\u00f1os. Los enfoques de la museolog\u00eda var\u00edan ampliamente en todo el mundo, [&hellip;]<\/p>\n","protected":false},"author":1,"featured_media":0,"parent":151,"menu_order":0,"comment_status":"closed","ping_status":"closed","template":"","meta":{"footnotes":""},"yst_prominent_words":[942,68,78,543,486,526,115,552,194,541,539,547,525,540,214,216,546,544,542,545],"acf":[],"_links":{"self":[{"href":"https:\/\/icofom.mini.icom.museum\/es\/wp-json\/wp\/v2\/pages\/415"}],"collection":[{"href":"https:\/\/icofom.mini.icom.museum\/es\/wp-json\/wp\/v2\/pages"}],"about":[{"href":"https:\/\/icofom.mini.icom.museum\/es\/wp-json\/wp\/v2\/types\/page"}],"author":[{"embeddable":true,"href":"https:\/\/icofom.mini.icom.museum\/es\/wp-json\/wp\/v2\/users\/1"}],"replies":[{"embeddable":true,"href":"https:\/\/icofom.mini.icom.museum\/es\/wp-json\/wp\/v2\/comments?post=415"}],"version-history":[{"count":8,"href":"https:\/\/icofom.mini.icom.museum\/es\/wp-json\/wp\/v2\/pages\/415\/revisions"}],"predecessor-version":[{"id":8151,"href":"https:\/\/icofom.mini.icom.museum\/es\/wp-json\/wp\/v2\/pages\/415\/revisions\/8151"}],"up":[{"embeddable":true,"href":"https:\/\/icofom.mini.icom.museum\/es\/wp-json\/wp\/v2\/pages\/151"}],"wp:attachment":[{"href":"https:\/\/icofom.mini.icom.museum\/es\/wp-json\/wp\/v2\/media?parent=415"}],"wp:term":[{"taxonomy":"yst_prominent_words","embeddable":true,"href":"https:\/\/icofom.mini.icom.museum\/es\/wp-json\/wp\/v2\/yst_prominent_words?post=415"}],"curies":[{"name":"wp","href":"https:\/\/api.w.org\/{rel}","templated":true}]}}