{"id":4453,"date":"2021-01-19T20:23:04","date_gmt":"2021-01-19T20:23:04","guid":{"rendered":"http:\/\/icofom.mini.icom.museum\/?page_id=4453"},"modified":"2021-01-19T20:33:05","modified_gmt":"2021-01-19T20:33:05","slug":"iker-larrauri-prado-museografo-mexicano","status":"publish","type":"page","link":"https:\/\/icofom.mini.icom.museum\/es\/homepage\/obituarios\/iker-larrauri-prado-museografo-mexicano\/","title":{"rendered":"Iker Larrauri Prado, muse\u00f3grafo mexicano"},"content":{"rendered":"<p><strong>18 de diciembre de 1929 &#8211; 11 de enero del 2021<\/strong><\/p>\n<p style=\"text-align: justify\"><img decoding=\"async\" loading=\"lazy\" class=\"size-medium wp-image-4451 alignright\" src=\"http:\/\/icofom.mini.icom.museum\/wp-content\/uploads\/sites\/18\/2021\/01\/iker_larrauri_prado-300x221.jpg\" alt=\"\" width=\"300\" height=\"221\" srcset=\"https:\/\/icofom.mini.icom.museum\/wp-content\/uploads\/sites\/18\/2021\/01\/iker_larrauri_prado-300x221.jpg 300w, https:\/\/icofom.mini.icom.museum\/wp-content\/uploads\/sites\/18\/2021\/01\/iker_larrauri_prado-768x566.jpg 768w, https:\/\/icofom.mini.icom.museum\/wp-content\/uploads\/sites\/18\/2021\/01\/iker_larrauri_prado.jpg 850w\" sizes=\"(max-width: 300px) 100vw, 300px\" \/>La trayectoria de Iker en el campo de los museos se inici\u00f3 en la Escuela Nacional de Antropolog\u00eda e Historia (ENAH), dependencia del Instituto Nacional de Antropolog\u00eda e Historia (INAH), instituci\u00f3n que hasta la primera mitad de la d\u00e9cada de los a\u00f1os cincuenta del siglo pasado ofrec\u00eda estudios en museograf\u00eda. Tuvo como compa\u00f1eros a otros dos destacados muse\u00f3grafos: Mario V\u00e1zquez y Alfonso Soto Soria. Como parte de las pr\u00e1cticas escolares viaj\u00f3 a Palenque con el doctor Alberto Ruz Lhuillier quien coordinaba un importante proyecto arqueol\u00f3gico en la zona maya en los a\u00f1os 1953 y 1954. A su regreso Covarrubias le propuso reproducir, en el antiguo Museo Nacional, la C\u00e1mara de Palenque, as\u00ed como la restructuraci\u00f3n de algunas salas de exposici\u00f3n por la salida de las colecciones de historia a las instalaciones del Museo Nacional de Historia \u2013 Castillo de Chapultepec, inaugurado en 1944.<\/p>\n<p style=\"text-align: justify\">El doctor Eusebio D\u00e1valos, entonces director del INAH, le otorg\u00f3 una beca en el a\u00f1o de 1955 para viajar y visitar los mejores museos con objeto de conocer sus entra\u00f1as y funcionamiento, a fin de ampliar sus conocimientos y t\u00e9cnicas de exhibici\u00f3n. Al siguiente a\u00f1o viaj\u00f3 a Paris a la sede de ICOM donde tuvo contacto con importantes muse\u00f3logos como George Henri Riviere y recopil\u00f3 informaci\u00f3n en el Centro de Documentaci\u00f3n. En el INAH logr\u00f3 un desarrollo importante, a inicios de la d\u00e9cada de los a\u00f1os sesenta del siglo pasado fue parte del equipo que intervino en la planeaci\u00f3n del nuevo Museo Nacional de Antropolog\u00eda. A inicios de los setenta fue invitado a colaborar con otros destacados profesionalles de museos, como sus excompa\u00f1eros de la ENAH y el arquitecto Felipe Lacouture Fornelli para organizar el programa de los Cursos Interamericanos de Capacitaci\u00f3n Museogr\u00e1fica M\u00e9xico-OEA, donde nos formamos varios muse\u00f3grafos de Am\u00e9rica Latina y Caribe. Posteriormente, de 1996 a 1997 fue parte del equipo que plane\u00f3 un nuevo programa de la maestr\u00eda en museolog\u00eda que desde entonces se imparte en la Escuela Nacional de Conservaci\u00f3n, Restauraci\u00f3n y Museograf\u00eda \u201cManuel del Castillo Negrete\u201d.<\/p>\n<p style=\"text-align: justify\">En estos a\u00f1os el director del INAH el doctor Guillermo Bonfil Batalla lo nombr\u00f3 director de Museos y Exposiciones, \u00e9poca en la que empez\u00f3 a fortalecer su red de museos; en esta direcci\u00f3n surgieron proyectos importantes como los instalados en las cabeceras de algunos estados de M\u00e9xico, as\u00ed como museos comunitarios y museos escolares.<\/p>\n<p style=\"text-align: justify\">Su participaci\u00f3n en el ICOM fue comprometida, \u00e9l fue el fundador del ICOFOM-M\u00e9xico.<\/p>\n<p style=\"text-align: justify\">Al concluir su responsabilidad administrativa en 1977, junto con algunos compa\u00f1eros de la entonces Direcci\u00f3n de Museos y Exposiciones fundaron Museogr\u00e1fica, una de las primeras empresas particulares dedicadas a la museograf\u00eda. UNESCO a trav\u00e9s del ICOM empez\u00f3 a requerirle asesor\u00edas para una diversidad de museos como el museo de Kuwait; al equipo que Iker se integr\u00f3 para esta misi\u00f3n le correspondi\u00f3 evaluar el edificio, la colecci\u00f3n y la definici\u00f3n de temas. Por otro lado, a los asesores les toc\u00f3 trabajar en otros proyectos como el del nuevo museo egipcio, en el Museo de Nubia en Asu\u00e1n, y en un programa arquitect\u00f3nico para ampliar el Museo Fara\u00f3nico, ya que el Banco Mundial donar\u00eda los fondos para fortalecer un recurso de atracci\u00f3n tur\u00edstica. Participaron tambi\u00e9n con un proyecto para la reestructuraci\u00f3n del Museo del Louvre y en el Museo Ol\u00edmpico de Lausana, Suiza su trabajo recibi\u00f3 el reconocimiento de la Orden Ol\u00edmpica por el Comit\u00e9 Ol\u00edmpico.<\/p>\n<p style=\"text-align: justify\">En el interior del pa\u00eds <i>Museogr\u00e1fica<\/i> dej\u00f3 importantes proyectos como el Centro de la Ciencia en Sinaloa y el Museo de Antropolog\u00eda de Xalapa, Veracruz.<\/p>\n<p style=\"text-align: justify\">Iker fue un profesional de museos muy reconocido, un maestro, amigo, una persona sencilla y muy querida por todos. Su partida nos duele. Sirvan estas l\u00edneas como un reconocimiento a su importante trayectoria.<\/p>\n<p style=\"text-align: right\"><em>Carlos V\u00e1zquez Olvera,\u00a013 de enero del 2021<\/em><\/p>\n","protected":false},"excerpt":{"rendered":"<p>18 de diciembre de 1929 &#8211; 11 de enero del 2021 La trayectoria de Iker en el campo de los museos se inici\u00f3 en la Escuela Nacional de Antropolog\u00eda e Historia (ENAH), dependencia del Instituto Nacional de Antropolog\u00eda e Historia (INAH), instituci\u00f3n que hasta la primera mitad de la d\u00e9cada de los a\u00f1os cincuenta del [&hellip;]<\/p>\n","protected":false},"author":78,"featured_media":0,"parent":160,"menu_order":0,"comment_status":"closed","ping_status":"closed","template":"","meta":{"footnotes":""},"yst_prominent_words":[3108,3117,2095,3109,3102,3114,3111,3116,718,3105,3100,3112,3104,3110,3103,3106,2084,2110,3115,3107,3101,2545,3113],"acf":[],"_links":{"self":[{"href":"https:\/\/icofom.mini.icom.museum\/es\/wp-json\/wp\/v2\/pages\/4453"}],"collection":[{"href":"https:\/\/icofom.mini.icom.museum\/es\/wp-json\/wp\/v2\/pages"}],"about":[{"href":"https:\/\/icofom.mini.icom.museum\/es\/wp-json\/wp\/v2\/types\/page"}],"author":[{"embeddable":true,"href":"https:\/\/icofom.mini.icom.museum\/es\/wp-json\/wp\/v2\/users\/78"}],"replies":[{"embeddable":true,"href":"https:\/\/icofom.mini.icom.museum\/es\/wp-json\/wp\/v2\/comments?post=4453"}],"version-history":[{"count":4,"href":"https:\/\/icofom.mini.icom.museum\/es\/wp-json\/wp\/v2\/pages\/4453\/revisions"}],"predecessor-version":[{"id":4462,"href":"https:\/\/icofom.mini.icom.museum\/es\/wp-json\/wp\/v2\/pages\/4453\/revisions\/4462"}],"up":[{"embeddable":true,"href":"https:\/\/icofom.mini.icom.museum\/es\/wp-json\/wp\/v2\/pages\/160"}],"wp:attachment":[{"href":"https:\/\/icofom.mini.icom.museum\/es\/wp-json\/wp\/v2\/media?parent=4453"}],"wp:term":[{"taxonomy":"yst_prominent_words","embeddable":true,"href":"https:\/\/icofom.mini.icom.museum\/es\/wp-json\/wp\/v2\/yst_prominent_words?post=4453"}],"curies":[{"name":"wp","href":"https:\/\/api.w.org\/{rel}","templated":true}]}}