{"id":4480,"date":"2021-02-18T18:11:24","date_gmt":"2021-02-18T18:11:24","guid":{"rendered":"http:\/\/icofom.mini.icom.museum\/?page_id=4480"},"modified":"2021-07-04T21:26:09","modified_gmt":"2021-07-04T21:26:09","slug":"consulta-sobre-la-nueva-definicion-de-museo-2021","status":"publish","type":"page","link":"https:\/\/icofom.mini.icom.museum\/es\/noticias-del-icofom\/consulta-sobre-la-nueva-definicion-de-museo-2021\/","title":{"rendered":"Consulta sobre la nueva definici\u00f3n de museo"},"content":{"rendered":"<p>ICOM Define, el actual comit\u00e9 encargado de elaborar una nueva definici\u00f3n de museo que est\u00e9 disponible a tiempo para la conferencia trienal de 2022, ha pedido a todos los Comit\u00e9s Internacionales que se pongan en contacto con sus miembros, previendo que una consulta m\u00e1s amplia, permitir\u00e1 obtener una definici\u00f3n universalmente aceptable.<\/p>\n<p>Con este prop\u00f3sito, ICOFOM distribuy\u00f3 una nueva encuesta entre sus miembros.<\/p>\n<p>Pueden acceder al <a href=\"http:\/\/icofom.mini.icom.museum\/wp-content\/uploads\/sites\/18\/2021\/07\/report_icofom_2021.pdf\">reporte<\/a> (en ingl\u00e9s).<\/p>\n","protected":false},"excerpt":{"rendered":"<p>ICOM Define, el actual comit\u00e9 encargado de elaborar una nueva definici\u00f3n de museo que est\u00e9 disponible a tiempo para la conferencia trienal de 2022, ha pedido a todos los Comit\u00e9s Internacionales que se pongan en contacto con sus miembros, previendo que una consulta m\u00e1s amplia, permitir\u00e1 obtener una definici\u00f3n universalmente aceptable. Con este prop\u00f3sito, ICOFOM [&hellip;]<\/p>\n","protected":false},"author":78,"featured_media":0,"parent":148,"menu_order":0,"comment_status":"closed","ping_status":"closed","template":"","meta":{"footnotes":""},"yst_prominent_words":[1500,387,1587,194,2081,2150,216,3143,719,3141],"acf":[],"_links":{"self":[{"href":"https:\/\/icofom.mini.icom.museum\/es\/wp-json\/wp\/v2\/pages\/4480"}],"collection":[{"href":"https:\/\/icofom.mini.icom.museum\/es\/wp-json\/wp\/v2\/pages"}],"about":[{"href":"https:\/\/icofom.mini.icom.museum\/es\/wp-json\/wp\/v2\/types\/page"}],"author":[{"embeddable":true,"href":"https:\/\/icofom.mini.icom.museum\/es\/wp-json\/wp\/v2\/users\/78"}],"replies":[{"embeddable":true,"href":"https:\/\/icofom.mini.icom.museum\/es\/wp-json\/wp\/v2\/comments?post=4480"}],"version-history":[{"count":4,"href":"https:\/\/icofom.mini.icom.museum\/es\/wp-json\/wp\/v2\/pages\/4480\/revisions"}],"predecessor-version":[{"id":4716,"href":"https:\/\/icofom.mini.icom.museum\/es\/wp-json\/wp\/v2\/pages\/4480\/revisions\/4716"}],"up":[{"embeddable":true,"href":"https:\/\/icofom.mini.icom.museum\/es\/wp-json\/wp\/v2\/pages\/148"}],"wp:attachment":[{"href":"https:\/\/icofom.mini.icom.museum\/es\/wp-json\/wp\/v2\/media?parent=4480"}],"wp:term":[{"taxonomy":"yst_prominent_words","embeddable":true,"href":"https:\/\/icofom.mini.icom.museum\/es\/wp-json\/wp\/v2\/yst_prominent_words?post=4480"}],"curies":[{"name":"wp","href":"https:\/\/api.w.org\/{rel}","templated":true}]}}