{"id":463,"date":"2018-12-28T12:34:00","date_gmt":"2018-12-28T12:34:00","guid":{"rendered":"http:\/\/icofom.icom.cust.oxymium.net\/meetings\/proxima-conferencia\/"},"modified":"2020-09-14T22:21:57","modified_gmt":"2020-09-14T22:21:57","slug":"proxima-conferencia","status":"publish","type":"page","link":"https:\/\/icofom.mini.icom.museum\/es\/conferencias\/proxima-conferencia\/","title":{"rendered":"Conferencia Anual ICOFOM, 2020"},"content":{"rendered":"<div id=\"RTE_CONTENT\">\n<p><!--TYPO3SEARCH_begin--> <!-- CONTENT ELEMENT, uid:20496\/textpic [begin] --><\/p>\n<div id=\"c20496\">\n<p><!-- Header: [begin] --><\/p>\n<div class=\"csc-textpic csc-textpic-center csc-textpic-below\">\n<div class=\"csc-textpic-imagewrap csc-textpic-single-image\">\n<div id=\"RTE_CONTENT\">\n<h1>SIMPOSIO ANUAL ICOFOM y ASAMBLEA GENERAL, en l\u00ednea, Estados Unidos, 27-28 de agosto de 2020<\/h1>\n<div id=\"c20496\">\n<h3>Museolog\u00eda te\u00f3rica en los contextos tribales y estadounidenses<\/h3>\n<\/div>\n<div>\n<p>Un simposio organizado y organizado por el Comit\u00e9 Internacional de Museolog\u00eda (ICOFOM), Consejo Internacional de Museos \u2013 EE. UU. (ICOM-EE. UU.), La Asociaci\u00f3n de Museos Afroamericanos (AAAM) y la Universidad del Sur de New Hampshire (SNHU)<\/p>\n<p>La primera Asamblea General Anual de ICOFOM que se llevar\u00e1 a cabo completamente en l\u00ednea.<\/p>\n<\/div>\n<\/div>\n<div><\/div>\n<div><span class=\"link_blue\"><a href=\"https:\/\/spark.adobe.com\/page\/Xodh9D32c3KHE\/\" target=\"_blank\" rel=\"noopener\">Pagina principal<\/a><\/span><\/div>\n<div>\n<p><span class=\"link_blue\"><a href=\"https:\/\/docs.google.com\/forms\/d\/e\/1FAIpQLSfg2Oz0IqM14xBP7b9agBveiNwfF1573Ui1HSn-uD9XFMchCg\/viewform\" target=\"_blank\" rel=\"noopener\">Formulario de inscripci\u00f3n<\/a><\/span><\/p>\n<p><span class=\"link_blue\"><a href=\"https:\/\/spark.adobe.com\/page\/BHbTSpUtn3z2R\/\" target=\"_blank\" rel=\"noopener\">Programa horario<\/a><\/span><\/p>\n<p><span class=\"link_blue\"><a href=\"https:\/\/spark.adobe.com\/page\/U6LxLha1aDlr8\/\" target=\"_blank\" rel=\"noopener\">Lista de presentadores<\/a><\/span><\/p>\n<\/div>\n<\/div>\n<\/div>\n<div><!-- --><\/div>\n<p><!-- Image block: [end] --> <!-- BEGIN: Content of extension \"hpo_relatedlink\", plugin \"tx_hporelatedlink_pi1\" --><\/p>\n<div><\/div>\n<p><!-- END: Content of extension \"hpo_relatedlink\", plugin \"tx_hporelatedlink_pi1\" --><\/p>\n<\/div>\n<p><!-- CONTENT ELEMENT, uid:20496\/textpic [end] --> <!--TYPO3SEARCH_end--><\/p>\n<\/div>\n","protected":false},"excerpt":{"rendered":"<p>SIMPOSIO ANUAL ICOFOM y ASAMBLEA GENERAL, en l\u00ednea, Estados Unidos, 27-28 de agosto de 2020 Museolog\u00eda te\u00f3rica en los contextos tribales y estadounidenses Un simposio organizado y organizado por el Comit\u00e9 Internacional de Museolog\u00eda (ICOFOM), Consejo Internacional de Museos \u2013 EE. UU. (ICOM-EE. UU.), La Asociaci\u00f3n de Museos Afroamericanos (AAAM) y la Universidad del Sur [&hellip;]<\/p>\n","protected":false},"author":1,"featured_media":0,"parent":151,"menu_order":1,"comment_status":"closed","ping_status":"closed","template":"","meta":{"footnotes":""},"yst_prominent_words":[945,2013,2011,387,1480,194,2012,2223,2081,1485,1479,86,2014,491,1486,1484,1499,1487],"acf":[],"_links":{"self":[{"href":"https:\/\/icofom.mini.icom.museum\/es\/wp-json\/wp\/v2\/pages\/463"}],"collection":[{"href":"https:\/\/icofom.mini.icom.museum\/es\/wp-json\/wp\/v2\/pages"}],"about":[{"href":"https:\/\/icofom.mini.icom.museum\/es\/wp-json\/wp\/v2\/types\/page"}],"author":[{"embeddable":true,"href":"https:\/\/icofom.mini.icom.museum\/es\/wp-json\/wp\/v2\/users\/1"}],"replies":[{"embeddable":true,"href":"https:\/\/icofom.mini.icom.museum\/es\/wp-json\/wp\/v2\/comments?post=463"}],"version-history":[{"count":8,"href":"https:\/\/icofom.mini.icom.museum\/es\/wp-json\/wp\/v2\/pages\/463\/revisions"}],"predecessor-version":[{"id":4015,"href":"https:\/\/icofom.mini.icom.museum\/es\/wp-json\/wp\/v2\/pages\/463\/revisions\/4015"}],"up":[{"embeddable":true,"href":"https:\/\/icofom.mini.icom.museum\/es\/wp-json\/wp\/v2\/pages\/151"}],"wp:attachment":[{"href":"https:\/\/icofom.mini.icom.museum\/es\/wp-json\/wp\/v2\/media?parent=463"}],"wp:term":[{"taxonomy":"yst_prominent_words","embeddable":true,"href":"https:\/\/icofom.mini.icom.museum\/es\/wp-json\/wp\/v2\/yst_prominent_words?post=463"}],"curies":[{"name":"wp","href":"https:\/\/api.w.org\/{rel}","templated":true}]}}