{"id":532,"date":"2018-12-28T12:34:18","date_gmt":"2018-12-28T12:34:18","guid":{"rendered":"http:\/\/icofom.icom.cust.oxymium.net\/meetings\/ediciones-anteriores\/"},"modified":"2020-09-14T22:18:13","modified_gmt":"2020-09-14T22:18:13","slug":"ediciones-anteriores","status":"publish","type":"page","link":"https:\/\/icofom.mini.icom.museum\/es\/conferencias\/ediciones-anteriores\/","title":{"rendered":"ICOFOM Annual Symposium, 2014"},"content":{"rendered":"<div id=\"RTE_CONTENT\">\n<p><!--TYPO3SEARCH_begin--> <!-- CONTENT ELEMENT, uid:3970\/textpic [begin] --><\/p>\n<div id=\"c3970\">\n<p><!-- Header: [begin] --><\/p>\n<h2>37\u00ba Simposio internacional del ICOFOM<\/h2>\n<p><!-- Header: [end] --> <!-- Image block: [begin] --><\/p>\n<div>\n<div>\n<p><!-- Text: [begin] --><\/p>\n<p><b>del 5 al 9 de Junio de 2014<\/b><\/p>\n<p><b>Nuevas tendencias en Museolog\u00eda<\/b><\/p>\n<p>El t\u00e9rmino Museolog\u00eda es utilizado aqu\u00ed\u00a0 para designar el conjunto de teor\u00edas y reflexiones cr\u00edticas relacionadas al campo museal. Esta definici\u00f3n, adoptada por el ICOFOM, comprende un n\u00famero de corrientes, a veces divergentes, pero todas ellas con el com\u00fan denominador de concebirla como la relaci\u00f3n espec\u00edfica que el hombre mantiene con la realidad a trav\u00e9s de la experiencia museal. Hacer un balance del estado de las investigaciones en este campo, confrontar los an\u00e1lisis y los avances, interrogarse sobre las nuevas tendencias que se producen en el seno del campo museal, son los objetivos de este coloquio del ICOFOM.<\/p>\n<p><b>\u00a0<\/b><\/p>\n<p><a title=\"TEXT, 2014 37th Programme ICOFOM ENG, 2014_37th_Programme_ICOFOM_ENG.pdf, 1.1 MB\" href=\"http:\/\/icofom.mini.icom.museum\/wp-content\/uploads\/sites\/18\/2018\/12\/2014_37th_Programme_ICOFOM_ENG.pdf\">Program<\/a>\u00a0(Eng.)<\/p>\n<p><a title=\"TEXT, 2014 ICOFOM Nouvelles tendances de la museologie Programme, 2014_ICOFOM_Nouvelles_tendances_de_la_museologie_Programme.pdf, 1.1 MB\" href=\"http:\/\/icofom.mini.icom.museum\/wp-content\/uploads\/sites\/18\/2018\/12\/2014_ICOFOM_Nouvelles_tendances_de_la_museologie_Programme.pdf\">Program<\/a>\u00a0(Fra.)<\/p>\n<p><a title=\"2014_ICOFOM_AGM_Minutes_FINAL_01.docx (19.0 KB)\" href=\"http:\/\/icofom.mini.icom.museum\/wp-content\/uploads\/sites\/18\/2018\/12\/2014_ICOFOM_AGM_Minutes_FINAL_01.docx\">Minuta dela Asemblea General del ICOFOM, 2014<\/a><\/p>\n<p><!-- Text: [end] --><\/p>\n<\/div>\n<div>\n<div>\n<ul>\n<li><img decoding=\"async\" src=\"http:\/\/icofom.mini.icom.museum\/wp-content\/uploads\/sites\/18\/2018\/12\/IRD-moyen_06.jpg\" alt=\"\" \/><\/li>\n<\/ul>\n<\/div>\n<div>\n<ul>\n<li><img decoding=\"async\" src=\"http:\/\/icofom.mini.icom.museum\/wp-content\/uploads\/sites\/18\/2018\/12\/PALOC_logo_vecto2014_07.jpg\" alt=\"\" \/><\/li>\n<\/ul>\n<\/div>\n<\/div>\n<\/div>\n<div><!-- --><\/div>\n<p><!-- Image block: [end] --> <!-- BEGIN: Content of extension \"hpo_relatedlink\", plugin \"tx_hporelatedlink_pi1\" --><\/p>\n<div><\/div>\n<p><!-- END: Content of extension \"hpo_relatedlink\", plugin \"tx_hporelatedlink_pi1\" --><\/p>\n<\/div>\n<p><!-- CONTENT ELEMENT, uid:3970\/textpic [end] --> <!-- CONTENT ELEMENT, uid:13552\/image [begin] --><\/p>\n<div id=\"c13552\">\n<p><!-- Image block: [begin] --><\/p>\n<div>\n<div><img decoding=\"async\" src=\"http:\/\/icofom.mini.icom.museum\/wp-content\/uploads\/sites\/18\/2018\/12\/1f8706eeb7.jpg\" alt=\"\" \/><\/div>\n<\/div>\n<div><!-- --><\/div>\n<p><!-- Image block: [end] --> <!-- BEGIN: Content of extension \"hpo_relatedlink\", plugin \"tx_hporelatedlink_pi1\" --><\/p>\n<div><\/div>\n<p><!-- END: Content of extension \"hpo_relatedlink\", plugin \"tx_hporelatedlink_pi1\" --><\/p>\n<\/div>\n<p><!-- CONTENT ELEMENT, uid:13552\/image [end] --> <!-- CONTENT ELEMENT, uid:12167\/textpic [begin] --><\/p>\n<div id=\"c12167\">\n<p><!-- Header: [begin] --><\/p>\n<h2>Homenaje a Andr\u00e9 Desvall\u00e9es<\/h2>\n<p><!-- Header: [end] --> <!-- Image block: [begin] --><\/p>\n<div>\n<div>\n<p><!-- Text: [begin] --><\/p>\n<p><b><\/b><b>\u00a0<\/b><\/p>\n<p>Durante de la 23a. Conferencia General del ICOM, que tuvo lugar en R\u00edo en Agosto de 2013, Andr\u00e9 Desvall\u00e9es fue elegido Miembro de Honor del ICOM. Consideramos que esta ocasi\u00f3n es\u00a0 propicia para reunir las contribuciones de aquellos que lo han conocido y\/o han sido influenciados por \u00e9l.<\/p>\n<p><b>\u00a0<a title=\"TEXT, ISS 43 LLAMADA 2014 Esp, ISS_43_LLAMADA_2014_Esp.pdf, 76 KB\" href=\"http:\/\/icofom.mini.icom.museum\/wp-content\/uploads\/sites\/18\/2018\/12\/ISS_43_LLAMADA_2014_Esp.pdf\">ISS 43 LLAMADA 2014 Esp<\/a><\/b><\/p>\n<p><!-- Text: [end] --><\/p>\n<\/div>\n<div><img decoding=\"async\" src=\"http:\/\/icofom.mini.icom.museum\/wp-content\/uploads\/sites\/18\/2018\/12\/d1c0e57535.jpg\" alt=\"\" \/><\/div>\n<\/div>\n<div><!-- --><\/div>\n<p><!-- Image block: [end] --> <!-- BEGIN: Content of extension \"hpo_relatedlink\", plugin \"tx_hporelatedlink_pi1\" --><\/p>\n<div><\/div>\n<p><!-- END: Content of extension \"hpo_relatedlink\", plugin \"tx_hporelatedlink_pi1\" --><\/p>\n<\/div>\n<p><!-- CONTENT ELEMENT, uid:12167\/textpic [end] --> <!--TYPO3SEARCH_end--><\/p>\n<\/div>\n","protected":false},"excerpt":{"rendered":"<p>37\u00ba Simposio internacional del ICOFOM del 5 al 9 de Junio de 2014 Nuevas tendencias en Museolog\u00eda El t\u00e9rmino Museolog\u00eda es utilizado aqu\u00ed\u00a0 para designar el conjunto de teor\u00edas y reflexiones cr\u00edticas relacionadas al campo museal. Esta definici\u00f3n, adoptada por el ICOFOM, comprende un n\u00famero de corrientes, a veces divergentes, pero todas ellas con el [&hellip;]<\/p>\n","protected":false},"author":1,"featured_media":0,"parent":151,"menu_order":2,"comment_status":"closed","ping_status":"closed","template":"","meta":{"footnotes":""},"yst_prominent_words":[2229,1456,2227,1455,1453,387,2095,480,107,385,215,194,2223,1454,2081,86,699,214,2231,1452,216],"acf":[],"_links":{"self":[{"href":"https:\/\/icofom.mini.icom.museum\/es\/wp-json\/wp\/v2\/pages\/532"}],"collection":[{"href":"https:\/\/icofom.mini.icom.museum\/es\/wp-json\/wp\/v2\/pages"}],"about":[{"href":"https:\/\/icofom.mini.icom.museum\/es\/wp-json\/wp\/v2\/types\/page"}],"author":[{"embeddable":true,"href":"https:\/\/icofom.mini.icom.museum\/es\/wp-json\/wp\/v2\/users\/1"}],"replies":[{"embeddable":true,"href":"https:\/\/icofom.mini.icom.museum\/es\/wp-json\/wp\/v2\/comments?post=532"}],"version-history":[{"count":2,"href":"https:\/\/icofom.mini.icom.museum\/es\/wp-json\/wp\/v2\/pages\/532\/revisions"}],"predecessor-version":[{"id":4012,"href":"https:\/\/icofom.mini.icom.museum\/es\/wp-json\/wp\/v2\/pages\/532\/revisions\/4012"}],"up":[{"embeddable":true,"href":"https:\/\/icofom.mini.icom.museum\/es\/wp-json\/wp\/v2\/pages\/151"}],"wp:attachment":[{"href":"https:\/\/icofom.mini.icom.museum\/es\/wp-json\/wp\/v2\/media?parent=532"}],"wp:term":[{"taxonomy":"yst_prominent_words","embeddable":true,"href":"https:\/\/icofom.mini.icom.museum\/es\/wp-json\/wp\/v2\/yst_prominent_words?post=532"}],"curies":[{"name":"wp","href":"https:\/\/api.w.org\/{rel}","templated":true}]}}