{"id":5337,"date":"2022-03-26T16:29:35","date_gmt":"2022-03-26T16:29:35","guid":{"rendered":"https:\/\/icofom.mini.icom.museum\/?page_id=5337"},"modified":"2022-03-26T22:28:32","modified_gmt":"2022-03-26T22:28:32","slug":"serie-descolonizando-la-museologia","status":"publish","type":"page","link":"https:\/\/icofom.mini.icom.museum\/es\/publicaciones\/serie-descolonizando-la-museologia\/","title":{"rendered":"Serie &#8220;Descolonizando la Museolog\u00eda&#8221;"},"content":{"rendered":"<p>En 2020, lanzamos la serie &#8220;Descolonizando la Museolog\u00eda&#8221;. Todos los vol\u00famenes son de acceso abierto y pueden descargarse de nuestro sitio web:<\/p>\n<div id=\"c21712\" class=\"csc-default\">\n<div class=\"csc-textpic csc-textpic-intext-right\">\n<div class=\"csc-textpic-text\">\n<div id=\"c21712\" class=\"csc-default\">\n<div class=\"csc-textpic csc-textpic-intext-right\">\n<h1><strong><em>2022<\/em><\/strong><\/h1>\n<h2><em>Decolonising the Curriculum \/ Descolonizar el curr\u00edculo<\/em><\/h2>\n<p><a href=\"https:\/\/icofom.mini.icom.museum\/wp-content\/uploads\/sites\/18\/2022\/03\/2022_Decolonising_Museology_3.pdf\" target=\"_blank\" rel=\"noopener\"><img decoding=\"async\" class=\"alignnone wp-image-5033\" src=\"https:\/\/icofom.mini.icom.museum\/wp-content\/uploads\/sites\/18\/2022\/03\/Screenshot-2022-03-24-at-10.31.13.png\" alt=\"\" width=\"440\" \/><\/a><\/p>\n<h3><a href=\"https:\/\/icofom.mini.icom.museum\/wp-content\/uploads\/sites\/18\/2022\/03\/2022_Decolonising_Museology_3.pdf\" target=\"_blank\" rel=\"noopener\">Click here for the full book<\/a><\/h3>\n<div class=\"csc-textpic-text\"><\/div>\n<\/div>\n<\/div>\n<h1>____________________<\/h1>\n<h1><strong><em>2021<\/em><\/strong><\/h1>\n<h2>Decolonising Museology, 2<br \/>\nD\u00e9coloniser la Mus\u00e9ologie, 2<br \/>\nDescolonizando la Museolog\u00eda, 2<\/h2>\n<p>The Decolonisation of Museology:\u00a0Museums, Mixing, and Myths\u00a0of Origin<br \/>\nLa D\u00e9colonisation de la\u00a0Mus\u00e9ologie : Mus\u00e9es, M\u00e9tissages\u00a0et Mythes d\u2019Origine<br \/>\nLa Descolonizaci\u00f3n de la\u00a0Museolog\u00eda: Museos, Mestizajes y\u00a0Mitos de Origen<\/p>\n<p><a href=\"https:\/\/icofom.mini.icom.museum\/wp-content\/uploads\/sites\/18\/2022\/03\/2021_icofom_decoloniser_museologie.pdf\" target=\"_blank\" rel=\"noopener\"><img decoding=\"async\" class=\"alignnone wp-image-5033\" src=\"https:\/\/icofom.mini.icom.museum\/wp-content\/uploads\/sites\/18\/2022\/03\/cover_decol_2.png\" alt=\"\" width=\"440\" \/><\/a><\/p>\n<h3><a href=\"https:\/\/icofom.mini.icom.museum\/wp-content\/uploads\/sites\/18\/2022\/03\/2021_icofom_decoloniser_museologie.pdf\" target=\"_blank\" rel=\"noopener\">Click here for the full book<\/a><\/h3>\n<h1>____________________<\/h1>\n<div id=\"c21712\" class=\"csc-default\">\n<div class=\"csc-textpic csc-textpic-intext-right\">\n<div class=\"csc-textpic-text\">\n<h1><strong><em>2020<\/em><\/strong><\/h1>\n<h3>Descolonizando a Museologia<br \/>\nDescolonizando la Museolog\u00eda<br \/>\nDecolonising Museology<\/h3>\n<\/div>\n<\/div>\n<p><strong>Volume \/ Volumen \/ Volume: 1<\/strong><\/p>\n<\/div>\n<p><img decoding=\"async\" class=\"alignnone wp-image-4646 size-full\" src=\"http:\/\/icofom.mini.icom.museum\/wp-content\/uploads\/sites\/18\/2021\/05\/2020_Descolonizando_a_Museologia-1.jpg\" alt=\"\" width=\"440\" srcset=\"https:\/\/icofom.mini.icom.museum\/wp-content\/uploads\/sites\/18\/2021\/05\/2020_Descolonizando_a_Museologia-1.jpg 586w, https:\/\/icofom.mini.icom.museum\/wp-content\/uploads\/sites\/18\/2021\/05\/2020_Descolonizando_a_Museologia-1-209x300.jpg 209w\" sizes=\"(max-width: 586px) 100vw, 586px\" \/><\/p>\n<h3><strong><b><a title=\"Decolonising museums PDF\" href=\"https:\/\/drive.google.com\/file\/d\/1CouJafl4o6UmlqZqBByc83uqjcG5fFJk\/view?usp=sharing\" target=\"_blank\" rel=\"noopener\">Click here for the full book<\/a><\/b><\/strong><\/h3>\n<\/div>\n<\/div>\n<\/div>\n<h3><\/h3>\n","protected":false},"excerpt":{"rendered":"<p>En 2020, lanzamos la serie &#8220;Descolonizando la Museolog\u00eda&#8221;. Todos los vol\u00famenes son de acceso abierto y pueden descargarse de nuestro sitio web: 2022 Decolonising the Curriculum \/ Descolonizar el curr\u00edculo Click here for the full book ____________________ 2021 Decolonising Museology, 2 D\u00e9coloniser la Mus\u00e9ologie, 2 Descolonizando la Museolog\u00eda, 2 The Decolonisation of Museology:\u00a0Museums, Mixing, and [&hellip;]<\/p>\n","protected":false},"author":78,"featured_media":0,"parent":110,"menu_order":1,"comment_status":"closed","ping_status":"closed","template":"","meta":{"footnotes":""},"yst_prominent_words":[2608,336,339,387,2095,194,2958,335,325,86,206,186,491,461,2108,1608],"acf":[],"_links":{"self":[{"href":"https:\/\/icofom.mini.icom.museum\/es\/wp-json\/wp\/v2\/pages\/5337"}],"collection":[{"href":"https:\/\/icofom.mini.icom.museum\/es\/wp-json\/wp\/v2\/pages"}],"about":[{"href":"https:\/\/icofom.mini.icom.museum\/es\/wp-json\/wp\/v2\/types\/page"}],"author":[{"embeddable":true,"href":"https:\/\/icofom.mini.icom.museum\/es\/wp-json\/wp\/v2\/users\/78"}],"replies":[{"embeddable":true,"href":"https:\/\/icofom.mini.icom.museum\/es\/wp-json\/wp\/v2\/comments?post=5337"}],"version-history":[{"count":2,"href":"https:\/\/icofom.mini.icom.museum\/es\/wp-json\/wp\/v2\/pages\/5337\/revisions"}],"predecessor-version":[{"id":5400,"href":"https:\/\/icofom.mini.icom.museum\/es\/wp-json\/wp\/v2\/pages\/5337\/revisions\/5400"}],"up":[{"embeddable":true,"href":"https:\/\/icofom.mini.icom.museum\/es\/wp-json\/wp\/v2\/pages\/110"}],"wp:attachment":[{"href":"https:\/\/icofom.mini.icom.museum\/es\/wp-json\/wp\/v2\/media?parent=5337"}],"wp:term":[{"taxonomy":"yst_prominent_words","embeddable":true,"href":"https:\/\/icofom.mini.icom.museum\/es\/wp-json\/wp\/v2\/yst_prominent_words?post=5337"}],"curies":[{"name":"wp","href":"https:\/\/api.w.org\/{rel}","templated":true}]}}