{"id":6128,"date":"2023-03-03T20:01:18","date_gmt":"2023-03-03T19:01:18","guid":{"rendered":"https:\/\/icofom.mini.icom.museum\/?page_id=6128"},"modified":"2025-04-16T10:55:39","modified_gmt":"2025-04-16T08:55:39","slug":"icofom-aspac","status":"publish","type":"page","link":"https:\/\/icofom.mini.icom.museum\/es\/icofom-aspac\/","title":{"rendered":"ICOFOM ASPAC"},"content":{"rendered":"<p><em>Esta es la p\u00e1gina del\u00a0 subcomit\u00e9\u00a0 ICOFOM ASPAC (regi\u00f3n Asia Pac\u00edfico de ICOFOM- ICOM)<\/em><\/p>\n<p><em><strong>Despl\u00e1cese hacia abajo para ver la lista de miembros de la Junta de ICOFOM-ASPAC para el periodo 2022-2024.<\/strong><\/em><\/p>\n<p><em>M\u00e1s actualizaciones durante 2025.<\/em><\/p>\n<hr \/>\n<h3>SEMINARIO POR EL D\u00cdA INTERNACIONAL DE LOS MUSEOS, MALASIA 2025<\/h3>\n<h3>SEMINAR HARI MUZIUM ANTARABANGSA PERINGKAT KEBANGSAAN 2025<\/h3>\n<h3><strong>El futuro de los museos en comunidades en constante cambio<\/strong><\/h3>\n<h3><em>MASA DEPAN MUZIUM DALAM KOMUNITI YANG BERUBAH PANTAS<\/em><\/h3>\n<p>Organizado por \u2502Organizado por<br \/>\nDepartamento de Museos de Malasia, ICOM Malasia y Museo Estatal de Kedah<br \/>\nJabatan Muzium Malaysia, ICOM Malasia y Museo Estatal de Kedah<\/p>\n<p>18 de mayo de 2025 \u250218 de mayo de 2025<br \/>\nM Resort &amp; Hotel Kuala Lumpur<\/p>\n<p style=\"text-align: center\"><a href=\"https:\/\/icofom.mini.icom.museum\/icofom-aspac\/icofom-aspac-events\/malaysia-imd-seminar-2025\/\"><strong>Consulta toda la informaci\u00f3n en este enlace<\/strong><\/a><\/p>\n<p><img decoding=\"async\" loading=\"lazy\" class=\"aligncenter wp-image-7867\" src=\"https:\/\/icofom.mini.icom.museum\/wp-content\/uploads\/sites\/18\/2025\/04\/Seminar-Poster-General-Eng-BM-683x1024.png\" alt=\"\" width=\"496\" height=\"744\" srcset=\"https:\/\/icofom.mini.icom.museum\/wp-content\/uploads\/sites\/18\/2025\/04\/Seminar-Poster-General-Eng-BM-683x1024.png 683w, https:\/\/icofom.mini.icom.museum\/wp-content\/uploads\/sites\/18\/2025\/04\/Seminar-Poster-General-Eng-BM-200x300.png 200w, https:\/\/icofom.mini.icom.museum\/wp-content\/uploads\/sites\/18\/2025\/04\/Seminar-Poster-General-Eng-BM-768x1152.png 768w, https:\/\/icofom.mini.icom.museum\/wp-content\/uploads\/sites\/18\/2025\/04\/Seminar-Poster-General-Eng-BM-1024x1536.png 1024w, https:\/\/icofom.mini.icom.museum\/wp-content\/uploads\/sites\/18\/2025\/04\/Seminar-Poster-General-Eng-BM-1365x2048.png 1365w, https:\/\/icofom.mini.icom.museum\/wp-content\/uploads\/sites\/18\/2025\/04\/Seminar-Poster-General-Eng-BM.png 1512w\" sizes=\"(max-width: 496px) 100vw, 496px\" \/><\/p>\n<p>&nbsp;<\/p>\n<hr \/>\n<h3>Historia de ICOFOM-ASPAC (2016-2022)<br \/>\nPor Kuoning Chen<\/h3>\n<p>&#8220;Con las tendencias de la globalizaci\u00f3n, los museos de Asia y el Pac\u00edfico se han visto cada vez m\u00e1s influenciados por la pol\u00edtica local, la econom\u00eda, los avances en la tecnolog\u00eda de la informaci\u00f3n y los movimientos sociales, al tiempo que han experimentado cambios significativos en su connotaci\u00f3n y forma. La funci\u00f3n tradicional de los museos de preservar el patrimonio cultural se ha ampliado para incluir el servicio a la sociedad y la promoci\u00f3n de la armon\u00eda social. Las operaciones incluyen la creaci\u00f3n de una marca de museo que eve a ayudar a impulsar el desarrollo econ\u00f3mico urbano. Las nuevas misiones se han convertido en importantes tareas para los museos del siglo XXI.<\/p>\n<p>En 2000, UNESCO-ICOM propuso un mayor nivel de atenci\u00f3n a la diversidad de las culturas del mundo en la creencia de que los museos deben tener perspectivas culturalmente diversas para servir como diferentes aspectos a la expresi\u00f3n humana de las emociones, la transmisi\u00f3n de valores, la interpretaci\u00f3n de la objetividad hist\u00f3rica y los valores culturales. Al mismo tiempo, los museos tambi\u00e9n deben desempe\u00f1ar un papel destacado en la promoci\u00f3n de valores como la apertura, la tolerancia y la solidaridad social. Los museos deben estimular al p\u00fablico a reflexionar sobre los retos a los que se enfrenta la sociedad actual. La UNESCO anima a los museos internacionales a compartir bienes culturales, fortalecer el di\u00e1logo entre diferentes culturas \u00e9tnicas, promover el entendimiento mutuo y establecer un esp\u00edritu de paz y tolerancia. Los museos deben servir como lugares para la paz y el desarrollo sostenible.<\/p>\n<p>En los \u00faltimos a\u00f1os, los principales temas debatidos en los museos en torno a la era ASPAC tambi\u00e9n incluyen interpretaciones de exposiciones, la construcci\u00f3n de los museos y la identidad, la comercializaci\u00f3n de los museos, la educaci\u00f3n y la participaci\u00f3n p\u00fablica de los museos, la protecci\u00f3n y la expresi\u00f3n de los museos y el patrimonio cultural inmaterial, las interpretaciones de los conflictos de las sociedades, etc.<\/p>\n<p>Desde 2015 ICOM ICOFOM-ASPAC establecido, celebr\u00f3 conferencias anuales en la regi\u00f3n de Asia y el Pac\u00edfico. Del 8 al 10 de noviembre de 2016, colaboramos con la Universidad Nacional Cheng Kung y el Museo Chimei de Tainan para celebrar el seminario &#8220;Triple h\u00e9lice de los patrimonios culturales cient\u00edfico, t\u00e9cnico y universitario&#8221; para debatir los subtemas: (1) Museos, museolog\u00eda y cambios sociales: Desarrollo en las \u00faltimas d\u00e9cadas, (2) Patrimonio cultural, educaci\u00f3n y \u00e9tica y derecho en los museos, (3) Ciencia y tecnolog\u00eda de los museos universitarios.<\/p>\n<p>En 2017 se celebraron dos conferencias en China. Del 5 al 7 de octubre, celebramos el Foro sobre &#8220;Protecci\u00f3n y desarrollo de los patrimonios culturales&#8221; en Su Hsiang Hua Yuan, en QingHai, para debatir sobre: La protecci\u00f3n y la herencia de los patrimonios culturales tangibles e intangibles, el desarrollo de las industrias culturales y creativas y la definici\u00f3n de los museos. Los d\u00edas 8 y 9 de octubre, coorganizamos la conferencia de &#8220;Repensar la definici\u00f3n de museo&#8221; con la Escuela de Arqueolog\u00eda y Museolog\u00eda de la Universidad Peiking de Pek\u00edn.<\/p>\n<p>En 2018 celebramos 3 conferencias, el 27 y 28 de octubre, coorganizamos el foro y los talleres de &#8220;Museo y Moda&#8221; con el Museo de Artes de Fibra de Taichung en Taichung, Taiw\u00e1n, para discutir el desarrollo y la educaci\u00f3n de la cultura del tejido, la integraci\u00f3n de la identidad. Los d\u00edas 3 y 4 de noviembre, coorganizamos la conferencia &#8220;Museo y ciudad&#8221; con el Museo de Arte de la ciudad de Tainan para debatir sobre: Vocabulario de museos y arquitectura urbana: textura hist\u00f3rica, identidad urbana, caracter\u00edsticas del paisaje, revitalizaci\u00f3n urbana, est\u00e9tica de la vida ciudadana, turismo cultural; El museo y la preservaci\u00f3n de los patrimonios culturales urbanos: la preservaci\u00f3n de los patrimonios culturales, la educaci\u00f3n y las industrias creativas culturales. El 7 de noviembre celebramos la conferencia &#8220;El museo y lo sagrado&#8221; en el Museo de las Religiones del Mundo de Taipei. Se trataron temas sobre: Las propiedades sagradas, las connotaciones y la presentaci\u00f3n del patrimonio cultural material e inmaterial, as\u00ed como la objetividad y subjetividad de las interpretaciones en los museos.<\/p>\n<p>M\u00e1s de 800 delegados asisten a estas conferencias, 90 m\u00e1s ponentes y presentadores de ICOM ICOFOM-ASPAC miembros de la junta, conservadores de museos, expertos acad\u00e9micos relacionados, ad funcionarios a cargo del museo hab\u00edan asistido.<\/p>\n<p>En diciembre de 2018, hemos seleccionado los trabajos de las conferencias de 2016-2018 ICOFOM-ASPAC fueron compilados como una referencia para los colegas interesados en la museolog\u00eda, publicado un libro en el t\u00edtulo como &#8220;Museolog\u00eda y Cultura-Museo y Patrimonio, Ciudad, Sagrado y Museo Definici\u00f3n&#8221; . Damos las gracias a la instituci\u00f3n editora del Museo de las Religiones del Mundo de Taipei, a los Museos y a las Universidades por coorganizar las conferencias. Adem\u00e1s al Ministerio de Cultura ROC, Gobiernos de Ciudades y entre otros por su asistencia y apoyo financiero. Tambi\u00e9n doy las gracias y el mayor reconocimiento a los autores de este libro.<\/p>\n<p>En 2019, durante la Conferencia General del ICOM, celebramos la reuni\u00f3n de la junta en Kioto y elegimos a los nuevos miembros de la junta. Como resultado, KuoNing Chen (Taiw\u00e1n) fue elegido presidente de la junta, Janet Tee(Malasia) secretaria general con otros miembros de la junta como Olga Truevsiva (Siberia, Rusia), Kenson Kwok (Singapur), Shin-Chieh Tzeng (Taiw\u00e1n), Sitti (Malasia), Joan Min Ma (China), Zheng Yi (China), Hitomi Hitomi Inoue (Jap\u00f3n), HongNam Kim (Corea), Susana YoungNan Kim (Corea) para el consejo (2019-2022).<\/p>\n<p>Debido al Covid19 , pospusimos la conferencia anual de 2020 a 2021, la conferencia internacional on line se celebr\u00f3 en Malasia, con 120 participantes. El tema y el programa fueron &#8220;Impacto de la pandemia en la regi\u00f3n Asia-Pac\u00edfico&#8221; y se centraron principalmente en los informes de los pa\u00edses y en ponencias individuales.<\/p>\n<p>En julio de 2022, el equipo de Corea celebr\u00f3 la conferencia anual en Se\u00fal, con un programa de gran \u00e9xito, al que asistieron 150 participantes y cuyo tema fue &#8220;El poder de los museos&#8221;. En Se\u00fal celebramos la reuni\u00f3n de la Junta Directiva y la elecci\u00f3n de los nuevos miembros. Como resultado, los nuevos miembros de la Junta elegidos para 2023-2025 son: Janet Tee (Presidenta), Zheng Yi (Vicepresidente), Shin-Chieh Tzeng ( Secretario General), KuoNing Chen, Olga Truevsiva (Siberia, Rusia), Kenson Kwok (Singapur), Sitti (Malasia), Joan Min Ma (China) y Susana YoungNan Kim (Corea) .<\/p>\n<p>Realmente quiero dar las gracias a todos los miembros de mi junta para dar tantos esfuerzos para hacer que nuestros programas con \u00e9xito durante los \u00faltimos 6 a\u00f1os, y doy las gracias a Hildegard Vielegg por su amable asesoramiento y participaci\u00f3n desde el per\u00edodo ICOFOM-SIB ( 2007-2015 ).<\/p>\n<p style=\"text-align: right\">Chen, Kuo-Ning<br \/>\nEx Presidente del ICOM ICOFOM-ASPAC(2016-2022)<br \/>\n2023\/4\/18<\/p>\n<hr \/>\n<p>&nbsp;<\/p>\n<h3>Miembros de la Junta de ICOFOM-ASPAC<br \/>\nPeriodo 2022-2024<\/h3>\n<p><strong>Janet Siew Mooi TEE, Presidenta.<\/strong> Ex Directora del Museo Textil de Kuala Lumpur, Malasia.<\/p>\n<p><strong>Margaret Yi ZHENG, Vicepresidenta.<\/strong> Directora, Divisi\u00f3n Administrativa de Museos, Administraci\u00f3n Municipal de Cultura y Turismo de Shanghai, China<\/p>\n<p><strong>Shin-Chieh TZENG, Secretario General.<\/strong> Profesor Asociado y Director del Instituto Universitario de Conservaci\u00f3n de Reliquias Culturales y Museolog\u00eda de la Universidad Nacional de las Artes de Tainan (Taiw\u00e1n).<\/p>\n<p>KuoNing CHEN, Directora Honoraria, Museo de Religiones del Mundo, Taiw\u00e1n<\/p>\n<p>Olga TRUEVSIVA, Profesora, Universidad Pedag\u00f3gica Estatal de Altai, Siberia<\/p>\n<p>Kenson KWOK, Fundador y Director, Museo de las Civilizaciones Asi\u00e1ticas<\/p>\n<p>Sitti Rabia Abd Rahman, Malasia<\/p>\n<p>Joan Min MA, Conservadora, Museo Nacional de China, China<\/p>\n<p>Susana YoungNan KIM, Directora, Museo del Bordado Han Sangsoo, Corea del Sur<\/p>\n<p>Sitti Rabbia, Director de Galeria Perdana, Departmento de Museos, Malasia.<\/p>\n","protected":false},"excerpt":{"rendered":"<p>Esta es la p\u00e1gina del\u00a0 subcomit\u00e9\u00a0 ICOFOM ASPAC (regi\u00f3n Asia Pac\u00edfico de ICOFOM- ICOM) Despl\u00e1cese hacia abajo para ver la lista de miembros de la Junta de ICOFOM-ASPAC para el periodo 2022-2024. M\u00e1s actualizaciones durante 2025. SEMINARIO POR EL D\u00cdA INTERNACIONAL DE LOS MUSEOS, MALASIA 2025 SEMINAR HARI MUZIUM ANTARABANGSA PERINGKAT KEBANGSAAN 2025 El futuro [&hellip;]<\/p>\n","protected":false},"author":105,"featured_media":0,"parent":0,"menu_order":0,"comment_status":"closed","ping_status":"closed","template":"","meta":{"footnotes":""},"yst_prominent_words":[78,1928,115,552,1694,1695,2780,2777,2084,2110,211],"acf":[],"_links":{"self":[{"href":"https:\/\/icofom.mini.icom.museum\/es\/wp-json\/wp\/v2\/pages\/6128"}],"collection":[{"href":"https:\/\/icofom.mini.icom.museum\/es\/wp-json\/wp\/v2\/pages"}],"about":[{"href":"https:\/\/icofom.mini.icom.museum\/es\/wp-json\/wp\/v2\/types\/page"}],"author":[{"embeddable":true,"href":"https:\/\/icofom.mini.icom.museum\/es\/wp-json\/wp\/v2\/users\/105"}],"replies":[{"embeddable":true,"href":"https:\/\/icofom.mini.icom.museum\/es\/wp-json\/wp\/v2\/comments?post=6128"}],"version-history":[{"count":12,"href":"https:\/\/icofom.mini.icom.museum\/es\/wp-json\/wp\/v2\/pages\/6128\/revisions"}],"predecessor-version":[{"id":7884,"href":"https:\/\/icofom.mini.icom.museum\/es\/wp-json\/wp\/v2\/pages\/6128\/revisions\/7884"}],"wp:attachment":[{"href":"https:\/\/icofom.mini.icom.museum\/es\/wp-json\/wp\/v2\/media?parent=6128"}],"wp:term":[{"taxonomy":"yst_prominent_words","embeddable":true,"href":"https:\/\/icofom.mini.icom.museum\/es\/wp-json\/wp\/v2\/yst_prominent_words?post=6128"}],"curies":[{"name":"wp","href":"https:\/\/api.w.org\/{rel}","templated":true}]}}