{"id":6264,"date":"2023-03-08T20:35:48","date_gmt":"2023-03-08T19:35:48","guid":{"rendered":"https:\/\/icofom.mini.icom.museum\/?page_id=6264"},"modified":"2023-03-08T20:42:32","modified_gmt":"2023-03-08T19:42:32","slug":"coloquio-internacional-organizado-conjuntamente-por-icofom-comite-internacional-de-museologia-del-consejo-internacional-de-museos-amepnc-asociacion-de-museos-e-instituciones-del-patrimonio-de-nue","status":"publish","type":"page","link":"https:\/\/icofom.mini.icom.museum\/es\/noticias\/coloquio-internacional-organizado-conjuntamente-por-icofom-comite-internacional-de-museologia-del-consejo-internacional-de-museos-amepnc-asociacion-de-museos-e-instituciones-del-patrimonio-de-nue\/","title":{"rendered":"Coloquio internacional organizado conjuntamente por ICOFOM (Comit\u00e9 Internacional de Museolog\u00eda, del Consejo Internacional de Museos), AMEPNC (Asociaci\u00f3n de Museos e Instituciones del Patrimonio de Nueva Caledonia) y la Universidad de Nueva Caledonia"},"content":{"rendered":"<p>Nueva Caledonia, 16-21 de octubre de 2023<\/p>\n<h3>Promover la visibilidad y el atractivo del patrimonio insular: un reto museol\u00f3gico del siglo XXI<\/h3>\n<h3>Convocatoria de ponencias<\/h3>\n<p>Los patrimonios insulares son intr\u00ednsecamente m\u00e1s m\u00f3viles que los de los espacios continentales. Por supuesto, las islas pueden ser escalas desde las que se traen cosas de vuelta, pero, sobre todo, las sociedades insulares, debido a su relativo aislamiento y a la indisponibilidad de ciertos recursos, siempre han necesitado intercambiar bienes, alimentos, materiales y objetos fabricados con otras poblaciones situadas m\u00e1s all\u00e1 del mar. Desde la \u00e9poca del conjunto cultural lapita hasta las rutas comerciales del mar Egeo, pasando por las relaciones precolombinas entre las islas de las Antillas, la kula de los trobriandeses popularizada por Bronislaw Malinowski, o incluso el tr\u00e1fico mar\u00edtimo de la era contempor\u00e1nea, el espacio oce\u00e1nico ha sido una v\u00eda para el intercambio y la circulaci\u00f3n de elementos tanto materiales como inmateriales. As\u00ed, desde la antig\u00fcedad, los objetos y los conocimientos patrimoniales se han desplazado, dispersado y abandonado las islas, fen\u00f3meno que se ha acentuado desde la multiplicaci\u00f3n de los contactos, en particular con el mundo occidental.<\/p>\n<p>Lineamientos completos:<\/p>\n<p><a href=\"https:\/\/icofom.mini.icom.museum\/wp-content\/uploads\/sites\/18\/2023\/03\/AAC-AMEPNC-ICOFOM-UNC-Final-FR_compressed-1.pdf\">En Franc\u00e9s<\/a><\/p>\n<p><a href=\"https:\/\/icofom.mini.icom.museum\/wp-content\/uploads\/sites\/18\/2023\/03\/CFP-ICOFOM-AMEP-UNC-Final-EN_compressed-1.pdf\">En ingl\u00e9s<\/a><\/p>\n<h2>_______<\/h2>\n","protected":false},"excerpt":{"rendered":"<p>Nueva Caledonia, 16-21 de octubre de 2023 Promover la visibilidad y el atractivo del patrimonio insular: un reto museol\u00f3gico del siglo XXI Convocatoria de ponencias Los patrimonios insulares son intr\u00ednsecamente m\u00e1s m\u00f3viles que los de los espacios continentales. Por supuesto, las islas pueden ser escalas desde las que se traen cosas de vuelta, pero, sobre [&hellip;]<\/p>\n","protected":false},"author":105,"featured_media":6266,"parent":109,"menu_order":0,"comment_status":"closed","ping_status":"closed","template":"","meta":{"footnotes":""},"yst_prominent_words":[387,552,480,215,194,86,699,214,720,479,216,546,548],"acf":[],"_links":{"self":[{"href":"https:\/\/icofom.mini.icom.museum\/es\/wp-json\/wp\/v2\/pages\/6264"}],"collection":[{"href":"https:\/\/icofom.mini.icom.museum\/es\/wp-json\/wp\/v2\/pages"}],"about":[{"href":"https:\/\/icofom.mini.icom.museum\/es\/wp-json\/wp\/v2\/types\/page"}],"author":[{"embeddable":true,"href":"https:\/\/icofom.mini.icom.museum\/es\/wp-json\/wp\/v2\/users\/105"}],"replies":[{"embeddable":true,"href":"https:\/\/icofom.mini.icom.museum\/es\/wp-json\/wp\/v2\/comments?post=6264"}],"version-history":[{"count":1,"href":"https:\/\/icofom.mini.icom.museum\/es\/wp-json\/wp\/v2\/pages\/6264\/revisions"}],"predecessor-version":[{"id":6265,"href":"https:\/\/icofom.mini.icom.museum\/es\/wp-json\/wp\/v2\/pages\/6264\/revisions\/6265"}],"up":[{"embeddable":true,"href":"https:\/\/icofom.mini.icom.museum\/es\/wp-json\/wp\/v2\/pages\/109"}],"wp:featuredmedia":[{"embeddable":true,"href":"https:\/\/icofom.mini.icom.museum\/es\/wp-json\/wp\/v2\/media\/6266"}],"wp:attachment":[{"href":"https:\/\/icofom.mini.icom.museum\/es\/wp-json\/wp\/v2\/media?parent=6264"}],"wp:term":[{"taxonomy":"yst_prominent_words","embeddable":true,"href":"https:\/\/icofom.mini.icom.museum\/es\/wp-json\/wp\/v2\/yst_prominent_words?post=6264"}],"curies":[{"name":"wp","href":"https:\/\/api.w.org\/{rel}","templated":true}]}}