{"id":6453,"date":"2023-04-27T15:00:34","date_gmt":"2023-04-27T13:00:34","guid":{"rendered":"https:\/\/icofom.mini.icom.museum\/?page_id=6453"},"modified":"2023-04-28T13:33:18","modified_gmt":"2023-04-28T11:33:18","slug":"colaboraciones","status":"publish","type":"page","link":"https:\/\/icofom.mini.icom.museum\/es\/colaboraciones\/","title":{"rendered":"Colaboraciones"},"content":{"rendered":"<h1>2022-2025<\/h1>\n<p>En 2023 ICOFOM apoya los siguientes eventos:<\/p>\n<p>&nbsp;<\/p>\n<p><strong><em>Festival de Museolog\u00eda organizado por M\u00eatis-Lab<\/em><\/strong><\/p>\n<p><strong>D\u00f3nde<\/strong>: Par\u00eds<\/p>\n<p><strong>Cu\u00e1ndo<\/strong>: 8-9 de junio de 2023<\/p>\n<p><strong>M\u00e1s informaci\u00f3n<\/strong>: <a href=\"https:\/\/metis-lab.com\/2022\/12\/22\/edition-2023\/\" target=\"_blank\" rel=\"noopener\">https:\/\/metis-lab.com\/2022\/12\/22\/edition-2023\/<\/a><\/p>\n<p>(ICOFOM como socio cient\u00edfico)<\/p>\n<p>&nbsp;<\/p>\n<p><em><strong>Coloquio internacional de estudiantes de posgrado sobre el estudio del libro y la literatura en las exposiciones<\/strong><\/em><\/p>\n<p><strong>D\u00f3nde<\/strong>: Manchester<\/p>\n<p><strong>Cu\u00e1ndo<\/strong>: 17-18 de julio de 2023<\/p>\n<p><strong>Programa<\/strong> (en ingl\u00e9s): <a href=\"https:\/\/eblsymposium.wixsite.com\/exhibitingwords\/copy-of-programme-1\" target=\"_blank\" rel=\"noopener\">https:\/\/eblsymposium.wixsite.com\/exhibitingwords\/copy-of-programme-1<\/a><\/p>\n<p>(ICOFOM como socio cient\u00edfico)<\/p>\n<p>&nbsp;<\/p>\n<p><em><strong>Conferencia Internacional ICOFOM &amp; AMEPNC (Asociaci\u00f3n de Museos y Sitios del Patrimonio de Nueva Caledonia)<\/strong><\/em><\/p>\n<p><strong>D\u00f3nde<\/strong>: Numea, Nueva Caledonia<\/p>\n<p><strong>Cu\u00e1ndo<\/strong>: del 16 al 21 de octubre de 2023<\/p>\n<p><strong>Tema<\/strong>: Promover la visibilidad y el atractivo del patrimonio insular: un reto museol\u00f3gico del siglo XXI<\/p>\n<p><strong>M\u00e1s informaci\u00f3n<\/strong>:<\/p>\n<ul>\n<li><a href=\"https:\/\/icofom.mini.icom.museum\/wp-content\/uploads\/sites\/18\/2023\/03\/AAC-AMEPNC-ICOFOM-UNC-Final-FR_compressed-1.pdf\" target=\"_blank\" rel=\"noopener\">Convocatoria de ponencias en franc\u00e9s<\/a><\/li>\n<li><a href=\"https:\/\/icofom.mini.icom.museum\/wp-content\/uploads\/sites\/18\/2023\/03\/CFP-ICOFOM-AMEP-UNC-Final-EN_compressed-1.pdf\" target=\"_blank\" rel=\"noopener\">Convocatoria de ponencias en ingl\u00e9s<\/a><\/li>\n<\/ul>\n<p>(ICOFOM como socio cient\u00edfico)<\/p>\n","protected":false},"excerpt":{"rendered":"<p>2022-2025 En 2023 ICOFOM apoya los siguientes eventos: &nbsp; Festival de Museolog\u00eda organizado por M\u00eatis-Lab D\u00f3nde: Par\u00eds Cu\u00e1ndo: 8-9 de junio de 2023 M\u00e1s informaci\u00f3n: https:\/\/metis-lab.com\/2022\/12\/22\/edition-2023\/ (ICOFOM como socio cient\u00edfico) &nbsp; Coloquio internacional de estudiantes de posgrado sobre el estudio del libro y la literatura en las exposiciones D\u00f3nde: Manchester Cu\u00e1ndo: 17-18 de julio de [&hellip;]<\/p>\n","protected":false},"author":78,"featured_media":0,"parent":0,"menu_order":0,"comment_status":"closed","ping_status":"closed","template":"","meta":{"footnotes":""},"yst_prominent_words":[1654,387,194,93],"acf":[],"_links":{"self":[{"href":"https:\/\/icofom.mini.icom.museum\/es\/wp-json\/wp\/v2\/pages\/6453"}],"collection":[{"href":"https:\/\/icofom.mini.icom.museum\/es\/wp-json\/wp\/v2\/pages"}],"about":[{"href":"https:\/\/icofom.mini.icom.museum\/es\/wp-json\/wp\/v2\/types\/page"}],"author":[{"embeddable":true,"href":"https:\/\/icofom.mini.icom.museum\/es\/wp-json\/wp\/v2\/users\/78"}],"replies":[{"embeddable":true,"href":"https:\/\/icofom.mini.icom.museum\/es\/wp-json\/wp\/v2\/comments?post=6453"}],"version-history":[{"count":10,"href":"https:\/\/icofom.mini.icom.museum\/es\/wp-json\/wp\/v2\/pages\/6453\/revisions"}],"predecessor-version":[{"id":6465,"href":"https:\/\/icofom.mini.icom.museum\/es\/wp-json\/wp\/v2\/pages\/6453\/revisions\/6465"}],"wp:attachment":[{"href":"https:\/\/icofom.mini.icom.museum\/es\/wp-json\/wp\/v2\/media?parent=6453"}],"wp:term":[{"taxonomy":"yst_prominent_words","embeddable":true,"href":"https:\/\/icofom.mini.icom.museum\/es\/wp-json\/wp\/v2\/yst_prominent_words?post=6453"}],"curies":[{"name":"wp","href":"https:\/\/api.w.org\/{rel}","templated":true}]}}