{"id":6842,"date":"2023-10-02T19:39:21","date_gmt":"2023-10-02T17:39:21","guid":{"rendered":"https:\/\/icofom.mini.icom.museum\/?page_id=6842"},"modified":"2025-02-15T11:38:40","modified_gmt":"2025-02-15T10:38:40","slug":"proyectos-especiales","status":"publish","type":"page","link":"https:\/\/icofom.mini.icom.museum\/es\/proyectos-especiales\/","title":{"rendered":"Proyectos Especiales"},"content":{"rendered":"<h2>Proyecto SAREC j\u00f3venes de ICOFOM<\/h2>\n<p><img decoding=\"async\" loading=\"lazy\" class=\"aligncenter size-large wp-image-6843\" src=\"https:\/\/icofom.mini.icom.museum\/wp-content\/uploads\/sites\/18\/2023\/10\/Youth_ESP-1024x1024.png\" alt=\"\" width=\"1024\" height=\"1024\" srcset=\"https:\/\/icofom.mini.icom.museum\/wp-content\/uploads\/sites\/18\/2023\/10\/Youth_ESP-1024x1024.png 1024w, https:\/\/icofom.mini.icom.museum\/wp-content\/uploads\/sites\/18\/2023\/10\/Youth_ESP-300x300.png 300w, https:\/\/icofom.mini.icom.museum\/wp-content\/uploads\/sites\/18\/2023\/10\/Youth_ESP-150x150.png 150w, https:\/\/icofom.mini.icom.museum\/wp-content\/uploads\/sites\/18\/2023\/10\/Youth_ESP-768x768.png 768w, https:\/\/icofom.mini.icom.museum\/wp-content\/uploads\/sites\/18\/2023\/10\/Youth_ESP.png 1080w\" sizes=\"(max-width: 1024px) 100vw, 1024px\" \/><\/p>\n<p>ICOFOM cree firmemente que los museos deben situar la participaci\u00f3n de los j\u00f3venes en el centro de los debates y discusiones. ICOFOM facilitar\u00e1 talleres globales para j\u00f3venes y profesionales de la juventud en colaboraci\u00f3n con museos locales y ONGs.<\/p>\n<p>La serie de talleres globales adoptar\u00e1 la llamada a la acci\u00f3n para los profesionales de los museos por parte de activistas j\u00f3venes preocupados por el cambio clim\u00e1tico, para convertirse en agentes de cambio tanto en la museolog\u00eda contempor\u00e1nea, como en la sociedad en general, y tratar de entender el papel que los museos pueden desempe\u00f1ar para hacer frente al cambio clim\u00e1tico y la Agenda 2030 de la ONU, en particular en los pa\u00edses y comunidades sub representadas. Los talleres contribuir\u00e1n a los resultados de la investigaci\u00f3n y al llamamiento general en favor de una mayor participaci\u00f3n de los j\u00f3venes en los museos y en el ICOM.<\/p>\n<p>Cada taller, investigaci\u00f3n asociada y actividad ha sido posible gracias a los conocimientos, el compromiso y el entusiasmo de todos los j\u00f3venes, comunidades, poseedores de conocimientos tradicionales, colaboradores y organizaciones asociadas participantes. ICOFOM desea agradecer las generosas contribuciones en especie de los diversos socios del proyecto y, en particular, la contribuci\u00f3n de tiempo del personal de los colaboradores dedicado a facilitar y apoyar el proyecto.<\/p>\n<p>Los talleres globales, algunos de los cuales a\u00fan no se han celebrado, tendr\u00e1n lugar en colaboraci\u00f3n con socios locales en los siguientes lugares:<\/p>\n<p><strong>&#8211; Abiy\u00e1n, Costa de Marfil<\/strong><\/p>\n<p>En colaboraci\u00f3n con ICOM Costa de Marfil<\/p>\n<p><strong>&#8211; Barbados, Jamaica y Trinidad y Tobago<\/strong><\/p>\n<p>En colaboraci\u00f3n con la Universidad de las Indias Occidentales (UWI)<\/p>\n<p><strong>&#8211; Cork, Rep\u00fablica de Irlanda<\/strong><\/p>\n<p>En colaboraci\u00f3n con el University College Cork<\/p>\n<p><strong>&#8211; Doha, Qatar<\/strong><\/p>\n<p>En colaboraci\u00f3n con ICOM Qatar y Qatar Museums<\/p>\n<p><strong>&#8211; George Town, Islas Caim\u00e1n<\/strong><\/p>\n<p>En colaboraci\u00f3n con la Galer\u00eda Nacional de las Islas Caim\u00e1n<\/p>\n<p><strong>&#8211; Calcuta, India<\/strong><\/p>\n<p>En colaboraci\u00f3n con la Universidad de Calcuta<\/p>\n<p><strong>&#8211; Kuala Lumpur, Malasia<\/strong><\/p>\n<p>En colaboraci\u00f3n con ICOFOM-ASPAC, ICOM Malasia y el Departamento de Museos de Malasia<\/p>\n<p><strong>&#8211; Lesbos, Grecia<\/strong><\/p>\n<p>En colaboraci\u00f3n con la Universidad del Egeo<\/p>\n<p><strong>&#8211; Noumea, Nueva Caledonia<\/strong><\/p>\n<p>En colaboraci\u00f3n con la Universidad de Nueva Caledonia y la Association des Mus\u00e9es et \u00c9tablissements Patrimoniaux de Nouvelle-Cal\u00e9donie<\/p>\n<p><strong>&#8211; Paran\u00e1, Argentina<\/strong><\/p>\n<p>En colaboraci\u00f3n con ICOFOM-LAC e ICOM Argentina<\/p>\n<p><strong>&#8211; Shanghai, China<\/strong><\/p>\n<p>En colaboraci\u00f3n con la Universidad de Fudan<\/p>\n<p><strong>&#8211; Split, Croacia<\/strong><\/p>\n<p>En colaboraci\u00f3n con la Universidad de Zagreb<\/p>\n<p><strong>&#8211; St Andrews, Escocia, Reino Unido<\/strong><\/p>\n<p>En colaboraci\u00f3n con la Universidad de St Andrews y el proyecto de investigaci\u00f3n Shared Island Stories del UKRI<\/p>\n<p><strong>&#8211; Italia, <\/strong>Pendiente de confirmaci\u00f3n,<\/p>\n<p>En colaboraci\u00f3n con la Universidad de Mil\u00e1n Bicocca<\/p>\n<p><strong>&#8211; Wellington, Aotearoa Nueva Zelanda<\/strong><\/p>\n<p>En colaboraci\u00f3n con Te Herenga Waka &#8211; Universidad Victoria de Wellington<\/p>\n<p>Para m\u00e1s informaci\u00f3n, p\u00f3ngase en contacto con Jamie Allan Brown, Tesorero del ICOFOM (2022-2025) e Investigador de la Universidad de St Andrews, a trav\u00e9s de <a href=\"mailto:jab26@st-andrews.ac.uk\">jab26@st-andrews.ac.uk<\/a><\/p>\n<p><img decoding=\"async\" loading=\"lazy\" class=\"aligncenter size-large wp-image-7797\" src=\"https:\/\/icofom.mini.icom.museum\/wp-content\/uploads\/sites\/18\/2025\/02\/ICOFOM_SAREC_Year2_Report_310125_JAB52-724x1024.jpg\" alt=\"\" width=\"724\" height=\"1024\" srcset=\"https:\/\/icofom.mini.icom.museum\/wp-content\/uploads\/sites\/18\/2025\/02\/ICOFOM_SAREC_Year2_Report_310125_JAB52-724x1024.jpg 724w, https:\/\/icofom.mini.icom.museum\/wp-content\/uploads\/sites\/18\/2025\/02\/ICOFOM_SAREC_Year2_Report_310125_JAB52-212x300.jpg 212w, https:\/\/icofom.mini.icom.museum\/wp-content\/uploads\/sites\/18\/2025\/02\/ICOFOM_SAREC_Year2_Report_310125_JAB52-768x1086.jpg 768w, https:\/\/icofom.mini.icom.museum\/wp-content\/uploads\/sites\/18\/2025\/02\/ICOFOM_SAREC_Year2_Report_310125_JAB52-1086x1536.jpg 1086w, https:\/\/icofom.mini.icom.museum\/wp-content\/uploads\/sites\/18\/2025\/02\/ICOFOM_SAREC_Year2_Report_310125_JAB52.jpg 1354w\" sizes=\"(max-width: 724px) 100vw, 724px\" \/><\/p>\n","protected":false},"excerpt":{"rendered":"<p>Proyecto SAREC j\u00f3venes de ICOFOM ICOFOM cree firmemente que los museos deben situar la participaci\u00f3n de los j\u00f3venes en el centro de los debates y discusiones. ICOFOM facilitar\u00e1 talleres globales para j\u00f3venes y profesionales de la juventud en colaboraci\u00f3n con museos locales y ONGs. La serie de talleres globales adoptar\u00e1 la llamada a la acci\u00f3n [&hellip;]<\/p>\n","protected":false},"author":105,"featured_media":6830,"parent":0,"menu_order":0,"comment_status":"closed","ping_status":"closed","template":"","meta":{"footnotes":""},"yst_prominent_words":[2095,552,112],"acf":[],"_links":{"self":[{"href":"https:\/\/icofom.mini.icom.museum\/es\/wp-json\/wp\/v2\/pages\/6842"}],"collection":[{"href":"https:\/\/icofom.mini.icom.museum\/es\/wp-json\/wp\/v2\/pages"}],"about":[{"href":"https:\/\/icofom.mini.icom.museum\/es\/wp-json\/wp\/v2\/types\/page"}],"author":[{"embeddable":true,"href":"https:\/\/icofom.mini.icom.museum\/es\/wp-json\/wp\/v2\/users\/105"}],"replies":[{"embeddable":true,"href":"https:\/\/icofom.mini.icom.museum\/es\/wp-json\/wp\/v2\/comments?post=6842"}],"version-history":[{"count":3,"href":"https:\/\/icofom.mini.icom.museum\/es\/wp-json\/wp\/v2\/pages\/6842\/revisions"}],"predecessor-version":[{"id":7800,"href":"https:\/\/icofom.mini.icom.museum\/es\/wp-json\/wp\/v2\/pages\/6842\/revisions\/7800"}],"wp:featuredmedia":[{"embeddable":true,"href":"https:\/\/icofom.mini.icom.museum\/es\/wp-json\/wp\/v2\/media\/6830"}],"wp:attachment":[{"href":"https:\/\/icofom.mini.icom.museum\/es\/wp-json\/wp\/v2\/media?parent=6842"}],"wp:term":[{"taxonomy":"yst_prominent_words","embeddable":true,"href":"https:\/\/icofom.mini.icom.museum\/es\/wp-json\/wp\/v2\/yst_prominent_words?post=6842"}],"curies":[{"name":"wp","href":"https:\/\/api.w.org\/{rel}","templated":true}]}}