{"id":7273,"date":"2024-03-22T23:41:28","date_gmt":"2024-03-22T22:41:28","guid":{"rendered":"https:\/\/icofom.mini.icom.museum\/?page_id=7273"},"modified":"2024-03-22T23:53:20","modified_gmt":"2024-03-22T22:53:20","slug":"bienvenida-presidencia-icofom-lac","status":"publish","type":"page","link":"https:\/\/icofom.mini.icom.museum\/es\/subcomites\/bienvenidos-a-icofom-lam\/bienvenida-presidencia-icofom-lac\/","title":{"rendered":"BIENVENIDA &#8211; PRESIDENCIA (ICOFOM LAC)"},"content":{"rendered":"<p><img decoding=\"async\" loading=\"lazy\" class=\"alignnone size-medium wp-image-7268 aligncenter\" src=\"https:\/\/icofom.mini.icom.museum\/wp-content\/uploads\/sites\/18\/2024\/03\/PHOTO-2022-05-08-21-53-27-146x300.jpg\" alt=\"\" width=\"146\" height=\"300\" srcset=\"https:\/\/icofom.mini.icom.museum\/wp-content\/uploads\/sites\/18\/2024\/03\/PHOTO-2022-05-08-21-53-27-146x300.jpg 146w, https:\/\/icofom.mini.icom.museum\/wp-content\/uploads\/sites\/18\/2024\/03\/PHOTO-2022-05-08-21-53-27-497x1024.jpg 497w, https:\/\/icofom.mini.icom.museum\/wp-content\/uploads\/sites\/18\/2024\/03\/PHOTO-2022-05-08-21-53-27-768x1581.jpg 768w, https:\/\/icofom.mini.icom.museum\/wp-content\/uploads\/sites\/18\/2024\/03\/PHOTO-2022-05-08-21-53-27-746x1536.jpg 746w, https:\/\/icofom.mini.icom.museum\/wp-content\/uploads\/sites\/18\/2024\/03\/PHOTO-2022-05-08-21-53-27.jpg 777w\" sizes=\"(max-width: 146px) 100vw, 146px\" \/><\/p>\n<p>&nbsp;<\/p>\n<h1 style=\"text-align: center\"><strong>BIENVENIDA &#8211; PRESIDENCIA (ICOFOM LAC)<\/strong><\/h1>\n<p>\u00a1Bienvenidos al ICOFOM LAC!<\/p>\n<p>&nbsp;<\/p>\n<p>En noviembre de 2023 se selecci\u00f3n\u00f3 a una nueva mesa directiva del ICOFOM LAC la cual fue aprobada en la Asamblea General que tuvo lugar en la XXXI Encuentro del ICOFOM LAC y XLVI Simposio del ICOFOM. El Subcomit\u00e9 Regional para la Museolog\u00eda en Am\u00e9rica Latina y el Caribe (ICOFOM LAC), es el subcomit\u00e9 ICOFOM donde se discute desarrollo y consolida el pensamiento museol\u00f3gico latinoamericano y caribe\u00f1o a nivel acad\u00e9mico. Fue creado en La Haya en 1989, durante la Conferencia General del ICOM \u201cMuseos, Generadores de Cultura\u201d, y tambi\u00e9n tiene como fin cumplir con los mismos objetivos que el comit\u00e9 internacional.<\/p>\n<p>&nbsp;<\/p>\n<p>Nuestra gesti\u00f3n 2023- 2026 tiene como objetivos:<\/p>\n<p>&nbsp;<\/p>\n<ul>\n<li>Dar continuidad los Proyectos planteados por las administraciones anteriores, con el objetivo de conocer y difundir el desarrollo de la disciplina Museolog\u00eda en Am\u00e9rica Latina y el Caribe;<\/li>\n<li>Ser un espacio de debate sobre temas contempor\u00e1neos relacionados con la Museolog\u00eda, a trav\u00e9s de alianzas con universidades y grupos de estudiantes de Museolog\u00eda, pero siempre buscando el sesgo te\u00f3rico, fundamental para ICOFOM LAC;<\/li>\n<li>Atraer a j\u00f3venes profesionales de museos, investigadores y estudiantes de Museolog\u00eda para componer los miembros de ICOFOM LAC e ICOFOM;<\/li>\n<li>Recaudar fondos y buscar asociarnos con distintas entidades para el mantenimiento de las actividades editoriales;<\/li>\n<li>Consolidar el comit\u00e9 editorial;<\/li>\n<li>Ampliar la comunicaci\u00f3n de ICOFOM LAC en redes sociales.<\/li>\n<\/ul>\n<p>&nbsp;<\/p>\n<p>Nuestra intenci\u00f3n de potenciar el ICOFOM LAC como espacio de debates sobre Museolog\u00eda, dando prioridad a la diversidad de opiniones, personas y reflexiones que conforman los espacios geogr\u00e1ficos denominados Am\u00e9rica Latina y el Caribe. Tambi\u00e9n pretendemos reforzar que nuestra producci\u00f3n te\u00f3rica tenga pleno potencial para servir de base a las discusiones que existen en nuestra regi\u00f3n, ya que dicha producci\u00f3n considera nuestra realidad diversa, que es, al mismo tiempo, \u00fanica.<\/p>\n<p>&nbsp;<\/p>\n<p>\u00a1Los invitamos a participar con nosotros!<\/p>\n<p>Dra. Scarlet Galindo<\/p>\n<p>&nbsp;<\/p>\n<p>&nbsp;<\/p>\n<h1 style=\"text-align: center\"><strong>BOAS-VINDAS &#8211; PRESID\u00caNCIA (ICOFOM LAC)<\/strong><\/h1>\n<p>Bem-vindo ao ICOFOM LAC!<\/p>\n<p>Em novembro de 2023, foi selecionada uma nova diretoria do ICOFOM LAC, que foi aprovada na Assembleia Geral realizada na XXXI Reuni\u00e3o do ICOFOM LAC e no XLVI Simp\u00f3sio do ICOFOM. O Subcomit\u00ea Regional de Museologia na Am\u00e9rica Latina e no Caribe (ICOFOM LAC) \u00e9 o subcomit\u00ea do ICOFOM onde o desenvolvimento e a consolida\u00e7\u00e3o do pensamento museol\u00f3gico latino-americano e caribenho s\u00e3o discutidos em n\u00edvel acad\u00eamico. Foi criado em Haia em 1989, durante a Confer\u00eancia Geral do ICOM \u201cMuseus, Geradores de Cultura\u201d, e tamb\u00e9m visa cumprir os mesmos objetivos do comit\u00ea internacional.<\/p>\n<p>Nossos objetivos de gest\u00e3o para 2023-2026 s\u00e3o:<\/p>\n<ul>\n<li>Dar continuidade aos Projetos propostos pelas gest\u00f5es anteriores, com o objetivo de conhecer e divulgar o desenvolvimento da disciplina Museologia na Am\u00e9rica Latina e no Caribe;<\/li>\n<li>Ser um espa\u00e7o de debate sobre quest\u00f5es contempor\u00e2neas relacionadas \u00e0 Museologia, por meio de alian\u00e7as com universidades e grupos de estudantes de Museologia, mas sempre buscando o vi\u00e9s te\u00f3rico, fundamental para o ICOFOM LAC;<\/li>\n<li>Atrair jovens profissionais de museus, pesquisadores e estudantes de Museologia para comporem os membros do ICOFOM LAC e do ICOFOM;<\/li>\n<li>Captar recursos e buscar parcerias com diversas entidades para manuten\u00e7\u00e3o das atividades editoriais;<\/li>\n<li>Consolidar o corpo editorial;<\/li>\n<li>Expandir a comunica\u00e7\u00e3o do ICOFOM LAC nas redes sociais.<\/li>\n<\/ul>\n<p>Nossa inten\u00e7\u00e3o \u00e9 promover o ICOFOM LAC como um espa\u00e7o de debates sobre Museologia, priorizando a diversidade de opini\u00f5es, pessoas e reflex\u00f5es que comp\u00f5em os espa\u00e7os geogr\u00e1ficos denominados Am\u00e9rica Latina e Caribe. Pretendemos tamb\u00e9m refor\u00e7ar que nossa produ\u00e7\u00e3o te\u00f3rica tem pleno potencial para servir de base \u00e0s discuss\u00f5es que existem em nossa regi\u00e3o, uma vez que tal produ\u00e7\u00e3o considera a nossa realidade diversa, que \u00e9, ao mesmo tempo, \u00fanica.<\/p>\n<p>Convidamos voc\u00ea a participar conosco!<\/p>\n<p>Dra. Scarlet Galindo<\/p>\n","protected":false},"excerpt":{"rendered":"<p>&nbsp; BIENVENIDA &#8211; PRESIDENCIA (ICOFOM LAC) \u00a1Bienvenidos al ICOFOM LAC! &nbsp; En noviembre de 2023 se selecci\u00f3n\u00f3 a una nueva mesa directiva del ICOFOM LAC la cual fue aprobada en la Asamblea General que tuvo lugar en la XXXI Encuentro del ICOFOM LAC y XLVI Simposio del ICOFOM. El Subcomit\u00e9 Regional para la Museolog\u00eda en [&hellip;]<\/p>\n","protected":false},"author":81,"featured_media":0,"parent":1255,"menu_order":0,"comment_status":"closed","ping_status":"closed","template":"","meta":{"footnotes":""},"yst_prominent_words":[2879,1272,1269,1271,1268,2990,1295,1273,1509,1291,2991,1294],"acf":[],"_links":{"self":[{"href":"https:\/\/icofom.mini.icom.museum\/es\/wp-json\/wp\/v2\/pages\/7273"}],"collection":[{"href":"https:\/\/icofom.mini.icom.museum\/es\/wp-json\/wp\/v2\/pages"}],"about":[{"href":"https:\/\/icofom.mini.icom.museum\/es\/wp-json\/wp\/v2\/types\/page"}],"author":[{"embeddable":true,"href":"https:\/\/icofom.mini.icom.museum\/es\/wp-json\/wp\/v2\/users\/81"}],"replies":[{"embeddable":true,"href":"https:\/\/icofom.mini.icom.museum\/es\/wp-json\/wp\/v2\/comments?post=7273"}],"version-history":[{"count":1,"href":"https:\/\/icofom.mini.icom.museum\/es\/wp-json\/wp\/v2\/pages\/7273\/revisions"}],"predecessor-version":[{"id":7274,"href":"https:\/\/icofom.mini.icom.museum\/es\/wp-json\/wp\/v2\/pages\/7273\/revisions\/7274"}],"up":[{"embeddable":true,"href":"https:\/\/icofom.mini.icom.museum\/es\/wp-json\/wp\/v2\/pages\/1255"}],"wp:attachment":[{"href":"https:\/\/icofom.mini.icom.museum\/es\/wp-json\/wp\/v2\/media?parent=7273"}],"wp:term":[{"taxonomy":"yst_prominent_words","embeddable":true,"href":"https:\/\/icofom.mini.icom.museum\/es\/wp-json\/wp\/v2\/yst_prominent_words?post=7273"}],"curies":[{"name":"wp","href":"https:\/\/api.w.org\/{rel}","templated":true}]}}