{"id":8137,"date":"2025-08-18T14:42:18","date_gmt":"2025-08-18T12:42:18","guid":{"rendered":"https:\/\/icofom.mini.icom.museum\/?page_id=8137"},"modified":"2025-11-11T20:22:51","modified_gmt":"2025-11-11T19:22:51","slug":"simposio-2025","status":"publish","type":"page","link":"https:\/\/icofom.mini.icom.museum\/es\/conferencias\/simposio-2025\/","title":{"rendered":"Simposio Anual de ICOFOM, 2025, Dubai"},"content":{"rendered":"<h3 style=\"text-align: center\">El 48.\u00ba Simposio Anual de ICOFOM<br \/>\ny el Simposio Conjunto del ICOM, el ICOFOM, el ICTOP y el COMCOL<br \/>\nse celebrar\u00e1n del 11 al 17 de noviembre de 2025<br \/>\nen Dub\u00e1i, Emiratos \u00c1rabes Unidos, durante la Conferencia General del ICOM.<\/h3>\n<p><img decoding=\"async\" loading=\"lazy\" class=\"aligncenter wp-image-8166\" src=\"https:\/\/icofom.mini.icom.museum\/wp-content\/uploads\/sites\/18\/2025\/08\/Untitled-2-1024x1024.png\" alt=\"\" width=\"390\" height=\"390\" srcset=\"https:\/\/icofom.mini.icom.museum\/wp-content\/uploads\/sites\/18\/2025\/08\/Untitled-2-1024x1024.png 1024w, https:\/\/icofom.mini.icom.museum\/wp-content\/uploads\/sites\/18\/2025\/08\/Untitled-2-300x300.png 300w, https:\/\/icofom.mini.icom.museum\/wp-content\/uploads\/sites\/18\/2025\/08\/Untitled-2-150x150.png 150w, https:\/\/icofom.mini.icom.museum\/wp-content\/uploads\/sites\/18\/2025\/08\/Untitled-2-768x768.png 768w, https:\/\/icofom.mini.icom.museum\/wp-content\/uploads\/sites\/18\/2025\/08\/Untitled-2.png 1080w\" sizes=\"(max-width: 390px) 100vw, 390px\" \/><\/p>\n<p style=\"text-align: center\">Ya tenemos disponible el programa (en ingl\u00e9s):<\/p>\n<p style=\"text-align: center\"><a href=\"https:\/\/icofom.mini.icom.museum\/wp-content\/uploads\/sites\/18\/2025\/11\/Dubai-2025_short-PDF_091125_v3.pdf\" target=\"_blank\" rel=\"noopener\"><strong>OFFICIAL PROGRAM<\/strong><\/a><\/p>\n<p>To attend and\/or present as an accepted speaker, you must register for the<\/p>\n<p style=\"text-align: center\">Para asistir y\/o presentar como ponente aceptado, debe inscribirse en la 27.\u00aa Conferencia General del ICOM y abonar la cuota correspondiente a trav\u00e9s de la p\u00e1gina web oficial de la conferencia:<\/p>\n<p style=\"text-align: center\"><a href=\"https:\/\/dubai2025.icom.museum\/registration\">https:\/\/dubai2025.icom.museum\/registration<\/a><\/p>\n<p>&nbsp;<\/p>\n","protected":false},"excerpt":{"rendered":"<p>El 48.\u00ba Simposio Anual de ICOFOM y el Simposio Conjunto del ICOM, el ICOFOM, el ICTOP y el COMCOL se celebrar\u00e1n del 11 al 17 de noviembre de 2025 en Dub\u00e1i, Emiratos \u00c1rabes Unidos, durante la Conferencia General del ICOM. Ya tenemos disponible el programa (en ingl\u00e9s): OFFICIAL PROGRAM To attend and\/or present as an [&hellip;]<\/p>\n","protected":false},"author":105,"featured_media":0,"parent":151,"menu_order":0,"comment_status":"closed","ping_status":"closed","template":"","meta":{"footnotes":""},"yst_prominent_words":[387,78,480,385,215,194,2958,168,1454,93,118,86,547,1499,1133],"acf":[],"_links":{"self":[{"href":"https:\/\/icofom.mini.icom.museum\/es\/wp-json\/wp\/v2\/pages\/8137"}],"collection":[{"href":"https:\/\/icofom.mini.icom.museum\/es\/wp-json\/wp\/v2\/pages"}],"about":[{"href":"https:\/\/icofom.mini.icom.museum\/es\/wp-json\/wp\/v2\/types\/page"}],"author":[{"embeddable":true,"href":"https:\/\/icofom.mini.icom.museum\/es\/wp-json\/wp\/v2\/users\/105"}],"replies":[{"embeddable":true,"href":"https:\/\/icofom.mini.icom.museum\/es\/wp-json\/wp\/v2\/comments?post=8137"}],"version-history":[{"count":12,"href":"https:\/\/icofom.mini.icom.museum\/es\/wp-json\/wp\/v2\/pages\/8137\/revisions"}],"predecessor-version":[{"id":8355,"href":"https:\/\/icofom.mini.icom.museum\/es\/wp-json\/wp\/v2\/pages\/8137\/revisions\/8355"}],"up":[{"embeddable":true,"href":"https:\/\/icofom.mini.icom.museum\/es\/wp-json\/wp\/v2\/pages\/151"}],"wp:attachment":[{"href":"https:\/\/icofom.mini.icom.museum\/es\/wp-json\/wp\/v2\/media?parent=8137"}],"wp:term":[{"taxonomy":"yst_prominent_words","embeddable":true,"href":"https:\/\/icofom.mini.icom.museum\/es\/wp-json\/wp\/v2\/yst_prominent_words?post=8137"}],"curies":[{"name":"wp","href":"https:\/\/api.w.org\/{rel}","templated":true}]}}