{"id":8439,"date":"2026-01-09T18:22:09","date_gmt":"2026-01-09T17:22:09","guid":{"rendered":"https:\/\/icofom.mini.icom.museum\/?page_id=8439"},"modified":"2026-01-09T18:46:30","modified_gmt":"2026-01-09T17:46:30","slug":"miembros-de-la-junta-2025-2028","status":"publish","type":"page","link":"https:\/\/icofom.mini.icom.museum\/es\/quienes-somos\/miembros-de-la-junta-2025-2028\/","title":{"rendered":"Miembros de la Junta 2025-2028"},"content":{"rendered":"<p><img decoding=\"async\" loading=\"lazy\" class=\"aligncenter size-full wp-image-8431\" src=\"https:\/\/icofom.mini.icom.museum\/wp-content\/uploads\/sites\/18\/2026\/01\/board-all-2026-1.jpg\" alt=\"\" width=\"9244\" height=\"5200\" srcset=\"https:\/\/icofom.mini.icom.museum\/wp-content\/uploads\/sites\/18\/2026\/01\/board-all-2026-1.jpg 9244w, https:\/\/icofom.mini.icom.museum\/wp-content\/uploads\/sites\/18\/2026\/01\/board-all-2026-1-300x169.jpg 300w, https:\/\/icofom.mini.icom.museum\/wp-content\/uploads\/sites\/18\/2026\/01\/board-all-2026-1-1024x576.jpg 1024w, https:\/\/icofom.mini.icom.museum\/wp-content\/uploads\/sites\/18\/2026\/01\/board-all-2026-1-768x432.jpg 768w, https:\/\/icofom.mini.icom.museum\/wp-content\/uploads\/sites\/18\/2026\/01\/board-all-2026-1-1536x864.jpg 1536w\" sizes=\"(max-width: 9244px) 100vw, 9244px\" \/><\/p>\n<div id=\"RTE_CONTENT\">\n<p><strong>Presidenta:<\/strong><\/p>\n<div id=\"c3697\">\n<ul>\n<li><b>Dr. Marion B. Bertin<\/b>, investigadora posdoctoral en la Universidad Cat\u00f3lica de Lovaina, B\u00e9lgica.<\/li>\n<\/ul>\n<p><strong>Co- Vicepresidentes:<\/strong><\/p>\n<ul>\n<li><b>M.Des\u00a0 <\/b><strong>Melissa Aguilar Rojas<em>, <\/em><\/strong>Costa Rica, <em>investigadora independiente en museolog\u00eda, Responsable del Grupo de Trabajo de Sitio Web.\u00a0<\/em><\/li>\n<\/ul>\n<ul>\n<li><strong>Prof Didier Houenoude, <\/strong>Ben\u00edn, <em>Profesor de Historia del Arte, Universidad de Abomey-Calavi (Ben\u00edn) \/ Investigador asociado y subdirector en funciones de las Colecciones Etnogr\u00e1ficas del Estado de Sajonia<\/em><\/li>\n<\/ul>\n<p><strong>Tesorero:<\/strong><\/p>\n<ul>\n<li><b>Jamie Allan Brown<\/b>, Universidad de St Andrews, Escocia.<em>\u00a0<\/em><\/li>\n<\/ul>\n<\/div>\n<p><strong>Secretaria:<\/strong><\/p>\n<ul>\n<li><b>M. Elizabeth Weiser<\/b>, Universidad del Estado de Ohio, USA; <em>Responsable del grupo de trabajo de publicaciones editoriales. <\/em><\/li>\n<\/ul>\n<div id=\"c3697\">\n<p><strong>Miembros ordinarios:<\/strong><\/p>\n<ul>\n<li><strong>Dr Olivia Guiragossian, <\/strong>Francia (Universit\u00e9 d\u2019Avignon, Francia);<\/li>\n<li><strong>Daniel Abidjo<\/strong>; Ben\u00edn<\/li>\n<li><strong>Maxence Zabo<\/strong> Francia (France Museums, Francia\/ Abu Dabhi)<\/li>\n<li><strong>Dr Claire Brizon<\/strong> Suiza (Mus\u00e9e cantonal d\u2019arch\u00e9ologie et d\u2019histoire, Lausanne, Suiza) ;<\/li>\n<li><strong>Prof Nicolas Navarro<\/strong> B\u00e9lgica (Universidad de Li\u00e8ge, B\u00e9lgica) ;<\/li>\n<li><strong>Mtr. Hector Valma<\/strong> M\u00e9xico (Profesor de Museograf\u00eda y Pol\u00edticas Culturales en la Universidad de la Comunicaci\u00f3n, M\u00e9xico.)<\/li>\n<\/ul>\n<p><strong>Presidentes de sub-comit\u00e9s:\u00a0<\/strong><\/p>\n<ul>\n<li><b>Janet Tee<\/b>, Malaysia \u2013 Presidente de <i>ICOFOM-ASPAC<\/i><\/li>\n<li><b>Scarlet Rocio Galindo Monteagudo<\/b>, Museo Nacional de la Acuarela Alfredo Guati Rojo, M\u00e9xico <em>&#8211; Presidente de ICOFOM-LAC\u00a0<\/em><\/li>\n<\/ul>\n<\/div>\n<\/div>\n<div id=\"RTE_CONTENT\">\n<div id=\"c3697\">\n<p>&#8212;<\/p>\n<p style=\"text-align: center\">Las biograf\u00edas de nuestros miembros estar\u00e1n disponibles aqu\u00ed pr\u00f3ximamente.<\/p>\n<\/div>\n<\/div>\n<p>&nbsp;<\/p>\n","protected":false},"excerpt":{"rendered":"<p>Presidenta: Dr. Marion B. Bertin, investigadora posdoctoral en la Universidad Cat\u00f3lica de Lovaina, B\u00e9lgica. Co- Vicepresidentes: M.Des\u00a0 Melissa Aguilar Rojas, Costa Rica, investigadora independiente en museolog\u00eda, Responsable del Grupo de Trabajo de Sitio Web.\u00a0 Prof Didier Houenoude, Ben\u00edn, Profesor de Historia del Arte, Universidad de Abomey-Calavi (Ben\u00edn) \/ Investigador asociado y subdirector en funciones de [&hellip;]<\/p>\n","protected":false},"author":105,"featured_media":0,"parent":145,"menu_order":0,"comment_status":"closed","ping_status":"closed","template":"","meta":{"footnotes":""},"yst_prominent_words":[387,979,104,111,980,976,2978,2820],"acf":[],"_links":{"self":[{"href":"https:\/\/icofom.mini.icom.museum\/es\/wp-json\/wp\/v2\/pages\/8439"}],"collection":[{"href":"https:\/\/icofom.mini.icom.museum\/es\/wp-json\/wp\/v2\/pages"}],"about":[{"href":"https:\/\/icofom.mini.icom.museum\/es\/wp-json\/wp\/v2\/types\/page"}],"author":[{"embeddable":true,"href":"https:\/\/icofom.mini.icom.museum\/es\/wp-json\/wp\/v2\/users\/105"}],"replies":[{"embeddable":true,"href":"https:\/\/icofom.mini.icom.museum\/es\/wp-json\/wp\/v2\/comments?post=8439"}],"version-history":[{"count":6,"href":"https:\/\/icofom.mini.icom.museum\/es\/wp-json\/wp\/v2\/pages\/8439\/revisions"}],"predecessor-version":[{"id":8448,"href":"https:\/\/icofom.mini.icom.museum\/es\/wp-json\/wp\/v2\/pages\/8439\/revisions\/8448"}],"up":[{"embeddable":true,"href":"https:\/\/icofom.mini.icom.museum\/es\/wp-json\/wp\/v2\/pages\/145"}],"wp:attachment":[{"href":"https:\/\/icofom.mini.icom.museum\/es\/wp-json\/wp\/v2\/media?parent=8439"}],"wp:term":[{"taxonomy":"yst_prominent_words","embeddable":true,"href":"https:\/\/icofom.mini.icom.museum\/es\/wp-json\/wp\/v2\/yst_prominent_words?post=8439"}],"curies":[{"name":"wp","href":"https:\/\/api.w.org\/{rel}","templated":true}]}}