{"id":8521,"date":"2026-03-31T18:43:32","date_gmt":"2026-03-31T16:43:32","guid":{"rendered":"https:\/\/icofom.mini.icom.museum\/?page_id=8521"},"modified":"2026-03-31T18:44:16","modified_gmt":"2026-03-31T16:44:16","slug":"palabras-de-bienvenida-de-icofom","status":"publish","type":"page","link":"https:\/\/icofom.mini.icom.museum\/es\/palabras-de-bienvenida-de-icofom\/","title":{"rendered":"Palabras de bienvenida de ICOFOM"},"content":{"rendered":"<figure id=\"attachment_8505\" aria-describedby=\"caption-attachment-8505\" style=\"width: 662px\" class=\"wp-caption aligncenter\"><img decoding=\"async\" loading=\"lazy\" class=\"wp-image-8505\" src=\"https:\/\/icofom.mini.icom.museum\/wp-content\/uploads\/sites\/18\/2026\/03\/former-board-and-new-board-2026-ICOFOM-1024x735.jpg\" alt=\"Miembros de ICOFOM en la Conferencia General del ICOM de Dub\u00e1i 2025. Antigua junta directiva de ICOFOM y nueva junta directiva reci\u00e9n elegida.\" width=\"662\" height=\"475\" srcset=\"https:\/\/icofom.mini.icom.museum\/wp-content\/uploads\/sites\/18\/2026\/03\/former-board-and-new-board-2026-ICOFOM-1024x735.jpg 1024w, https:\/\/icofom.mini.icom.museum\/wp-content\/uploads\/sites\/18\/2026\/03\/former-board-and-new-board-2026-ICOFOM-300x215.jpg 300w, https:\/\/icofom.mini.icom.museum\/wp-content\/uploads\/sites\/18\/2026\/03\/former-board-and-new-board-2026-ICOFOM-768x551.jpg 768w, https:\/\/icofom.mini.icom.museum\/wp-content\/uploads\/sites\/18\/2026\/03\/former-board-and-new-board-2026-ICOFOM.jpg 1200w\" sizes=\"(max-width: 662px) 100vw, 662px\" \/><figcaption id=\"caption-attachment-8505\" class=\"wp-caption-text\">Miembros de ICOFOM en la Conferencia General del ICOM de Dub\u00e1i 2025. Antigua junta directiva de ICOFOM y nueva junta directiva reci\u00e9n elegida.<\/figcaption><\/figure>\n<p>El Comit\u00e9 Internacional de Museolog\u00eda (ICOFOM) es el comit\u00e9 del ICOM dedicado al estudio global de la museolog\u00eda, tanto en sus aspectos pr\u00e1cticos como te\u00f3ricos. El ICOFOM tiene como objetivo representar y debatir una visi\u00f3n global de la museolog\u00eda, desde una perspectiva decididamente inter y transnacional.<\/p>\n<p>Entre los miembros de nuestro consejo se encuentran profesionales de los museos procedentes de regiones que abarcan Am\u00e9rica del Norte y del Sur, el Golfo, \u00c1frica Occidental, el Sudeste Asi\u00e1tico y Europa. Aportamos diferentes \u00e1reas de especializaci\u00f3n, todas ellas unidas por un inter\u00e9s com\u00fan en la museolog\u00eda y las instituciones muse\u00edsticas en sus m\u00faltiples formas.<\/p>\n<p>Las acciones llevadas a cabo durante este mandato se inscriben en la tradici\u00f3n museol\u00f3gica de ICOFOM desde su creaci\u00f3n en 1977, pero pretenden desarrollar nuevas din\u00e1micas que respondan a los retos museol\u00f3gicos contempor\u00e1neos. En concreto, reconocemos y agradecemos profundamente la labor realizada por los tres \u00faltimos presidentes de ICOFOM: Fran\u00e7ois Mairesse (2013-2019), Bruno Brulon Soares (2019-2022) y Karen Brown (2022-2025).<\/p>\n<p>Sin duda, la fortaleza de ICOFOM reside en el espacio que concede al pensamiento museol\u00f3gico internacional y en las perspectivas descentralizadas que este internacionalismo implica para el desarrollo de esta disciplina. En el marco de esta reflexi\u00f3n, el espacio creado por la aparici\u00f3n de nuevos museos o nuevas formas muse\u00edsticas debe tener en cuenta la evoluci\u00f3n hist\u00f3rica y contempor\u00e1nea de regiones como Am\u00e9rica Latina, el Sudeste Asi\u00e1tico, la regi\u00f3n del Golfo, Ocean\u00eda y \u00c1frica. Analizar qu\u00e9 representan estos nuevos museos, para qui\u00e9nes est\u00e1n pensados y c\u00f3mo se han dise\u00f1ado nos permitir\u00e1 iniciar una reflexi\u00f3n sobre posibles nuevas formas de museolog\u00eda. \u00bfC\u00f3mo contribuyen estos nuevos museos y estas pr\u00e1cticas museol\u00f3gicas a replantear los conceptos de museo y museolog\u00eda? \u00bfQu\u00e9 dimensiones de la innovaci\u00f3n y la experimentaci\u00f3n ponen en pr\u00e1ctica?\u00a0 En consonancia con las reflexiones que ICOFOM lleva realizando desde hace tiempo, se prestar\u00e1 especial atenci\u00f3n a cuestiones como la traducci\u00f3n, el multiling\u00fcismo y la adaptaci\u00f3n del vocabulario. Otro de los ejes centrales ser\u00e1 el an\u00e1lisis de las dimensiones relacionadas con la difusi\u00f3n y la transferencia de conocimientos, pr\u00e1cticas, experiencia y conceptos museol\u00f3gicos y de museograf\u00eda en todo el mundo, a trav\u00e9s de la formaci\u00f3n y la creaci\u00f3n de nuevos museos. M\u00e1s all\u00e1 de una divisi\u00f3n estricta entre centros y periferias, y sin perder de vista las cuestiones relacionadas con el poder y las asimetr\u00edas persistentes, el objetivo ser\u00e1 cuestionar las normas y est\u00e1ndares muse\u00edsticos y sus posibles adaptaciones.<\/p>\n<p>El fortalecimiento de los v\u00ednculos entre los museos y la investigaci\u00f3n acad\u00e9mica es tambi\u00e9n una cuesti\u00f3n clave en un momento en el que muchos museos est\u00e1n incorporando institutos de investigaci\u00f3n dedicados a la museolog\u00eda y en el que se multiplican los cursos de formaci\u00f3n en museolog\u00eda para responder a las necesidades de los nuevos museos. \u00bfQui\u00e9n define la museolog\u00eda hoy y qui\u00e9n la definir\u00e1 ma\u00f1ana? Ser\u00e1 fundamental fomentar la participaci\u00f3n de j\u00f3venes profesionales de los museos y j\u00f3venes muse\u00f3logos en los debates y actividades de nuestro comit\u00e9, en particular mediante el mantenimiento activo de las becas para los simposios anuales y la creaci\u00f3n de mesas redondas espec\u00edficas, as\u00ed como apoyando sus iniciativas de publicaci\u00f3n. Como comit\u00e9 internacional del ICOM que conecta a miembros de todo el mundo, deseamos promover nuevos formatos de debate y posicionar a nuestro comit\u00e9 como una plataforma que d\u00e9 voz a los participantes.<\/p>\n<p>Por lo tanto, se seguir\u00e1n analizando en profundidad algunos de los temas abordados en el pasado: la transici\u00f3n ecol\u00f3gica, la descolonizaci\u00f3n de los museos y la museolog\u00eda, la museolog\u00eda social y comunitaria, las cuestiones de poder, las museolog\u00edas insulares, la museolog\u00eda cr\u00edtica y la inserci\u00f3n social de los museos siguen siendo temas clave para la reflexi\u00f3n.<\/p>\n<p>Por \u00faltimo, ICOFOM participa en las reflexiones y acciones del ICOM en su conjunto: la nueva definici\u00f3n de museo, su aplicaci\u00f3n y adaptaci\u00f3n; la redacci\u00f3n del nuevo C\u00f3digo Deontol\u00f3gico; y la creaci\u00f3n de un comit\u00e9 permanente para la descolonizaci\u00f3n. Con este fin, deseamos trabajar con toda la comunidad del ICOM, poniendo en marcha proyectos conjuntos con comit\u00e9s nacionales, comit\u00e9s internacionales y alianzas regionales, y fomentando colaboraciones basadas en la sostenibilidad.<\/p>\n","protected":false},"excerpt":{"rendered":"<p>El Comit\u00e9 Internacional de Museolog\u00eda (ICOFOM) es el comit\u00e9 del ICOM dedicado al estudio global de la museolog\u00eda, tanto en sus aspectos pr\u00e1cticos como te\u00f3ricos. El ICOFOM tiene como objetivo representar y debatir una visi\u00f3n global de la museolog\u00eda, desde una perspectiva decididamente inter y transnacional. Entre los miembros de nuestro consejo se encuentran profesionales [&hellip;]<\/p>\n","protected":false},"author":105,"featured_media":0,"parent":0,"menu_order":0,"comment_status":"closed","ping_status":"closed","template":"","meta":{"footnotes":""},"yst_prominent_words":[68,486,552,1694,703,385,718,206,1695,211],"acf":[],"_links":{"self":[{"href":"https:\/\/icofom.mini.icom.museum\/es\/wp-json\/wp\/v2\/pages\/8521"}],"collection":[{"href":"https:\/\/icofom.mini.icom.museum\/es\/wp-json\/wp\/v2\/pages"}],"about":[{"href":"https:\/\/icofom.mini.icom.museum\/es\/wp-json\/wp\/v2\/types\/page"}],"author":[{"embeddable":true,"href":"https:\/\/icofom.mini.icom.museum\/es\/wp-json\/wp\/v2\/users\/105"}],"replies":[{"embeddable":true,"href":"https:\/\/icofom.mini.icom.museum\/es\/wp-json\/wp\/v2\/comments?post=8521"}],"version-history":[{"count":3,"href":"https:\/\/icofom.mini.icom.museum\/es\/wp-json\/wp\/v2\/pages\/8521\/revisions"}],"predecessor-version":[{"id":8524,"href":"https:\/\/icofom.mini.icom.museum\/es\/wp-json\/wp\/v2\/pages\/8521\/revisions\/8524"}],"wp:attachment":[{"href":"https:\/\/icofom.mini.icom.museum\/es\/wp-json\/wp\/v2\/media?parent=8521"}],"wp:term":[{"taxonomy":"yst_prominent_words","embeddable":true,"href":"https:\/\/icofom.mini.icom.museum\/es\/wp-json\/wp\/v2\/yst_prominent_words?post=8521"}],"curies":[{"name":"wp","href":"https:\/\/api.w.org\/{rel}","templated":true}]}}