{"id":1011,"date":"2018-12-28T12:36:00","date_gmt":"2018-12-28T12:36:00","guid":{"rendered":"http:\/\/icofom.icom.cust.oxymium.net\/publications-2\/nos-publications\/"},"modified":"2025-04-14T10:38:43","modified_gmt":"2025-04-14T08:38:43","slug":"nos-publications","status":"publish","type":"page","link":"https:\/\/icofom.mini.icom.museum\/fr\/publications-2\/nos-publications\/","title":{"rendered":"ICOFOM Study Series"},"content":{"rendered":"<p>&nbsp;<\/p>\n<div id=\"c14460\">\n<p><strong><em>ICOFOM Study Series<\/em><\/strong> est une revue internationale semestrielle \u00e0 comit\u00e9 de lecture destin\u00e9e aux sp\u00e9cialistes des mus\u00e9es, aux professionnel\u00b7le\u00b7s, aux \u00e9tudiant\u00b7e\u00b7s et aux chercheur\u00b7se\u00b7s. Elle examine les questions d&#8217;actualit\u00e9 dans le domaine de la mus\u00e9ologie (ou de la th\u00e9orie des mus\u00e9es), d\u00e9finie selon le <em>Dictionnaire de la Mus\u00e9ologie<\/em> comme comprenant l&#8217;ensemble des recherches et des r\u00e9flexions critiques qui th\u00e9orisent le mus\u00e9e et ses pratiques. Les num\u00e9ros des<em> ICOFOM Study Series<\/em> s&#8217;appuient g\u00e9n\u00e9ralement sur des th\u00e8mes, mais sont parfois des \u00e9ditions ouvertes. Les sujets des communications et du symposium annuel sont d\u00e9finis par le conseil d&#8217;administration de l&#8217;ICOFOM et les appels \u00e0 communications sont publi\u00e9s sur le site web de l&#8217;ICOFOM six mois avant le symposium de chaque ann\u00e9e. Ces symposiums constituent ensuite la base d&#8217;au moins une des revues de l&#8217;ann\u00e9e suivante. La participation et la pr\u00e9sentation d&#8217;une communication au symposium annuel peuvent conduire \u00e0 une invitation \u00e0 soumettre un article acad\u00e9mique complet pour examen, mais ne garantissent pas la publication. Les auteur\u00b7rice\u00b7s ne doivent pas n\u00e9cessairement \u00eatre membres de l&#8217;ICOFOM.<\/p>\n<\/div>\n<p><em>ICOFOM Study Series<\/em> est une plateforme de discussion mus\u00e9ologique depuis 1983, suivant une tradition \u00e9tablie par son pr\u00e9d\u00e9cesseur <em>Museological Working Papers (MuWoP).<\/em> \u00c0 diff\u00e9rents moments de son histoire, elle a publi\u00e9 des actes de conf\u00e9rences publi\u00e9s en amont des symposiums de l&#8217;ICOFOM ou des articles publi\u00e9s apr\u00e8s ceux-ci. Depuis 2007, compte tenu du nombre croissant et de la stature des membres de l&#8217;ICOFOM dans le monde entier, la revue utilise un processus de s\u00e9lection en double aveugle, avec \u00e9valuation par les pairs, pour sa publication.<\/p>\n<div><\/div>\n<div>\n<p><strong>Objectif des ICOFOM Study Series<\/strong><\/p>\n<p>ICOFOM Study Series permet au Comit\u00e9 international pour la mus\u00e9ologie (ICOFOM) de servir de forum pour la recherche th\u00e9orique ainsi que les \u00e9changes pour approfondir la compr\u00e9hension de la mus\u00e9ologie \u00e0 partir de perspectives internationales et interdisciplinaires.<\/p>\n<p><strong>Publication<\/strong><\/p>\n<p>ICOFOM Study Series est actuellement \u00e9dit\u00e9e par Elizabeth Weiser, The Ohio State University, USA. <a href=\"https:\/\/english.osu.edu\/people\/weiser.23\">https:\/\/english.osu.edu\/people\/weiser.23<\/a><\/p>\n<\/div>\n<div>\n<p>La revue est publi\u00e9e deux fois par an via OpenEdition en acc\u00e8s libre aux formats html, pdf t\u00e9l\u00e9chargeable et ePub. Les articles sont soumis et publi\u00e9s en anglais, espagnol ou fran\u00e7ais.<\/p>\n<p><a href=\"https:\/\/www.openedition.org\/16444?lang=en\">Cliquez ici pour consulter le dernier num\u00e9ro sur OpenEdition.<\/a><\/p>\n<\/div>\n<div><\/div>\n<p><strong>Politique g\u00e9n\u00e9rale de publication <\/strong><\/p>\n<p>Les articles s\u00e9lectionn\u00e9s pour publication doivent r\u00e9pondre aux crit\u00e8res suivants :<\/p>\n<ul>\n<li>Adh\u00e9sion aux th\u00e8mes identifi\u00e9s dans l&#8217;appel \u00e0 communication publi\u00e9 sur le site de l&#8217;ICOFOM avant un symposium.<\/li>\n<li>\u00a0Originalit\u00e9. Les articles doivent \u00eatre in\u00e9dits sous quelque forme que ce soit et doivent s&#8217;efforcer d&#8217;apporter un \u00e9l\u00e9ment nouveau \u00e0 la conversation internationale en cours sur un sujet donn\u00e9.<\/li>\n<li>Perspective th\u00e9orique et analytique. Les articles qui se contentent de d\u00e9crire une situation mus\u00e9ale ou de rendre compte d&#8217;un mus\u00e9e ou d&#8217;une activit\u00e9 mus\u00e9ologique ne seront pas accept\u00e9s. L&#8217;objectif th\u00e9orique doit \u00eatre explicitement sp\u00e9cifi\u00e9 dans le r\u00e9sum\u00e9, qui doit pr\u00e9ciser ce qui suit et \u00eatre d\u00e9velopp\u00e9 dans l&#8217;article lui-m\u00eame :<br \/>\n&#8211; Pourquoi cette question est-elle importante pour la mus\u00e9ologie ?<br \/>\n&#8211; Quel est l&#8217;argument principal de l&#8217;article pr\u00e9sent\u00e9 ?<br \/>\n&#8211; Quelles m\u00e9thodes de recherche ont \u00e9t\u00e9 appliqu\u00e9es ?<br \/>\n&#8211; Quel objectif th\u00e9orique a \u00e9t\u00e9 choisi pour l&#8217;analyse ?<br \/>\n&#8211; Comment cette recherche contribue-t-elle \u00e0 la r\u00e9flexion mus\u00e9ologique ?<\/li>\n<\/ul>\n<div>\n<p><strong>\u00c9thique de la publication<\/strong><\/p>\n<p>Le ISS s&#8217;engage \u00e0 respecter des pratiques \u00e9thiques dans tous les aspects de son fonctionnement et \u00e0 veiller \u00e0 ce que toutes les parties impliqu\u00e9es dans le processus de publication &#8211; auteurs, \u00e9valuateurs et \u00e9quipe \u00e9ditoriale &#8211; adh\u00e8rent \u00e0 ces principes. Les manuscrits soumis doivent \u00eatre l&#8217;\u0153uvre originale de l&#8217;auteur ou des auteurs et ne pas avoir \u00e9t\u00e9 publi\u00e9s pr\u00e9c\u00e9demment ailleurs. Les auteurs (ceux qui ont contribu\u00e9 de mani\u00e8re significative \u00e0 la recherche et\/ou qui ont r\u00e9dig\u00e9 et r\u00e9vis\u00e9 le manuscrit) doivent divulguer tout conflit d&#8217;int\u00e9r\u00eats et reconna\u00eetre correctement le travail intellectuel d&#8217;autrui, en citant la source de tous les concepts externes, qu&#8217;ils soient cit\u00e9s ou paraphras\u00e9s ; le plagiat sous quelque forme que ce soit est strictement interdit et les articles contenant un plagiat important seront rejet\u00e9s. Les pairs \u00e9valuateurs jouent un r\u00f4le essentiel dans le maintien de l&#8217;int\u00e9grit\u00e9 de la revue et sont tenus d&#8217;\u00e9valuer les manuscrits de mani\u00e8re objective, confidentielle et dans les d\u00e9lais impartis. (Si des r\u00e9visions sont jug\u00e9es n\u00e9cessaires pour la publication, les auteurs doivent r\u00e9pondre aux commentaires des \u00e9valuateurs de mani\u00e8re syst\u00e9matique et en temps opportun, en r\u00e9visant et en soumettant \u00e0 nouveau leur manuscrit \u00e0 la revue dans les d\u00e9lais impartis. Les \u00e9diteurs et le personnel \u00e9ditorial ne divulgueront aucune information sur un manuscrit soumis \u00e0 quiconque autre que l&#8217;auteur correspondant, les \u00e9valuateurs, les \u00e9valuateurs potentiels et les autres conseillers \u00e9ditoriaux, le cas \u00e9ch\u00e9ant, avant la publication.<\/p>\n<p><strong>Fautes professionnelles en mati\u00e8re de publication<\/strong><\/p>\n<p>Les r\u00e9dacteurs prendront des mesures raisonnables pour identifier et emp\u00eacher la publication d&#8217;articles ayant fait l&#8217;objet d&#8217;une mauvaise pratique de recherche. Toutes les formes de mauvaise conduite sont prises au s\u00e9rieux et entra\u00eenent le rejet ou (en cas de publication) le retrait de l&#8217;article. Les exemples de mauvaises pratiques incluent (mais ne sont pas limit\u00e9s \u00e0) la fausse d\u00e9claration d&#8217;affiliation, la violation des droits d&#8217;auteur\/l&#8217;utilisation de mat\u00e9riel de tiers sans les autorisations appropri\u00e9es, la manipulation des citations, la soumission\/publication en double, le non-respect des normes internationales d&#8217;\u00e9thique de la recherche, la manipulation\/fabrication d&#8217;images ou de donn\u00e9es, la manipulation de l&#8217;\u00e9valuation par les pairs, le plagiat, le recyclage de texte\/l&#8217;auto-plagiat, les int\u00e9r\u00eats concurrents non divulgu\u00e9s et\/ou les recherches contraires \u00e0 l&#8217;\u00e9thique.<\/p>\n<\/div>\n<div><\/div>\n<div>\n<p><strong>Fr\u00e9quence de publication :<\/strong> semestrielle<\/p>\n<p>ISSN imprim\u00e9 : 2309-1290<br \/>\nISSN en ligne : 2306-4161<\/p>\n<p><strong>Style de citation :<\/strong> APA (pour des exemples de r\u00e9f\u00e9rence, voir le num\u00e9ro le plus r\u00e9cent de la revue)<br \/>\nLes lignes directrices pour les articles sont disponibles en anglais, en fran\u00e7ais et en espagnol dans le lien: <a href=\"https:\/\/drive.google.com\/drive\/folders\/113_O4YwJ1K8VKcabiLiRQaNIKTxbzUR6\" target=\"_blank\" rel=\"noopener\">APA guides<\/a><\/p>\n<p>Les articles et la correspondance doivent \u00eatre envoy\u00e9s \u00e0 : <a href=\"mailto:icofomstudyseries@gmail.com\" target=\"_blank\" rel=\"noopener\">icofomstudyseries@gmail.com<\/a><br \/>\nLes directives pour les articles sont disponibles en <a href=\"https:\/\/docs.google.com\/document\/d\/13cVAgv_VdadxR-YkCe9W8LKOSwjz7_uL\/edit\">anglais<\/a>, <a href=\"https:\/\/docs.google.com\/document\/d\/1avodcgFLemQ1MIA8oF3dxoxkvpJxwRx7\/edit\">fran\u00e7ais<\/a> et <a href=\"https:\/\/docs.google.com\/document\/d\/1T9-4tLAzhEJQSv-FzRwuUjn8nUNi6ErJ\/edit\">espagnol<\/a>.<\/p>\n<\/div>\n<div><\/div>\n<div><a href=\"https:\/\/icofom.mini.icom.museum\/wp-content\/uploads\/sites\/18\/2022\/11\/Evaluation-grid_ISS.pdf\">Directives des ICOFOM Study Series pour les pairs<\/a><\/div>\n<div><\/div>\n<div>\n<p>________________________________________________________<\/p>\n<p><strong>\u00c9quipe \u00e9ditoriale des ICOFOM Study Series<\/strong><\/p>\n<p>\u00c9ditrice : Elizabeth Weiser, The Ohio State University, USA<br \/>\nCoordinatrice \u00e9ditoriale : Allison Daniel, Clemson University, USA<\/p>\n<p>Comit\u00e9 \u00e9ditorial :<\/p>\n<p>Melissa Aguilar, Museum of Identity and Pride (MIO), Costa Rica<br \/>\nMarion Bertin, Avignon Universit\u00e9, Centre Norbert Elias, France<span class=\"im\"><br \/>\nBruno Brulon Soares, University of St. Andrews, Scotland<br \/>\nSupreo Chanda, University of Calcutta, India<br \/>\nScarlet Galindo, Museo Nacional de la Acuarela Alfredo Guati Rojo, M\u00e9xico<br \/>\nErnest Kpan, National Institute of Art and Cultural Action (INSAAC), C\u00f4te d\u2019Ivoire<br \/>\nLynn Maranda, Emerita Curator, Museum of Vancouver, Canada<br \/>\nZheng Yi, \u00a0\u590d\u65e6\u5927\u5b66 Fudan University, China<\/span><\/p>\n<\/div>\n<div id=\"RTE_CONTENT\">\n<div id=\"c14460\">\n<p>&nbsp;<\/p>\n<\/div>\n<div id=\"c3694\">\n<div id=\"c14460\"><\/div>\n<\/div>\n<p>&nbsp;<\/p>\n<\/div>\n","protected":false},"excerpt":{"rendered":"<p>&nbsp; ICOFOM Study Series est une revue internationale semestrielle \u00e0 comit\u00e9 de lecture destin\u00e9e aux sp\u00e9cialistes des mus\u00e9es, aux professionnel\u00b7le\u00b7s, aux \u00e9tudiant\u00b7e\u00b7s et aux chercheur\u00b7se\u00b7s. Elle examine les questions d&#8217;actualit\u00e9 dans le domaine de la mus\u00e9ologie (ou de la th\u00e9orie des mus\u00e9es), d\u00e9finie selon le Dictionnaire de la Mus\u00e9ologie comme comprenant l&#8217;ensemble des recherches et [&hellip;]<\/p>\n","protected":false},"author":1,"featured_media":0,"parent":153,"menu_order":0,"comment_status":"closed","ping_status":"closed","template":"","meta":{"footnotes":""},"yst_prominent_words":[78,462,587,583,588],"acf":[],"_links":{"self":[{"href":"https:\/\/icofom.mini.icom.museum\/fr\/wp-json\/wp\/v2\/pages\/1011"}],"collection":[{"href":"https:\/\/icofom.mini.icom.museum\/fr\/wp-json\/wp\/v2\/pages"}],"about":[{"href":"https:\/\/icofom.mini.icom.museum\/fr\/wp-json\/wp\/v2\/types\/page"}],"author":[{"embeddable":true,"href":"https:\/\/icofom.mini.icom.museum\/fr\/wp-json\/wp\/v2\/users\/1"}],"replies":[{"embeddable":true,"href":"https:\/\/icofom.mini.icom.museum\/fr\/wp-json\/wp\/v2\/comments?post=1011"}],"version-history":[{"count":30,"href":"https:\/\/icofom.mini.icom.museum\/fr\/wp-json\/wp\/v2\/pages\/1011\/revisions"}],"predecessor-version":[{"id":7852,"href":"https:\/\/icofom.mini.icom.museum\/fr\/wp-json\/wp\/v2\/pages\/1011\/revisions\/7852"}],"up":[{"embeddable":true,"href":"https:\/\/icofom.mini.icom.museum\/fr\/wp-json\/wp\/v2\/pages\/153"}],"wp:attachment":[{"href":"https:\/\/icofom.mini.icom.museum\/fr\/wp-json\/wp\/v2\/media?parent=1011"}],"wp:term":[{"taxonomy":"yst_prominent_words","embeddable":true,"href":"https:\/\/icofom.mini.icom.museum\/fr\/wp-json\/wp\/v2\/yst_prominent_words?post=1011"}],"curies":[{"name":"wp","href":"https:\/\/api.w.org\/{rel}","templated":true}]}}