{"id":1176,"date":"2018-12-28T12:36:57","date_gmt":"2018-12-28T12:36:57","guid":{"rendered":"http:\/\/icofom.icom.cust.oxymium.net\/publications-2\/autres-publications\/"},"modified":"2020-09-01T18:21:53","modified_gmt":"2020-09-01T18:21:53","slug":"autres-publications","status":"publish","type":"page","link":"https:\/\/icofom.mini.icom.museum\/fr\/publications-2\/autres-publications\/","title":{"rendered":"Autres publications"},"content":{"rendered":"<div id=\"RTE_CONTENT\">\n<p><!--TYPO3SEARCH_begin--> <!-- CONTENT ELEMENT, uid:18519\/textpic [begin] --><\/p>\n<div id=\"c18519\">\n<p><!-- Header: [begin] --><\/p>\n<div id=\"c21782\" class=\"csc-default\">\n<div class=\"post-header\">\n<div class=\"infos\">\n<div class=\"kvgmc6g5 cxmmr5t8 oygrvhab hcukyx3x c1et5uql ii04i59q\">\n<h2>Czasopismo internetowe ZWAM<\/h2>\n<p>&#8220;\u2013 Zbi\u00f3r Wiadomo\u015bci do Antropologii Muzealnej po\u015bwi\u0119cone zagadnieniom: muzeum, muzeologia, muzealnictwo, antropologia kulturowa, etnologia, etnografia, wydawane w ramach wydawnictw Polskiego Towarzystwa Ludoznawczego&#8221;<\/p>\n<\/div>\n<\/div>\n<p>[Revue en ligne ZWAM<\/p>\n<p>&#8220;- Revue annuelle de l&#8217;anthropologie mus\u00e9ale consacr\u00e9e aux th\u00e8mes suivants: mus\u00e9e, mus\u00e9ologie, mus\u00e9ologie, anthropologie culturelle, ethnologie, ethnographie, publi\u00e9e par la Soci\u00e9t\u00e9 polonaise du folklore&#8221;]<\/p>\n<p>Site Web de la revue: <a href=\"https:\/\/apcz.umk.pl\/czasopisma\/index.php\/ZWAM\/about\/index\" target=\"_blank\" rel=\"noopener\">https:\/\/apcz.umk.pl\/czasopisma\/index.php\/ZWAM\/about\/index<\/a><\/p>\n<hr \/>\n<div class=\"infos\">\n<div class=\"kvgmc6g5 cxmmr5t8 oygrvhab hcukyx3x c1et5uql ii04i59q\">\n<h2><em>VERS UNE M\u00c9THODOLOGIE DE LA MUS\u00c9OLOGIE<\/em><\/h2>\n<p>Par Peter van Mensch, ancien pr\u00e9sident de l&#8217;ICOFOM (1989\u20131993)<\/p>\n<p>Traduit de l\u2019anglais par Chlo\u00e9 Kuhn<\/p>\n<p>Pr\u00e9face de Fran\u00e7ois Mairesse, ancien pr\u00e9sident de l&#8217;ICOFOM (2016\u20132019)<\/p>\n<p>Published by L&#8217;Harmattan<\/p>\n<p>Doctorat sur <em>Vers une m\u00e9thodologie de la mus\u00e9ologie<\/em>, Universit\u00e9 de Zagreb, 1992, traduit en fran\u00e7ais<\/p>\n<p>&nbsp;<\/p>\n<p><img decoding=\"async\" loading=\"lazy\" class=\"alignnone wp-image-3787\" src=\"http:\/\/icofom.mini.icom.museum\/wp-content\/uploads\/sites\/18\/2020\/07\/Peter-van-Mensch-2020-209x300.jpg\" alt=\"\" width=\"236\" height=\"339\" srcset=\"https:\/\/icofom.mini.icom.museum\/wp-content\/uploads\/sites\/18\/2020\/07\/Peter-van-Mensch-2020-209x300.jpg 209w, https:\/\/icofom.mini.icom.museum\/wp-content\/uploads\/sites\/18\/2020\/07\/Peter-van-Mensch-2020.jpg 568w\" sizes=\"(max-width: 236px) 100vw, 236px\" \/><\/p>\n<hr \/>\n<h1 class=\"c-content-head__title c-content-head__title--italic\">Museus em tempos de Covid-19: o luto e a luta<\/h1>\n<h2 class=\"c-content-head__subtitle\">Institui\u00e7\u00f5es podem desempenhar papel regenerativo sobre a vida das pessoas<\/h2>\n<p>Por Bruno Brulon Soares, professor da UNIRIO e presidente da ICOFOM<\/p>\n<p>[Mus\u00e9es \u00e0 Covid-19 fois: deuil et lutte<br \/>\nLes institutions peuvent utiliser un r\u00f4le r\u00e9g\u00e9n\u00e9rateur dans la vie des gens<br \/>\nPar Bruno Brulon Soares, professeur \u00e0 UNIRIO et pr\u00e9sident de l&#8217;ICOFOM]<\/p>\n<p><span class=\"link_blue\"><a href=\"https:\/\/www1.folha.uol.com.br\/opiniao\/2020\/06\/museus-em-tempos-de-covid-19-o-luto-e-a-luta.shtml?utm_source=whatsapp&amp;utm_medium=social&amp;utm_campaign=compwa&amp;fbclid=IwAR3LAsPkVAzV-ZOt9i_LE8o4dgLmO8DH-WckGB6qLqgjpwEqw-Nr4rl72N0\" target=\"_blank\" rel=\"noopener\"><em>Folha de S.Paulo<\/em><\/a><\/span><\/p>\n<hr \/>\n<h2>Collectionneurs &amp; Psych\u00e9<\/h2>\n<h3>Ce que collectionner veut dire<\/h3>\n<p>Editeurs: G\u00e9raldine\u00a0David,\u00a0directrice et conservatrice de la Bibliotheca Wittockiana \u00e0 Bruxelles, et Fran\u00e7ois Mairesse,\u00a0professeur \u00e0 l\u2019Universit\u00e9 Sorbonne nouvelle &#8211; Paris 3 (CERLIS, CNRS, labex ICCA) et ancien pr\u00e9sident de l&#8217;ICOFOM (2013-2019)<\/p>\n<p>Publication de Bibliotheca Wittockiana<\/p>\n<p>&nbsp;<\/p>\n<p><span class=\"chapeau edito link_blue\"><a class=\"https:\/\/docs.wixstatic.com\/ugd\/01fd51_5d5ab27573b1402ea0921f50b9cdea44.pdf\" title=\"-\" href=\"https:\/\/drive.google.com\/file\/d\/1mSuZOIEVqLWQXQvUlxaFluQ-ObZ9TUng\/view?usp=sharing\" target=\"_blank\" rel=\"noopener\">T\u00e9l\u00e9chargez en cliquant ici<\/a><\/span><\/p>\n<p>&nbsp;<\/p>\n<p>&nbsp;<\/p>\n<p><img decoding=\"async\" loading=\"lazy\" class=\"alignnone wp-image-3708\" src=\"http:\/\/icofom.mini.icom.museum\/wp-content\/uploads\/sites\/18\/2020\/06\/COLLECTIONNEURS-PSYCHE-David-Mairesse-212x300.jpg\" alt=\"\" width=\"494\" height=\"699\" srcset=\"https:\/\/icofom.mini.icom.museum\/wp-content\/uploads\/sites\/18\/2020\/06\/COLLECTIONNEURS-PSYCHE-David-Mairesse-212x300.jpg 212w, https:\/\/icofom.mini.icom.museum\/wp-content\/uploads\/sites\/18\/2020\/06\/COLLECTIONNEURS-PSYCHE-David-Mairesse.jpg 576w\" sizes=\"(max-width: 494px) 100vw, 494px\" \/><\/p>\n<p>&nbsp;<\/p>\n<hr \/>\n<h2><em>Museology and Theoretical Discourse<\/em><\/h2>\n<div dir=\"auto\">[Mus\u00e9ologie et discours th\u00e9orique]<\/div>\n<div dir=\"auto\"><\/div>\n<div dir=\"auto\">\n<p>par Yun Shun Susie Chung, professeur \u00e0 la Southern New Hampshire University et membre du conseil d&#8217;administration de l&#8217;ICOFOM<\/p>\n<p>&nbsp;<\/p>\n<p>Avec une pr\u00e9face de Dol\u00e1k, professeur \u00e0 l&#8217;Universit\u00e9 Comenius et membre du conseil d&#8217;administration de l&#8217;ICOFOM (2016-2019), une postface de Fran\u00e7ois Mairesse, professeur \u00e0 l&#8217;Universit\u00e9 Sorbonne Nouvelle (Paris 3) et pr\u00e9sident de l&#8217;ICOFOM (2013-2019), et comment\u00e9 par M\u00f3nica Risnicoff de Gorgas, professeur adjoint \u00e0 l&#8217;Universit\u00e9 nationale de Tucum\u00e1n et membre du conseil d&#8217;administration de l&#8217;ICOFOM (2016-2019).<\/p>\n<p>&nbsp;<\/p>\n<p>Edit\u00e9 par Muzeol\u00f3gia a kult\u00farne dedi\u010dstvo, o.z. Bratislava<\/p>\n<p>&nbsp;<\/p>\n<\/div>\n<\/div>\n<div dir=\"auto\"><\/div>\n<div dir=\"auto\"><span class=\"chapeau edito link_blue\"><a class=\"https:\/\/docs.wixstatic.com\/ugd\/01fd51_5d5ab27573b1402ea0921f50b9cdea44.pdf\" title=\"-\" href=\"http:\/\/muzeologia.sk\/index_htm_files\/CHUNG-Museology-Bratislava-PDF.pdf\">T\u00e9l\u00e9chargez en cliquant ici<\/a><\/span><\/div>\n<div class=\"o9v6fnle cxmmr5t8 oygrvhab hcukyx3x c1et5uql ii04i59q\">\n<div dir=\"auto\"><\/div>\n<\/div>\n<div dir=\"auto\"><\/div>\n<\/div>\n<\/div>\n<div dir=\"auto\"><img decoding=\"async\" loading=\"lazy\" class=\"alignnone wp-image-3649\" src=\"http:\/\/icofom.mini.icom.museum\/wp-content\/uploads\/sites\/18\/2020\/05\/CHUNG-Museology-Bratislava-Jacket-Image-2-218x300.jpg\" alt=\"\" width=\"475\" height=\"654\" srcset=\"https:\/\/icofom.mini.icom.museum\/wp-content\/uploads\/sites\/18\/2020\/05\/CHUNG-Museology-Bratislava-Jacket-Image-2-218x300.jpg 218w, https:\/\/icofom.mini.icom.museum\/wp-content\/uploads\/sites\/18\/2020\/05\/CHUNG-Museology-Bratislava-Jacket-Image-2.jpg 598w\" sizes=\"(max-width: 475px) 100vw, 475px\" \/><\/div>\n<div dir=\"auto\"><\/div>\n<\/div>\n<hr \/>\n<div id=\"c21782\" class=\"csc-default\">\n<h2><em>Museologia &amp; Interdisciplinaridade<\/em><\/h2>\n<p>Vol. 9 No. 17 (2020): Museus e Museologia: aportes te\u00f3ricos na contemporaneidade<\/p>\n<p>Com as contribui\u00e7\u00f5es de nossos membros da ICOFOM<\/p>\n<p>[Mus\u00e9ologie et interdisciplinarit\u00e9<\/p>\n<p>Vol.9 n \u00b0 17 (2020): Mus\u00e9es et mus\u00e9ologie: apports th\u00e9oriques \u00e0 l&#8217;\u00e9poque contemporaine<\/p>\n<p>Avec la contribution de nos membres ICOFOM]<\/p>\n<p><span class=\"link_blue\"><a href=\"https:\/\/periodicos.unb.br\/index.php\/museologia\/issue\/view\/1994\" target=\"_blank\" rel=\"noopener\">Museologia &amp; Interdisciplinaridade<\/a><\/span><\/p>\n<hr \/>\n<h2><em>Revisita Museu<\/em> &#8211; 18 de maio de 2020<\/h2>\n<p>\u201cMuseus pand\u00eamicos: notas de uma museologia de luto\u201d [Mus\u00e9es pand\u00e9miques: notes d&#8217;une mus\u00e9ologie en deuil]<\/p>\n<p>Par Bruno Brulon Soares, professeur \u00e0 UNIRIO et pr\u00e9sident de l&#8217;ICOFOM<\/p>\n<p><a href=\"http:\/\/revistamuseu.com.br\/site\/br\/artigos\/18-de-maio\/18-maio-2020\/8487-museus-pandemicos-apontamentos-a-partir-de-uma-museologia-do-luto.html?fbclid=IwAR19K7s-N7wJhV_jiSoSLMGDwSARvYf9C2SQYtqQ1mA3k7Jt8NUpoK_mkiw\" target=\"_blank\" rel=\"noopener\">Revisita Museu<\/a><\/p>\n<hr \/>\n<h2><em>Museologia e Patrim\u00f4nio<\/em> &#8211; Vol. 1, 2019<\/h2>\n<p>\u201cNovo cap\u00edtulo sobre Museologia Experimental:<br \/>\nMuseus, Patrim\u00f4nios e Experi\u00eancia Criadora: ensaio sobre as bases da Museologia Experimental\u201d<\/p>\n<p>[Nouveau chapitre sur la mus\u00e9ologie exp\u00e9rimentale: mus\u00e9es, patrimoine et exp\u00e9rience cr\u00e9ative: un essai sur la base de la mus\u00e9ologie exp\u00e9rimentale]<\/p>\n<p>Par Bruno Brulon Soares, professeur \u00e0 UNIRIO et pr\u00e9sident de l&#8217;ICOFOM<\/p>\n<p><span class=\"link_blue\"><a href=\"https:\/\/www.academia.edu\/41793336\/Museus_Patrim%C3%B4nios_e_Experi%C3%AAncia_Criadora_ensaio_sobre_as_bases_da_Museologia_Experimental?fbclid=IwAR3hdEQ9IiM6jgLVYhcdzouChQj-y8nYEbLz3GPV664_2p5oLADeVmn9Phs\" target=\"_blank\" rel=\"noopener\">PDF Link<\/a><\/span><\/p>\n<div id=\"RTE_CONTENT\">\n<p>&nbsp;<\/p>\n<div id=\"c19351\">\n<div id=\"c21782\" class=\"csc-default\">\n<hr \/>\n<h2><em>Museologica Brunensia \u2013\u00a0<\/em>2019 \/ RO\u010cN\u00cdK \/ VOLUME 08\u00a0 \u010c\u00cdSLO\/NUMBER 02, MASARYKOVA, UNIVERZITAFILOZOFICK\u00c1 FAKULTA<\/h2>\n<p>\u201cThe role of Z. Z. Str\u00e1nsk\u00fd in present-day museology\u201d [Le r\u00f4le de Z. Z. Str\u00e1nsk\u00fd dans la mus\u00e9ologie actuelle]<\/p>\n<p>Par Jan Dol\u00e1k, professeur \u00e0 l&#8217;Universit\u00e9 Comenius et membre du conseil d&#8217;administration de l&#8217;ICOFOM (2016-2019)<\/p>\n<p>Site Web de la revue: <a href=\"http:\/\/www.phil.muni.cz\/journals\/index.php\/museologica-brunensia\" target=\"_blank\" rel=\"noopener\">http:\/\/www.phil.muni.cz\/journals\/index.php\/museologica-brunensia<\/a><\/p>\n<p><span class=\"chapeau edito link_yellow\"><a class=\"https:\/\/docs.wixstatic.com\/ugd\/01fd51_5d5ab27573b1402ea0921f50b9cdea44.pdf\" title=\"-\" href=\"https:\/\/drive.google.com\/open?id=1eB6dox4WsRtqw0sHEfT-kfX5RwQnM2Up\">T\u00e9l\u00e9chargez en cliquant ici<\/a><\/span><\/p>\n<p><img decoding=\"async\" loading=\"lazy\" class=\"alignnone wp-image-2529\" src=\"http:\/\/icofom.mini.icom.museum\/wp-content\/uploads\/sites\/18\/2020\/01\/2019-Volume-8-Number-2-217x300.jpg\" alt=\"\" width=\"486\" height=\"671\" srcset=\"https:\/\/icofom.mini.icom.museum\/wp-content\/uploads\/sites\/18\/2020\/01\/2019-Volume-8-Number-2-217x300.jpg 217w, https:\/\/icofom.mini.icom.museum\/wp-content\/uploads\/sites\/18\/2020\/01\/2019-Volume-8-Number-2.jpg 586w\" sizes=\"(max-width: 486px) 100vw, 486px\" \/><\/p>\n<\/div>\n<\/div>\n<\/div>\n<hr \/>\n<h2 class=\"title\"><em>Museum Presentation<\/em><\/h2>\n<div class=\"csc-textpic-text\">\n<p>[Pr\u00e9sentation du mus\u00e9e]<\/p>\n<p class=\"chapeau\">Par Dr Jan Dol\u00e1k, Facult\u00e9 de l&#8217;Universit\u00e9 Comenius et membre du conseil d&#8217;administration de l&#8217;ICOFOM (2016-2019) et le Dr Petra \u0160ob\u00e1\u0148ov\u00e1, Facult\u00e9 \u00e0 Univerzita Palack\u00e9ho Olomouc<\/p>\n<p class=\"chapeau\"><span class=\"chapeau edito link_blue\"><a class=\"https:\/\/docs.wixstatic.com\/ugd\/01fd51_5d5ab27573b1402ea0921f50b9cdea44.pdf\" title=\"-\" href=\"https:\/\/drive.google.com\/file\/d\/1TEjOQzMvrwNIlQ6vo8Dc3lTMQlBqiagS\/view?usp=sharing\">T\u00e9l\u00e9chargez en cliquant ici<\/a><\/span><\/p>\n<p class=\"chapeau\"><img decoding=\"async\" loading=\"lazy\" src=\"http:\/\/network.icom.museum\/uploads\/RTEmagicC_Jan_Dolak_Book_2019_Image_2_02.jpg.jpg\" alt=\"\" width=\"500\" height=\"538\" \/><\/p>\n<hr \/>\n<\/div>\n<\/div>\n<div id=\"c21508\" class=\"csc-default\">\n<h2><em><strong>Muzeol\u00f3gia a kult\u00farne dedi\u010dstvo \/ Museology and Cultural Heritage &#8211; <\/strong><\/em>Bratislava<\/h2>\n<p>[Mus\u00e9ologie et patrimoine culturel]<\/p>\n<p>&#8220;Museum Communication, Exhibition Policy and Plan: The Field Museum as a Case Study&#8221; [Communication, politique et plan d&#8217;exposition des mus\u00e9es: le Field Museum comme \u00e9tude de cas]<\/p>\n<p>par Yun Shun Susie Chung, professeure \u00e0 la Southern New Hampshire University et membre du conseil d&#8217;administration de l&#8217;ICOFOM<\/p>\n<p><span class=\"link_blue\"><a href=\"http:\/\/www.muzeologia.sk\/abstracts_mkd.htm\">Revue Num\u00e9ro actuel et archives<\/a><\/span><\/p>\n<p>Site Web des publications: <a href=\"http:\/\/www.muzeologia.sk\/casopis_mkd_en.htm\" target=\"_blank\" rel=\"noopener\">http:\/\/www.muzeologia.sk\/casopis_mkd_en.htm<\/a><\/p>\n<p><img decoding=\"async\" loading=\"lazy\" class=\"alignnone wp-image-3571\" src=\"http:\/\/icofom.mini.icom.museum\/wp-content\/uploads\/sites\/18\/2020\/05\/Museology-and-Cultural-Heritage-225x300.jpg\" alt=\"\" width=\"446\" height=\"594\" srcset=\"https:\/\/icofom.mini.icom.museum\/wp-content\/uploads\/sites\/18\/2020\/05\/Museology-and-Cultural-Heritage-225x300.jpg 225w, https:\/\/icofom.mini.icom.museum\/wp-content\/uploads\/sites\/18\/2020\/05\/Museology-and-Cultural-Heritage.jpg 622w\" sizes=\"(max-width: 446px) 100vw, 446px\" \/><\/p>\n<hr \/>\n<h2 class=\"title\"><em>Visitors to South Indian Museums<\/em><br \/>\n<em>Museology context and visitor study<\/em><\/h2>\n<div class=\"csc-textpic csc-textpic-intext-right\">\n<div class=\"csc-textpic-imagewrap csc-textpic-single-image\"><img decoding=\"async\" loading=\"lazy\" class=\"\" src=\"http:\/\/network.icom.museum\/uploads\/pics\/Anitta.jpg\" alt=\"\" width=\"440\" height=\"610\" border=\"0\" \/><\/div>\n<div class=\"csc-textpic-text\">\n<p class=\"bodytext\">par Anita Bharat Shah,\u00a0Ancien membre du conseil d&#8217;administration de l&#8217;ICOFOM<br \/>\n<a title=\"TEXT, 1 4 AND SPINE90.pdf - Lumin PDF, 1_4_AND_SPINE90.pdf_-_Lumin_PDF.pdf, 4.8 MB\" href=\"https:\/\/drive.google.com\/file\/d\/1z_D6YxXRtMuUvUpGNByZwoRJXPnFsYTv\/view?usp=sharing\">Acc\u00e9dez ici \u00e0 la couverture compl\u00e8te.<\/a><\/p>\n<\/div>\n<\/div>\n<\/div>\n<hr \/>\n<h2>Le dernier num\u00e9ro de &#8220;Museologia Brunensia&#8221; consacr\u00e9 au d\u00e9funt Zbyn\u011bk Zbyslav Str\u00e1nsk\u00fd<\/h2>\n<p><!-- Header: [end] --> <!-- Image block: [begin] --><\/p>\n<div>\n<div><img decoding=\"async\" loading=\"lazy\" class=\"\" src=\"http:\/\/icofom.mini.icom.museum\/wp-content\/uploads\/sites\/18\/2018\/12\/image_MB.png\" alt=\"\" width=\"451\" height=\"634\" \/><\/div>\n<div>\n<p><!-- Text: [begin] --><\/p>\n<p>Le num\u00e9ro d&#8217;automne de la revue Museologica Brunensia, 2016\/2, sera consacr\u00e9 \u00e0 Zbyn\u011bk Zbyslav Str\u00e1nsk\u00fd, figure cl\u00e9 de la mus\u00e9ologie tch\u00e8que et mondiale et fondateur du d\u00e9partement de mus\u00e9ologie de l&#8217;universit\u00e9 de Brno, d\u00e9c\u00e9d\u00e9e au d\u00e9but de cette ann\u00e9e. Des papiers professionnels et comm\u00e9moratifs ont d\u00e9j\u00e0 \u00e9t\u00e9 annonc\u00e9s par des personnalit\u00e9s importantes de la mus\u00e9ologie.<\/p>\n<p>Acc\u00e9dez \u00e0 la revue <a title=\"TEXT, MB 2016 jaro digita lni redakce, MB_2016_jaro_digita__lni___redakce.pdf, 2.5 MB\" href=\"https:\/\/drive.google.com\/file\/d\/1E0ADI072V6mRjtM_GP6CE_3w-NWp4FLI\/view?usp=sharing\"><b>ici<\/b><\/a>!<\/p>\n<\/div>\n<\/div>\n<hr \/>\n<h2><em>Andr\u00e9 Desvall\u00e9es: entre mus\u00e9ologies<\/em><\/h2>\n<p><!-- Header: [end] --> <!-- Image block: [begin] --><\/p>\n<div>\n<div><img decoding=\"async\" loading=\"lazy\" class=\"\" src=\"http:\/\/icofom.mini.icom.museum\/wp-content\/uploads\/sites\/18\/2018\/12\/ANAIS_imagem_02.jpg\" alt=\"\" width=\"482\" height=\"662\" \/><\/div>\n<div>\n<p><!-- Text: [begin] --><\/p>\n<p><a title=\"Opens external link in new window\" href=\"http:\/\/docvirt.com\/docreader.net\/docreader.aspx?bib=MHN&amp;pasta=Anais%20do%20Museu%20Historico%20Nacional%5CVolume%2047%20-%202015&amp;pesq=\" target=\"_blank\" rel=\"noopener\">N. 47, Anais do Museu Hist\u00f3rico Nacional<\/a><\/p>\n<p>La publication r\u00e9sulte du projet d\u2019ICOFOM L\u2019Histoire de la Mus\u00e9ologie, et consiste d\u2019un num\u00e9ro sp\u00e9cial de la revue br\u00e9silienne <i>Anais do Museu Hist\u00f3rico Nacional<\/i>, sur les travails \u00e9crits par le mus\u00e9ologue fran\u00e7ais Andr\u00e9 Desvall\u00e9es, avec les plus importants travails conceptuels sur la mus\u00e9ologie th\u00e9orique et l\u2019Entretien r\u00e9cent par Bruno Brulon Soares, qui a organis\u00e9 ce num\u00e9ro.<\/p>\n<hr \/>\n<p><strong><em>Visiting the visitor: an enquiry into the visitor business in museums<\/em>,\u00a0livre \u00e9dit\u00e9 par Ann Davis et Kerstin Smeds<\/strong><\/p>\n<\/div>\n<\/div>\n<\/div>\n<div id=\"c18151\">\n<p><!-- Header: [end] --> <!-- Image block: [begin] --><\/p>\n<div>\n<div><a href=\"https:\/\/www.animationgermany.de\/\"><img decoding=\"async\" loading=\"lazy\" class=\"alignnone\" src=\"http:\/\/icofom.mini.icom.museum\/wp-content\/uploads\/sites\/18\/2018\/12\/Visitor_Release_2016_01.jpg\" alt=\"\" width=\"37\" height=\"56\" \/><\/a><\/div>\n<div>\n<p><!-- Text: [begin] --><\/p>\n<p>Cliquez sur l&#8217;image pour commander votre copie!<\/p>\n<hr \/>\n<p><span style=\"color: #2b2b2b;font-family: Arial;font-size: 27.5px;font-weight: bold\"><em>Nouvelles tendances de la mus\u00e9ologie<\/em>, sous la direction de Fran\u00e7ois Mairesse<\/span><\/p>\n<\/div>\n<\/div>\n<\/div>\n<div id=\"c18148\">\n<p><!-- Header: [end] --> <!-- Image block: [begin] --><\/p>\n<div>\n<div><img decoding=\"async\" loading=\"lazy\" class=\"\" src=\"http:\/\/icofom.mini.icom.museum\/wp-content\/uploads\/sites\/18\/2018\/12\/Nouvelles_Tendences_Release_01.jpg\" alt=\"\" width=\"459\" height=\"687\" \/><\/div>\n<div>\n<hr \/>\n<\/div>\n<div>\n<div id=\"c8726\">\n<div>\n<p><em>What is a Museum?<\/em><\/p>\n<\/div>\n<\/div>\n<div id=\"c3864\">\n<div><img decoding=\"async\" loading=\"lazy\" class=\"\" src=\"http:\/\/icofom.mini.icom.museum\/wp-content\/uploads\/sites\/18\/2018\/12\/News4_reduz.jpg\" alt=\"\" width=\"44\" height=\"62\" \/><\/div>\n<div>\n<p>Apr\u00e8s avoir publi\u00e9 des livres mus\u00e9ologiques de Str\u00e1nsk\u00fd, Sch\u00e4rer, Maroevic et d&#8217;autres, nous sommes heureux d&#8217;annoncer la version anglaise d&#8217;Andr\u00e9 Desvall\u00e9es et Fran\u00e7ois Mairesse (\u00e9d.): Vers une red\u00e9finition du mus\u00e9e? L\u2019Harmattan, Paris, 2007 (Mus\u00e9ologies, mise en sc\u00e8ne Michel Van Pra\u00ebt) par<\/p>\n<p>Ann Davis, Andr\u00e9 Desvall\u00e9es et Fran\u00e7ois Mairesse (\u00e9d.): Qu&#8217;est-ce qu&#8217;un mus\u00e9e? \u00c9dition r\u00e9vis\u00e9e et agrandie avec traduction en anglais par Ann Davis, Lynn Maranda et Suzanne Nash.<\/p>\n<p>Cette publication de 218 pages et 59 illustrations se d\u00e9cline en deux versions:<br \/>\n1) la version imprim\u00e9e (noir et blanc, fin janvier 2011)<br \/>\n2) la version PDF (en couleur, d\u00e9j\u00e0 disponible en t\u00e9l\u00e9chargement). Ce livre s&#8217;adresse \u00e9galement aux administrateurs et aux politiciens, aux professionnels des mus\u00e9es et aux mus\u00e9ologues. Il examine la d\u00e9finition de mus\u00e9e de l&#8217;ICOM sous un nouveau jour et donne une impression de la fa\u00e7on dont les visiteurs interagissent avec les mus\u00e9es.<\/p>\n<p>Pour plus d&#8217;informations sur les auteurs, les contributions et les commandes en ligne, voir www.museum-aktuell.de\/shop\/themes\/kategorie\/detail.php; Le livre peut \u00eatre command\u00e9 directement en ligne sur notre boutique www.museum-aktuell.de\/shop\/themes\/kategorie\/detail.php ou par n&#8217;importe quelle librairie dans le monde: ISBN 978-3-932704-81-9 Le prix de la version imprim\u00e9e est 32 \u20ac plus PAP; le prix de la version PDF (impression possible) est de 28 \u20ac (payable avec la plupart des cartes de cr\u00e9dit via \u00abClick &amp; Buy\u00bb, un syst\u00e8me de paiement s\u00e9curis\u00e9 de Deutsche Telecom). Pour des informations g\u00e9n\u00e9rales sur Click &amp; Buy, voir, dans de nombreuses langues (s\u00e9lectionnez votre pays) www.clickandbuy.com\/WW_en\/payment\/index.html Pour un t\u00e9l\u00e9chargement rapide en trois \u00e9tapes, utilisez ce lien: www.museum-aktuell.de\/index .php;<\/p>\n<p>Cordialement<\/p>\n<h5><span class=\"link_red\"><a href=\"https:\/\/www.animationgermany.de\/\" target=\"_blank\" rel=\"noopener\">Christian M\u00fcller-Straten<\/a><\/span><\/h5>\n<h5><span class=\"link_red\">Verlag Dr. Christian M\u00fcller-Straten<\/span><\/h5>\n<h5><span class=\"link_red\">Member ICOFOM Germany<\/span><\/h5>\n<\/div>\n<\/div>\n<\/div>\n<\/div>\n<\/div>\n<div id=\"c3864\">\n<div><\/div>\n<p><!-- END: Content of extension \"hpo_relatedlink\", plugin \"tx_hporelatedlink_pi1\" --><\/p>\n<\/div>\n<p><!-- CONTENT ELEMENT, uid:3864\/textpic [end] --> <!--TYPO3SEARCH_end--><\/p>\n<\/div>\n","protected":false},"excerpt":{"rendered":"<p>Czasopismo internetowe ZWAM &#8220;\u2013 Zbi\u00f3r Wiadomo\u015bci do Antropologii Muzealnej po\u015bwi\u0119cone zagadnieniom: muzeum, muzeologia, muzealnictwo, antropologia kulturowa, etnologia, etnografia, wydawane w ramach wydawnictw Polskiego Towarzystwa Ludoznawczego&#8221; [Revue en ligne ZWAM &#8220;- Revue annuelle de l&#8217;anthropologie mus\u00e9ale consacr\u00e9e aux th\u00e8mes suivants: mus\u00e9e, mus\u00e9ologie, mus\u00e9ologie, anthropologie culturelle, ethnologie, ethnographie, publi\u00e9e par la Soci\u00e9t\u00e9 polonaise du folklore&#8221;] Site Web [&hellip;]<\/p>\n","protected":false},"author":1,"featured_media":0,"parent":153,"menu_order":3,"comment_status":"closed","ping_status":"closed","template":"","meta":{"footnotes":""},"yst_prominent_words":[1810,1918,1818,1814,1919,1920,528,78,460,1917,1817,1813,1815,1811,1809,1891,1816,1812,1345,1748],"acf":[],"_links":{"self":[{"href":"https:\/\/icofom.mini.icom.museum\/fr\/wp-json\/wp\/v2\/pages\/1176"}],"collection":[{"href":"https:\/\/icofom.mini.icom.museum\/fr\/wp-json\/wp\/v2\/pages"}],"about":[{"href":"https:\/\/icofom.mini.icom.museum\/fr\/wp-json\/wp\/v2\/types\/page"}],"author":[{"embeddable":true,"href":"https:\/\/icofom.mini.icom.museum\/fr\/wp-json\/wp\/v2\/users\/1"}],"replies":[{"embeddable":true,"href":"https:\/\/icofom.mini.icom.museum\/fr\/wp-json\/wp\/v2\/comments?post=1176"}],"version-history":[{"count":31,"href":"https:\/\/icofom.mini.icom.museum\/fr\/wp-json\/wp\/v2\/pages\/1176\/revisions"}],"predecessor-version":[{"id":3995,"href":"https:\/\/icofom.mini.icom.museum\/fr\/wp-json\/wp\/v2\/pages\/1176\/revisions\/3995"}],"up":[{"embeddable":true,"href":"https:\/\/icofom.mini.icom.museum\/fr\/wp-json\/wp\/v2\/pages\/153"}],"wp:attachment":[{"href":"https:\/\/icofom.mini.icom.museum\/fr\/wp-json\/wp\/v2\/media?parent=1176"}],"wp:term":[{"taxonomy":"yst_prominent_words","embeddable":true,"href":"https:\/\/icofom.mini.icom.museum\/fr\/wp-json\/wp\/v2\/yst_prominent_words?post=1176"}],"curies":[{"name":"wp","href":"https:\/\/api.w.org\/{rel}","templated":true}]}}