{"id":1197,"date":"2018-12-28T12:37:02","date_gmt":"2018-12-28T12:37:02","guid":{"rendered":"http:\/\/icofom.icom.cust.oxymium.net\/membership\/devenir-membre\/"},"modified":"2023-02-16T15:39:30","modified_gmt":"2023-02-16T14:39:30","slug":"devenir-membre","status":"publish","type":"page","link":"https:\/\/icofom.mini.icom.museum\/fr\/membres\/devenir-membre\/","title":{"rendered":"Devenir membre"},"content":{"rendered":"<div id=\"RTE_CONTENT\">\n<p><!--TYPO3SEARCH_begin--> <!-- CONTENT ELEMENT, uid:3759\/textpic [begin] --><\/p>\n<div id=\"c3759\">\n<p><!-- Image block: [begin] --><\/p>\n<div>\n<p><!-- Text: [begin] --><\/p>\n<p>L&#8217;ICOFOM accueille toujours de nouveaux membres !<\/p>\n<p>Pour devenir membre de l&#8217;ICOFOM, vous devez d&#8217;abord devenir membre de l&#8217;ICOM \u00e0 travers l&#8217;un des comit\u00e9s nationaux.<\/p>\n<p>Cherchez votre comit\u00e9 national (CN) <a href=\"https:\/\/icom.museum\/fr\/reseau\/repertoire-des-comites\/?type=220\">ici<\/a><\/p>\n<p>Apr\u00e8s avoir contact\u00e9 le CN correspondant, vous recevrez un formulaire qui comprendra une liste des comit\u00e9s internationaux, o\u00f9 vous devrez s\u00e9lectionner ICOFOM.<\/p>\n<p>Plus d&#8217;informations sur la fa\u00e7on de devenir membre <a href=\"https:\/\/icom.museum\/fr\/participez\/devenir-membre\/\">ici<\/a><\/p>\n<p>Nous nous r\u00e9jouissons de vous voir \u00e0 ICOFOM !<\/p>\n<p><!-- Text: [end] --><\/p>\n<\/div>\n<p><!-- Image block: [end] --> <!-- BEGIN: Content of extension \"hpo_relatedlink\", plugin \"tx_hporelatedlink_pi1\" --><\/p>\n<div><\/div>\n<p><!-- END: Content of extension \"hpo_relatedlink\", plugin \"tx_hporelatedlink_pi1\" --><\/p>\n<\/div>\n<p><!-- CONTENT ELEMENT, uid:3759\/textpic [end] --> <!-- CONTENT ELEMENT, uid:3765\/image [begin] --><\/p>\n<div id=\"c3765\">\n<p><!-- Image block: [begin] --><\/p>\n<div>\n<div>\n<ul>\n<li><img decoding=\"async\" src=\"https:\/\/icofom.mini.icom.museum\/wp-content\/uploads\/sites\/18\/2018\/12\/34aa4cf866.jpg\" alt=\"\" \/><\/li>\n<li><img decoding=\"async\" src=\"https:\/\/icofom.mini.icom.museum\/wp-content\/uploads\/sites\/18\/2018\/12\/ecb1dd4ed2.jpg\" alt=\"\" \/><\/li>\n<\/ul>\n<\/div>\n<\/div>\n<div><!-- --><\/div>\n<p><!-- Image block: [end] --> <!-- BEGIN: Content of extension \"hpo_relatedlink\", plugin \"tx_hporelatedlink_pi1\" --><\/p>\n<div><\/div>\n<p><!-- END: Content of extension \"hpo_relatedlink\", plugin \"tx_hporelatedlink_pi1\" --><\/p>\n<\/div>\n<p><!-- CONTENT ELEMENT, uid:3765\/image [end] --> <!--TYPO3SEARCH_end--><\/p>\n<\/div>\n","protected":false},"excerpt":{"rendered":"<p>L&#8217;ICOFOM accueille toujours de nouveaux membres ! Pour devenir membre de l&#8217;ICOFOM, vous devez d&#8217;abord devenir membre de l&#8217;ICOM \u00e0 travers l&#8217;un des comit\u00e9s nationaux. Cherchez votre comit\u00e9 national (CN) ici Apr\u00e8s avoir contact\u00e9 le CN correspondant, vous recevrez un formulaire qui comprendra une liste des comit\u00e9s internationaux, o\u00f9 vous devrez s\u00e9lectionner ICOFOM. Plus d&#8217;informations [&hellip;]<\/p>\n","protected":false},"author":1,"featured_media":0,"parent":156,"menu_order":0,"comment_status":"closed","ping_status":"closed","template":"","meta":{"footnotes":""},"yst_prominent_words":[387,193,1233,1444,1442,473,93,674,1232,1230,1357,511],"acf":[],"_links":{"self":[{"href":"https:\/\/icofom.mini.icom.museum\/fr\/wp-json\/wp\/v2\/pages\/1197"}],"collection":[{"href":"https:\/\/icofom.mini.icom.museum\/fr\/wp-json\/wp\/v2\/pages"}],"about":[{"href":"https:\/\/icofom.mini.icom.museum\/fr\/wp-json\/wp\/v2\/types\/page"}],"author":[{"embeddable":true,"href":"https:\/\/icofom.mini.icom.museum\/fr\/wp-json\/wp\/v2\/users\/1"}],"replies":[{"embeddable":true,"href":"https:\/\/icofom.mini.icom.museum\/fr\/wp-json\/wp\/v2\/comments?post=1197"}],"version-history":[{"count":5,"href":"https:\/\/icofom.mini.icom.museum\/fr\/wp-json\/wp\/v2\/pages\/1197\/revisions"}],"predecessor-version":[{"id":6118,"href":"https:\/\/icofom.mini.icom.museum\/fr\/wp-json\/wp\/v2\/pages\/1197\/revisions\/6118"}],"up":[{"embeddable":true,"href":"https:\/\/icofom.mini.icom.museum\/fr\/wp-json\/wp\/v2\/pages\/156"}],"wp:attachment":[{"href":"https:\/\/icofom.mini.icom.museum\/fr\/wp-json\/wp\/v2\/media?parent=1197"}],"wp:term":[{"taxonomy":"yst_prominent_words","embeddable":true,"href":"https:\/\/icofom.mini.icom.museum\/fr\/wp-json\/wp\/v2\/yst_prominent_words?post=1197"}],"curies":[{"name":"wp","href":"https:\/\/api.w.org\/{rel}","templated":true}]}}