{"id":1242,"date":"2018-12-28T12:37:14","date_gmt":"2018-12-28T12:37:14","guid":{"rendered":"http:\/\/icofom.icom.cust.oxymium.net\/contact-2\/contact-us\/"},"modified":"2023-03-07T09:51:11","modified_gmt":"2023-03-07T08:51:11","slug":"contact-us","status":"publish","type":"page","link":"https:\/\/icofom.mini.icom.museum\/fr\/contact-2\/contact-us\/","title":{"rendered":"Contactez-nous"},"content":{"rendered":"<div id=\"RTE_CONTENT\">\n<p><!--TYPO3SEARCH_begin--> <!-- CONTENT ELEMENT, uid:3857\/text [begin] --><\/p>\n<div id=\"c3857\">\n<h3>Contactez-nous avec vos pens\u00e9es et suggestions pour am\u00e9liorer notre travail :<\/h3>\n<\/div>\n<p>Karen Brown, chair (2023-2025)<\/p>\n<p>chair.icofom[at]icom.museum<\/p>\n<div id=\"c3857\">\n<p class=\"bodytext\">Lynn Maranda, secr\u00e9taire (2023-2025)<br \/>\nE-mail : secretary.icofom[at]icom.museum<\/p>\n<div><\/div>\n<\/div>\n<div id=\"c3859\">\n<div><!-- --><\/div>\n<p><!-- Image block: [end] --> <!-- BEGIN: Content of extension \"hpo_relatedlink\", plugin \"tx_hporelatedlink_pi1\" --><\/p>\n<div><\/div>\n<p><!-- END: Content of extension \"hpo_relatedlink\", plugin \"tx_hporelatedlink_pi1\" --><\/p>\n<\/div>\n<p><!-- CONTENT ELEMENT, uid:3859\/image [end] --> <!--TYPO3SEARCH_end--><\/p>\n<\/div>\n","protected":false},"excerpt":{"rendered":"<p>Contactez-nous avec vos pens\u00e9es et suggestions pour am\u00e9liorer notre travail : Karen Brown, chair (2023-2025) chair.icofom[at]icom.museum Lynn Maranda, secr\u00e9taire (2023-2025) E-mail : secretary.icofom[at]icom.museum<\/p>\n","protected":false},"author":1,"featured_media":0,"parent":165,"menu_order":0,"comment_status":"closed","ping_status":"closed","template":"","meta":{"footnotes":""},"yst_prominent_words":[],"acf":[],"_links":{"self":[{"href":"https:\/\/icofom.mini.icom.museum\/fr\/wp-json\/wp\/v2\/pages\/1242"}],"collection":[{"href":"https:\/\/icofom.mini.icom.museum\/fr\/wp-json\/wp\/v2\/pages"}],"about":[{"href":"https:\/\/icofom.mini.icom.museum\/fr\/wp-json\/wp\/v2\/types\/page"}],"author":[{"embeddable":true,"href":"https:\/\/icofom.mini.icom.museum\/fr\/wp-json\/wp\/v2\/users\/1"}],"replies":[{"embeddable":true,"href":"https:\/\/icofom.mini.icom.museum\/fr\/wp-json\/wp\/v2\/comments?post=1242"}],"version-history":[{"count":6,"href":"https:\/\/icofom.mini.icom.museum\/fr\/wp-json\/wp\/v2\/pages\/1242\/revisions"}],"predecessor-version":[{"id":6176,"href":"https:\/\/icofom.mini.icom.museum\/fr\/wp-json\/wp\/v2\/pages\/1242\/revisions\/6176"}],"up":[{"embeddable":true,"href":"https:\/\/icofom.mini.icom.museum\/fr\/wp-json\/wp\/v2\/pages\/165"}],"wp:attachment":[{"href":"https:\/\/icofom.mini.icom.museum\/fr\/wp-json\/wp\/v2\/media?parent=1242"}],"wp:term":[{"taxonomy":"yst_prominent_words","embeddable":true,"href":"https:\/\/icofom.mini.icom.museum\/fr\/wp-json\/wp\/v2\/yst_prominent_words?post=1242"}],"curies":[{"name":"wp","href":"https:\/\/api.w.org\/{rel}","templated":true}]}}