{"id":1254,"date":"2018-12-28T12:37:18","date_gmt":"2018-12-28T12:37:18","guid":{"rendered":"http:\/\/icofom.icom.cust.oxymium.net\/who-we-are\/sous-comites\/welcome-to-icofom-lam\/"},"modified":"2021-03-13T15:12:52","modified_gmt":"2021-03-13T15:12:52","slug":"welcome-to-icofom-lam","status":"publish","type":"page","link":"https:\/\/icofom.mini.icom.museum\/fr\/sous-comites\/welcome-to-icofom-lam\/","title":{"rendered":"Bienvenue sur le site Internet d&#8217;ICOFOM LAC!"},"content":{"rendered":"<div id=\"RTE_CONTENT\">\n<p><!--TYPO3SEARCH_begin--> <!-- CONTENT ELEMENT, uid:16290\/textpic [begin] --><\/p>\n<div id=\"c16290\">\n<p><!-- Image block: [begin] --><\/p>\n<div>\n<div><img decoding=\"async\" src=\"http:\/\/icofom.mini.icom.museum\/wp-content\/uploads\/sites\/18\/2018\/12\/mapa_chico.jpg\" alt=\"\" \/><\/div>\n<div>\n<p><!-- Text: [begin] --><\/p>\n<p>Bienvenue sur le site Internet d&#8217;ICOFOM LAC!<\/p>\n<p>Sous-comit\u00e9 r\u00e9gional de l&#8217;ICOFOM pour l&#8217;\u00e9tude, la discussion et la production de la th\u00e9orie mus\u00e9ologique en Am\u00e9rique latine et dans les Cara\u00efbes.<\/p>\n<p>Depuis ses d\u00e9buts, ICOFOM LAC a pour mission de promouvoir et documenter le travail d&#8217;investigation de la th\u00e9orie mus\u00e9ologique latino-am\u00e9ricaine, permettant une plus grande participation de ses membres \u00e0 travers les r\u00e9unions annuelles dans ses pays; discussions scientifiques, \u00e9changes professionnels et publications en espagnol et portugais. Nous consid\u00e9rons la production acad\u00e9mique et le d\u00e9bat th\u00e9orique comme le meilleur aliment pour notre discipline. C&#8217;est pourquoi nous invitons tout le monde \u00e0 visiter, rejoindre et contribuer \u00e0 nos espaces de communication.<\/p>\n<p><!-- Text: [end] --><\/p>\n<\/div>\n<\/div>\n<div><!-- --><\/div>\n<p><!-- Image block: [end] --> <!-- BEGIN: Content of extension \"hpo_relatedlink\", plugin \"tx_hporelatedlink_pi1\" --><\/p>\n<div><\/div>\n<p><!-- END: Content of extension \"hpo_relatedlink\", plugin \"tx_hporelatedlink_pi1\" --><\/p>\n<\/div>\n<p><!-- CONTENT ELEMENT, uid:16290\/textpic [end] --> <!--TYPO3SEARCH_end--><\/p>\n<\/div>\n","protected":false},"excerpt":{"rendered":"<p>Bienvenue sur le site Internet d&#8217;ICOFOM LAC! Sous-comit\u00e9 r\u00e9gional de l&#8217;ICOFOM pour l&#8217;\u00e9tude, la discussion et la production de la th\u00e9orie mus\u00e9ologique en Am\u00e9rique latine et dans les Cara\u00efbes. Depuis ses d\u00e9buts, ICOFOM LAC a pour mission de promouvoir et documenter le travail d&#8217;investigation de la th\u00e9orie mus\u00e9ologique latino-am\u00e9ricaine, permettant une plus grande participation de [&hellip;]<\/p>\n","protected":false},"author":1,"featured_media":0,"parent":3251,"menu_order":0,"comment_status":"closed","ping_status":"closed","template":"","meta":{"footnotes":""},"yst_prominent_words":[538,2101,78,1168,1167,2099,462,2097,1170,1171,1169,2157,359,510,1175,435,2341,1173,1174,1172],"acf":[],"_links":{"self":[{"href":"https:\/\/icofom.mini.icom.museum\/fr\/wp-json\/wp\/v2\/pages\/1254"}],"collection":[{"href":"https:\/\/icofom.mini.icom.museum\/fr\/wp-json\/wp\/v2\/pages"}],"about":[{"href":"https:\/\/icofom.mini.icom.museum\/fr\/wp-json\/wp\/v2\/types\/page"}],"author":[{"embeddable":true,"href":"https:\/\/icofom.mini.icom.museum\/fr\/wp-json\/wp\/v2\/users\/1"}],"replies":[{"embeddable":true,"href":"https:\/\/icofom.mini.icom.museum\/fr\/wp-json\/wp\/v2\/comments?post=1254"}],"version-history":[{"count":6,"href":"https:\/\/icofom.mini.icom.museum\/fr\/wp-json\/wp\/v2\/pages\/1254\/revisions"}],"predecessor-version":[{"id":4546,"href":"https:\/\/icofom.mini.icom.museum\/fr\/wp-json\/wp\/v2\/pages\/1254\/revisions\/4546"}],"up":[{"embeddable":true,"href":"https:\/\/icofom.mini.icom.museum\/fr\/wp-json\/wp\/v2\/pages\/3251"}],"wp:attachment":[{"href":"https:\/\/icofom.mini.icom.museum\/fr\/wp-json\/wp\/v2\/media?parent=1254"}],"wp:term":[{"taxonomy":"yst_prominent_words","embeddable":true,"href":"https:\/\/icofom.mini.icom.museum\/fr\/wp-json\/wp\/v2\/yst_prominent_words?post=1254"}],"curies":[{"name":"wp","href":"https:\/\/api.w.org\/{rel}","templated":true}]}}