{"id":1257,"date":"2018-12-28T12:37:21","date_gmt":"2018-12-28T12:37:21","guid":{"rendered":"http:\/\/icofom.icom.cust.oxymium.net\/who-we-are\/sous-comites\/who-we-are\/"},"modified":"2020-12-03T20:36:14","modified_gmt":"2020-12-03T20:36:14","slug":"who-we-are","status":"publish","type":"page","link":"https:\/\/icofom.mini.icom.museum\/fr\/sous-comites\/who-we-are\/","title":{"rendered":"ICOFOM LAC Qui nous sommes"},"content":{"rendered":"<div id=\"RTE_CONTENT\">\n<p><!--TYPO3SEARCH_begin--> <!-- CONTENT ELEMENT, uid:16418\/textpic [begin] --><\/p>\n<div id=\"c16418\">\n<p><!-- Image block: [begin] --><\/p>\n<div>\n<p><!-- Text: [begin] --><\/p>\n<p><img decoding=\"async\" loading=\"lazy\" class=\"alignnone size-medium wp-image-4356 aligncenter\" src=\"http:\/\/icofom.mini.icom.museum\/wp-content\/uploads\/sites\/18\/2020\/12\/logo_icofom-lac-300x75.jpg\" alt=\"\" width=\"300\" height=\"75\" srcset=\"https:\/\/icofom.mini.icom.museum\/wp-content\/uploads\/sites\/18\/2020\/12\/logo_icofom-lac-300x75.jpg 300w, https:\/\/icofom.mini.icom.museum\/wp-content\/uploads\/sites\/18\/2020\/12\/logo_icofom-lac-768x192.jpg 768w, https:\/\/icofom.mini.icom.museum\/wp-content\/uploads\/sites\/18\/2020\/12\/logo_icofom-lac-1024x256.jpg 1024w, https:\/\/icofom.mini.icom.museum\/wp-content\/uploads\/sites\/18\/2020\/12\/logo_icofom-lac.jpg 1200w\" sizes=\"(max-width: 300px) 100vw, 300px\" \/><\/p>\n<p>&nbsp;<\/p>\n<p>ICOFOM LAC est form\u00e9 par des professionnels des mus\u00e9es et des universitaires qui vivent et travaillent en Am\u00e9rique latine et dans les Cara\u00efbes, concentrant leurs activit\u00e9s et leurs int\u00e9r\u00eats sur le d\u00e9veloppement et la production de la th\u00e9orie mus\u00e9ologique dans la r\u00e9gion.<\/p>\n<\/div>\n<p><!-- END: Content of extension \"hpo_relatedlink\", plugin \"tx_hporelatedlink_pi1\" --><\/p>\n<\/div>\n<p><!-- CONTENT ELEMENT, uid:16418\/textpic [end] --> <!--TYPO3SEARCH_end--><\/p>\n<\/div>\n","protected":false},"excerpt":{"rendered":"<p>&nbsp; ICOFOM LAC est form\u00e9 par des professionnels des mus\u00e9es et des universitaires qui vivent et travaillent en Am\u00e9rique latine et dans les Cara\u00efbes, concentrant leurs activit\u00e9s et leurs int\u00e9r\u00eats sur le d\u00e9veloppement et la production de la th\u00e9orie mus\u00e9ologique dans la r\u00e9gion.<\/p>\n","protected":false},"author":1,"featured_media":0,"parent":3251,"menu_order":1,"comment_status":"closed","ping_status":"closed","template":"","meta":{"footnotes":""},"yst_prominent_words":[538,193,462,2097,1281],"acf":[],"_links":{"self":[{"href":"https:\/\/icofom.mini.icom.museum\/fr\/wp-json\/wp\/v2\/pages\/1257"}],"collection":[{"href":"https:\/\/icofom.mini.icom.museum\/fr\/wp-json\/wp\/v2\/pages"}],"about":[{"href":"https:\/\/icofom.mini.icom.museum\/fr\/wp-json\/wp\/v2\/types\/page"}],"author":[{"embeddable":true,"href":"https:\/\/icofom.mini.icom.museum\/fr\/wp-json\/wp\/v2\/users\/1"}],"replies":[{"embeddable":true,"href":"https:\/\/icofom.mini.icom.museum\/fr\/wp-json\/wp\/v2\/comments?post=1257"}],"version-history":[{"count":5,"href":"https:\/\/icofom.mini.icom.museum\/fr\/wp-json\/wp\/v2\/pages\/1257\/revisions"}],"predecessor-version":[{"id":4377,"href":"https:\/\/icofom.mini.icom.museum\/fr\/wp-json\/wp\/v2\/pages\/1257\/revisions\/4377"}],"up":[{"embeddable":true,"href":"https:\/\/icofom.mini.icom.museum\/fr\/wp-json\/wp\/v2\/pages\/3251"}],"wp:attachment":[{"href":"https:\/\/icofom.mini.icom.museum\/fr\/wp-json\/wp\/v2\/media?parent=1257"}],"wp:term":[{"taxonomy":"yst_prominent_words","embeddable":true,"href":"https:\/\/icofom.mini.icom.museum\/fr\/wp-json\/wp\/v2\/yst_prominent_words?post=1257"}],"curies":[{"name":"wp","href":"https:\/\/api.w.org\/{rel}","templated":true}]}}