{"id":1260,"date":"2018-12-28T12:37:24","date_gmt":"2018-12-28T12:37:24","guid":{"rendered":"http:\/\/icofom.icom.cust.oxymium.net\/who-we-are\/sous-comites\/icofom-lam-news\/"},"modified":"2020-12-03T20:38:52","modified_gmt":"2020-12-03T20:38:52","slug":"icofom-lac-news","status":"publish","type":"page","link":"https:\/\/icofom.mini.icom.museum\/fr\/sous-comites\/icofom-lac-news\/","title":{"rendered":"ICOFOM LAC Nouvelles"},"content":{"rendered":"<div id=\"RTE_CONTENT\">\n<p><!--TYPO3SEARCH_begin--> <!-- CONTENT ELEMENT, uid:15254\/textpic [begin] --><\/p>\n<div id=\"c15254\">\n<p><!-- Image block: [begin] --><\/p>\n<div>\n<p><!-- Text: [begin] --><\/p>\n<div>\n<p>Vous trouverez ici des informations sur la mus\u00e9ologie de l&#8217;Am\u00e9rique latine et des Cara\u00efbes.<\/p>\n<p><a href=\"\/?page_id=2410\">Actualit\u00e9s mus\u00e9ologiques\u00a0<\/a> \u00a0\u00a0<a href=\"https:\/\/icofom.mini.icom.museum\/fr\/sous-comites\/icofom-lac-coming-events\/\">\u00c9v\u00e9nements \u00e0 venir<\/a><\/p>\n<\/div>\n<\/div>\n<div><\/div>\n<p><!-- END: Content of extension \"hpo_relatedlink\", plugin \"tx_hporelatedlink_pi1\" --><\/p>\n<\/div>\n<p><!-- CONTENT ELEMENT, uid:15254\/textpic [end] --> <!--TYPO3SEARCH_end--><\/p>\n<\/div>\n","protected":false},"excerpt":{"rendered":"<p>Vous trouverez ici des informations sur la mus\u00e9ologie de l&#8217;Am\u00e9rique latine et des Cara\u00efbes. Actualit\u00e9s mus\u00e9ologiques\u00a0 \u00a0\u00a0\u00c9v\u00e9nements \u00e0 venir<\/p>\n","protected":false},"author":1,"featured_media":0,"parent":3251,"menu_order":2,"comment_status":"closed","ping_status":"closed","template":"","meta":{"footnotes":""},"yst_prominent_words":[2290,2299,2554,193,2082,2153,2157,2296,2294,2278,2164,2291],"acf":[],"_links":{"self":[{"href":"https:\/\/icofom.mini.icom.museum\/fr\/wp-json\/wp\/v2\/pages\/1260"}],"collection":[{"href":"https:\/\/icofom.mini.icom.museum\/fr\/wp-json\/wp\/v2\/pages"}],"about":[{"href":"https:\/\/icofom.mini.icom.museum\/fr\/wp-json\/wp\/v2\/types\/page"}],"author":[{"embeddable":true,"href":"https:\/\/icofom.mini.icom.museum\/fr\/wp-json\/wp\/v2\/users\/1"}],"replies":[{"embeddable":true,"href":"https:\/\/icofom.mini.icom.museum\/fr\/wp-json\/wp\/v2\/comments?post=1260"}],"version-history":[{"count":6,"href":"https:\/\/icofom.mini.icom.museum\/fr\/wp-json\/wp\/v2\/pages\/1260\/revisions"}],"predecessor-version":[{"id":4381,"href":"https:\/\/icofom.mini.icom.museum\/fr\/wp-json\/wp\/v2\/pages\/1260\/revisions\/4381"}],"up":[{"embeddable":true,"href":"https:\/\/icofom.mini.icom.museum\/fr\/wp-json\/wp\/v2\/pages\/3251"}],"wp:attachment":[{"href":"https:\/\/icofom.mini.icom.museum\/fr\/wp-json\/wp\/v2\/media?parent=1260"}],"wp:term":[{"taxonomy":"yst_prominent_words","embeddable":true,"href":"https:\/\/icofom.mini.icom.museum\/fr\/wp-json\/wp\/v2\/yst_prominent_words?post=1260"}],"curies":[{"name":"wp","href":"https:\/\/api.w.org\/{rel}","templated":true}]}}