{"id":1416,"date":"2018-12-28T12:38:46","date_gmt":"2018-12-28T12:38:46","guid":{"rendered":"http:\/\/icofom.icom.cust.oxymium.net\/who-we-are\/sous-comites\/publications\/"},"modified":"2024-11-01T13:48:16","modified_gmt":"2024-11-01T12:48:16","slug":"publications","status":"publish","type":"page","link":"https:\/\/icofom.mini.icom.museum\/fr\/sous-comites\/publications\/","title":{"rendered":"ICOFOM LAC Publications"},"content":{"rendered":"<div id=\"RTE_CONTENT\">\n<p><!--TYPO3SEARCH_begin--> <!-- CONTENT ELEMENT, uid:15261\/textpic [begin] --><\/p>\n<div id=\"c15261\">\n<p><!-- Image block: [begin] --><\/p>\n<div>\n<p><!-- Text: [begin] --><\/p>\n<h2><span style=\"vertical-align: inherit\"><span style=\"vertical-align: inherit\">Book corresponding to the XXX ICOFOM LAC Meeting: Multivocal Museology in Latin America and the Caribbean since the Santiago Round Table of 1972 (ESP, PORT &amp; ENG)<\/span><\/span><\/h2>\n<p style=\"text-align: center\"><img decoding=\"async\" loading=\"lazy\" class=\"alignnone wp-image-7605\" src=\"https:\/\/icofom.mini.icom.museum\/wp-content\/uploads\/sites\/18\/2024\/11\/IMG_8006-217x300.jpg\" alt=\"\" width=\"359\" height=\"496\" srcset=\"https:\/\/icofom.mini.icom.museum\/wp-content\/uploads\/sites\/18\/2024\/11\/IMG_8006-217x300.jpg 217w, https:\/\/icofom.mini.icom.museum\/wp-content\/uploads\/sites\/18\/2024\/11\/IMG_8006-742x1024.jpg 742w, https:\/\/icofom.mini.icom.museum\/wp-content\/uploads\/sites\/18\/2024\/11\/IMG_8006.jpg 750w\" sizes=\"(max-width: 359px) 100vw, 359px\" \/><\/p>\n<p style=\"text-align: center\"><a href=\"https:\/\/icofom.mini.icom.museum\/wp-content\/uploads\/sites\/18\/2024\/11\/Libro-ICOFOM-Barbados.pdf\"><span style=\"vertical-align: inherit\"><span style=\"vertical-align: inherit\">ICOFOM Barbados Book<\/span><\/span><\/a><\/p>\n<p>&nbsp;<\/p>\n<h2><span style=\"vertical-align: inherit\"><span style=\"vertical-align: inherit\">History of Museology in Latin America and <\/span><\/span><br \/>\n<span style=\"vertical-align: inherit\"><span style=\"vertical-align: inherit\">the Caribbean: Fundamental Collections<\/span><\/span><\/h2>\n<p><img decoding=\"async\" loading=\"lazy\" class=\"aligncenter wp-image-7562\" src=\"https:\/\/icofom.mini.icom.museum\/wp-content\/uploads\/sites\/18\/2024\/09\/portadad-724x1024.jpg\" alt=\"\" width=\"370\" height=\"523\" srcset=\"https:\/\/icofom.mini.icom.museum\/wp-content\/uploads\/sites\/18\/2024\/09\/portadad-724x1024.jpg 724w, https:\/\/icofom.mini.icom.museum\/wp-content\/uploads\/sites\/18\/2024\/09\/portadad-212x300.jpg 212w, https:\/\/icofom.mini.icom.museum\/wp-content\/uploads\/sites\/18\/2024\/09\/portadad-768x1086.jpg 768w, https:\/\/icofom.mini.icom.museum\/wp-content\/uploads\/sites\/18\/2024\/09\/portadad.jpg 910w\" sizes=\"(max-width: 370px) 100vw, 370px\" \/><\/p>\n<p style=\"text-align: center\"><span style=\"vertical-align: inherit\"><span style=\"vertical-align: inherit\">Edited by Luciana Carvalho and Silvilene Morais<\/span><\/span><\/p>\n<p style=\"text-align: center\"><a href=\"https:\/\/icofom.mini.icom.museum\/wp-content\/uploads\/sites\/18\/2024\/09\/13-sept-LIVRO-SAREC-2023.pdf\" target=\"_blank\" rel=\"noopener\"><span style=\"vertical-align: inherit\"><span style=\"vertical-align: inherit\">Click here for the full book<\/span><\/span><\/a><\/p>\n<p style=\"text-align: center\"><span style=\"vertical-align: inherit\"><span style=\"vertical-align: inherit\">_________________________________________________<\/span><\/span><\/p>\n<p>&nbsp;<\/p>\n<p><span style=\"vertical-align: inherit\"><span style=\"vertical-align: inherit\">Libro correspondiente al XXIX Encuentro del ICOFOM LAC \u201cLa Decolonizaci\u00f3n de la museolog\u00eda des de Am\u00e9rica Latina y el Caribbean: Museos, mestizajes y mitos de origin\u201d <\/span><\/span><a href=\"https:\/\/icofom.mini.icom.museum\/wp-content\/uploads\/sites\/18\/2022\/12\/Actas-Mexico-2021.pdf\"><span style=\"vertical-align: inherit\"><span style=\"vertical-align: inherit\">Actas M\u00e9xico 2021<\/span><\/span><\/a><\/p>\n<p><span style=\"background: white\"><span style=\"vertical-align: inherit\"><span style=\"vertical-align: inherit\">Perspectivas latinoamericanas y caribe\u00f1as para la discusi\u00f3n sobre la nueva definici\u00f3n de museo \/ <\/span><\/span><\/span><span style=\"background: white\"><span style=\"vertical-align: inherit\"><span style=\"vertical-align: inherit\">Perspectivas latino-americanas e caribenhas para a discuss\u00e3o sobre <\/span><\/span><\/span><span style=\"background: white\"><span style=\"vertical-align: inherit\"><span style=\"vertical-align: inherit\">a nova defini\u00e7\u00e3o de museus \/ Latin American and Caribbean Perspectives on the New Museum Definition, <\/span><\/span><\/span><span lang=\"PT-BR\"><span style=\"vertical-align: inherit\"><span style=\"vertical-align: inherit\">Vinicius Mon\u00e7\u00e3o &amp; <\/span><\/span><\/span><span lang=\"PT-BR\"><span style=\"vertical-align: inherit\"><span style=\"vertical-align: inherit\">Luciana Carvalho <\/span><\/span><\/span><span lang=\"PT-BR\"><span style=\"vertical-align: inherit\"><span style=\"vertical-align: inherit\">(eds.) , 2022\u00a0 <\/span><\/span><\/span><a href=\"https:\/\/icofom.mini.icom.museum\/wp-content\/uploads\/sites\/18\/2022\/11\/Livro-ICOFOM-LAC_ISBN.pdf\"><span style=\"vertical-align: inherit\"><span style=\"vertical-align: inherit\">Click here for the book<\/span><\/span><\/a><\/p>\n<p><span style=\"vertical-align: inherit\"><span style=\"vertical-align: inherit\">Libro correspondiente al XXVIII Encuentro de ICOFOM LAC \u201cHacia una definici\u00f3n de museo en perspectiva latinoamericana y caribe\u00f1a: Fundamentos epistemol\u00f3gicos\u201d, Argentina, 2020 <\/span><\/span><a href=\"https:\/\/icofom.mini.icom.museum\/wp-content\/uploads\/sites\/18\/2022\/04\/ICOFOM-LAC-LIBRO-Argentina-FINAL.pdf\"><span style=\"vertical-align: inherit\"><span style=\"vertical-align: inherit\">ICOFOM LAC LIBRO Argentina FINAL<\/span><\/span><\/a><\/p>\n<p><span style=\"vertical-align: inherit\"><span style=\"vertical-align: inherit\">Libro correspondiente al XXVII Encuentro de ICOFOM LAC, \u201cMuseo, tradiciones y construcciones colectivas <\/span><\/span><br \/>\n<span style=\"vertical-align: inherit\"><span style=\"vertical-align: inherit\">en Am\u00e9rica Latina y El Caribe: te\u00f3ricos enfoques\u201d <\/span><\/span><a href=\"https:\/\/icofom.mini.icom.museum\/wp-content\/uploads\/sites\/18\/2022\/11\/2022-Actas-Guatemala-2a-edicao_compressed.pdf\"><span style=\"vertical-align: inherit\"><span style=\"vertical-align: inherit\">2022 Actas Guatemala 2a edicao_compressed<\/span><\/span><\/a><\/p>\n<p><span style=\"vertical-align: inherit\"><span style=\"vertical-align: inherit\">ANALES DEL XXVI ENCUENTRO DEL ICOFOM LAM \u201cOrganismos Museologicos Hiperconectados. Museology, education and cultural action\u201d Hernandarias. Asunci\u00f3n. 08 to 11 of November of 2018 Paraguai, 2018 ANAIS DO XXVI ENCONTRO DO ICOFOM LAM \u201cOrganismos Museol\u00f3gicos Hiperconectados. Museologia, educa\u00e7\u00e3o e a\u00e7\u00e3o cultural\u201d Hernandarias. Asunci\u00f3n. 08 a 11 de november de 2018 Paraguai, 2018 <\/span><\/span><a href=\"https:\/\/icofom.mini.icom.museum\/wp-content\/uploads\/sites\/18\/2021\/12\/LIBRO-Paraguai-ISBN-29.12_compressed.pdf\"><span style=\"vertical-align: inherit\"><span style=\"vertical-align: inherit\">LIBRO Paraguai ISBN-29.12_compressed<\/span><\/span><\/a><\/p>\n<p><span style=\"vertical-align: inherit\"><span style=\"vertical-align: inherit\">Teor\u00eda museol\u00f3gica latinoamericana: Protohistoria\/ Teoria museol\u00f3gica latino-americana: Proto-hist\u00f3ria\/Latin American Museological Theory: Protohistory. Flight. 1. Teor\u00eda museol\u00f3gica latinoamericana. Textos fundamentales\/ Teor\u00eda Museol\u00f3gica latino-americana. Textos fundamentais\/Latin American Museological Theory. Fundamental Papers. ICOFOM, ICOFOM LAM, ICOM\/SAREC. <\/span><\/span><a href=\"https:\/\/icofom.mini.icom.museum\/wp-content\/uploads\/sites\/18\/2022\/04\/TML-01_Protohistoria.pdf\"><span style=\"vertical-align: inherit\"><span style=\"vertical-align: inherit\">TML 01_Protohistory<\/span><\/span><\/a><\/p>\n<p><a title=\"MusealidadyPatrimonioenlaTeori__aMuseolo__gicaLatinoamericanaydelCaribe.pdf (7.4 MB)\" href=\"http:\/\/icofom.mini.icom.museum\/wp-content\/uploads\/sites\/18\/2018\/12\/MusealidadyPatrimonioenlaTeori__aMuseolo__gicaLatinoamericanaydelCaribe.pdf\"><span style=\"vertical-align: inherit\"><span style=\"vertical-align: inherit\">Musealidad y Patrimonio en la Teor\u00eda Museol\u00f3gica Latinoamericana y del Caribe. Actas del XXIV Encuentro de ICOFOM LAM, Ouro Preto, Brasil, 2016.<\/span><\/span><\/a><\/p>\n<p><a title=\"ACTAS_ICOFOM_LAM_2015_PANAMA.pdf (2.8 MB)\" href=\"http:\/\/icofom.mini.icom.museum\/wp-content\/uploads\/sites\/18\/2018\/12\/ACTAS_ICOFOM_LAM_2015_PANAMA.pdf\"><span style=\"vertical-align: inherit\"><span style=\"vertical-align: inherit\">Diversities and confluences in Latin American museological thought. Actas del XXIII Encuentro de ICOFOM LAM. Panama, 2015.<\/span><\/span><\/a><\/p>\n<p><a title=\"TEXT, Actas XXII Encuentro - Buenos Aires, Actas_XXII_Encuentro_-_Buenos_Aires.pdf, 6.8 MB\" href=\"http:\/\/icofom.mini.icom.museum\/wp-content\/uploads\/sites\/18\/2018\/12\/Actas_XXII_Encuentro_-_Buenos_Aires.pdf\"><span style=\"vertical-align: inherit\"><span style=\"vertical-align: inherit\">New trends for Museology in Latin America. Actas del XXII Encuentro de ICOFOM LAM. Buenos Aires, 2014<\/span><\/span><\/a><\/p>\n<p><a title=\"TEXT, lam 2002, lam_2002.pdf, 5.9 MB\" href=\"http:\/\/icofom.mini.icom.museum\/wp-content\/uploads\/sites\/18\/2018\/12\/lam_2002.pdf\"><span style=\"vertical-align: inherit\"><span style=\"vertical-align: inherit\">Museology and presentation: original\/real or virtual. 11th ICOFOM LAM Meeting. Cuenca and Galapagos Islands, 2002.<\/span><\/span><\/a><\/p>\n<p><a title=\"TEXT, lam 2001, lam_2001.pdf, 12.7 MB\" href=\"http:\/\/icofom.mini.icom.museum\/wp-content\/uploads\/sites\/18\/2018\/12\/lam_2001.pdf\"><span style=\"vertical-align: inherit\"><span style=\"vertical-align: inherit\">Museums, museology and intangible heritage. 10th ICOFOM LAM Meeting. Montevideo and Punta del Este, 2001<\/span><\/span><\/a><span style=\"vertical-align: inherit\"><span style=\"vertical-align: inherit\"> .<\/span><\/span><\/p>\n<p><a title=\"TEXT, 00, 00.pdf, 28 MB\" href=\"http:\/\/icofom.mini.icom.museum\/wp-content\/uploads\/sites\/18\/2018\/12\/00.pdf\"><span style=\"vertical-align: inherit\"><span style=\"vertical-align: inherit\">Museology and sustainable development. 9th ICOFOM LAM Meeting, Rio de Janeiro, 2000.<\/span><\/span><\/a><\/p>\n<p><a title=\"TEXT, 99, 99.pdf, 1.5 MB\" href=\"http:\/\/icofom.mini.icom.museum\/wp-content\/uploads\/sites\/18\/2018\/12\/99.pdf\"><span style=\"vertical-align: inherit\"><span style=\"vertical-align: inherit\">Museology, philosophy and identity in Latin America and the Caribbean. 8th ICOFOM LAM Meeting, Coro, 1999.<\/span><\/span><\/a><\/p>\n<p><a title=\"TEXT, VII ENCUENTRO - Xochimilco 1998, VII_ENCUENTRO_-_Xochimilco_1998.pdf, 103 KB\" href=\"http:\/\/icofom.mini.icom.museum\/wp-content\/uploads\/sites\/18\/2018\/12\/VII_ENCUENTRO_-_Xochimilco_1998.pdf\"><span style=\"vertical-align: inherit\"><span style=\"vertical-align: inherit\">Museums, Museology and cultural diversity. 7th ICOFOM LAM Meeting and International Museology Colloquium of Mexico. Xochimilco, 1998.<\/span><\/span><\/a><\/p>\n<p><a title=\"TEXT, IV ENCUENTRO - Barquisimeto 1995, IV_ENCUENTRO_-_Barquisimeto_1995.pdf, 126 KB\" href=\"http:\/\/icofom.mini.icom.museum\/wp-content\/uploads\/sites\/18\/2018\/12\/VI_ENCUENTRO_-_Cuenca_1997.pdf\"><span style=\"vertical-align: inherit\"><span style=\"vertical-align: inherit\">Museology and memory. 6th ICOFOM LAM Meeting. Cuenca, 1997.<\/span><\/span><\/a><\/p>\n<p><a title=\"TEXT, V ENCUENTRO - Rio de Janeiro 1996, V_ENCUENTRO_-_Rio_de_Janeiro_1996.pdf, 74 KB\" href=\"http:\/\/icofom.mini.icom.museum\/wp-content\/uploads\/sites\/18\/2018\/12\/V_ENCUENTRO_-_Rio_de_Janeiro_1996.pdf\"><span style=\"vertical-align: inherit\"><span style=\"vertical-align: inherit\">Museology and Art. 5th ICOFOM LAM Meeting and 17th ICOFOM Annual Symposium. Rio de Janeiro, 1996.<\/span><\/span><\/a><\/p>\n<p><a title=\"TEXT, IV ENCUENTRO - Barquisimeto 1995, IV_ENCUENTRO_-_Barquisimeto_1995.pdf, 126 KB\" href=\"http:\/\/icofom.mini.icom.museum\/wp-content\/uploads\/sites\/18\/2018\/12\/IV_ENCUENTRO_-_Barquisimeto_1995.pdf\"><span style=\"vertical-align: inherit\"><span style=\"vertical-align: inherit\">Museology and Art.5th ICOFOM LAM Meeting and 17th ICOFOM Annual Symposium. 4th ICOFOM LAM Meeting. Barquisimeto, April 23-26, 1995.<\/span><\/span><\/a><\/p>\n<p><a title=\"TEXT, III ENCUENTRO - Cuenca 1994, III_ENCUENTRO_-_Cuenca_1994.pdf, 79 KB\" href=\"http:\/\/icofom.mini.icom.museum\/wp-content\/uploads\/sites\/18\/2018\/12\/III_ENCUENTRO_-_Cuenca_1994.pdf\"><span style=\"vertical-align: inherit\"><span style=\"vertical-align: inherit\">Museology, education and community action. 3rd ICOFOM LAM Meeting and Annual Meeting of CECA Museums. Education, Natural social and cultural heritage: interdisciplinary session CECA\/ICOFOM LAM. Cuenca, 1994.<\/span><\/span><\/a><\/p>\n<p><a title=\"TEXT, II ENCUENTRO - Quito 1993, II_ENCUENTRO_-_Quito_1993.pdf, 118 KB\" href=\"http:\/\/icofom.mini.icom.museum\/wp-content\/uploads\/sites\/18\/2018\/12\/II_ENCUENTRO_-_Quito_1993.pdf\"><span style=\"vertical-align: inherit\"><span style=\"vertical-align: inherit\">Museum, spaces and power in Latin America and the Caribbean. 2nd ICOFOM LAM Meeting. Quito, July 18-23, 1993.<\/span><\/span><\/a><\/p>\n<p><a title=\"TEXT, I ENCUENTRO - Buenos Aires 1992, I_ENCUENTRO_-_Buenos_Aires_1992.pdf, 68 KB\" href=\"http:\/\/icofom.mini.icom.museum\/wp-content\/uploads\/sites\/18\/2018\/12\/I_ENCUENTRO_-_Buenos_Aires_1992.pdf\"><span style=\"vertical-align: inherit\"><span style=\"vertical-align: inherit\">Museums, society and environment: an integrated trilogy. 1st ICOFOM LAM Meeting. Buenos Aires, 1992.<\/span><\/span><\/a><\/p>\n<\/div>\n<p><!-- END: Content of extension \"hpo_relatedlink\", plugin \"tx_hporelatedlink_pi1\" --><\/p>\n<\/div>\n<p><!-- CONTENT ELEMENT, uid:15261\/textpic [end] --> <!--TYPO3SEARCH_end--><\/p>\n<\/div>\n","protected":false},"excerpt":{"rendered":"<p>Book corresponding to the XXX ICOFOM LAC Meeting: Multivocal Museology in Latin America and the Caribbean since the Santiago Round Table of 1972 (ESP, PORT &amp; ENG) ICOFOM Barbados Book &nbsp; History of Museology in Latin America and the Caribbean: Fundamental Collections Edited by Luciana Carvalho and Silvilene Morais Click here for the full book [&hellip;]<\/p>\n","protected":false},"author":1,"featured_media":0,"parent":3251,"menu_order":4,"comment_status":"closed","ping_status":"closed","template":"","meta":{"footnotes":""},"yst_prominent_words":[1272,1269,1438,1425,1437,1424,59,54,1440,1218,51,1219,2687,52,1273,1439,1423,53,2291],"acf":[],"_links":{"self":[{"href":"https:\/\/icofom.mini.icom.museum\/fr\/wp-json\/wp\/v2\/pages\/1416"}],"collection":[{"href":"https:\/\/icofom.mini.icom.museum\/fr\/wp-json\/wp\/v2\/pages"}],"about":[{"href":"https:\/\/icofom.mini.icom.museum\/fr\/wp-json\/wp\/v2\/types\/page"}],"author":[{"embeddable":true,"href":"https:\/\/icofom.mini.icom.museum\/fr\/wp-json\/wp\/v2\/users\/1"}],"replies":[{"embeddable":true,"href":"https:\/\/icofom.mini.icom.museum\/fr\/wp-json\/wp\/v2\/comments?post=1416"}],"version-history":[{"count":19,"href":"https:\/\/icofom.mini.icom.museum\/fr\/wp-json\/wp\/v2\/pages\/1416\/revisions"}],"predecessor-version":[{"id":7616,"href":"https:\/\/icofom.mini.icom.museum\/fr\/wp-json\/wp\/v2\/pages\/1416\/revisions\/7616"}],"up":[{"embeddable":true,"href":"https:\/\/icofom.mini.icom.museum\/fr\/wp-json\/wp\/v2\/pages\/3251"}],"wp:attachment":[{"href":"https:\/\/icofom.mini.icom.museum\/fr\/wp-json\/wp\/v2\/media?parent=1416"}],"wp:term":[{"taxonomy":"yst_prominent_words","embeddable":true,"href":"https:\/\/icofom.mini.icom.museum\/fr\/wp-json\/wp\/v2\/yst_prominent_words?post=1416"}],"curies":[{"name":"wp","href":"https:\/\/api.w.org\/{rel}","templated":true}]}}