{"id":1437,"date":"2018-12-28T12:38:51","date_gmt":"2018-12-28T12:38:51","guid":{"rendered":"http:\/\/icofom.icom.cust.oxymium.net\/who-we-are\/sous-comites\/membership\/"},"modified":"2020-12-03T20:39:59","modified_gmt":"2020-12-03T20:39:59","slug":"membership","status":"publish","type":"page","link":"https:\/\/icofom.mini.icom.museum\/fr\/sous-comites\/membership\/","title":{"rendered":"ICOFOM LAC Membres"},"content":{"rendered":"<div id=\"RTE_CONTENT\">\n<p><!--TYPO3SEARCH_begin--> <!-- CONTENT ELEMENT, uid:15263\/textpic [begin] --><\/p>\n<div id=\"c15263\">\n<p><!-- Image block: [begin] --><\/p>\n<div>\n<div>\n<p><!-- Text: [begin] --><\/p>\n<div>\n<p>Pour devenir membre de l&#8217;ICOFOM LAM, vous devez \u00eatre membre de l&#8217;ICOM.<\/p>\n<p>Par cons\u00e9quent, vous devez informer l&#8217;ICOM que vous souhaitez devenir membre de l&#8217;ICOFOM. Et si vous vivez en Am\u00e9rique latine et dans les Cara\u00efbes, vous faites naturellement partie de ICOFOM LAC.<\/p>\n<p>Visitez ce lien pour en faire partie: <a href=\"https:\/\/icom.museum\/fr\/participez\/devenir-membre\/\">https:\/\/icom.museum\/fr\/participez\/devenir-membre\/<\/a><\/p>\n<\/div>\n<p><!-- Text: [end] --><\/p>\n<\/div>\n<div>\n<div>\n<ul>\n<li><img decoding=\"async\" src=\"http:\/\/icofom.mini.icom.museum\/wp-content\/uploads\/sites\/18\/2018\/12\/fc3dc7ed89.jpg\" alt=\"\" \/><\/li>\n<\/ul>\n<\/div>\n<div>\n<ul>\n<li><img decoding=\"async\" src=\"http:\/\/icofom.mini.icom.museum\/wp-content\/uploads\/sites\/18\/2018\/12\/866d3d3533.jpg\" alt=\"\" \/><\/li>\n<\/ul>\n<\/div>\n<\/div>\n<\/div>\n<div><!-- --><\/div>\n<p><!-- Image block: [end] --> <!-- BEGIN: Content of extension \"hpo_relatedlink\", plugin \"tx_hporelatedlink_pi1\" --><\/p>\n<div><\/div>\n<p><!-- END: Content of extension \"hpo_relatedlink\", plugin \"tx_hporelatedlink_pi1\" --><\/p>\n<\/div>\n<p><!-- CONTENT ELEMENT, uid:15263\/textpic [end] --> <!--TYPO3SEARCH_end--><\/p>\n<\/div>\n","protected":false},"excerpt":{"rendered":"<p>Pour devenir membre de l&#8217;ICOFOM LAM, vous devez \u00eatre membre de l&#8217;ICOM. Par cons\u00e9quent, vous devez informer l&#8217;ICOM que vous souhaitez devenir membre de l&#8217;ICOFOM. Et si vous vivez en Am\u00e9rique latine et dans les Cara\u00efbes, vous faites naturellement partie de ICOFOM LAC. Visitez ce lien pour en faire partie: https:\/\/icom.museum\/fr\/participez\/devenir-membre\/<\/p>\n","protected":false},"author":1,"featured_media":0,"parent":3251,"menu_order":5,"comment_status":"closed","ping_status":"closed","template":"","meta":{"footnotes":""},"yst_prominent_words":[2101,528,1233,1444,1442,1441,3010,2099,462,674,1356,1232,1230,1443,3011,435,511,1445],"acf":[],"_links":{"self":[{"href":"https:\/\/icofom.mini.icom.museum\/fr\/wp-json\/wp\/v2\/pages\/1437"}],"collection":[{"href":"https:\/\/icofom.mini.icom.museum\/fr\/wp-json\/wp\/v2\/pages"}],"about":[{"href":"https:\/\/icofom.mini.icom.museum\/fr\/wp-json\/wp\/v2\/types\/page"}],"author":[{"embeddable":true,"href":"https:\/\/icofom.mini.icom.museum\/fr\/wp-json\/wp\/v2\/users\/1"}],"replies":[{"embeddable":true,"href":"https:\/\/icofom.mini.icom.museum\/fr\/wp-json\/wp\/v2\/comments?post=1437"}],"version-history":[{"count":6,"href":"https:\/\/icofom.mini.icom.museum\/fr\/wp-json\/wp\/v2\/pages\/1437\/revisions"}],"predecessor-version":[{"id":4383,"href":"https:\/\/icofom.mini.icom.museum\/fr\/wp-json\/wp\/v2\/pages\/1437\/revisions\/4383"}],"up":[{"embeddable":true,"href":"https:\/\/icofom.mini.icom.museum\/fr\/wp-json\/wp\/v2\/pages\/3251"}],"wp:attachment":[{"href":"https:\/\/icofom.mini.icom.museum\/fr\/wp-json\/wp\/v2\/media?parent=1437"}],"wp:term":[{"taxonomy":"yst_prominent_words","embeddable":true,"href":"https:\/\/icofom.mini.icom.museum\/fr\/wp-json\/wp\/v2\/yst_prominent_words?post=1437"}],"curies":[{"name":"wp","href":"https:\/\/api.w.org\/{rel}","templated":true}]}}