{"id":1461,"date":"2018-12-28T12:38:59","date_gmt":"2018-12-28T12:38:59","guid":{"rendered":"http:\/\/icofom.icom.cust.oxymium.net\/who-we-are\/sous-comites\/a-word-from-the-president\/"},"modified":"2020-12-11T11:48:32","modified_gmt":"2020-12-11T11:48:32","slug":"a-word-from-the-president","status":"publish","type":"page","link":"https:\/\/icofom.mini.icom.museum\/fr\/sous-comites\/a-word-from-the-president\/","title":{"rendered":"Le mot du pr\u00e9sident de l&#8217;ICOFOM LAC"},"content":{"rendered":"<div id=\"RTE_CONTENT\">\n<p><!--TYPO3SEARCH_begin--> <!-- CONTENT ELEMENT, uid:15248\/textpic [begin] --><\/p>\n<div id=\"c15248\">\n<p><!-- Image block: [begin] --><\/p>\n<div>\n<div>\n<p><img decoding=\"async\" loading=\"lazy\" class=\"alignnone size-medium wp-image-4310 aligncenter\" src=\"http:\/\/icofom.mini.icom.museum\/wp-content\/uploads\/sites\/18\/2020\/12\/Luciana-300x300.jpg\" alt=\"\" width=\"300\" height=\"300\" srcset=\"https:\/\/icofom.mini.icom.museum\/wp-content\/uploads\/sites\/18\/2020\/12\/Luciana-300x300.jpg 300w, https:\/\/icofom.mini.icom.museum\/wp-content\/uploads\/sites\/18\/2020\/12\/Luciana-150x150.jpg 150w, https:\/\/icofom.mini.icom.museum\/wp-content\/uploads\/sites\/18\/2020\/12\/Luciana-768x768.jpg 768w, https:\/\/icofom.mini.icom.museum\/wp-content\/uploads\/sites\/18\/2020\/12\/Luciana-1024x1024.jpg 1024w, https:\/\/icofom.mini.icom.museum\/wp-content\/uploads\/sites\/18\/2020\/12\/Luciana.jpg 1280w\" sizes=\"(max-width: 300px) 100vw, 300px\" \/><\/p>\n<h1>Message de bienvenue de la pr\u00e9sidente (ICOFOM LAC)<\/h1>\n<p>Bienvenue ! Merci pour votre visite sur notre page !<\/p>\n<p>Nous sommes actuellement dans un processus de changement, et ce changement n\u2019est pas uniquement d\u00fb \u00e0 la nouvelle administration \u00e9lue et investie lors de notre Assembl\u00e9e g\u00e9n\u00e9rale le 6 novembre 2020, dans le cadre de notre XXVIIIe rencontre annuelle. \u00c0 cette nouvelle gestion s\u2019ajoute le changement de l\u2019acronyme ICOFOM LAM pour celui d\u2019ICOFOM LAC, qui fut approuv\u00e9 lors de l\u2019Assembl\u00e9e g\u00e9n\u00e9rale organis\u00e9e lors de la XXVIIe rencontre de notre comit\u00e9.<\/p>\n<p>Le sous-comit\u00e9 r\u00e9gional pour l\u2019Am\u00e9rique latine et les Cara\u00efbes \u2013 ICOFOM LAM, maintenant ICOFOM LAC \u2013 est le sous-comit\u00e9 d\u2019ICOFOM ayant pour but de discuter, de d\u00e9velopper et de consolider la pens\u00e9e mus\u00e9ologique d\u2019Am\u00e9rique latine et des Cara\u00efbes au niveau acad\u00e9mique. ICOFOM LAC fut cr\u00e9\u00e9 \u00e0 La Haye en 1989, lors de la Conf\u00e9rence g\u00e9n\u00e9rale de l\u2019ICOM sur le th\u00e8me \u00ab\u00a0Mus\u00e9es, g\u00e9n\u00e9rateurs de culture\u00a0\u00bb, avec les m\u00eames objectifs que notre comit\u00e9-m\u00e8re. L\u2019administration d\u2019ICOFOM LAC 2020-2023 vise ainsi \u00e0 :<\/p>\n<ul>\n<li>\u00e9tablir une branche du projet d\u2019ICOFOM \u00ab\u00a0Histoire de la mus\u00e9ologie\u00a0\u00bb, avec pour ambition de conna\u00eetre et de diffuser le d\u00e9veloppement de la discipline mus\u00e9ologique en Am\u00e9rique latine et dans les Cara\u00efbes<\/li>\n<li>consolider un espace de d\u00e9bats portant sur des enjeux contemporains en lien avec la mus\u00e9ologie, par le biais de partenariats avec les universit\u00e9s et des groupes d\u2019\u00e9tudiants en mus\u00e9ologie<\/li>\n<li>attirer de jeunes professionnel\u00b7le\u00b7s de mus\u00e9e, chercheur\u00b7se\u00b7s et \u00e9tudiant\u00b7e\u00b7s en mus\u00e9ologie en tant que membres d\u2019ICOFOM LAC et d\u2019ICOFOM<\/li>\n<li>r\u00e9unir des fonds et mener des partenariats pour le maintien d\u2019activit\u00e9s de publication<\/li>\n<li>\u00e9tablir et consolider le comit\u00e9 \u00e9ditorial<\/li>\n<li>\u00e9tendre la communication d\u2019ICOFOM LAC sur les r\u00e9seaux sociaux<\/li>\n<\/ul>\n<p>&nbsp;<\/p>\n<p>Tous les objectifs pr\u00e9sent\u00e9s au-dessus s\u2019alignent avec notre volont\u00e9 de valoriser ICOFOM LAC en tant qu\u2019espace de d\u00e9bat sur la mus\u00e9ologie, en donnant la priorit\u00e9 \u00e0 la diversit\u00e9 des opinions, des personnes et des r\u00e9flexions qui constituent l\u2019espace g\u00e9ographique appel\u00e9 Am\u00e9rique latine et Cara\u00efbes. Nous souhaitons \u00e9galement ajouter que notre production th\u00e9orique a un potentiel important en tant qu\u2019appui \u00e0 des d\u00e9bats existant dans notre r\u00e9gion, dans la mesure o\u00f9 une telle production consid\u00e8re notre r\u00e9alit\u00e9 et notre diversit\u00e9, qui est absolument unique.<\/p>\n<p>Je compte sur vous, personnes d\u2019Am\u00e9rique latine et des Cara\u00efbes aimant la mus\u00e9ologie et voudraient la d\u00e9velopper en rejoignant notre \u00e9quipe ! Vous pouvez \u00e9galement compter sur nous et notre continuelle disponibilit\u00e9 !<\/p>\n<p>Meilleures salutations,<\/p>\n<p>Luciana Menezes de Carvalho<\/p>\n<p>&nbsp;<\/p>\n<\/div>\n<\/div>\n<p><!-- END: Content of extension \"hpo_relatedlink\", plugin \"tx_hporelatedlink_pi1\" --><\/p>\n<\/div>\n<p><!-- CONTENT ELEMENT, uid:15248\/textpic [end] --> <!--TYPO3SEARCH_end--><\/p>\n<\/div>\n","protected":false},"excerpt":{"rendered":"<p>Message de bienvenue de la pr\u00e9sidente (ICOFOM LAC) Bienvenue ! Merci pour votre visite sur notre page ! Nous sommes actuellement dans un processus de changement, et ce changement n\u2019est pas uniquement d\u00fb \u00e0 la nouvelle administration \u00e9lue et investie lors de notre Assembl\u00e9e g\u00e9n\u00e9rale le 6 novembre 2020, dans le cadre de notre XXVIIIe [&hellip;]<\/p>\n","protected":false},"author":1,"featured_media":0,"parent":3251,"menu_order":7,"comment_status":"closed","ping_status":"closed","template":"","meta":{"footnotes":""},"yst_prominent_words":[477,3021,3018,3014,1436,3022,78,195,193,3024,3023,3020,2982,186,3016,3019,3015,359,1249,3017],"acf":[],"_links":{"self":[{"href":"https:\/\/icofom.mini.icom.museum\/fr\/wp-json\/wp\/v2\/pages\/1461"}],"collection":[{"href":"https:\/\/icofom.mini.icom.museum\/fr\/wp-json\/wp\/v2\/pages"}],"about":[{"href":"https:\/\/icofom.mini.icom.museum\/fr\/wp-json\/wp\/v2\/types\/page"}],"author":[{"embeddable":true,"href":"https:\/\/icofom.mini.icom.museum\/fr\/wp-json\/wp\/v2\/users\/1"}],"replies":[{"embeddable":true,"href":"https:\/\/icofom.mini.icom.museum\/fr\/wp-json\/wp\/v2\/comments?post=1461"}],"version-history":[{"count":8,"href":"https:\/\/icofom.mini.icom.museum\/fr\/wp-json\/wp\/v2\/pages\/1461\/revisions"}],"predecessor-version":[{"id":4409,"href":"https:\/\/icofom.mini.icom.museum\/fr\/wp-json\/wp\/v2\/pages\/1461\/revisions\/4409"}],"up":[{"embeddable":true,"href":"https:\/\/icofom.mini.icom.museum\/fr\/wp-json\/wp\/v2\/pages\/3251"}],"wp:attachment":[{"href":"https:\/\/icofom.mini.icom.museum\/fr\/wp-json\/wp\/v2\/media?parent=1461"}],"wp:term":[{"taxonomy":"yst_prominent_words","embeddable":true,"href":"https:\/\/icofom.mini.icom.museum\/fr\/wp-json\/wp\/v2\/yst_prominent_words?post=1461"}],"curies":[{"name":"wp","href":"https:\/\/api.w.org\/{rel}","templated":true}]}}