{"id":1590,"date":"2018-12-28T12:39:18","date_gmt":"2018-12-28T12:39:18","guid":{"rendered":"http:\/\/icofom.icom.cust.oxymium.net\/meetings\/conferences-anterieures\/defining-the-museum\/"},"modified":"2020-06-02T21:10:59","modified_gmt":"2020-06-02T21:10:59","slug":"defining-the-museum","status":"publish","type":"page","link":"https:\/\/icofom.mini.icom.museum\/fr\/conferences\/defining-the-museum\/","title":{"rendered":"D\u00e9finir le mus\u00e9e"},"content":{"rendered":"<div id=\"RTE_CONTENT\">\n<p><!--TYPO3SEARCH_begin--> <!-- CONTENT ELEMENT, uid:20392\/text [begin] --><\/p>\n<div id=\"c20392\">\n<p><!-- Header: [begin] --><\/p>\n<h2>D\u00e9finir le mus\u00e9e au 21e si\u00e8cle: les symposia et les\u00a0r\u00e9unions de l&#8217;ICOFOM<\/h2>\n<p>&#8220;Depuis 2017, apr\u00e8s la d\u00e9cision de l&#8217;ICOM de r\u00e9viser sa d\u00e9finition de mus\u00e9e, l&#8217;ICOFOM a d\u00e9velopp\u00e9 et soutenu une s\u00e9rie de conf\u00e9rences et de publications sur le sujet dans plusieurs pays et langues. Voici quelques-unes des synth\u00e8ses les plus r\u00e9centes de ces conf\u00e9rences et les derni\u00e8res nouvelles sur le sujet.&#8221;<\/p>\n<p>-Bruno Brulon Soares, pr\u00e9sident de l&#8217;ICOFOM, 17 mars 2020<\/p>\n<p><!-- Header: [end] --> <!-- Text: [begin] --><\/p>\n<h3><strong><a href=\"https:\/\/drive.google.com\/open?id=10XAnT6rWhtiADX7hD8G35-nDrIvCX_pY\">Archiv\u00e9:<\/a><\/strong><\/h3>\n<p><!-- Header: [end] --> <!-- Text: [begin] --><\/p>\n<p><b>Definir le mus\u00e9e du\u00a0XXIe si\u00e8cle, Paris, June, 2017<\/b><\/p>\n<p>Synthesis in English<\/p>\n<p>Sinth\u00e8se en fran\u00e7ais<\/p>\n<p>Sintesis en espa\u00f1ol<\/p>\n<p><b>Defining the museum of the 21st century, Beijing, October 2017<\/b><\/p>\n<p>Conclusions from the Beijing symposium\u00a0in English<\/p>\n<p>Conclusiones del simposio de Beijing en Espagnol<\/p>\n<p><b>Defining the museum of the 21st century, Buenos Aires, November 2017<\/b><\/p>\n<p>Synthesis from the Symposium, in English<\/p>\n<p><b>Defining the museum of the 21st century, St. Andrews, November 2017<\/b><\/p>\n<p><b>Summary from the conference at the University of St Andrews, Scotland, in English<\/b><\/p>\n<p><b>Defining the museum of the 21st century, Rio de Janeiro, November 2017<\/b><\/p>\n<p>Synthesis in English<\/p>\n<p>Synthesis in Brazilian Portuguese<\/p>\n<p><b>Defining the museum of the 21st century, Moscow, May-June 2018<br \/>\n<\/b><\/p>\n<p>Summary from two roundtables held in Moscow, Russia, in English<\/p>\n<p><b>Defining the museum of the 21st century, Leuven, January 2018<br \/>\n<\/b><\/p>\n<p>Summary from the roundtables held in Leuven, Belgium, in English<\/p>\n<p><b>Defining the museum of the 21st century, Conference of the German Speaking National Committees of ICOM, 2018\u00a0<\/b><\/p>\n<p>Summary from the Conference, in English<\/p>\n<p><b>Defining the museum of the 21st century, debates of the Baltic Museology School, Kaunas, Lithuania, June 2018<\/b><\/p>\n<p>Summary from the debates, in English<\/p>\n<p><b>Defining the museum of the 21st century: Evolving multiculturalism in museums in the United States, September 2018<\/b><\/p>\n<p>Summary from the debates, in English<\/p>\n<p><a href=\"https:\/\/www.youtube.com\/playlist?list=PL2BOWpayQhZOCFvizIcrgzo81xnc5e-nr\" target=\"_blank\" rel=\"noopener\">Recording of the online symposium<\/a><\/p>\n<p><!-- END: Content of extension \"hpo_relatedlink\", plugin \"tx_hporelatedlink_pi1\" --><\/p>\n<\/div>\n<p><!-- CONTENT ELEMENT, uid:20392\/text [end] --> <!--TYPO3SEARCH_end--><\/p>\n<\/div>\n","protected":false},"excerpt":{"rendered":"<p>D\u00e9finir le mus\u00e9e au 21e si\u00e8cle: les symposia et les\u00a0r\u00e9unions de l&#8217;ICOFOM &#8220;Depuis 2017, apr\u00e8s la d\u00e9cision de l&#8217;ICOM de r\u00e9viser sa d\u00e9finition de mus\u00e9e, l&#8217;ICOFOM a d\u00e9velopp\u00e9 et soutenu une s\u00e9rie de conf\u00e9rences et de publications sur le sujet dans plusieurs pays et langues. Voici quelques-unes des synth\u00e8ses les plus r\u00e9centes de ces conf\u00e9rences [&hellip;]<\/p>\n","protected":false},"author":1,"featured_media":0,"parent":150,"menu_order":4,"comment_status":"closed","ping_status":"closed","template":"","meta":{"footnotes":""},"yst_prominent_words":[2363,2361,1934,528,2375,462,1933,359,929,1935,510,2369,2377,2379,2365,2367,530,1932,2373,2371],"acf":[],"_links":{"self":[{"href":"https:\/\/icofom.mini.icom.museum\/fr\/wp-json\/wp\/v2\/pages\/1590"}],"collection":[{"href":"https:\/\/icofom.mini.icom.museum\/fr\/wp-json\/wp\/v2\/pages"}],"about":[{"href":"https:\/\/icofom.mini.icom.museum\/fr\/wp-json\/wp\/v2\/types\/page"}],"author":[{"embeddable":true,"href":"https:\/\/icofom.mini.icom.museum\/fr\/wp-json\/wp\/v2\/users\/1"}],"replies":[{"embeddable":true,"href":"https:\/\/icofom.mini.icom.museum\/fr\/wp-json\/wp\/v2\/comments?post=1590"}],"version-history":[{"count":7,"href":"https:\/\/icofom.mini.icom.museum\/fr\/wp-json\/wp\/v2\/pages\/1590\/revisions"}],"predecessor-version":[{"id":3679,"href":"https:\/\/icofom.mini.icom.museum\/fr\/wp-json\/wp\/v2\/pages\/1590\/revisions\/3679"}],"up":[{"embeddable":true,"href":"https:\/\/icofom.mini.icom.museum\/fr\/wp-json\/wp\/v2\/pages\/150"}],"wp:attachment":[{"href":"https:\/\/icofom.mini.icom.museum\/fr\/wp-json\/wp\/v2\/media?parent=1590"}],"wp:term":[{"taxonomy":"yst_prominent_words","embeddable":true,"href":"https:\/\/icofom.mini.icom.museum\/fr\/wp-json\/wp\/v2\/yst_prominent_words?post=1590"}],"curies":[{"name":"wp","href":"https:\/\/api.w.org\/{rel}","templated":true}]}}